{"id":2300,"date":"2018-07-27T10:18:29","date_gmt":"2018-07-27T08:18:29","guid":{"rendered":"http:\/\/dsmile.cz\/de\/sluzby\/"},"modified":"2024-07-16T01:34:53","modified_gmt":"2024-07-15T23:34:53","slug":"dienstleistungen","status":"publish","type":"page","link":"https:\/\/dsmile.cz\/de\/kategorie\/dienstleistungen\/","title":{"rendered":"Dienstleistungen"},"content":{"rendered":"<div id=\"pl-2300\"  class=\"panel-layout\" ><div id=\"pg-2300-0\"  class=\"panel-grid panel-has-style\" ><div id=\"our-services\" class=\"panel-row-style panel-row-style-for-2300-0\" ><div id=\"pgc-2300-0-0\"  class=\"panel-grid-cell\" ><div id=\"panel-2300-0-0-0\" class=\"widget_text so-panel widget widget_custom_html panel-first-child panel-last-child\" data-index=\"0\" ><div class=\"widget_text service-block-blue panel-widget-style panel-widget-style-for-2300-0-0-0\" ><div class=\"textwidget custom-html-widget\"><img src=\"\/wp-content\/uploads\/2019\/02\/1-2.png\" alt=\"Stomatologie\" title=\"Stomatologie\">\n<h3>Stomatologie<\/h3>\n<p><a href=\"\/de\/dienstleistungen\/stomatologie\/konsultation\" title=\"Konsultation\">Konsultation<\/a>\n<a href=\"\/de\/dienstleistungen\/stomatologie\/hygienische-zahnreinigung\" title=\"Hygienische Zahnreinigung\">Hygienische Zahnreinigung<\/a>\n<a href=\"\/de\/dienstleistungen\/stomatologie\/fotokomposit-fuellungen\" title=\"Fotokomposit-F\u00fcllungen\">Fotokomposit-F\u00fcllungen<\/a>\n<a href=\"\/de\/dienstleistungen\/stomatologie\/wurzelkanalbehandlung\" title=\"Wurzelkanalbehandlung\">Wurzelkanalbehandlung<\/a><\/p><\/div><\/div><\/div><\/div><div id=\"pgc-2300-0-1\"  class=\"panel-grid-cell\" ><div id=\"panel-2300-0-1-0\" class=\"widget_text so-panel widget widget_custom_html panel-first-child panel-last-child\" data-index=\"1\" ><div class=\"widget_text service-block panel-widget-style panel-widget-style-for-2300-0-1-0\" ><div class=\"textwidget custom-html-widget\"><img src=\"\/wp-content\/uploads\/2019\/02\/2-2.png\" alt=\"Implantologie und Chirurgie\" title=\"Implantologie und Chirurgie\">\n<h3>Implantologie<br>und Chirurgie<\/h3>\n<p><a href=\"\/de\/dienstleistungen\/implantologie-und-chirurgie\/alles-auf-4-implantaten\/\" title=\"Alles auf 4 Implantaten\">Alles auf 4 Implantaten<\/a>\n<a href=\"\/de\/dienstleistungen\/implantologie-und-chirurgie\/zahnimplantation\/\" title=\"Zahnimplantation\">Zahnimplantation<\/a>\n<a href=\"\/de\/dienstleistungen\/implantologie-und-chirurgie\/knochenplastik\/\" title=\"Knochenplastik\">Knochenplastik<\/a>\n<a href=\"\/de\/dienstleistungen\/implantologie-und-chirurgie\/zahnfleischplastik\/\" title=\"Zahnfleischplastik\">Zahnfleischplastik<\/a>\n<a href=\"\/de\/dienstleistungen\/implantologie-und-chirurgie\/zahnextraktion\/\" title=\"Zahnextraktion\">Zahnextraktion<\/a><\/p><\/div><\/div><\/div><\/div><div id=\"pgc-2300-0-2\"  class=\"panel-grid-cell\" ><div id=\"panel-2300-0-2-0\" class=\"widget_text so-panel widget widget_custom_html panel-first-child panel-last-child\" data-index=\"2\" ><div class=\"widget_text service-block-blue panel-widget-style panel-widget-style-for-2300-0-2-0\" ><div class=\"textwidget custom-html-widget\"><img src=\"\/wp-content\/uploads\/2019\/02\/3-2.png\" alt=\"Sonderdienstleistungen\" title=\"Sonderdienstleistungen\">\n<h3>Sonderdienstleistungen<\/h3>\n<p><a href=\"\/de\/dienstleistungen\/sonderdienstleistungen\/CEREC\" title=\"CEREC\">CEREC<\/a>\n<a href=\"\/de\/dienstleistungen\/sonderdienstleistungen\/komplexe-zahnpflege\" title=\"Komplexe Zahnpflege\">Komplexe Zahnpflege<\/a>\n<a href=\"\/de\/dienstleistungen\/sonderdienstleistungen\/zahnbehandlung-unter-betaeubung\" title=\"Zahnbehandlung unter Bet\u00e4ubung\">Zahnbehandlung unter Bet\u00e4ubung<\/a>\n<a href=\"\/de\/dienstleistungen\/sonderdienstleistungen\/hochzeitslaecheln\" title=\"Hochzeitsl\u00e4cheln\">Hochzeitsl\u00e4cheln<\/a>\n<\/p><\/div><\/div><\/div><\/div><div id=\"pgc-2300-0-3\"  class=\"panel-grid-cell\" ><div id=\"panel-2300-0-3-0\" class=\"widget_text so-panel widget widget_custom_html panel-first-child panel-last-child\" data-index=\"3\" ><div class=\"widget_text service-block panel-widget-style panel-widget-style-for-2300-0-3-0\" ><div class=\"textwidget custom-html-widget\"><img src=\"\/wp-content\/uploads\/2019\/02\/4-2.png\" alt=\"\u00c4sthetische Stomatologie\" title=\"\u00c4sthetische Stomatologie\">\n<h3>\u00c4sthetische Stomatologie<\/h3>\n<p><a href=\"\/de\/dienstleistungen\/aesthetische-stomatologie\/facetten\" title=\"Facetten\">Facetten<\/a>\n<a href=\"\/de\/dienstleistungen\/aesthetische-stomatologie\/zahnkronen\" title=\"Zahnkronen\">Zahnkronen<\/a>\n<a href=\"\/de\/dienstleistungen\/aesthetische-stomatologie\/zahnbruecken\" title=\"Zahnbr\u00fccken\">Zahnbr\u00fccken<\/a>\n<a href=\"\/de\/dienstleistungen\/aesthetische-stomatologie\/zahnbleichen\" title=\"Z\u00e4hne Bleichen (Bleaching)\">Z\u00e4hne Bleichen (Bleaching)<\/a>\n<\/p><\/div><\/div><\/div><\/div><\/div><\/div><\/div>","protected":false},"excerpt":{"rendered":"<p>Stomatologie Konsultation Hygienische Zahnreinigung Fotokomposit-F\u00fcllungen Wurzelkanalbehandlung Implantologieund Chirurgie Alles auf 4 Implantaten Zahnimplantation Knochenplastik Zahnfleischplastik Zahnextraktion Sonderdienstleistungen CEREC Komplexe Zahnpflege Zahnbehandlung unter Bet\u00e4ubung Hochzeitsl\u00e4cheln \u00c4sthetische Stomatologie Facetten Zahnkronen Zahnbr\u00fccken Z\u00e4hne Bleichen (Bleaching)<\/p>\n","protected":false},"author":3,"featured_media":0,"parent":0,"menu_order":0,"comment_status":"closed","ping_status":"closed","template":"page-full.php","meta":[],"yoast_head":"<!-- This site is optimized with the Yoast SEO plugin v16.1.1 - https:\/\/yoast.com\/wordpress\/plugins\/seo\/ -->\n<title>Dienstleistungen | Stomatologie Dsmile v Praze | Modern\u00ed zubn\u00ed ordinace<\/title>\n<link rel=\"canonical\" href=\"https:\/\/dsmile.cz\/de\/kategorie\/dienstleistungen\/\" \/>\n<meta property=\"og:locale\" content=\"de_DE\" \/>\n<meta property=\"og:type\" content=\"article\" \/>\n<meta property=\"og:title\" content=\"Dienstleistungen | Stomatologie Dsmile v Praze | Modern\u00ed zubn\u00ed ordinace\" \/>\n<meta property=\"og:description\" content=\"Stomatologie Konsultation Hygienische Zahnreinigung Fotokomposit-F\u00fcllungen Wurzelkanalbehandlung Implantologieund Chirurgie Alles auf 4 Implantaten Zahnimplantation Knochenplastik Zahnfleischplastik Zahnextraktion Sonderdienstleistungen CEREC Komplexe Zahnpflege Zahnbehandlung unter Bet\u00e4ubung Hochzeitsl\u00e4cheln \u00c4sthetische Stomatologie Facetten Zahnkronen Zahnbr\u00fccken Z\u00e4hne Bleichen (Bleaching)\" \/>\n<meta property=\"og:url\" content=\"https:\/\/dsmile.cz\/de\/kategorie\/dienstleistungen\/\" \/>\n<meta property=\"og:site_name\" content=\"Stomatologie Dsmile v Praze | Modern\u00ed zubn\u00ed ordinace\" \/>\n<meta property=\"article:modified_time\" content=\"2024-07-15T23:34:53+00:00\" \/>\n<meta name=\"twitter:card\" content=\"summary\" \/>\n<meta name=\"twitter:label1\" content=\"Est. reading time\">\n\t<meta name=\"twitter:data1\" content=\"1 minute\">\n<script type=\"application\/ld+json\" class=\"yoast-schema-graph\">{\"@context\":\"https:\/\/schema.org\",\"@graph\":[{\"@type\":\"WebSite\",\"@id\":\"https:\/\/dsmile.cz\/ru\/#website\",\"url\":\"https:\/\/dsmile.cz\/ru\/\",\"name\":\"Stomatologie Dsmile v Praze | Modern\\u00ed zubn\\u00ed ordinace\",\"description\":\"Modern\\u00ed zubn\\u00ed ordinace v Praze\",\"potentialAction\":[{\"@type\":\"SearchAction\",\"target\":\"https:\/\/dsmile.cz\/ru\/?s={search_term_string}\",\"query-input\":\"required name=search_term_string\"}],\"inLanguage\":\"de-DE\"},{\"@type\":\"WebPage\",\"@id\":\"https:\/\/dsmile.cz\/de\/kategorie\/dienstleistungen\/#webpage\",\"url\":\"https:\/\/dsmile.cz\/de\/kategorie\/dienstleistungen\/\",\"name\":\"Dienstleistungen | Stomatologie Dsmile v Praze | Modern\\u00ed zubn\\u00ed ordinace\",\"isPartOf\":{\"@id\":\"https:\/\/dsmile.cz\/ru\/#website\"},\"datePublished\":\"2018-07-27T08:18:29+00:00\",\"dateModified\":\"2024-07-15T23:34:53+00:00\",\"breadcrumb\":{\"@id\":\"https:\/\/dsmile.cz\/de\/kategorie\/dienstleistungen\/#breadcrumb\"},\"inLanguage\":\"de-DE\",\"potentialAction\":[{\"@type\":\"ReadAction\",\"target\":[\"https:\/\/dsmile.cz\/de\/kategorie\/dienstleistungen\/\"]}]},{\"@type\":\"BreadcrumbList\",\"@id\":\"https:\/\/dsmile.cz\/de\/kategorie\/dienstleistungen\/#breadcrumb\",\"itemListElement\":[{\"@type\":\"ListItem\",\"position\":1,\"item\":{\"@type\":\"WebPage\",\"@id\":\"https:\/\/dsmile.cz\/de\/kategorie\/dienstleistungen\/\",\"url\":\"https:\/\/dsmile.cz\/de\/kategorie\/dienstleistungen\/\",\"name\":\"Dienstleistungen\"}}]}]}<\/script>\n<!-- \/ Yoast SEO plugin. -->","_links":{"self":[{"href":"https:\/\/dsmile.cz\/de\/wp-json\/wp\/v2\/pages\/2300"}],"collection":[{"href":"https:\/\/dsmile.cz\/de\/wp-json\/wp\/v2\/pages"}],"about":[{"href":"https:\/\/dsmile.cz\/de\/wp-json\/wp\/v2\/types\/page"}],"author":[{"embeddable":true,"href":"https:\/\/dsmile.cz\/de\/wp-json\/wp\/v2\/users\/3"}],"replies":[{"embeddable":true,"href":"https:\/\/dsmile.cz\/de\/wp-json\/wp\/v2\/comments?post=2300"}],"version-history":[{"count":39,"href":"https:\/\/dsmile.cz\/de\/wp-json\/wp\/v2\/pages\/2300\/revisions"}],"predecessor-version":[{"id":10250,"href":"https:\/\/dsmile.cz\/de\/wp-json\/wp\/v2\/pages\/2300\/revisions\/10250"}],"wp:attachment":[{"href":"https:\/\/dsmile.cz\/de\/wp-json\/wp\/v2\/media?parent=2300"}],"curies":[{"name":"wp","href":"https:\/\/api.w.org\/{rel}","templated":true}]}}