{"id":2304,"date":"2018-08-13T11:51:47","date_gmt":"2018-08-13T09:51:47","guid":{"rendered":"http:\/\/dsmile.cz\/de\/kontakt\/"},"modified":"2024-08-28T11:35:26","modified_gmt":"2024-08-28T09:35:26","slug":"kontakt","status":"publish","type":"page","link":"https:\/\/dsmile.cz\/de\/kontakt-3\/","title":{"rendered":"Kontakt"},"content":{"rendered":"<div id=\"pl-2304\"  class=\"panel-layout\" ><div id=\"pg-2304-0\"  class=\"panel-grid panel-no-style\" ><div id=\"pgc-2304-0-0\"  class=\"panel-grid-cell\" ><div id=\"panel-2304-0-0-0\" class=\"widget_text so-panel widget widget_custom_html panel-first-child panel-last-child\" data-index=\"0\" ><div id=\"g_map\" class=\"widget_text panel-widget-style panel-widget-style-for-2304-0-0-0\" ><div class=\"textwidget custom-html-widget\"><iframe src=\"https:\/\/www.google.com\/maps\/embed?pb=!1m14!1m8!1m3!1d5123.458505028417!2d14.37016!3d50.053903!3m2!1i1024!2i768!4f13.1!3m3!1m2!1s0x0%3A0xd2dde5b3d9cb23b1!2sStomatologick%C3%A1+klinika+Dsmile!5e0!3m2!1scs!2ssk!4v1534274114441\" width=\"100%\" height=\"350\" frameborder=\"0\" style=\"border:0\" allowfullscreen><\/iframe><\/div><\/div><\/div><\/div><\/div><div id=\"pg-2304-1\"  class=\"panel-grid panel-no-style\" ><div id=\"pgc-2304-1-0\"  class=\"panel-grid-cell\" ><div id=\"panel-2304-1-0-0\" class=\"so-panel widget widget_sow-editor panel-first-child panel-last-child\" data-index=\"1\" ><div id=\"contact_contact_info\" class=\"panel-widget-style panel-widget-style-for-2304-1-0-0\" ><div class=\"so-widget-sow-editor so-widget-sow-editor-base\">\n<div class=\"siteorigin-widget-tinymce textwidget\">\n\t<div class=\"text\">\n<h3><strong>Zahnarztpraxis Dsmile\u00a0<\/strong><\/h3>\n<p>V z\u00e1\u0159ezu 902\/2,<br \/>\nPraha 5, Jinonice<\/p>\n<h3>Bestellen Sie sich<\/h3>\n<p class=\"icon icon-phone\"><a href=\"tel:+420777212070\">+420 777 212 070<\/a><\/p>\n<p class=\"icon icon-email\"><a href=\"mailto:dsmileprague@gmail.com\">dsmileprague@gmail.com<\/a><\/p>\n<h3>Wann zu uns?<\/h3>\n<p class=\"icon icon-hour\">Mo - Fr: 9:00 \u2013 17:00<br \/>\nSa - So: geschlossen<\/p>\n<div class=\"social_icons\"><\/div>\n<\/div>\n<\/div>\n<\/div><\/div><\/div><\/div><div id=\"pgc-2304-1-1\"  class=\"panel-grid-cell\" ><div id=\"panel-2304-1-1-0\" class=\"so-panel widget widget_sow-editor panel-first-child panel-last-child\" data-index=\"2\" ><div id=\"contact_contact_form\" class=\"panel-widget-style panel-widget-style-for-2304-1-1-0\" ><div class=\"so-widget-sow-editor so-widget-sow-editor-base\">\n<div class=\"siteorigin-widget-tinymce textwidget\">\n\t<div class=\"text\">\n<h2>Kontaktformular<\/h2>\n<div role=\"form\" class=\"wpcf7\" id=\"wpcf7-f810-o1\" lang=\"de-DE\" dir=\"ltr\">\n<div class=\"screen-reader-response\"><p role=\"status\" aria-live=\"polite\" aria-atomic=\"true\"><\/p> <ul><\/ul><\/div>\n<form action=\"\/de\/wp-json\/wp\/v2\/pages\/2304#wpcf7-f810-o1\" method=\"post\" class=\"wpcf7-form init\" novalidate=\"novalidate\" data-status=\"init\">\n<div style=\"display: none;\">\n<input type=\"hidden\" name=\"_wpcf7\" value=\"810\" \/>\n<input type=\"hidden\" name=\"_wpcf7_version\" value=\"5.4.1\" \/>\n<input type=\"hidden\" name=\"_wpcf7_locale\" value=\"de_DE\" \/>\n<input type=\"hidden\" name=\"_wpcf7_unit_tag\" value=\"wpcf7-f810-o1\" \/>\n<input type=\"hidden\" name=\"_wpcf7_container_post\" value=\"0\" \/>\n<input type=\"hidden\" name=\"_wpcf7_posted_data_hash\" value=\"\" \/>\n<input type=\"hidden\" name=\"_wpcf7_recaptcha_response\" value=\"\" \/>\n<\/div>\n<p><label>Ihr Name (Pflichtangabe)<br \/>\n    <span class=\"wpcf7-form-control-wrap your-name\"><input type=\"text\" name=\"your-name\" value=\"\" size=\"40\" class=\"wpcf7-form-control wpcf7-text wpcf7-validates-as-required\" aria-required=\"true\" aria-invalid=\"false\" \/><\/span> <\/label><\/p>\n<p><label>Ihre E-Mail (Pflichtangabe)<br \/>\n    <span class=\"wpcf7-form-control-wrap your-email\"><input type=\"email\" name=\"your-email\" value=\"\" size=\"40\" class=\"wpcf7-form-control wpcf7-text wpcf7-email wpcf7-validates-as-required wpcf7-validates-as-email\" aria-required=\"true\" aria-invalid=\"false\" \/><\/span> <\/label><\/p>\n<p><label> Zvolte slu\u017ebu (vy\u017eadov\u00e1no)<br \/>\n    <span class=\"wpcf7-form-control-wrap sluzba\"><select name=\"sluzba\" class=\"wpcf7-form-control wpcf7-select wpcf7-validates-as-required\" aria-required=\"true\" aria-invalid=\"false\"><option value=\"Wurzelkanalbehandlung (beratungspreis: 5500 CZK)\">Wurzelkanalbehandlung (beratungspreis: 5500 CZK)<\/option><option value=\"Fotokomposit-F\u00fcllungen (beratungspreis: 5500 CZK)\">Fotokomposit-F\u00fcllungen (beratungspreis: 5500 CZK)<\/option><option value=\"All on X (beratungspreis: 6500 CZK)\">All on X (beratungspreis: 6500 CZK)<\/option><option value=\"Komplexe zahnpflege (beratungspreis: 6500 CZK)\">Komplexe zahnpflege (beratungspreis: 6500 CZK)<\/option><option value=\"Facetten, zahnkronen (beratungspreis: 5500 CZK)\">Facetten, zahnkronen (beratungspreis: 5500 CZK)<\/option><option value=\"Zahnbehandlung unter bet\u00e4ubung (beratungspreis: 6500 CZK)\">Zahnbehandlung unter bet\u00e4ubung (beratungspreis: 6500 CZK)<\/option><option value=\"Zahnfleischplastik, knochenplastik (beratungspreis: 5500 CZK)\">Zahnfleischplastik, knochenplastik (beratungspreis: 5500 CZK)<\/option><option value=\"Implantologie (beratungspreis: 6500 CZK)\">Implantologie (beratungspreis: 6500 CZK)<\/option><\/select><\/span> <\/label><\/p>\n<style>\n.sluzba > select {\nheight: 45px;\nwidth: 100%;\ncolor: black;\n}\n<\/style>\n<p><br><\/p>\n<p style=\"width:100%;\">\n<label>Ihre Nachricht<br \/>\n    <span class=\"wpcf7-form-control-wrap your-message\"><textarea name=\"your-message\" cols=\"40\" rows=\"10\" class=\"wpcf7-form-control wpcf7-textarea\" aria-invalid=\"false\"><\/textarea><\/span> <\/label>\n<\/p>\n<p><input type=\"submit\" value=\"Senden\" class=\"wpcf7-form-control wpcf7-submit\" \/><\/p>\n<p><small>Durch das Absenden stimme ich der Verarbeitung meiner personenbezogenen Daten zu.<\/small><\/p>\n<div class=\"wpcf7-response-output\" aria-hidden=\"true\"><\/div><\/form><\/div>\n<\/div>\n<\/div>\n<\/div><\/div><\/div><\/div><\/div><div id=\"pg-2304-2\"  class=\"panel-grid panel-no-style\" ><div id=\"pgc-2304-2-0\"  class=\"panel-grid-cell\" ><div id=\"panel-2304-2-0-0\" class=\"widget_text so-panel widget widget_custom_html panel-first-child panel-last-child\" data-index=\"3\" ><div id=\"g_map\" class=\"widget_text panel-widget-style panel-widget-style-for-2304-2-0-0\" ><div class=\"textwidget custom-html-widget\"><div class=\"virtualni_prohlidka\">\n<iframe src=\"https:\/\/www.google.com\/maps\/embed?pb=!4v1535659265938!6m8!1m7!1sCAoSLEFGMVFpcE9VRGdWSkEwb3Fvc2xuMXhyUUJraEkxMHNNSXFreUZ4ZHRzd2VW!2m2!1d50.0538374!2d14.370163!3f334.93072961702666!4f-5.683493708406431!5f0.4000000000000002\" width=\"100%\" height=\"350\" frameborder=\"0\" style=\"border:0\" allowfullscreen><\/iframe>\n<\/div><\/div><\/div><\/div><\/div><\/div><\/div>","protected":false},"excerpt":{"rendered":"<p>Zahnarztpraxis Dsmile\u00a0 V z\u00e1\u0159ezu 902\/2, Praha 5, Jinonice Bestellen Sie sich +420 777 212 070 dsmileprague@gmail.com Wann zu uns? Mo &#8211; Fr: 9:00 \u2013 17:00 Sa &#8211; So: geschlossen Kontaktformular<\/p>\n","protected":false},"author":3,"featured_media":0,"parent":0,"menu_order":0,"comment_status":"closed","ping_status":"closed","template":"","meta":[],"yoast_head":"<!-- This site is optimized with the Yoast SEO plugin v16.1.1 - https:\/\/yoast.com\/wordpress\/plugins\/seo\/ -->\n<title>Kontakt | Stomatologie Dsmile v Praze | Modern\u00ed zubn\u00ed ordinace<\/title>\n<link rel=\"canonical\" href=\"https:\/\/dsmile.cz\/de\/kontakt-3\/\" \/>\n<meta property=\"og:locale\" content=\"de_DE\" \/>\n<meta property=\"og:type\" content=\"article\" \/>\n<meta property=\"og:title\" content=\"Kontakt | Stomatologie Dsmile v Praze | Modern\u00ed zubn\u00ed ordinace\" \/>\n<meta property=\"og:description\" content=\"Zahnarztpraxis Dsmile\u00a0 V z\u00e1\u0159ezu 902\/2, Praha 5, Jinonice Bestellen Sie sich +420 777 212 070 dsmileprague@gmail.com Wann zu uns? Mo - Fr: 9:00 \u2013 17:00 Sa - So: geschlossen Kontaktformular\" \/>\n<meta property=\"og:url\" content=\"https:\/\/dsmile.cz\/de\/kontakt-3\/\" \/>\n<meta property=\"og:site_name\" content=\"Stomatologie Dsmile v Praze | Modern\u00ed zubn\u00ed ordinace\" \/>\n<meta property=\"article:modified_time\" content=\"2024-08-28T09:35:26+00:00\" \/>\n<meta name=\"twitter:card\" content=\"summary\" \/>\n<meta name=\"twitter:label1\" content=\"Est. reading time\">\n\t<meta name=\"twitter:data1\" content=\"1 minute\">\n<script type=\"application\/ld+json\" class=\"yoast-schema-graph\">{\"@context\":\"https:\/\/schema.org\",\"@graph\":[{\"@type\":\"WebSite\",\"@id\":\"https:\/\/dsmile.cz\/ru\/#website\",\"url\":\"https:\/\/dsmile.cz\/ru\/\",\"name\":\"Stomatologie Dsmile v Praze | Modern\\u00ed zubn\\u00ed ordinace\",\"description\":\"Modern\\u00ed zubn\\u00ed ordinace v Praze\",\"potentialAction\":[{\"@type\":\"SearchAction\",\"target\":\"https:\/\/dsmile.cz\/ru\/?s={search_term_string}\",\"query-input\":\"required name=search_term_string\"}],\"inLanguage\":\"de-DE\"},{\"@type\":\"WebPage\",\"@id\":\"https:\/\/dsmile.cz\/de\/kontakt-3\/#webpage\",\"url\":\"https:\/\/dsmile.cz\/de\/kontakt-3\/\",\"name\":\"Kontakt | Stomatologie Dsmile v Praze | Modern\\u00ed zubn\\u00ed ordinace\",\"isPartOf\":{\"@id\":\"https:\/\/dsmile.cz\/ru\/#website\"},\"datePublished\":\"2018-08-13T09:51:47+00:00\",\"dateModified\":\"2024-08-28T09:35:26+00:00\",\"breadcrumb\":{\"@id\":\"https:\/\/dsmile.cz\/de\/kontakt-3\/#breadcrumb\"},\"inLanguage\":\"de-DE\",\"potentialAction\":[{\"@type\":\"ReadAction\",\"target\":[\"https:\/\/dsmile.cz\/de\/kontakt-3\/\"]}]},{\"@type\":\"BreadcrumbList\",\"@id\":\"https:\/\/dsmile.cz\/de\/kontakt-3\/#breadcrumb\",\"itemListElement\":[{\"@type\":\"ListItem\",\"position\":1,\"item\":{\"@type\":\"WebPage\",\"@id\":\"https:\/\/dsmile.cz\/de\/kontakt-3\/\",\"url\":\"https:\/\/dsmile.cz\/de\/kontakt-3\/\",\"name\":\"Kontakt\"}}]}]}<\/script>\n<!-- \/ Yoast SEO plugin. -->","_links":{"self":[{"href":"https:\/\/dsmile.cz\/de\/wp-json\/wp\/v2\/pages\/2304"}],"collection":[{"href":"https:\/\/dsmile.cz\/de\/wp-json\/wp\/v2\/pages"}],"about":[{"href":"https:\/\/dsmile.cz\/de\/wp-json\/wp\/v2\/types\/page"}],"author":[{"embeddable":true,"href":"https:\/\/dsmile.cz\/de\/wp-json\/wp\/v2\/users\/3"}],"replies":[{"embeddable":true,"href":"https:\/\/dsmile.cz\/de\/wp-json\/wp\/v2\/comments?post=2304"}],"version-history":[{"count":11,"href":"https:\/\/dsmile.cz\/de\/wp-json\/wp\/v2\/pages\/2304\/revisions"}],"predecessor-version":[{"id":10339,"href":"https:\/\/dsmile.cz\/de\/wp-json\/wp\/v2\/pages\/2304\/revisions\/10339"}],"wp:attachment":[{"href":"https:\/\/dsmile.cz\/de\/wp-json\/wp\/v2\/media?parent=2304"}],"curies":[{"name":"wp","href":"https:\/\/api.w.org\/{rel}","templated":true}]}}