{"id":2317,"date":"2018-07-27T10:18:48","date_gmt":"2018-07-27T08:18:48","guid":{"rendered":"http:\/\/dsmile.cz\/de\/cenik\/"},"modified":"2025-05-30T13:07:17","modified_gmt":"2025-05-30T11:07:17","slug":"preisliste","status":"publish","type":"page","link":"https:\/\/dsmile.cz\/de\/preisliste\/","title":{"rendered":"Preisliste"},"content":{"rendered":"<div id=\"pl-2317\"  class=\"panel-layout\" ><div id=\"pg-2317-0\"  class=\"panel-grid panel-no-style\" ><div id=\"pgc-2317-0-0\"  class=\"panel-grid-cell\" ><div id=\"panel-2317-0-0-0\" class=\"widget_text so-panel widget widget_custom_html panel-first-child\" data-index=\"0\" ><div class=\"textwidget custom-html-widget\"><a class=\"btn-more-about\" title=\"Detail specialisty\" href=\"\/wp-content\/uploads\/2024\/07\/DSMILE-DE-VERZE_2024.pdf\" target=\"_blank\" style=\"padding-top: 9px; padding-left: 19px; padding-right: 19px; padding-bottom: 7px; font-size: 12px\" rel=\"noopener\">Visuelle Preisliste<\/a><\/div><\/div><div id=\"panel-2317-0-0-1\" class=\"so-panel widget widget_sow-editor panel-last-child\" data-index=\"1\" ><div class=\"so-widget-sow-editor so-widget-sow-editor-base\">\n<div class=\"siteorigin-widget-tinymce textwidget\">\n\t<div class=\"article-content\">\n<p style=\"text-align: center;\">(Wir kooperieren mit Versicherungsgesellschaften nicht)<\/p>\n<div class=\"pricing-row\">\n<div class=\"pricing-table\">\n<h2 style=\"text-align: center;\">IMPLANTATION<\/h2>\n<table class=\" aligncenter\">\n<tbody>\n<tr>\n<td>All-on-X (Preis f\u00fcr 1 Kiefer)<\/td>\n<td>11 200 EUR<\/td>\n<\/tr>\n<tr>\n<td>MIS Implantat<\/td>\n<td>950 EUR<\/td>\n<\/tr>\n<tr>\n<td>Straumann Implantat\/Schweiz<\/td>\n<td>1 425 EUR<\/td>\n<\/tr>\n<tr>\n<td>Weichgewebeplastik<\/td>\n<td>ab 660 EUR pro Zahn<\/td>\n<\/tr>\n<tr>\n<td>Knochenplastik<\/td>\n<td>ab 550 EUR<\/td>\n<\/tr>\n<\/tbody>\n<\/table>\n<\/div>\n<div class=\"pricing-table\">\n<h2 style=\"text-align: center;\">ZAHNMEDIZIN<\/h2>\n<table class=\" aligncenter\">\n<tbody>\n<tr>\n<td>Erstuntersuchung + 3D-R\u00f6ntgen (1 Stunde)<\/td>\n<td>230 - 270 EUR<\/td>\n<\/tr>\n<tr>\n<td>Behandlung in Analgosedierung<\/td>\n<td>165 EUR<\/td>\n<\/tr>\n<tr>\n<td>Intraorales R\u00f6ntgen<\/td>\n<td>8 EUR<\/td>\n<\/tr>\n<tr>\n<td>Panorama-R\u00f6ntgen<\/td>\n<td>60 EUR<\/td>\n<\/tr>\n<tr>\n<td>3D-R\u00f6ntgen-Computertomographie<\/td>\n<td>125 EUR<\/td>\n<\/tr>\n<tr>\n<td>Zahnhygiene<\/td>\n<td>170 EUR<\/td>\n<\/tr>\n<tr>\n<td>Wurzelkanalbehandlung<\/td>\n<td>580 - 980 EUR<\/td>\n<\/tr>\n<tr>\n<td>Photocomposite-F\u00fcllungen<\/td>\n<td>230 - 520 EUR<\/td>\n<\/tr>\n<tr>\n<td>Zahnextraktion<\/td>\n<td>330 - 655 EUR<\/td>\n<\/tr>\n<\/tbody>\n<\/table>\n<\/div>\n<\/div>\n<div class=\"pricing-row\">\n<div class=\"pricing-table\">\n<h2 style=\"text-align: center;\">\u00c4STHETISCHE ZAHNMEDIZIN<\/h2>\n<table class=\" aligncenter\">\n<tbody>\n<tr>\n<td>Keramikkronen \/ Emax, Ivoclar<\/td>\n<td>700 EUR<\/td>\n<\/tr>\n<tr>\n<td>Keramikverblendungen \/ Emax, Ivoclar<\/td>\n<td>700\u00a0 EUR<\/td>\n<\/tr>\n<tr>\n<td>Komposit-Facetten<\/td>\n<td>1 250 EUR<\/td>\n<\/tr>\n<tr>\n<td>Implantatkrone<\/td>\n<td>820 EUR<\/td>\n<\/tr>\n<tr>\n<td>CEREC<\/td>\n<td>610 EUR<\/td>\n<\/tr>\n<tr>\n<td>Zahnebleichen (Bleaching)<\/td>\n<td>710 EUR<\/td>\n<\/tr>\n<tr>\n<td>Zahnaufhellung zu Hause<\/td>\n<td>270 EUR<\/td>\n<\/tr>\n<\/tbody>\n<\/table>\n<\/div>\n<\/div>\n<p style=\"text-align: center;\">(Wir kooperieren mit Versicherungsgesellschaften nicht)<\/p>\n<\/div>\n<\/div>\n<\/div><\/div><\/div><\/div><div id=\"pg-2317-1\"  class=\"panel-grid panel-no-style\" ><div id=\"pgc-2317-1-0\"  class=\"panel-grid-cell\" ><div id=\"panel-2317-1-0-0\" class=\"widget_text so-panel widget widget_custom_html panel-first-child panel-last-child\" data-index=\"2\" ><div class=\"textwidget custom-html-widget\"><h2 class=\"content-title\">\u00dcber Video<\/h2><\/div><\/div><\/div><\/div><div id=\"pg-2317-2\"  class=\"panel-grid panel-no-style\" ><div id=\"pgc-2317-2-0\"  class=\"panel-grid-cell\" ><div id=\"panel-2317-2-0-0\" class=\"widget_text so-panel widget widget_custom_html panel-first-child panel-last-child\" data-index=\"3\" ><div class=\"textwidget custom-html-widget\"><iframe width=\"560\" height=\"315\" src=\"https:\/\/www.youtube.com\/embed\/lHt6R7gInik?controls=0\" title=\"YouTube video player\" frameborder=\"0\" allow=\"accelerometer; autoplay; clipboard-write; encrypted-media; gyroscope; picture-in-picture; web-share\" allowfullscreen><\/iframe><\/div><\/div><\/div><div id=\"pgc-2317-2-1\"  class=\"panel-grid-cell\" ><div id=\"panel-2317-2-1-0\" class=\"widget_text so-panel widget widget_custom_html panel-first-child panel-last-child\" data-index=\"4\" ><div class=\"textwidget custom-html-widget\"><iframe width=\"560\" height=\"315\" src=\"https:\/\/www.youtube.com\/embed\/A4XlqSdsga4?controls=0\" title=\"YouTube video player\" frameborder=\"0\" allow=\"accelerometer; autoplay; clipboard-write; encrypted-media; gyroscope; picture-in-picture; web-share\" allowfullscreen><\/iframe><\/div><\/div><\/div><div id=\"pgc-2317-2-2\"  class=\"panel-grid-cell\" ><div id=\"panel-2317-2-2-0\" class=\"widget_text so-panel widget widget_custom_html panel-first-child panel-last-child\" data-index=\"5\" ><div class=\"textwidget custom-html-widget\"><iframe width=\"560\" height=\"315\" src=\"https:\/\/www.youtube.com\/embed\/hPa9i4Ig0ZI?controls=0\" title=\"YouTube video player\" frameborder=\"0\" allow=\"accelerometer; autoplay; clipboard-write; encrypted-media; gyroscope; picture-in-picture; web-share\" allowfullscreen><\/iframe><\/div><\/div><\/div><\/div><div id=\"pg-2317-3\"  class=\"panel-grid panel-no-style\" ><div id=\"pgc-2317-3-0\"  class=\"panel-grid-cell\" ><div id=\"panel-2317-3-0-0\" class=\"widget_text so-panel widget widget_custom_html panel-first-child panel-last-child\" data-index=\"6\" ><div class=\"textwidget custom-html-widget\"><iframe width=\"560\" height=\"315\" src=\"https:\/\/www.youtube.com\/embed\/3fjWOr3xPJc?controls=0\" title=\"YouTube video player\" frameborder=\"0\" allow=\"accelerometer; autoplay; clipboard-write; encrypted-media; gyroscope; picture-in-picture; web-share\" allowfullscreen><\/iframe><\/div><\/div><\/div><div id=\"pgc-2317-3-1\"  class=\"panel-grid-cell\" ><div id=\"panel-2317-3-1-0\" class=\"widget_text so-panel widget widget_custom_html panel-first-child panel-last-child\" data-index=\"7\" ><div class=\"textwidget custom-html-widget\"><iframe width=\"560\" height=\"315\" src=\"https:\/\/www.youtube.com\/embed\/SeDtVQxqxso?controls=0\" title=\"YouTube video player\" frameborder=\"0\" allow=\"accelerometer; autoplay; clipboard-write; encrypted-media; gyroscope; picture-in-picture; web-share\" allowfullscreen><\/iframe><\/div><\/div><\/div><div id=\"pgc-2317-3-2\"  class=\"panel-grid-cell\" ><div id=\"panel-2317-3-2-0\" class=\"widget_text so-panel widget widget_custom_html panel-first-child panel-last-child\" data-index=\"8\" ><div class=\"textwidget custom-html-widget\"><iframe width=\"560\" height=\"315\" src=\"https:\/\/www.youtube.com\/embed\/pYx2I67Ykq8?controls=0\" title=\"YouTube video player\" frameborder=\"0\" allow=\"accelerometer; autoplay; clipboard-write; encrypted-media; gyroscope; picture-in-picture; web-share\" allowfullscreen><\/iframe><\/div><\/div><\/div><\/div><\/div>","protected":false},"excerpt":{"rendered":"<p>(Wir kooperieren mit Versicherungsgesellschaften nicht) IMPLANTATION All-on-X (Preis f\u00fcr 1 Kiefer) 11 200 EUR MIS Implantat 950 EUR Straumann Implantat\/Schweiz 1 425 EUR Weichgewebeplastik ab 660 EUR pro Zahn Knochenplastik ab 550 EUR ZAHNMEDIZIN Erstuntersuchung + 3D-R\u00f6ntgen (1 Stunde) 230 &#8211; 270 EUR Behandlung in Analgosedierung 165 EUR Intraorales R\u00f6ntgen 8 EUR Panorama-R\u00f6ntgen 60 EUR 3D-R\u00f6ntgen-Computertomographie 125 EUR Zahnhygiene 170 EUR Wurzelkanalbehandlung 580 &#8211; 980 EUR Photocomposite-F\u00fcllungen 230 &#8211; 520 EUR Zahnextraktion 330 &#8211; 655 EUR \u00c4STHETISCHE ZAHNMEDIZIN Keramikkronen \/ Emax, Ivoclar 700 EUR Keramikverblendungen \/ Emax, Ivoclar 700\u00a0 EUR Komposit-Facetten 1 250 EUR Implantatkrone 820 EUR CEREC 610 EUR Zahnebleichen (Bleaching) 710 EUR Zahnaufhellung zu Hause 270 EUR (Wir kooperieren mit Versicherungsgesellschaften nicht)<\/p>\n","protected":false},"author":3,"featured_media":0,"parent":0,"menu_order":0,"comment_status":"closed","ping_status":"closed","template":"","meta":[],"yoast_head":"<!-- This site is optimized with the Yoast SEO plugin v16.1.1 - https:\/\/yoast.com\/wordpress\/plugins\/seo\/ -->\n<title>Preisliste | Stomatologie Dsmile v Praze | Modern\u00ed zubn\u00ed ordinace<\/title>\n<link rel=\"canonical\" href=\"https:\/\/dsmile.cz\/de\/preisliste\/\" \/>\n<meta property=\"og:locale\" content=\"de_DE\" \/>\n<meta property=\"og:type\" content=\"article\" \/>\n<meta property=\"og:title\" content=\"Preisliste | Stomatologie Dsmile v Praze | Modern\u00ed zubn\u00ed ordinace\" \/>\n<meta property=\"og:description\" content=\"(Wir kooperieren mit Versicherungsgesellschaften nicht) IMPLANTATION All-on-X (Preis f\u00fcr 1 Kiefer) 11 200 EUR MIS Implantat 950 EUR Straumann Implantat\/Schweiz 1 425 EUR Weichgewebeplastik ab 660 EUR pro Zahn Knochenplastik ab 550 EUR ZAHNMEDIZIN Erstuntersuchung + 3D-R\u00f6ntgen (1 Stunde) 230 - 270 EUR Behandlung in Analgosedierung 165 EUR Intraorales R\u00f6ntgen 8 EUR Panorama-R\u00f6ntgen 60 EUR 3D-R\u00f6ntgen-Computertomographie 125 EUR Zahnhygiene 170 EUR Wurzelkanalbehandlung 580 - 980 EUR Photocomposite-F\u00fcllungen 230 - 520 EUR Zahnextraktion 330 - 655 EUR \u00c4STHETISCHE ZAHNMEDIZIN Keramikkronen \/ Emax, Ivoclar 700 EUR Keramikverblendungen \/ Emax, Ivoclar 700\u00a0 EUR Komposit-Facetten 1 250 EUR Implantatkrone 820 EUR CEREC 610 EUR Zahnebleichen (Bleaching) 710 EUR Zahnaufhellung zu Hause 270 EUR (Wir kooperieren mit Versicherungsgesellschaften nicht)\" \/>\n<meta property=\"og:url\" content=\"https:\/\/dsmile.cz\/de\/preisliste\/\" \/>\n<meta property=\"og:site_name\" content=\"Stomatologie Dsmile v Praze | Modern\u00ed zubn\u00ed ordinace\" \/>\n<meta property=\"article:modified_time\" content=\"2025-05-30T11:07:17+00:00\" \/>\n<meta name=\"twitter:card\" content=\"summary\" \/>\n<meta name=\"twitter:label1\" content=\"Est. reading time\">\n\t<meta name=\"twitter:data1\" content=\"1 minute\">\n<script type=\"application\/ld+json\" class=\"yoast-schema-graph\">{\"@context\":\"https:\/\/schema.org\",\"@graph\":[{\"@type\":\"WebSite\",\"@id\":\"https:\/\/dsmile.cz\/ru\/#website\",\"url\":\"https:\/\/dsmile.cz\/ru\/\",\"name\":\"Stomatologie Dsmile v Praze | Modern\\u00ed zubn\\u00ed ordinace\",\"description\":\"Modern\\u00ed zubn\\u00ed ordinace v Praze\",\"potentialAction\":[{\"@type\":\"SearchAction\",\"target\":\"https:\/\/dsmile.cz\/ru\/?s={search_term_string}\",\"query-input\":\"required name=search_term_string\"}],\"inLanguage\":\"de-DE\"},{\"@type\":\"WebPage\",\"@id\":\"https:\/\/dsmile.cz\/de\/preisliste\/#webpage\",\"url\":\"https:\/\/dsmile.cz\/de\/preisliste\/\",\"name\":\"Preisliste | Stomatologie Dsmile v Praze | Modern\\u00ed zubn\\u00ed ordinace\",\"isPartOf\":{\"@id\":\"https:\/\/dsmile.cz\/ru\/#website\"},\"datePublished\":\"2018-07-27T08:18:48+00:00\",\"dateModified\":\"2025-05-30T11:07:17+00:00\",\"breadcrumb\":{\"@id\":\"https:\/\/dsmile.cz\/de\/preisliste\/#breadcrumb\"},\"inLanguage\":\"de-DE\",\"potentialAction\":[{\"@type\":\"ReadAction\",\"target\":[\"https:\/\/dsmile.cz\/de\/preisliste\/\"]}]},{\"@type\":\"BreadcrumbList\",\"@id\":\"https:\/\/dsmile.cz\/de\/preisliste\/#breadcrumb\",\"itemListElement\":[{\"@type\":\"ListItem\",\"position\":1,\"item\":{\"@type\":\"WebPage\",\"@id\":\"https:\/\/dsmile.cz\/de\/preisliste\/\",\"url\":\"https:\/\/dsmile.cz\/de\/preisliste\/\",\"name\":\"Preisliste\"}}]}]}<\/script>\n<!-- \/ Yoast SEO plugin. -->","_links":{"self":[{"href":"https:\/\/dsmile.cz\/de\/wp-json\/wp\/v2\/pages\/2317"}],"collection":[{"href":"https:\/\/dsmile.cz\/de\/wp-json\/wp\/v2\/pages"}],"about":[{"href":"https:\/\/dsmile.cz\/de\/wp-json\/wp\/v2\/types\/page"}],"author":[{"embeddable":true,"href":"https:\/\/dsmile.cz\/de\/wp-json\/wp\/v2\/users\/3"}],"replies":[{"embeddable":true,"href":"https:\/\/dsmile.cz\/de\/wp-json\/wp\/v2\/comments?post=2317"}],"version-history":[{"count":27,"href":"https:\/\/dsmile.cz\/de\/wp-json\/wp\/v2\/pages\/2317\/revisions"}],"predecessor-version":[{"id":10382,"href":"https:\/\/dsmile.cz\/de\/wp-json\/wp\/v2\/pages\/2317\/revisions\/10382"}],"wp:attachment":[{"href":"https:\/\/dsmile.cz\/de\/wp-json\/wp\/v2\/media?parent=2317"}],"curies":[{"name":"wp","href":"https:\/\/api.w.org\/{rel}","templated":true}]}}