{"id":2320,"date":"2018-07-27T10:18:40","date_gmt":"2018-07-27T08:18:40","guid":{"rendered":"http:\/\/dsmile.cz\/de\/o-nas\/"},"modified":"2018-09-26T12:45:31","modified_gmt":"2018-09-26T10:45:31","slug":"ueber-uns","status":"publish","type":"page","link":"https:\/\/dsmile.cz\/de\/ueber-uns\/","title":{"rendered":"\u00dcber uns"},"content":{"rendered":"<div id=\"pl-2320\"  class=\"panel-layout\" ><div id=\"pg-2320-0\"  class=\"panel-grid panel-no-style\" ><div id=\"pgc-2320-0-0\"  class=\"panel-grid-cell\" ><div id=\"panel-2320-0-0-0\" class=\"so-panel widget widget_media_image panel-first-child\" data-index=\"0\" ><a href=\"\/wp-content\/uploads\/2018\/07\/o-nas.jpg\"><img width=\"1000\" height=\"667\" src=\"https:\/\/dsmile.cz\/wp-content\/uploads\/2018\/07\/o-nas.jpg\" class=\"image wp-image-1632  attachment-full size-full\" alt=\"\" loading=\"lazy\" style=\"max-width: 100%; height: auto;\" srcset=\"https:\/\/dsmile.cz\/wp-content\/uploads\/2018\/07\/o-nas.jpg 1000w, https:\/\/dsmile.cz\/wp-content\/uploads\/2018\/07\/o-nas-300x200.jpg 300w, https:\/\/dsmile.cz\/wp-content\/uploads\/2018\/07\/o-nas-768x512.jpg 768w, https:\/\/dsmile.cz\/wp-content\/uploads\/2018\/07\/o-nas-600x400.jpg 600w, https:\/\/dsmile.cz\/wp-content\/uploads\/2018\/07\/o-nas-120x80.jpg 120w, https:\/\/dsmile.cz\/wp-content\/uploads\/2018\/07\/o-nas-255x170.jpg 255w, https:\/\/dsmile.cz\/wp-content\/uploads\/2018\/07\/o-nas-345x230.jpg 345w, https:\/\/dsmile.cz\/wp-content\/uploads\/2018\/07\/o-nas-272x182.jpg 272w\" sizes=\"(max-width: 1000px) 100vw, 1000px\" \/><\/a><\/div><div id=\"panel-2320-0-0-1\" class=\"so-panel widget widget_text panel-last-child\" data-index=\"1\" >\t\t\t<div class=\"textwidget\"><div class=\"post-thumbnail\">Unsere Philosophie besteht darin, dass sich alle \u00c4rzte in der Klinik an der Planung sowie Behandlung jedes Patienten beteiligen. Wir bem\u00fchen uns immer, die Qualit\u00e4t der Behandlung f\u00fcr Patienten und Patientinnen zu erh\u00f6hen. Dazu nutzen wir modernste Ger\u00e4te und Materialien.<\/div>\n<div><\/div>\n<div class=\"post-thumbnail\">Dank dem neuesten Computertomographen der Gesellschaft\u00a0<b>Sirona \u2013 Ortophos SL 3D<\/b>\u00a0bieten wir unseren Patienten diagnostische Dienstleistungen in h\u00f6chst m\u00f6glicher Qualit\u00e4t, mit minimaler Strahlenbelastung an. Alle Eingriffe werden in der Klinik unter dem Mikroskop und mithilfe der vergr\u00f6\u00dfernden Optik der bedeutendsten Weltmarke\u00a0<b>Carl Zeiss\u00a0<\/b>durchgef\u00fchrt<b>.<\/b>\u00a0Alle bei der Behandlung benutzten Instrumente m\u00fcssen einen dreistufigen Sterilisationsprozess durchlaufen und werden steril verpackt gereicht. Bei vielen chirurgischen Eingriffen benutzen wir das letzte Modell des piezochirurgischen Ger\u00e4tes der Firma\u00a0<b>Satelec<\/b>. Deshalb k\u00f6nnen diese Eingriffe m\u00f6glichst schonend und schmerzfrei erfolgen.<\/div>\n<p><iframe loading=\"lazy\" src=\"https:\/\/www.google.com\/maps\/embed?pb=!4v1535659265938!6m8!1m7!1sCAoSLEFGMVFpcE9VRGdWSkEwb3Fvc2xuMXhyUUJraEkxMHNNSXFreUZ4ZHRzd2VW!2m2!1d50.0538374!2d14.370163!3f334.93072961702666!4f-5.683493708406431!5f0.4000000000000002\" width=\"100%\" frameborder=\"0\" style=\"border:0\" allowfullscreen><\/iframe><\/p>\n<\/div>\n\t\t<\/div><\/div><\/div><div id=\"pg-2320-1\"  class=\"panel-grid panel-no-style\" ><div id=\"pgc-2320-1-0\"  class=\"panel-grid-cell\" ><div id=\"panel-2320-1-0-0\" class=\"so-panel widget widget_media_video panel-first-child panel-last-child\" data-index=\"2\" ><div style=\"width:100%;\" class=\"wp-video\"><!--[if lt IE 9]><script>document.createElement('video');<\/script><![endif]-->\n<video class=\"wp-video-shortcode\" id=\"video-2320-1\" preload=\"metadata\" controls=\"controls\"><source type=\"video\/mp4\" src=\"https:\/\/dsmile.cz\/wp-content\/uploads\/2018\/07\/dSmile_cs.mp4?_=1\" \/><source type=\"video\/mp4\" src=\"http:\/\/dsmile.cz\/wp-content\/uploads\/2018\/07\/dSmile_cs.mp4?_=1\" \/><a href=\"https:\/\/dsmile.cz\/wp-content\/uploads\/2018\/07\/dSmile_cs.mp4\">https:\/\/dsmile.cz\/wp-content\/uploads\/2018\/07\/dSmile_cs.mp4<\/a><\/video><\/div><\/div><\/div><\/div><div id=\"pg-2320-2\"  class=\"panel-grid panel-no-style\" ><div id=\"pgc-2320-2-0\"  class=\"panel-grid-cell\" ><div id=\"panel-2320-2-0-0\" class=\"so-panel widget widget_media_image panel-first-child panel-last-child\" data-index=\"3\" ><a href=\"\/wp-content\/uploads\/2018\/07\/12.jpg\"><img width=\"800\" height=\"534\" src=\"https:\/\/dsmile.cz\/wp-content\/uploads\/2018\/07\/12.jpg\" class=\"image wp-image-1709  attachment-full size-full\" alt=\"\" loading=\"lazy\" style=\"max-width: 100%; height: auto;\" srcset=\"https:\/\/dsmile.cz\/wp-content\/uploads\/2018\/07\/12.jpg 800w, https:\/\/dsmile.cz\/wp-content\/uploads\/2018\/07\/12-300x200.jpg 300w, https:\/\/dsmile.cz\/wp-content\/uploads\/2018\/07\/12-768x513.jpg 768w, https:\/\/dsmile.cz\/wp-content\/uploads\/2018\/07\/12-600x401.jpg 600w, https:\/\/dsmile.cz\/wp-content\/uploads\/2018\/07\/12-120x80.jpg 120w, https:\/\/dsmile.cz\/wp-content\/uploads\/2018\/07\/12-255x170.jpg 255w, https:\/\/dsmile.cz\/wp-content\/uploads\/2018\/07\/12-345x230.jpg 345w, https:\/\/dsmile.cz\/wp-content\/uploads\/2018\/07\/12-272x182.jpg 272w\" sizes=\"(max-width: 800px) 100vw, 800px\" \/><\/a><\/div><\/div><div id=\"pgc-2320-2-1\"  class=\"panel-grid-cell\" ><div id=\"panel-2320-2-1-0\" class=\"so-panel widget widget_media_image panel-first-child panel-last-child\" data-index=\"4\" ><a href=\"\/wp-content\/uploads\/2018\/07\/11.jpg\"><img width=\"800\" height=\"534\" src=\"https:\/\/dsmile.cz\/wp-content\/uploads\/2018\/07\/11.jpg\" class=\"image wp-image-1708  attachment-full size-full\" alt=\"\" loading=\"lazy\" style=\"max-width: 100%; height: auto;\" srcset=\"https:\/\/dsmile.cz\/wp-content\/uploads\/2018\/07\/11.jpg 800w, https:\/\/dsmile.cz\/wp-content\/uploads\/2018\/07\/11-300x200.jpg 300w, https:\/\/dsmile.cz\/wp-content\/uploads\/2018\/07\/11-768x513.jpg 768w, https:\/\/dsmile.cz\/wp-content\/uploads\/2018\/07\/11-600x401.jpg 600w, https:\/\/dsmile.cz\/wp-content\/uploads\/2018\/07\/11-120x80.jpg 120w, https:\/\/dsmile.cz\/wp-content\/uploads\/2018\/07\/11-255x170.jpg 255w, https:\/\/dsmile.cz\/wp-content\/uploads\/2018\/07\/11-345x230.jpg 345w, https:\/\/dsmile.cz\/wp-content\/uploads\/2018\/07\/11-272x182.jpg 272w\" sizes=\"(max-width: 800px) 100vw, 800px\" \/><\/a><\/div><\/div><\/div><div id=\"pg-2320-3\"  class=\"panel-grid panel-no-style\" ><div id=\"pgc-2320-3-0\"  class=\"panel-grid-cell\" ><div id=\"panel-2320-3-0-0\" class=\"so-panel widget widget_media_image panel-first-child panel-last-child\" data-index=\"5\" ><a href=\"\/wp-content\/uploads\/2018\/07\/13.jpg\"><img width=\"800\" height=\"534\" src=\"https:\/\/dsmile.cz\/wp-content\/uploads\/2018\/07\/13.jpg\" class=\"image wp-image-1710  attachment-full size-full\" alt=\"\" loading=\"lazy\" style=\"max-width: 100%; height: auto;\" srcset=\"https:\/\/dsmile.cz\/wp-content\/uploads\/2018\/07\/13.jpg 800w, https:\/\/dsmile.cz\/wp-content\/uploads\/2018\/07\/13-300x200.jpg 300w, https:\/\/dsmile.cz\/wp-content\/uploads\/2018\/07\/13-768x513.jpg 768w, https:\/\/dsmile.cz\/wp-content\/uploads\/2018\/07\/13-600x401.jpg 600w, https:\/\/dsmile.cz\/wp-content\/uploads\/2018\/07\/13-120x80.jpg 120w, https:\/\/dsmile.cz\/wp-content\/uploads\/2018\/07\/13-255x170.jpg 255w, https:\/\/dsmile.cz\/wp-content\/uploads\/2018\/07\/13-345x230.jpg 345w, https:\/\/dsmile.cz\/wp-content\/uploads\/2018\/07\/13-272x182.jpg 272w\" sizes=\"(max-width: 800px) 100vw, 800px\" \/><\/a><\/div><\/div><div id=\"pgc-2320-3-1\"  class=\"panel-grid-cell\" ><div id=\"panel-2320-3-1-0\" class=\"so-panel widget widget_media_image panel-first-child panel-last-child\" data-index=\"6\" ><a href=\"\/wp-content\/uploads\/2018\/07\/15.jpg\"><img width=\"800\" height=\"533\" src=\"https:\/\/dsmile.cz\/wp-content\/uploads\/2018\/07\/15.jpg\" class=\"image wp-image-1712  attachment-full size-full\" alt=\"\" loading=\"lazy\" style=\"max-width: 100%; height: auto;\" srcset=\"https:\/\/dsmile.cz\/wp-content\/uploads\/2018\/07\/15.jpg 800w, https:\/\/dsmile.cz\/wp-content\/uploads\/2018\/07\/15-300x200.jpg 300w, https:\/\/dsmile.cz\/wp-content\/uploads\/2018\/07\/15-768x512.jpg 768w, https:\/\/dsmile.cz\/wp-content\/uploads\/2018\/07\/15-600x400.jpg 600w, https:\/\/dsmile.cz\/wp-content\/uploads\/2018\/07\/15-120x80.jpg 120w, https:\/\/dsmile.cz\/wp-content\/uploads\/2018\/07\/15-255x170.jpg 255w, https:\/\/dsmile.cz\/wp-content\/uploads\/2018\/07\/15-345x230.jpg 345w, https:\/\/dsmile.cz\/wp-content\/uploads\/2018\/07\/15-272x182.jpg 272w\" sizes=\"(max-width: 800px) 100vw, 800px\" \/><\/a><\/div><\/div><\/div><div id=\"pg-2320-4\"  class=\"panel-grid panel-no-style\" ><div id=\"pgc-2320-4-0\"  class=\"panel-grid-cell\" ><div id=\"panel-2320-4-0-0\" class=\"so-panel widget widget_media_image panel-first-child panel-last-child\" data-index=\"7\" ><a href=\"\/wp-content\/uploads\/2018\/07\/16.jpg\"><img width=\"800\" height=\"533\" src=\"https:\/\/dsmile.cz\/wp-content\/uploads\/2018\/07\/16.jpg\" class=\"image wp-image-1707  attachment-full size-full\" alt=\"\" loading=\"lazy\" style=\"max-width: 100%; height: auto;\" srcset=\"https:\/\/dsmile.cz\/wp-content\/uploads\/2018\/07\/16.jpg 800w, https:\/\/dsmile.cz\/wp-content\/uploads\/2018\/07\/16-300x200.jpg 300w, https:\/\/dsmile.cz\/wp-content\/uploads\/2018\/07\/16-768x512.jpg 768w, https:\/\/dsmile.cz\/wp-content\/uploads\/2018\/07\/16-600x400.jpg 600w, https:\/\/dsmile.cz\/wp-content\/uploads\/2018\/07\/16-120x80.jpg 120w, https:\/\/dsmile.cz\/wp-content\/uploads\/2018\/07\/16-255x170.jpg 255w, https:\/\/dsmile.cz\/wp-content\/uploads\/2018\/07\/16-345x230.jpg 345w, https:\/\/dsmile.cz\/wp-content\/uploads\/2018\/07\/16-272x182.jpg 272w\" sizes=\"(max-width: 800px) 100vw, 800px\" \/><\/a><\/div><\/div><div id=\"pgc-2320-4-1\"  class=\"panel-grid-cell\" ><div id=\"panel-2320-4-1-0\" class=\"so-panel widget widget_media_image panel-first-child panel-last-child\" data-index=\"8\" ><a href=\"\/wp-content\/uploads\/2018\/07\/14.jpg\"><img width=\"800\" height=\"534\" src=\"https:\/\/dsmile.cz\/wp-content\/uploads\/2018\/07\/14.jpg\" class=\"image wp-image-1711  attachment-full size-full\" alt=\"\" loading=\"lazy\" style=\"max-width: 100%; height: auto;\" srcset=\"https:\/\/dsmile.cz\/wp-content\/uploads\/2018\/07\/14.jpg 800w, https:\/\/dsmile.cz\/wp-content\/uploads\/2018\/07\/14-300x200.jpg 300w, https:\/\/dsmile.cz\/wp-content\/uploads\/2018\/07\/14-768x513.jpg 768w, https:\/\/dsmile.cz\/wp-content\/uploads\/2018\/07\/14-600x401.jpg 600w, https:\/\/dsmile.cz\/wp-content\/uploads\/2018\/07\/14-120x80.jpg 120w, https:\/\/dsmile.cz\/wp-content\/uploads\/2018\/07\/14-255x170.jpg 255w, https:\/\/dsmile.cz\/wp-content\/uploads\/2018\/07\/14-345x230.jpg 345w, https:\/\/dsmile.cz\/wp-content\/uploads\/2018\/07\/14-272x182.jpg 272w\" sizes=\"(max-width: 800px) 100vw, 800px\" \/><\/a><\/div><\/div><\/div><\/div>","protected":false},"excerpt":{"rendered":"<p>Unsere Philosophie besteht darin, dass sich alle \u00c4rzte in der Klinik an der Planung sowie Behandlung jedes Patienten beteiligen. Wir bem\u00fchen uns immer, die Qualit\u00e4t der Behandlung f\u00fcr Patienten und Patientinnen zu erh\u00f6hen. Dazu nutzen wir modernste Ger\u00e4te und Materialien. Dank dem neuesten Computertomographen der Gesellschaft\u00a0Sirona \u2013 Ortophos SL 3D\u00a0bieten wir unseren Patienten diagnostische Dienstleistungen in h\u00f6chst m\u00f6glicher Qualit\u00e4t, mit minimaler Strahlenbelastung an. Alle Eingriffe werden in der Klinik unter dem Mikroskop und mithilfe der vergr\u00f6\u00dfernden Optik der bedeutendsten Weltmarke\u00a0Carl Zeiss\u00a0durchgef\u00fchrt.\u00a0Alle bei der Behandlung benutzten Instrumente m\u00fcssen einen dreistufigen Sterilisationsprozess durchlaufen und werden steril verpackt gereicht. Bei vielen chirurgischen Eingriffen benutzen wir das letzte Modell des piezochirurgischen Ger\u00e4tes der Firma\u00a0Satelec. Deshalb k\u00f6nnen diese Eingriffe m\u00f6glichst schonend und schmerzfrei erfolgen.<\/p>\n","protected":false},"author":3,"featured_media":0,"parent":0,"menu_order":0,"comment_status":"closed","ping_status":"closed","template":"page-sidebar.php","meta":[],"yoast_head":"<!-- This site is optimized with the Yoast SEO plugin v16.1.1 - https:\/\/yoast.com\/wordpress\/plugins\/seo\/ -->\n<title>\u00dcber uns | Stomatologie Dsmile v Praze | Modern\u00ed zubn\u00ed ordinace<\/title>\n<link rel=\"canonical\" href=\"https:\/\/dsmile.cz\/de\/ueber-uns\/\" \/>\n<meta property=\"og:locale\" content=\"de_DE\" \/>\n<meta property=\"og:type\" content=\"article\" \/>\n<meta property=\"og:title\" content=\"\u00dcber uns | Stomatologie Dsmile v Praze | Modern\u00ed zubn\u00ed ordinace\" \/>\n<meta property=\"og:description\" content=\"Unsere Philosophie besteht darin, dass sich alle \u00c4rzte in der Klinik an der Planung sowie Behandlung jedes Patienten beteiligen. Wir bem\u00fchen uns immer, die Qualit\u00e4t der Behandlung f\u00fcr Patienten und Patientinnen zu erh\u00f6hen. Dazu nutzen wir modernste Ger\u00e4te und Materialien. Dank dem neuesten Computertomographen der Gesellschaft\u00a0Sirona \u2013 Ortophos SL 3D\u00a0bieten wir unseren Patienten diagnostische Dienstleistungen in h\u00f6chst m\u00f6glicher Qualit\u00e4t, mit minimaler Strahlenbelastung an. Alle Eingriffe werden in der Klinik unter dem Mikroskop und mithilfe der vergr\u00f6\u00dfernden Optik der bedeutendsten Weltmarke\u00a0Carl Zeiss\u00a0durchgef\u00fchrt.\u00a0Alle bei der Behandlung benutzten Instrumente m\u00fcssen einen dreistufigen Sterilisationsprozess durchlaufen und werden steril verpackt gereicht. Bei vielen chirurgischen Eingriffen benutzen wir das letzte Modell des piezochirurgischen Ger\u00e4tes der Firma\u00a0Satelec. Deshalb k\u00f6nnen diese Eingriffe m\u00f6glichst schonend und schmerzfrei erfolgen.\" \/>\n<meta property=\"og:url\" content=\"https:\/\/dsmile.cz\/de\/ueber-uns\/\" \/>\n<meta property=\"og:site_name\" content=\"Stomatologie Dsmile v Praze | Modern\u00ed zubn\u00ed ordinace\" \/>\n<meta property=\"article:modified_time\" content=\"2018-09-26T10:45:31+00:00\" \/>\n<meta name=\"twitter:card\" content=\"summary\" \/>\n<meta name=\"twitter:label1\" content=\"Est. reading time\">\n\t<meta name=\"twitter:data1\" content=\"1 minute\">\n<script type=\"application\/ld+json\" class=\"yoast-schema-graph\">{\"@context\":\"https:\/\/schema.org\",\"@graph\":[{\"@type\":\"WebSite\",\"@id\":\"https:\/\/dsmile.cz\/ru\/#website\",\"url\":\"https:\/\/dsmile.cz\/ru\/\",\"name\":\"Stomatologie Dsmile v Praze | Modern\\u00ed zubn\\u00ed ordinace\",\"description\":\"Modern\\u00ed zubn\\u00ed ordinace v Praze\",\"potentialAction\":[{\"@type\":\"SearchAction\",\"target\":\"https:\/\/dsmile.cz\/ru\/?s={search_term_string}\",\"query-input\":\"required name=search_term_string\"}],\"inLanguage\":\"de-DE\"},{\"@type\":\"WebPage\",\"@id\":\"https:\/\/dsmile.cz\/de\/ueber-uns\/#webpage\",\"url\":\"https:\/\/dsmile.cz\/de\/ueber-uns\/\",\"name\":\"\\u00dcber uns | Stomatologie Dsmile v Praze | Modern\\u00ed zubn\\u00ed ordinace\",\"isPartOf\":{\"@id\":\"https:\/\/dsmile.cz\/ru\/#website\"},\"datePublished\":\"2018-07-27T08:18:40+00:00\",\"dateModified\":\"2018-09-26T10:45:31+00:00\",\"breadcrumb\":{\"@id\":\"https:\/\/dsmile.cz\/de\/ueber-uns\/#breadcrumb\"},\"inLanguage\":\"de-DE\",\"potentialAction\":[{\"@type\":\"ReadAction\",\"target\":[\"https:\/\/dsmile.cz\/de\/ueber-uns\/\"]}]},{\"@type\":\"BreadcrumbList\",\"@id\":\"https:\/\/dsmile.cz\/de\/ueber-uns\/#breadcrumb\",\"itemListElement\":[{\"@type\":\"ListItem\",\"position\":1,\"item\":{\"@type\":\"WebPage\",\"@id\":\"https:\/\/dsmile.cz\/de\/ueber-uns\/\",\"url\":\"https:\/\/dsmile.cz\/de\/ueber-uns\/\",\"name\":\"\\u00dcber uns\"}}]}]}<\/script>\n<!-- \/ Yoast SEO plugin. -->","_links":{"self":[{"href":"https:\/\/dsmile.cz\/de\/wp-json\/wp\/v2\/pages\/2320"}],"collection":[{"href":"https:\/\/dsmile.cz\/de\/wp-json\/wp\/v2\/pages"}],"about":[{"href":"https:\/\/dsmile.cz\/de\/wp-json\/wp\/v2\/types\/page"}],"author":[{"embeddable":true,"href":"https:\/\/dsmile.cz\/de\/wp-json\/wp\/v2\/users\/3"}],"replies":[{"embeddable":true,"href":"https:\/\/dsmile.cz\/de\/wp-json\/wp\/v2\/comments?post=2320"}],"version-history":[{"count":6,"href":"https:\/\/dsmile.cz\/de\/wp-json\/wp\/v2\/pages\/2320\/revisions"}],"predecessor-version":[{"id":10074,"href":"https:\/\/dsmile.cz\/de\/wp-json\/wp\/v2\/pages\/2320\/revisions\/10074"}],"wp:attachment":[{"href":"https:\/\/dsmile.cz\/de\/wp-json\/wp\/v2\/media?parent=2320"}],"curies":[{"name":"wp","href":"https:\/\/api.w.org\/{rel}","templated":true}]}}