{"id":2631,"date":"2018-08-18T00:54:11","date_gmt":"2018-08-17T22:54:11","guid":{"rendered":"http:\/\/dsmile.cz\/de\/sluzby\/stomatologie\/konzultace\/"},"modified":"2024-07-15T23:37:05","modified_gmt":"2024-07-15T21:37:05","slug":"konsultation","status":"publish","type":"page","link":"https:\/\/dsmile.cz\/de\/service\/konsultation\/","title":{"rendered":"Konsultation"},"content":{"rendered":"<div id=\"pl-2631\"  class=\"panel-layout\" ><div id=\"pg-2631-0\"  class=\"panel-grid panel-has-style\" ><div class=\"box-price panel-row-style panel-row-style-for-2631-0\" ><div id=\"pgc-2631-0-0\"  class=\"panel-grid-cell\" ><div id=\"panel-2631-0-0-0\" class=\"so-panel widget widget_sow-editor panel-first-child panel-last-child\" data-index=\"0\" ><div class=\"so-widget-sow-editor so-widget-sow-editor-base\">\n<div class=\"siteorigin-widget-tinymce textwidget\">\n\t<p>Konsultation \/ 230 - 270 EUR<\/p>\n<p><a title=\"Einen Termin vereinbaren\" href=\"#contact_form_service\">Einen Termin vereinbaren<\/a><\/p>\n<\/div>\n<\/div><\/div><\/div><\/div><\/div><div id=\"pg-2631-1\"  class=\"panel-grid panel-no-style\" ><div id=\"pgc-2631-1-0\"  class=\"panel-grid-cell\" ><div id=\"panel-2631-1-0-0\" class=\"so-panel widget widget_sow-editor panel-first-child panel-last-child\" data-index=\"1\" ><div class=\"so-widget-sow-editor so-widget-sow-editor-base\">\n<div class=\"siteorigin-widget-tinymce textwidget\">\n\t<div class=\"post-thumbnail\"><img loading=\"lazy\" class=\"attachment-post-thumbnail size-post-thumbnail wp-post-image\" src=\"\" sizes=\"(max-width: 709px) 85vw, (max-width: 909px) 67vw, (max-width: 1362px) 88vw, 1200px\" srcset=\"https:\/\/www.dsmile.cz\/wp-content\/uploads\/2017\/08\/MG_8520-e1506529511141.jpg 1200w, https:\/\/www.dsmile.cz\/wp-content\/uploads\/2017\/08\/MG_8520-e1506529511141-300x202.jpg 300w, https:\/\/www.dsmile.cz\/wp-content\/uploads\/2017\/08\/MG_8520-e1506529511141-768x516.jpg 768w, https:\/\/www.dsmile.cz\/wp-content\/uploads\/2017\/08\/MG_8520-e1506529511141-1024x689.jpg 1024w\" alt=\"\" width=\"1200\" height=\"807\"><\/div>\n<p class=\"p1\"><span class=\"s1\">Eine qualifizierte Diagnostik und die Konsultation eines Stomatologen sind eine notwendige Anfangsphase und die Garantie f\u00fcr eine effektive und erfolgreiche Behandlung.<\/span><\/p>\n<p class=\"p1\"><span class=\"s1\">Das h\u00f6chste Interesse der Gr\u00fcnder und \u00c4rzte der Klinik Dsmile ist die Qualit\u00e4t der erbrachten Dienstleistungen und die individuelle Einstellung zur L\u00f6sung jedes klinischen Falls.<\/span><\/p>\n<p class=\"p1\"><span class=\"s1\">Moderne diagnostische Methoden erm\u00f6glichen, die Erkrankungen von Z\u00e4hnen und vom Zahnhalteapparat in der Anfangsphase zu diagnostizieren, was zu einer schnelleren Heilung beitragen kann, und zwar ohne Risiko f\u00fcr die Entstehung von Komplikationen.<\/span><\/p>\n<p class=\"p1\"><span class=\"s1\">Welche Arten von Konsultationen bietet die Klinik DSmile an?<\/span><\/p>\n<p class=\"p1\"><span class=\"s1\"><b>Die Erstkonsultation beinhaltet:<\/b><\/span><\/p>\n<ul class=\"ul1\">\n<li class=\"li1\"><span class=\"s1\">Untersuchung der Mundh\u00f6hle;<\/span><\/li>\n<li class=\"li1\"><span class=\"s1\">Panoramar\u00f6ntgenaufnahme;<\/span><\/li>\n<li class=\"li1\"><span class=\"s1\">Anfertigung der erforderlichen Fotodokumentation;<\/span><\/li>\n<li class=\"li1\"><span class=\"s1\">Eintragung der Daten in die Patientenkarte und ihre detaillierte Analyse.<\/span><\/li>\n<\/ul>\n<p class=\"p1\"><span class=\"s1\">Eine diagnostische Untersuchung ist notwendig f\u00fcr die Feststellung des Ist-Zustandes der Mundh\u00f6hle sowie die Erstellung eines detaillierten Plans f\u00fcr die Behandlung.<\/span><\/p>\n<p class=\"p1\"><span class=\"s1\">In Abh\u00e4ngigkeit von den Beschwerden und aufgrund der gesammelten Daten der Anamnese kann man Fach\u00e4rzte f\u00fcr folgende Spezialisierungen konsultieren: therapeutische Stomatologie, Orthop\u00e4die, Orthodontie, Implantologie, Parodontologie.<\/span><\/p>\n<p class=\"p1\"><span class=\"s1\"><b>Eine komplexe Konsultation beinhaltet<\/b>:<\/span><\/p>\n<ul class=\"ul1\">\n<li class=\"li1\"><span class=\"s1\">Untersuchung der Mundh\u00f6hle;<\/span><\/li>\n<li class=\"li1\"><span class=\"s1\">Panoramar\u00f6ntgenaufnahme;<\/span><\/li>\n<li class=\"li1\"><span class=\"s1\">Computertomographie;<\/span><\/li>\n<li class=\"li1\"><span class=\"s1\">Anfertigung der Fotodokumentation;<\/span><\/li>\n<li class=\"li1\"><span class=\"s1\">Herstellung diagnostischer Modelle;<\/span><\/li>\n<li class=\"li1\"><span class=\"s1\">Erstellung eines detaillierten Plans f\u00fcr die Behandlung, inklusive Terminplanung und Kostenvoranschlag aufgrund einer Vereinbarung mit dem Patienten.<\/span><\/li>\n<\/ul>\n<p class=\"p1\"><span class=\"s1\">Im Laufe der komplexen Konsultation beurteilt der Arzt:<\/span><\/p>\n<ul class=\"ul1\">\n<li class=\"li1\"><span class=\"s1\">Qualit\u00e4t und Umfang der vorherigen Behandlung;<\/span><\/li>\n<li class=\"li1\"><span class=\"s1\">Zustand der Z\u00e4hne und des Zahnfleisches;<\/span><\/li>\n<li class=\"li1\"><span class=\"s1\">Umfang der erforderlichen Behandlung;<\/span><\/li>\n<li class=\"li1\"><span class=\"s1\">Bedingungen f\u00fcr die Implantation und die anschlie\u00dfende prothetische Versorgung;<\/span><\/li>\n<\/ul>\n<p class=\"p1\"><span class=\"s1\"><b>Pr\u00e4ventive Untersuchung<\/b><\/span><\/p>\n<p class=\"p1\"><span class=\"s1\">Eine notwendige Ma\u00dfnahme sollte der Besuch beim Stomatologen sein, und zwar zweimal im Jahr.<\/span><\/p>\n<p class=\"p1\"><span class=\"s1\">Erkrankungen wie Zahnkaries, Parodontitis und Entz\u00fcndungen in der Umgebung der Zahnwurzeln verlaufen am Anfang eher unauff\u00e4llig und gew\u00f6hnlich bel\u00e4stigen sie den Patienten nicht. Deshalb kann eine pr\u00e4ventive Untersuchung helfen:<\/span><\/p>\n<ul class=\"ul1\">\n<li class=\"li1\"><span class=\"s1\">m\u00f6glichen Problemen vorzubeugen oder sie bereits im Anfangsstadium abzufangen;<\/span><\/li>\n<li class=\"li1\"><span class=\"s1\">Investitionen in eine teure Behandlung in Zukunft zu vermeiden;<\/span><\/li>\n<li class=\"li1\"><span class=\"s1\">ein sch\u00f6nes L\u00e4cheln und einen frischen Atem zu erhalten.<\/span><\/li>\n<\/ul>\n<p class=\"p1\"><span class=\"s1\">Die Untersuchung beinhaltet Kontrollaufnahmen, die Analyse des Mundhygienestatus, beziehungsweise ihre Anpassung.<\/span><\/p>\n<p class=\"p1\"><span class=\"s1\">In der Klinik Dsmile k\u00f6nnen Sie einen Termin f\u00fcr die Untersuchung und Konsultation eines Stomatologen vereinbaren. Das hohe Niveau der von uns erbrachten Dienstleistungen sowie akzeptierbare Preise in unserer Klinik Dsmile garantieren Ihre Zufriedenheit!<\/span><\/p>\n<\/div>\n<\/div><\/div><\/div><\/div><div id=\"pg-2631-2\"  class=\"panel-grid panel-has-style\" ><div id=\"contact_form_service\" class=\"panel-row-style panel-row-style-for-2631-2\" ><div id=\"pgc-2631-2-0\"  class=\"panel-grid-cell\" ><div id=\"panel-2631-2-0-0\" class=\"widget_text so-panel widget widget_custom_html panel-first-child panel-last-child\" data-index=\"2\" ><div class=\"widget_text contact_form_service panel-widget-style panel-widget-style-for-2631-2-0-0\" ><div class=\"textwidget custom-html-widget\"><br><h2 class=\"content-title\">Bestellen Sie sich bei uns<\/h2><br><br>\n\n<div role=\"form\" class=\"wpcf7\" id=\"wpcf7-f819-o1\" lang=\"de-DE\" dir=\"ltr\">\n<div class=\"screen-reader-response\"><p role=\"status\" aria-live=\"polite\" aria-atomic=\"true\"><\/p> <ul><\/ul><\/div>\n<form action=\"\/de\/wp-json\/wp\/v2\/pages\/2631#wpcf7-f819-o1\" method=\"post\" class=\"wpcf7-form init\" novalidate=\"novalidate\" data-status=\"init\">\n<div style=\"display: none;\">\n<input type=\"hidden\" name=\"_wpcf7\" value=\"819\" \/>\n<input type=\"hidden\" name=\"_wpcf7_version\" value=\"5.4.1\" \/>\n<input type=\"hidden\" name=\"_wpcf7_locale\" value=\"de_DE\" \/>\n<input type=\"hidden\" name=\"_wpcf7_unit_tag\" value=\"wpcf7-f819-o1\" \/>\n<input type=\"hidden\" name=\"_wpcf7_container_post\" value=\"0\" \/>\n<input type=\"hidden\" name=\"_wpcf7_posted_data_hash\" value=\"\" \/>\n<input type=\"hidden\" name=\"_wpcf7_recaptcha_response\" value=\"\" \/>\n<\/div>\n<div class=\"container-boxed\">\n<p>Wir melden uns so bald wie m\u00f6glich mit einem Terminvorschlag bei Ihnen.<\/p>\n<hr>\n<div class=\"input-box\">\n<label> Vorname und Familienname<small>\/ Pflichtangabe<\/small><br \/>\n    <span class=\"wpcf7-form-control-wrap your-name\"><input type=\"text\" name=\"your-name\" value=\"\" size=\"40\" class=\"wpcf7-form-control wpcf7-text wpcf7-validates-as-required\" aria-required=\"true\" aria-invalid=\"false\" \/><\/span> <\/label>\n<\/div>\n<div class=\"input-box\">\n<label> Ihre E-Mail <small>\/ Pflichtangabe <\/small><br \/>\n    <span class=\"wpcf7-form-control-wrap your-email\"><input type=\"email\" name=\"your-email\" value=\"\" size=\"40\" class=\"wpcf7-form-control wpcf7-text wpcf7-email wpcf7-validates-as-required wpcf7-validates-as-email\" aria-required=\"true\" aria-invalid=\"false\" \/><\/span> <\/label>\n<\/div>\n<div class=\"input-box\">\n<label> Ihre Telefonnummer<br \/>\n    <span class=\"wpcf7-form-control-wrap tel-181\"><input type=\"tel\" name=\"tel-181\" value=\"\" size=\"40\" class=\"wpcf7-form-control wpcf7-text wpcf7-tel wpcf7-validates-as-tel\" aria-invalid=\"false\" \/><\/span> <\/label>\n<\/div>\n<div class=\"input-box\">\n<label> Zvolte slu\u017ebu <small>\/ Povinn\u00e9<\/small><br \/>\n     <\/label>\n<\/div>\n<style>\n.sluzba > select {\nheight: 45px;\nwidth: 93%;\ncolor: black;\n}\n@media screen and (max-width: 730px) {\n.sluzba > select {\nwidth: 100%;\n}\n}\n<\/style>\n<p><input type=\"submit\" value=\"Senden\" class=\"wpcf7-form-control wpcf7-submit\" \/>\n<\/p><\/div>\n<div class=\"wpcf7-response-output\" aria-hidden=\"true\"><\/div><\/form><\/div><\/div><\/div><\/div><\/div><\/div><\/div><\/div>","protected":false},"excerpt":{"rendered":"<p>Konsultation \/ 230 &#8211; 270 EUR Einen Termin vereinbaren Eine qualifizierte Diagnostik und die Konsultation eines Stomatologen sind eine notwendige Anfangsphase und die Garantie f\u00fcr eine effektive und erfolgreiche Behandlung. Das h\u00f6chste Interesse der Gr\u00fcnder und \u00c4rzte der Klinik Dsmile ist die Qualit\u00e4t der erbrachten Dienstleistungen und die individuelle Einstellung zur L\u00f6sung jedes klinischen Falls. Moderne diagnostische Methoden erm\u00f6glichen, die Erkrankungen von Z\u00e4hnen und vom Zahnhalteapparat in der Anfangsphase zu diagnostizieren, was zu einer schnelleren Heilung beitragen kann, und zwar ohne Risiko f\u00fcr die Entstehung von Komplikationen. Welche Arten von Konsultationen bietet die Klinik DSmile an? Die Erstkonsultation beinhaltet: Untersuchung der Mundh\u00f6hle; Panoramar\u00f6ntgenaufnahme; Anfertigung der erforderlichen Fotodokumentation; Eintragung der Daten in die Patientenkarte und ihre detaillierte Analyse. Eine diagnostische Untersuchung ist notwendig f\u00fcr die Feststellung des Ist-Zustandes der Mundh\u00f6hle sowie die Erstellung eines detaillierten Plans f\u00fcr die Behandlung. In Abh\u00e4ngigkeit von den Beschwerden und aufgrund der gesammelten Daten der Anamnese kann man Fach\u00e4rzte f\u00fcr folgende Spezialisierungen konsultieren: therapeutische Stomatologie, Orthop\u00e4die, Orthodontie, Implantologie, Parodontologie. Eine komplexe Konsultation beinhaltet: Untersuchung der Mundh\u00f6hle; Panoramar\u00f6ntgenaufnahme; Computertomographie; Anfertigung der Fotodokumentation; Herstellung diagnostischer Modelle; Erstellung eines detaillierten Plans f\u00fcr die Behandlung, inklusive Terminplanung und Kostenvoranschlag aufgrund einer Vereinbarung mit dem Patienten. Im Laufe der komplexen Konsultation beurteilt der Arzt: Qualit\u00e4t und Umfang der vorherigen Behandlung; Zustand der Z\u00e4hne und des Zahnfleisches; Umfang der erforderlichen Behandlung; Bedingungen f\u00fcr die Implantation und die anschlie\u00dfende prothetische Versorgung; Pr\u00e4ventive Untersuchung Eine notwendige Ma\u00dfnahme sollte der Besuch beim Stomatologen sein, und zwar zweimal im Jahr. Erkrankungen wie Zahnkaries, Parodontitis und Entz\u00fcndungen in der Umgebung der Zahnwurzeln verlaufen am Anfang eher unauff\u00e4llig und gew\u00f6hnlich bel\u00e4stigen sie den Patienten nicht. Deshalb kann eine pr\u00e4ventive Untersuchung helfen: m\u00f6glichen Problemen vorzubeugen oder sie bereits im Anfangsstadium abzufangen; Investitionen in eine teure Behandlung in Zukunft zu vermeiden; ein sch\u00f6nes L\u00e4cheln und einen frischen Atem zu erhalten. Die Untersuchung beinhaltet Kontrollaufnahmen, die Analyse des Mundhygienestatus, beziehungsweise ihre Anpassung. In der Klinik Dsmile k\u00f6nnen Sie einen Termin f\u00fcr die Untersuchung und Konsultation eines Stomatologen vereinbaren. Das hohe Niveau der von uns erbrachten Dienstleistungen sowie akzeptierbare Preise in unserer Klinik Dsmile garantieren Ihre Zufriedenheit!<\/p>\n","protected":false},"author":3,"featured_media":0,"parent":2628,"menu_order":0,"comment_status":"closed","ping_status":"closed","template":"page-sidebar.php","meta":[],"yoast_head":"<!-- This site is optimized with the Yoast SEO plugin v16.1.1 - https:\/\/yoast.com\/wordpress\/plugins\/seo\/ -->\n<title>Konsultation | Stomatologie Dsmile v Praze | Modern\u00ed zubn\u00ed ordinace<\/title>\n<link rel=\"canonical\" href=\"https:\/\/dsmile.cz\/de\/service\/konsultation\/\" \/>\n<meta property=\"og:locale\" content=\"de_DE\" \/>\n<meta property=\"og:type\" content=\"article\" \/>\n<meta property=\"og:title\" content=\"Konsultation | Stomatologie Dsmile v Praze | Modern\u00ed zubn\u00ed ordinace\" \/>\n<meta property=\"og:description\" content=\"Konsultation \/ 230 - 270 EUR Einen Termin vereinbaren Eine qualifizierte Diagnostik und die Konsultation eines Stomatologen sind eine notwendige Anfangsphase und die Garantie f\u00fcr eine effektive und erfolgreiche Behandlung. Das h\u00f6chste Interesse der Gr\u00fcnder und \u00c4rzte der Klinik Dsmile ist die Qualit\u00e4t der erbrachten Dienstleistungen und die individuelle Einstellung zur L\u00f6sung jedes klinischen Falls. Moderne diagnostische Methoden erm\u00f6glichen, die Erkrankungen von Z\u00e4hnen und vom Zahnhalteapparat in der Anfangsphase zu diagnostizieren, was zu einer schnelleren Heilung beitragen kann, und zwar ohne Risiko f\u00fcr die Entstehung von Komplikationen. Welche Arten von Konsultationen bietet die Klinik DSmile an? Die Erstkonsultation beinhaltet: Untersuchung der Mundh\u00f6hle; Panoramar\u00f6ntgenaufnahme; Anfertigung der erforderlichen Fotodokumentation; Eintragung der Daten in die Patientenkarte und ihre detaillierte Analyse. Eine diagnostische Untersuchung ist notwendig f\u00fcr die Feststellung des Ist-Zustandes der Mundh\u00f6hle sowie die Erstellung eines detaillierten Plans f\u00fcr die Behandlung. In Abh\u00e4ngigkeit von den Beschwerden und aufgrund der gesammelten Daten der Anamnese kann man Fach\u00e4rzte f\u00fcr folgende Spezialisierungen konsultieren: therapeutische Stomatologie, Orthop\u00e4die, Orthodontie, Implantologie, Parodontologie. Eine komplexe Konsultation beinhaltet: Untersuchung der Mundh\u00f6hle; Panoramar\u00f6ntgenaufnahme; Computertomographie; Anfertigung der Fotodokumentation; Herstellung diagnostischer Modelle; Erstellung eines detaillierten Plans f\u00fcr die Behandlung, inklusive Terminplanung und Kostenvoranschlag aufgrund einer Vereinbarung mit dem Patienten. Im Laufe der komplexen Konsultation beurteilt der Arzt: Qualit\u00e4t und Umfang der vorherigen Behandlung; Zustand der Z\u00e4hne und des Zahnfleisches; Umfang der erforderlichen Behandlung; Bedingungen f\u00fcr die Implantation und die anschlie\u00dfende prothetische Versorgung; Pr\u00e4ventive Untersuchung Eine notwendige Ma\u00dfnahme sollte der Besuch beim Stomatologen sein, und zwar zweimal im Jahr. Erkrankungen wie Zahnkaries, Parodontitis und Entz\u00fcndungen in der Umgebung der Zahnwurzeln verlaufen am Anfang eher unauff\u00e4llig und gew\u00f6hnlich bel\u00e4stigen sie den Patienten nicht. Deshalb kann eine pr\u00e4ventive Untersuchung helfen: m\u00f6glichen Problemen vorzubeugen oder sie bereits im Anfangsstadium abzufangen; Investitionen in eine teure Behandlung in Zukunft zu vermeiden; ein sch\u00f6nes L\u00e4cheln und einen frischen Atem zu erhalten. Die Untersuchung beinhaltet Kontrollaufnahmen, die Analyse des Mundhygienestatus, beziehungsweise ihre Anpassung. In der Klinik Dsmile k\u00f6nnen Sie einen Termin f\u00fcr die Untersuchung und Konsultation eines Stomatologen vereinbaren. Das hohe Niveau der von uns erbrachten Dienstleistungen sowie akzeptierbare Preise in unserer Klinik Dsmile garantieren Ihre Zufriedenheit!\" \/>\n<meta property=\"og:url\" content=\"https:\/\/dsmile.cz\/de\/service\/konsultation\/\" \/>\n<meta property=\"og:site_name\" content=\"Stomatologie Dsmile v Praze | Modern\u00ed zubn\u00ed ordinace\" \/>\n<meta property=\"article:modified_time\" content=\"2024-07-15T21:37:05+00:00\" \/>\n<meta name=\"twitter:card\" content=\"summary\" \/>\n<meta name=\"twitter:label1\" content=\"Est. reading time\">\n\t<meta name=\"twitter:data1\" content=\"2 minutes\">\n<script type=\"application\/ld+json\" class=\"yoast-schema-graph\">{\"@context\":\"https:\/\/schema.org\",\"@graph\":[{\"@type\":\"WebSite\",\"@id\":\"https:\/\/dsmile.cz\/ru\/#website\",\"url\":\"https:\/\/dsmile.cz\/ru\/\",\"name\":\"Stomatologie Dsmile v Praze | Modern\\u00ed zubn\\u00ed ordinace\",\"description\":\"Modern\\u00ed zubn\\u00ed ordinace v Praze\",\"potentialAction\":[{\"@type\":\"SearchAction\",\"target\":\"https:\/\/dsmile.cz\/ru\/?s={search_term_string}\",\"query-input\":\"required name=search_term_string\"}],\"inLanguage\":\"de-DE\"},{\"@type\":\"WebPage\",\"@id\":\"https:\/\/dsmile.cz\/de\/service\/konsultation\/#webpage\",\"url\":\"https:\/\/dsmile.cz\/de\/service\/konsultation\/\",\"name\":\"Konsultation | Stomatologie Dsmile v Praze | Modern\\u00ed zubn\\u00ed ordinace\",\"isPartOf\":{\"@id\":\"https:\/\/dsmile.cz\/ru\/#website\"},\"datePublished\":\"2018-08-17T22:54:11+00:00\",\"dateModified\":\"2024-07-15T21:37:05+00:00\",\"breadcrumb\":{\"@id\":\"https:\/\/dsmile.cz\/de\/service\/konsultation\/#breadcrumb\"},\"inLanguage\":\"de-DE\",\"potentialAction\":[{\"@type\":\"ReadAction\",\"target\":[\"https:\/\/dsmile.cz\/de\/service\/konsultation\/\"]}]},{\"@type\":\"BreadcrumbList\",\"@id\":\"https:\/\/dsmile.cz\/de\/service\/konsultation\/#breadcrumb\",\"itemListElement\":[{\"@type\":\"ListItem\",\"position\":1,\"item\":{\"@type\":\"WebPage\",\"@id\":\"https:\/\/dsmile.cz\/de\/kategorie\/dienstleistungen\/\",\"url\":\"https:\/\/dsmile.cz\/de\/kategorie\/dienstleistungen\/\",\"name\":\"Dienstleistungen\"}},{\"@type\":\"ListItem\",\"position\":2,\"item\":{\"@type\":\"WebPage\",\"@id\":\"https:\/\/dsmile.cz\/sluzby\/stomatologie\/\",\"url\":\"https:\/\/dsmile.cz\/sluzby\/stomatologie\/\",\"name\":\"Stomatologie\"}},{\"@type\":\"ListItem\",\"position\":3,\"item\":{\"@type\":\"WebPage\",\"@id\":\"https:\/\/dsmile.cz\/de\/service\/konsultation\/\",\"url\":\"https:\/\/dsmile.cz\/de\/service\/konsultation\/\",\"name\":\"Konsultation\"}}]}]}<\/script>\n<!-- \/ Yoast SEO plugin. -->","_links":{"self":[{"href":"https:\/\/dsmile.cz\/de\/wp-json\/wp\/v2\/pages\/2631"}],"collection":[{"href":"https:\/\/dsmile.cz\/de\/wp-json\/wp\/v2\/pages"}],"about":[{"href":"https:\/\/dsmile.cz\/de\/wp-json\/wp\/v2\/types\/page"}],"author":[{"embeddable":true,"href":"https:\/\/dsmile.cz\/de\/wp-json\/wp\/v2\/users\/3"}],"replies":[{"embeddable":true,"href":"https:\/\/dsmile.cz\/de\/wp-json\/wp\/v2\/comments?post=2631"}],"version-history":[{"count":13,"href":"https:\/\/dsmile.cz\/de\/wp-json\/wp\/v2\/pages\/2631\/revisions"}],"predecessor-version":[{"id":10139,"href":"https:\/\/dsmile.cz\/de\/wp-json\/wp\/v2\/pages\/2631\/revisions\/10139"}],"up":[{"embeddable":true,"href":"https:\/\/dsmile.cz\/de\/wp-json\/wp\/v2\/pages\/2628"}],"wp:attachment":[{"href":"https:\/\/dsmile.cz\/de\/wp-json\/wp\/v2\/media?parent=2631"}],"curies":[{"name":"wp","href":"https:\/\/api.w.org\/{rel}","templated":true}]}}