{"id":2762,"date":"2018-08-18T23:20:18","date_gmt":"2018-08-18T21:20:18","guid":{"rendered":"http:\/\/dsmile.cz\/de\/dienstleistungen\/esteticka-stomatologie\/beleni-zubu\/"},"modified":"2024-07-16T02:00:26","modified_gmt":"2024-07-16T00:00:26","slug":"zahnbleichen","status":"publish","type":"page","link":"https:\/\/dsmile.cz\/de\/service\/zaehne-bleichen-bleaching\/","title":{"rendered":"Zahnbleichen"},"content":{"rendered":"<div id=\"pl-2762\"  class=\"panel-layout\" ><div id=\"pg-2762-0\"  class=\"panel-grid panel-has-style\" ><div class=\"box-price panel-row-style panel-row-style-for-2762-0\" ><div id=\"pgc-2762-0-0\"  class=\"panel-grid-cell\" ><div id=\"panel-2762-0-0-0\" class=\"so-panel widget widget_sow-editor panel-first-child panel-last-child\" data-index=\"0\" ><div class=\"so-widget-sow-editor so-widget-sow-editor-base\">\n<div class=\"siteorigin-widget-tinymce textwidget\">\n\t<div>\n<p>Z\u00e4hne Bleichen (Bleaching) \/ 700 EUR<\/p>\n<p><a title=\"Einen Termin vereinbaren\" href=\"#contact_form_service\">Einen Termin vereinbaren<\/a><\/p>\n<\/div>\n<\/div>\n<\/div><\/div><\/div><\/div><\/div><div id=\"pg-2762-1\"  class=\"panel-grid panel-no-style\" ><div id=\"pgc-2762-1-0\"  class=\"panel-grid-cell\" ><div id=\"panel-2762-1-0-0\" class=\"so-panel widget widget_sow-editor panel-first-child panel-last-child\" data-index=\"1\" ><div class=\"so-widget-sow-editor so-widget-sow-editor-base\">\n<div class=\"siteorigin-widget-tinymce textwidget\">\n\t<div class=\"post-thumbnail\">\n<div class=\"post-thumbnail\">\n<p class=\"p1\"><span class=\"s1\">Zurzeit gibt es eine ganze Reihe von Zahnbleichmitteln und es ist nicht gerade einfach, sich auf diesem Gebiet auszukennen, weil das Angebot sehr breit ist.<\/span><\/p>\n<p class=\"p1\"><span class=\"s1\">Aus diesem Grund m\u00f6chten wir Sie gerne in diesem Artikel \u00fcber das Zahnbleichen in der Zahnarztpraxis ausf\u00fchrlich informieren, bevor Sie diese Methode selbst probieren.<\/span><\/p>\n<p class=\"p1\"><span class=\"s1\">Das\u00a0<b>\u201eZoom-4-Zahnaufhellungssystem\u201c<\/b>\u00a0ist heutzutage die beste Art der Zahnaufhellung. In einer Sitzung kann mit diesem System eine Aufhellung von 4-8 Farbt\u00f6nen erzielt werden.<br \/>\nDer Hauptbestandteil des Zahnaufhellungssystems ist Wasserstoffperoxid. Das ZOOM Aufhellungsgel enth\u00e4lt aber nicht nur Wasserstoffperoxid, sondern auch amorphes Kalziumphosphat. Diese Substanz dringt tief in den Zahnschmelz ein und damit unterst\u00fctzt sie effektiv die Regeneration nach dem Bleichen.<\/span><\/p>\n<p class=\"p1\"><span class=\"s1\">Zu den weiteren Vorteilen des ZOOM-4-Systems geh\u00f6rt eine Lampe mit blauem LED-Licht, das eine aktivierende Wirkung hat. Hierdurch erreicht man eine maximale Sicherheit des<b>\u00a0<\/b>Eingriffs und einen h\u00f6heren Komfort f\u00fcr die Patienten.<\/span><\/p>\n<p class=\"p1\"><span class=\"s1\"><b>Vor dem Eingriff muss sich jeder Patient<\/b><\/span><\/p>\n<ul class=\"ul1\">\n<li class=\"li1\"><span class=\"s1\">einer professionellen Zahnreinigung in der Zahnarztpraxis unterziehen.<\/span><\/li>\n<\/ul>\n<p class=\"p1\"><span class=\"s1\"><b>Arten des Zoom-Zahnbleichens:<\/b><\/span><\/p>\n<p class=\"p1\"><span class=\"s1\"><b>Das Zahnbleichen in der Zahnarztpraxis (In-Office-Behandlung)<\/b><\/span>\u00a0<span class=\"s1\">wird direkt im Sprechzimmer unter der Aufsicht des Zahnarztes vorgenommen. Bei diesem Eingriff k\u00f6nnen die Z\u00e4hne um 4-5 Farbt\u00f6nen aufgehellt werden. Dies kann h\u00f6chstens 1x pro Jahr durchgef\u00fchrt werden.<\/span><\/p>\n<p class=\"p1\"><span class=\"s1\">Das\u00a0<b>Home-Bleaching<\/b>\u00a0wird vom Patienten selbst durchgef\u00fchrt. Diese Art der Zahnaufhellung kann man 3-4x pro Jahr durchf\u00fchren. Nach Abdrucknahme wird eine individuelle Schiene hergestellt, die als Tr\u00e4ger f\u00fcr das Bleichgel dient. Der Patient bef\u00fcllt die Schiene mit dem Bleichgel und tr\u00e4gt diese \u00fcber mehrere Tage\/N\u00e4chte. Das Home-Bleaching erh\u00e4lt die Aufhellungswirkung und erm\u00f6glicht das Aufhellen um 1-2 Farbt\u00f6ne.<\/span><\/p>\n<p class=\"p1\"><span class=\"s1\"><b>Wie lange bleiben die Z\u00e4hne nach dem Eingriff hell?<\/b><\/span><\/p>\n<p class=\"p1\"><span class=\"s1\">Der Effekt beim Bleaching in der Praxis des Zahnarztes bleibt ca. 1,5 Jahre sichtbar. Dies ist aber individuell und h\u00e4ngt vom Lebensstill des Patienten ab. Wenn Sie zum Beispiel rauchen, h\u00e4lt die Helligkeit nicht so lange an. Die Z\u00e4hne k\u00f6nnen auch durch weitere Naturfarbstoffe verf\u00e4rbt werden, wie zum Beispiel Kaffee, S\u00e4fte oder Lebensmittel. Bevor die Spezialisten unserer Klinik mit dem Bleaching beginnen, beraten sie Sie, wie man den Effekt dieses Eingriffs verl\u00e4ngern kann.<\/span><\/p>\n<p class=\"p1\"><span class=\"s1\"><b>Kann das Zoom-Bleaching auch Nebenwirkungen haben?<\/b><\/span><\/p>\n<p class=\"p1\"><span class=\"s1\">Zu den h\u00e4ufigsten Nebenwirkungen geh\u00f6rt eine erh\u00f6hte Empfindlichkeit der Z\u00e4hne. Deshalb muss sich der Arzt vor der Durchf\u00fchrung des Eingriffs vergewissern, dass Sie sich dieser Prozedur unterziehen k\u00f6nnen. Er muss auch die richtige Konzentration des Bleichgels bestimmen.<\/span><\/p>\n<p class=\"p1\"><span class=\"s1\"><b>In der ersten Woche nach dem Bleaching muss Folgendes vermieden werden:<\/b><\/span><\/p>\n<ul class=\"ul1\">\n<li class=\"li1\"><span class=\"s1\">Farbstoffhaltige Lebensmittel und Getr\u00e4nke, die zu Verf\u00e4rbungen f\u00fchren k\u00f6nnen;<\/span><\/li>\n<li class=\"li1\"><span class=\"s1\">Beerenfr\u00fcchte;<\/span><\/li>\n<li class=\"li1\"><span class=\"s1\">Kaffee<\/span><\/li>\n<li class=\"li1\"><span class=\"s1\">schwarzer Tee<\/span><\/li>\n<li class=\"li1\"><span class=\"s1\">Rotwein<\/span><\/li>\n<li class=\"li1\"><span class=\"s1\">s\u00fc\u00dfe Getr\u00e4nke mit Kohlens\u00e4ure, die Farbstoffe enthalten<\/span><\/li>\n<li class=\"li1\"><span class=\"s1\">ausgew\u00e4hlte Medikamente<\/span><\/li>\n<li class=\"li1\"><span class=\"s1\">Rauchen.<\/span><\/li>\n<\/ul>\n<p class=\"p1\"><span class=\"s1\"><b>Wie schnell kann man die gew\u00fcnschte Wirkung erzielen?<\/b><\/span><\/p>\n<p class=\"p1\"><span class=\"s1\">Mit Bleaching beim Zahnarzt \u2013 Zoom-4-Zahnaufhellungssystem \u2013<span class=\"Apple-converted-space\">\u00a0\u00a0<\/span>kann innerhalb einer Stunde eine Aufhellung von 6 Farbt\u00f6nen erzielt werden!<\/span><\/p>\n<p class=\"p1\"><span class=\"s1\">Mit Home-Bleaching \u2013 Phillips Zoom-System \u2013 wird ein Ergebnis nicht so schnell erzielt, aber schon nach 3 Tagen kann man erkennen, dass die Z\u00e4hne heller geworden sind. Ein perfektes Ergebnis kann in 2 Wochen erzielt werden.<\/span><\/p>\n<p class=\"p1\"><span class=\"s1\"><b>Ist ein Zoom-Bleaching schmerzhaft?<\/b><\/span><\/p>\n<p class=\"p1\"><span class=\"s1\">Jeder Mensch reagiert auf das Zahnbleichen anders. In einzelnen F\u00e4llen kann eine erh\u00f6hte Zahnempfindlichkeit als Nebenwirkung auftreten. Unser Team empfiehlt Ihnen selbstverst\u00e4ndlich die geeignetste Paste zur Minderung der Empfindlichkeit der Z\u00e4hne sowohl vor als auch nach der Behandlung.<\/span><\/p>\n<\/div>\n<\/div>\n<\/div>\n<\/div><\/div><\/div><\/div><div id=\"pg-2762-2\"  class=\"panel-grid panel-has-style\" ><div id=\"contact_form_service\" class=\"panel-row-style panel-row-style-for-2762-2\" ><div id=\"pgc-2762-2-0\"  class=\"panel-grid-cell\" ><div id=\"panel-2762-2-0-0\" class=\"widget_text so-panel widget widget_custom_html panel-first-child panel-last-child\" data-index=\"2\" ><div class=\"widget_text contact_form_service panel-widget-style panel-widget-style-for-2762-2-0-0\" ><div class=\"textwidget custom-html-widget\"><br><h2 class=\"content-title\">Bestellen Sie sich bei uns<\/h2><br><br>\n\n<div role=\"form\" class=\"wpcf7\" id=\"wpcf7-f819-o1\" lang=\"de-DE\" dir=\"ltr\">\n<div class=\"screen-reader-response\"><p role=\"status\" aria-live=\"polite\" aria-atomic=\"true\"><\/p> <ul><\/ul><\/div>\n<form action=\"\/de\/wp-json\/wp\/v2\/pages\/2762#wpcf7-f819-o1\" method=\"post\" class=\"wpcf7-form init\" novalidate=\"novalidate\" data-status=\"init\">\n<div style=\"display: none;\">\n<input type=\"hidden\" name=\"_wpcf7\" value=\"819\" \/>\n<input type=\"hidden\" name=\"_wpcf7_version\" value=\"5.4.1\" \/>\n<input type=\"hidden\" name=\"_wpcf7_locale\" value=\"de_DE\" \/>\n<input type=\"hidden\" name=\"_wpcf7_unit_tag\" value=\"wpcf7-f819-o1\" \/>\n<input type=\"hidden\" name=\"_wpcf7_container_post\" value=\"0\" \/>\n<input type=\"hidden\" name=\"_wpcf7_posted_data_hash\" value=\"\" \/>\n<input type=\"hidden\" name=\"_wpcf7_recaptcha_response\" value=\"\" \/>\n<\/div>\n<div class=\"container-boxed\">\n<p>Wir melden uns so bald wie m\u00f6glich mit einem Terminvorschlag bei Ihnen.<\/p>\n<hr>\n<div class=\"input-box\">\n<label> Vorname und Familienname<small>\/ Pflichtangabe<\/small><br \/>\n    <span class=\"wpcf7-form-control-wrap your-name\"><input type=\"text\" name=\"your-name\" value=\"\" size=\"40\" class=\"wpcf7-form-control wpcf7-text wpcf7-validates-as-required\" aria-required=\"true\" aria-invalid=\"false\" \/><\/span> <\/label>\n<\/div>\n<div class=\"input-box\">\n<label> Ihre E-Mail <small>\/ Pflichtangabe <\/small><br \/>\n    <span class=\"wpcf7-form-control-wrap your-email\"><input type=\"email\" name=\"your-email\" value=\"\" size=\"40\" class=\"wpcf7-form-control wpcf7-text wpcf7-email wpcf7-validates-as-required wpcf7-validates-as-email\" aria-required=\"true\" aria-invalid=\"false\" \/><\/span> <\/label>\n<\/div>\n<div class=\"input-box\">\n<label> Ihre Telefonnummer<br \/>\n    <span class=\"wpcf7-form-control-wrap tel-181\"><input type=\"tel\" name=\"tel-181\" value=\"\" size=\"40\" class=\"wpcf7-form-control wpcf7-text wpcf7-tel wpcf7-validates-as-tel\" aria-invalid=\"false\" \/><\/span> <\/label>\n<\/div>\n<div class=\"input-box\">\n<label> Zvolte slu\u017ebu <small>\/ Povinn\u00e9<\/small><br \/>\n     <\/label>\n<\/div>\n<style>\n.sluzba > select {\nheight: 45px;\nwidth: 93%;\ncolor: black;\n}\n@media screen and (max-width: 730px) {\n.sluzba > select {\nwidth: 100%;\n}\n}\n<\/style>\n<p><input type=\"submit\" value=\"Senden\" class=\"wpcf7-form-control wpcf7-submit\" \/>\n<\/p><\/div>\n<div class=\"wpcf7-response-output\" aria-hidden=\"true\"><\/div><\/form><\/div><\/div><\/div><\/div><\/div><\/div><\/div><\/div>","protected":false},"excerpt":{"rendered":"<p>Z\u00e4hne Bleichen (Bleaching) \/ 700 EUREinen Termin vereinbaren Zurzeit gibt es eine ganze Reihe von Zahnbleichmitteln und es ist nicht gerade einfach, sich auf diesem Gebiet auszukennen, weil das Angebot sehr breit ist. Aus diesem Grund m\u00f6chten wir Sie gerne in diesem Artikel \u00fcber das Zahnbleichen in der Zahnarztpraxis ausf\u00fchrlich informieren, bevor Sie diese Methode selbst probieren. Das\u00a0\u201eZoom-4-Zahnaufhellungssystem\u201c\u00a0ist heutzutage die beste Art der Zahnaufhellung. In einer Sitzung kann mit diesem System eine Aufhellung von 4-8 Farbt\u00f6nen erzielt werden. Der Hauptbestandteil des Zahnaufhellungssystems ist Wasserstoffperoxid. Das ZOOM Aufhellungsgel enth\u00e4lt aber nicht nur Wasserstoffperoxid, sondern auch amorphes Kalziumphosphat. Diese Substanz dringt tief in den Zahnschmelz ein und damit unterst\u00fctzt sie effektiv die Regeneration nach dem Bleichen. Zu den weiteren Vorteilen des ZOOM-4-Systems geh\u00f6rt eine Lampe mit blauem LED-Licht, das eine aktivierende Wirkung hat. Hierdurch erreicht man eine maximale Sicherheit des\u00a0Eingriffs und einen h\u00f6heren Komfort f\u00fcr die Patienten. Vor dem Eingriff muss sich jeder Patient einer professionellen Zahnreinigung in der Zahnarztpraxis unterziehen. Arten des Zoom-Zahnbleichens: Das Zahnbleichen in der Zahnarztpraxis (In-Office-Behandlung)\u00a0wird direkt im Sprechzimmer unter der Aufsicht des Zahnarztes vorgenommen. Bei diesem Eingriff k\u00f6nnen die Z\u00e4hne um 4-5 Farbt\u00f6nen aufgehellt werden. Dies kann h\u00f6chstens 1x pro Jahr durchgef\u00fchrt werden. Das\u00a0Home-Bleaching\u00a0wird vom Patienten selbst durchgef\u00fchrt. Diese Art der Zahnaufhellung kann man 3-4x pro Jahr durchf\u00fchren. Nach Abdrucknahme wird eine individuelle Schiene hergestellt, die als Tr\u00e4ger f\u00fcr das Bleichgel dient. Der Patient bef\u00fcllt die Schiene mit dem Bleichgel und tr\u00e4gt diese \u00fcber mehrere Tage\/N\u00e4chte. Das Home-Bleaching erh\u00e4lt die Aufhellungswirkung und erm\u00f6glicht das Aufhellen um 1-2 Farbt\u00f6ne. Wie lange bleiben die Z\u00e4hne nach dem Eingriff hell? Der Effekt beim Bleaching in der Praxis des Zahnarztes bleibt ca. 1,5 Jahre sichtbar. Dies ist aber individuell und h\u00e4ngt vom Lebensstill des Patienten ab. Wenn Sie zum Beispiel rauchen, h\u00e4lt die Helligkeit nicht so lange an. Die Z\u00e4hne k\u00f6nnen auch durch weitere Naturfarbstoffe verf\u00e4rbt werden, wie zum Beispiel Kaffee, S\u00e4fte oder Lebensmittel. Bevor die Spezialisten unserer Klinik mit dem Bleaching beginnen, beraten sie Sie, wie man den Effekt dieses Eingriffs verl\u00e4ngern kann. Kann das Zoom-Bleaching auch Nebenwirkungen haben? Zu den h\u00e4ufigsten Nebenwirkungen geh\u00f6rt eine erh\u00f6hte Empfindlichkeit der Z\u00e4hne. Deshalb muss sich der Arzt vor der Durchf\u00fchrung des Eingriffs vergewissern, dass Sie sich dieser Prozedur unterziehen k\u00f6nnen. Er muss auch die richtige Konzentration des Bleichgels bestimmen. In der ersten Woche nach dem Bleaching muss Folgendes vermieden werden: Farbstoffhaltige Lebensmittel und Getr\u00e4nke, die zu Verf\u00e4rbungen f\u00fchren k\u00f6nnen; Beerenfr\u00fcchte; Kaffee schwarzer Tee Rotwein s\u00fc\u00dfe Getr\u00e4nke mit Kohlens\u00e4ure, die Farbstoffe enthalten ausgew\u00e4hlte Medikamente Rauchen. Wie schnell kann man die gew\u00fcnschte Wirkung erzielen? Mit Bleaching beim Zahnarzt \u2013 Zoom-4-Zahnaufhellungssystem \u2013\u00a0\u00a0kann innerhalb einer Stunde eine Aufhellung von 6 Farbt\u00f6nen erzielt werden! Mit Home-Bleaching \u2013 Phillips Zoom-System \u2013 wird ein Ergebnis nicht so schnell erzielt, aber schon nach 3 Tagen kann man erkennen, dass die Z\u00e4hne heller geworden sind. Ein perfektes Ergebnis kann in 2 Wochen erzielt werden. Ist ein Zoom-Bleaching schmerzhaft? Jeder Mensch reagiert auf das Zahnbleichen anders. In einzelnen F\u00e4llen kann eine erh\u00f6hte Zahnempfindlichkeit als Nebenwirkung auftreten. Unser Team empfiehlt Ihnen selbstverst\u00e4ndlich die geeignetste Paste zur Minderung der Empfindlichkeit der Z\u00e4hne sowohl vor als auch nach der Behandlung.<\/p>\n","protected":false},"author":3,"featured_media":0,"parent":2750,"menu_order":0,"comment_status":"closed","ping_status":"closed","template":"page-sidebar.php","meta":[],"yoast_head":"<!-- This site is optimized with the Yoast SEO plugin v16.1.1 - https:\/\/yoast.com\/wordpress\/plugins\/seo\/ -->\n<title>Zahnbleichen | Stomatologie Dsmile v Praze | Modern\u00ed zubn\u00ed ordinace<\/title>\n<link rel=\"canonical\" href=\"https:\/\/dsmile.cz\/de\/service\/zaehne-bleichen-bleaching\/\" \/>\n<meta property=\"og:locale\" content=\"de_DE\" \/>\n<meta property=\"og:type\" content=\"article\" \/>\n<meta property=\"og:title\" content=\"Zahnbleichen | Stomatologie Dsmile v Praze | Modern\u00ed zubn\u00ed ordinace\" \/>\n<meta property=\"og:description\" content=\"Z\u00e4hne Bleichen (Bleaching) \/ 700 EUREinen Termin vereinbaren Zurzeit gibt es eine ganze Reihe von Zahnbleichmitteln und es ist nicht gerade einfach, sich auf diesem Gebiet auszukennen, weil das Angebot sehr breit ist. Aus diesem Grund m\u00f6chten wir Sie gerne in diesem Artikel \u00fcber das Zahnbleichen in der Zahnarztpraxis ausf\u00fchrlich informieren, bevor Sie diese Methode selbst probieren. Das\u00a0\u201eZoom-4-Zahnaufhellungssystem\u201c\u00a0ist heutzutage die beste Art der Zahnaufhellung. In einer Sitzung kann mit diesem System eine Aufhellung von 4-8 Farbt\u00f6nen erzielt werden. Der Hauptbestandteil des Zahnaufhellungssystems ist Wasserstoffperoxid. Das ZOOM Aufhellungsgel enth\u00e4lt aber nicht nur Wasserstoffperoxid, sondern auch amorphes Kalziumphosphat. Diese Substanz dringt tief in den Zahnschmelz ein und damit unterst\u00fctzt sie effektiv die Regeneration nach dem Bleichen. Zu den weiteren Vorteilen des ZOOM-4-Systems geh\u00f6rt eine Lampe mit blauem LED-Licht, das eine aktivierende Wirkung hat. Hierdurch erreicht man eine maximale Sicherheit des\u00a0Eingriffs und einen h\u00f6heren Komfort f\u00fcr die Patienten. Vor dem Eingriff muss sich jeder Patient einer professionellen Zahnreinigung in der Zahnarztpraxis unterziehen. Arten des Zoom-Zahnbleichens: Das Zahnbleichen in der Zahnarztpraxis (In-Office-Behandlung)\u00a0wird direkt im Sprechzimmer unter der Aufsicht des Zahnarztes vorgenommen. Bei diesem Eingriff k\u00f6nnen die Z\u00e4hne um 4-5 Farbt\u00f6nen aufgehellt werden. Dies kann h\u00f6chstens 1x pro Jahr durchgef\u00fchrt werden. Das\u00a0Home-Bleaching\u00a0wird vom Patienten selbst durchgef\u00fchrt. Diese Art der Zahnaufhellung kann man 3-4x pro Jahr durchf\u00fchren. Nach Abdrucknahme wird eine individuelle Schiene hergestellt, die als Tr\u00e4ger f\u00fcr das Bleichgel dient. Der Patient bef\u00fcllt die Schiene mit dem Bleichgel und tr\u00e4gt diese \u00fcber mehrere Tage\/N\u00e4chte. Das Home-Bleaching erh\u00e4lt die Aufhellungswirkung und erm\u00f6glicht das Aufhellen um 1-2 Farbt\u00f6ne. Wie lange bleiben die Z\u00e4hne nach dem Eingriff hell? Der Effekt beim Bleaching in der Praxis des Zahnarztes bleibt ca. 1,5 Jahre sichtbar. Dies ist aber individuell und h\u00e4ngt vom Lebensstill des Patienten ab. Wenn Sie zum Beispiel rauchen, h\u00e4lt die Helligkeit nicht so lange an. Die Z\u00e4hne k\u00f6nnen auch durch weitere Naturfarbstoffe verf\u00e4rbt werden, wie zum Beispiel Kaffee, S\u00e4fte oder Lebensmittel. Bevor die Spezialisten unserer Klinik mit dem Bleaching beginnen, beraten sie Sie, wie man den Effekt dieses Eingriffs verl\u00e4ngern kann. Kann das Zoom-Bleaching auch Nebenwirkungen haben? Zu den h\u00e4ufigsten Nebenwirkungen geh\u00f6rt eine erh\u00f6hte Empfindlichkeit der Z\u00e4hne. Deshalb muss sich der Arzt vor der Durchf\u00fchrung des Eingriffs vergewissern, dass Sie sich dieser Prozedur unterziehen k\u00f6nnen. Er muss auch die richtige Konzentration des Bleichgels bestimmen. In der ersten Woche nach dem Bleaching muss Folgendes vermieden werden: Farbstoffhaltige Lebensmittel und Getr\u00e4nke, die zu Verf\u00e4rbungen f\u00fchren k\u00f6nnen; Beerenfr\u00fcchte; Kaffee schwarzer Tee Rotwein s\u00fc\u00dfe Getr\u00e4nke mit Kohlens\u00e4ure, die Farbstoffe enthalten ausgew\u00e4hlte Medikamente Rauchen. Wie schnell kann man die gew\u00fcnschte Wirkung erzielen? Mit Bleaching beim Zahnarzt \u2013 Zoom-4-Zahnaufhellungssystem \u2013\u00a0\u00a0kann innerhalb einer Stunde eine Aufhellung von 6 Farbt\u00f6nen erzielt werden! Mit Home-Bleaching \u2013 Phillips Zoom-System \u2013 wird ein Ergebnis nicht so schnell erzielt, aber schon nach 3 Tagen kann man erkennen, dass die Z\u00e4hne heller geworden sind. Ein perfektes Ergebnis kann in 2 Wochen erzielt werden. Ist ein Zoom-Bleaching schmerzhaft? Jeder Mensch reagiert auf das Zahnbleichen anders. In einzelnen F\u00e4llen kann eine erh\u00f6hte Zahnempfindlichkeit als Nebenwirkung auftreten. Unser Team empfiehlt Ihnen selbstverst\u00e4ndlich die geeignetste Paste zur Minderung der Empfindlichkeit der Z\u00e4hne sowohl vor als auch nach der Behandlung.\" \/>\n<meta property=\"og:url\" content=\"https:\/\/dsmile.cz\/de\/service\/zaehne-bleichen-bleaching\/\" \/>\n<meta property=\"og:site_name\" content=\"Stomatologie Dsmile v Praze | Modern\u00ed zubn\u00ed ordinace\" \/>\n<meta property=\"article:modified_time\" content=\"2024-07-16T00:00:26+00:00\" \/>\n<meta name=\"twitter:card\" content=\"summary\" \/>\n<meta name=\"twitter:label1\" content=\"Est. reading time\">\n\t<meta name=\"twitter:data1\" content=\"3 minutes\">\n<script type=\"application\/ld+json\" class=\"yoast-schema-graph\">{\"@context\":\"https:\/\/schema.org\",\"@graph\":[{\"@type\":\"WebSite\",\"@id\":\"https:\/\/dsmile.cz\/ru\/#website\",\"url\":\"https:\/\/dsmile.cz\/ru\/\",\"name\":\"Stomatologie Dsmile v Praze | Modern\\u00ed zubn\\u00ed ordinace\",\"description\":\"Modern\\u00ed zubn\\u00ed ordinace v Praze\",\"potentialAction\":[{\"@type\":\"SearchAction\",\"target\":\"https:\/\/dsmile.cz\/ru\/?s={search_term_string}\",\"query-input\":\"required name=search_term_string\"}],\"inLanguage\":\"de-DE\"},{\"@type\":\"WebPage\",\"@id\":\"https:\/\/dsmile.cz\/de\/service\/zaehne-bleichen-bleaching\/#webpage\",\"url\":\"https:\/\/dsmile.cz\/de\/service\/zaehne-bleichen-bleaching\/\",\"name\":\"Zahnbleichen | Stomatologie Dsmile v Praze | Modern\\u00ed zubn\\u00ed ordinace\",\"isPartOf\":{\"@id\":\"https:\/\/dsmile.cz\/ru\/#website\"},\"datePublished\":\"2018-08-18T21:20:18+00:00\",\"dateModified\":\"2024-07-16T00:00:26+00:00\",\"breadcrumb\":{\"@id\":\"https:\/\/dsmile.cz\/de\/service\/zaehne-bleichen-bleaching\/#breadcrumb\"},\"inLanguage\":\"de-DE\",\"potentialAction\":[{\"@type\":\"ReadAction\",\"target\":[\"https:\/\/dsmile.cz\/de\/service\/zaehne-bleichen-bleaching\/\"]}]},{\"@type\":\"BreadcrumbList\",\"@id\":\"https:\/\/dsmile.cz\/de\/service\/zaehne-bleichen-bleaching\/#breadcrumb\",\"itemListElement\":[{\"@type\":\"ListItem\",\"position\":1,\"item\":{\"@type\":\"WebPage\",\"@id\":\"https:\/\/dsmile.cz\/de\/kategorie\/dienstleistungen\/\",\"url\":\"https:\/\/dsmile.cz\/de\/kategorie\/dienstleistungen\/\",\"name\":\"Dienstleistungen\"}},{\"@type\":\"ListItem\",\"position\":2,\"item\":{\"@type\":\"WebPage\",\"@id\":\"https:\/\/dsmile.cz\/de\/dienstleistungen\/aesthetische-stomatologie\/\",\"url\":\"https:\/\/dsmile.cz\/de\/dienstleistungen\/aesthetische-stomatologie\/\",\"name\":\"\\u00c4sthetische stomatologie\"}},{\"@type\":\"ListItem\",\"position\":3,\"item\":{\"@type\":\"WebPage\",\"@id\":\"https:\/\/dsmile.cz\/de\/service\/zaehne-bleichen-bleaching\/\",\"url\":\"https:\/\/dsmile.cz\/de\/service\/zaehne-bleichen-bleaching\/\",\"name\":\"Zahnbleichen\"}}]}]}<\/script>\n<!-- \/ Yoast SEO plugin. -->","_links":{"self":[{"href":"https:\/\/dsmile.cz\/de\/wp-json\/wp\/v2\/pages\/2762"}],"collection":[{"href":"https:\/\/dsmile.cz\/de\/wp-json\/wp\/v2\/pages"}],"about":[{"href":"https:\/\/dsmile.cz\/de\/wp-json\/wp\/v2\/types\/page"}],"author":[{"embeddable":true,"href":"https:\/\/dsmile.cz\/de\/wp-json\/wp\/v2\/users\/3"}],"replies":[{"embeddable":true,"href":"https:\/\/dsmile.cz\/de\/wp-json\/wp\/v2\/comments?post=2762"}],"version-history":[{"count":5,"href":"https:\/\/dsmile.cz\/de\/wp-json\/wp\/v2\/pages\/2762\/revisions"}],"predecessor-version":[{"id":10289,"href":"https:\/\/dsmile.cz\/de\/wp-json\/wp\/v2\/pages\/2762\/revisions\/10289"}],"up":[{"embeddable":true,"href":"https:\/\/dsmile.cz\/de\/wp-json\/wp\/v2\/pages\/2750"}],"wp:attachment":[{"href":"https:\/\/dsmile.cz\/de\/wp-json\/wp\/v2\/media?parent=2762"}],"curies":[{"name":"wp","href":"https:\/\/api.w.org\/{rel}","templated":true}]}}