{"id":2765,"date":"2018-08-18T23:18:22","date_gmt":"2018-08-18T21:18:22","guid":{"rendered":"http:\/\/dsmile.cz\/de\/dienstleistungen\/esteticka-stomatologie\/zubni-mustek\/"},"modified":"2024-07-16T01:57:18","modified_gmt":"2024-07-15T23:57:18","slug":"zahnbruecken","status":"publish","type":"page","link":"https:\/\/dsmile.cz\/de\/service\/zahnbruecken\/","title":{"rendered":"Zahnbr\u00fccken"},"content":{"rendered":"<div id=\"pl-2765\"  class=\"panel-layout\" ><div id=\"pg-2765-0\"  class=\"panel-grid panel-has-style\" ><div class=\"box-price panel-row-style panel-row-style-for-2765-0\" ><div id=\"pgc-2765-0-0\"  class=\"panel-grid-cell\" ><div id=\"panel-2765-0-0-0\" class=\"so-panel widget widget_sow-editor panel-first-child panel-last-child\" data-index=\"0\" ><div class=\"so-widget-sow-editor so-widget-sow-editor-base\">\n<div class=\"siteorigin-widget-tinymce textwidget\">\n\t<div>\n<p>Zahnbr\u00fccken \/ ab 2 200 EUR<\/p>\n<p><a title=\"Einen Termin vereinbaren\" href=\"#contact_form_service\">Einen Termin vereinbaren<\/a><\/p>\n<\/div>\n<\/div>\n<\/div><\/div><\/div><\/div><\/div><div id=\"pg-2765-1\"  class=\"panel-grid panel-no-style\" ><div id=\"pgc-2765-1-0\"  class=\"panel-grid-cell\" ><div id=\"panel-2765-1-0-0\" class=\"so-panel widget widget_sow-editor panel-first-child panel-last-child\" data-index=\"1\" ><div class=\"so-widget-sow-editor so-widget-sow-editor-base\">\n<div class=\"siteorigin-widget-tinymce textwidget\">\n\t<div class=\"post-thumbnail\">\n<div class=\"post-thumbnail\">\n<p class=\"p1\"><span class=\"s1\">Br\u00fcckenzahners\u00e4tze stellen eine klassische Form der Rekonstruktion fehlender Z\u00e4hne dar. Bis vor kurzem wurden die Zahnbr\u00fccken nur aus Metall und Metall-Keramik angefertigt. Seitdem moderne und \u00e4sthetische Materialien im Bereich der Stomatologie entwickelt wurden, wie zum Beispiel Zirkon und Keramik, wurden Metalllegierungen immer weniger verwendet. Zurzeit werden Zahnbr\u00fccken nicht nur auf die Z\u00e4hne, sondern auch auf die Implantate aufgesetzt.<\/span><\/p>\n<p><iframe loading=\"lazy\" id=\"instagram-embed-0\" class=\"instagram-media instagram-media-rendered\" src=\"https:\/\/www.instagram.com\/p\/Bcp_7bjlO3W\/embed\/captioned\/?cr=1&amp;v=8&amp;wp=658&amp;rd=https%3A%2F%2Fwww.dsmile.cz&amp;rp=%2Fde%2Fservice%2Fzahnbruecken%2F#%7B%22ci%22%3A0%2C%22os%22%3A516.4999999979045%7D\" width=\"300\" height=\"568\" frameborder=\"0\" scrolling=\"no\" data-instgrm-payload-id=\"instagram-media-payload-0\" data-mce-fragment=\"1\"><\/iframe><\/p>\n<p class=\"p1\"><span class=\"s1\">In diesem Artikel informieren wir Sie \u00fcber die Vorteile moderner Materialien. Wir erkl\u00e4ren Ihnen, warum Metallkonstruktionen der Vergangenheit angeh\u00f6ren und in welchen F\u00e4llen Br\u00fcckenzahners\u00e4tze verwendet werden.<\/span><\/p>\n<p class=\"p1\"><span class=\"s1\"><b>Vorteile der Anfertigung von Br\u00fcckenzahners\u00e4tzen<\/b>\u00a0<b>(Zahnbr\u00fccken) aus Zirkon und Keramik in der Klinik\u00a0DSmile<\/b><\/span><\/p>\n<p class=\"p1\"><span class=\"s1\"><b>Eine Zahnbr\u00fccke f\u00fcr den Bereich der Seitenz\u00e4hne<\/b>\u00a0wird aus\u00a0<b>Zirkonoxid\u00a0<\/b>hergestellt<b>\u00a0\u2013\u00a0<\/b>einem Kristall, der au\u00dferordentlich g\u00fcnstige Eigenschaften aufweist.<\/span><\/p>\n<ul class=\"ul1\">\n<li class=\"li1\"><span class=\"s1\">wei\u00dfe Farbe<\/span><\/li>\n<li class=\"li1\"><span class=\"s1\">hohe Festigkeit<\/span><\/li>\n<li class=\"li1\"><span class=\"s1\">der Digitalprozess der Anfertigung sichert hohe Genauigkeit der Anpassung der Konstruktion;<\/span><\/li>\n<li class=\"li1\"><span class=\"s1\">keine allergischen Reaktionen;<\/span><\/li>\n<li class=\"li1\"><span class=\"s1\">Haltbarkeit<span class=\"Apple-converted-space\">\u00a0\u00a0<\/span>\u2013 mehr als 10 Jahre.<\/span><\/li>\n<\/ul>\n<p><iframe loading=\"lazy\" id=\"instagram-embed-1\" class=\"instagram-media instagram-media-rendered\" src=\"https:\/\/www.instagram.com\/p\/BcqEvtZldNc\/embed\/captioned\/?cr=1&amp;v=8&amp;wp=658&amp;rd=https%3A%2F%2Fwww.dsmile.cz&amp;rp=%2Fde%2Fservice%2Fzahnbruecken%2F#%7B%22ci%22%3A1%2C%22os%22%3A518.1999999986147%7D\" width=\"300\" height=\"562\" frameborder=\"0\" scrolling=\"no\" data-instgrm-payload-id=\"instagram-media-payload-1\" data-mce-fragment=\"1\"><\/iframe><\/p>\n<p class=\"p1\"><span class=\"s1\"><b>Eine Zahnbr\u00fccke f\u00fcr den Bereich der Frontz\u00e4hne:<\/b><\/span><\/p>\n<ul class=\"ul1\">\n<li class=\"li1\"><span class=\"s1\">genaue Anpassung an das Zahngewebe;<\/span><\/li>\n<li class=\"li1\"><span class=\"s1\">keine allergischen Reaktionen, Biokompatibilit\u00e4t<\/span><\/li>\n<li class=\"li1\"><span class=\"s1\">lange Haltbarkeit.<\/span><\/li>\n<\/ul>\n<p class=\"p1\"><span class=\"s1\">Alle Phasen \u2014 von der Pr\u00e4paration (Abschleifen) der Z\u00e4hne bis zur Fixation der Zahnbr\u00fccke auf den Z\u00e4hnen \u2014 werden mithilfe eines Mikroskops durchgef\u00fchrt. Dies erh\u00f6ht mehrfach die Qualit\u00e4t der durchgef\u00fchrten Eingriffe.<\/span><\/p>\n<p class=\"p1\"><span class=\"s1\"><b>Die Nutzung von Computertechnologien<\/b><\/span><b>\u00a0<\/b><span class=\"s1\">garantiert eine hohe Genauigkeit der Konstruktion, gew\u00e4hrleistet eine gro\u00dfe Schnelligkeit der Anfertigung und die Patienten<\/span>\u00a0<span class=\"s1\">werden dem fr\u00fcher unvermeidlichen und unangenehmen Prozess der Abdrucknahme nicht mehr ausgesetzt.<\/span><\/p>\n<p class=\"p1\"><span class=\"s1\"><b>Nachteile der Verwendung metallokeramischer Br\u00fcckenzahners\u00e4tze<\/b>\u00a0<b>(Zahnbr\u00fccken) und Kronen:<\/b><\/span><\/p>\n<ul class=\"ul1\">\n<li class=\"li1\"><span class=\"s1\">\u00c4sthetischer Aspekt \u2013 Verf\u00e4rbung des Zahnfleisches \u00fcber der Krone (Blaustich);<\/span><\/li>\n<li class=\"li1\"><span class=\"s1\">in Hinblick auf das vorhandene Metall vermissen die angefertigten Z\u00e4hne ihre nat\u00fcrliche Lichtdurchl\u00e4ssigkeit;<\/span><\/li>\n<li class=\"li1\"><span class=\"s1\">ungenaue Anpassung infolge der Technologie der Herstellung;<\/span><\/li>\n<li class=\"li1\"><span class=\"s1\">wenn verschiedene Metalle in der Mundh\u00f6hle vorhanden sind, flie\u00dfen galvanische Mundstr\u00f6me (Metallgeschmack, ein brennender Schmerz auf der Zunge).<\/span><\/li>\n<\/ul>\n<p class=\"p1\"><span class=\"s1\"><b>Indikationen zur Herstellung von Zahnkronen und -br\u00fccken:<\/b><\/span><\/p>\n<ul class=\"ul1\">\n<li class=\"li1\"><span class=\"s1\">Austausch alter Zahnbr\u00fccken;<\/span><\/li>\n<li class=\"li1\"><span class=\"s1\">eine Implantation kann nicht durchgef\u00fchrt werden;<\/span><\/li>\n<li class=\"li1\"><span class=\"s1\">der Patient f\u00fcrchtet den chirurgischen Eingriff bzw. w\u00fcnscht diesen nicht;<\/span><\/li>\n<li class=\"li1\"><span class=\"s1\">Anfertigung einer Zahnbr\u00fccke auf Zahnimplantaten;<\/span><\/li>\n<\/ul>\n<p class=\"p1\"><span class=\"s1\">In der Stomatologie werden Zahnbr\u00fccken nicht nur auf den Z\u00e4hnen, sondern auch auf den Implantaten aufgesetzt. Im Unterschied zu den Zahnbr\u00fccken, die an eigenen Z\u00e4hnen befestigt sind, k\u00f6nnen die Zahnbr\u00fccken auf Implantaten sowohl aufgeklebt als auch verschraubt sein.<\/span><\/p>\n<p class=\"p1\"><span class=\"s1\"><b>Wann werden auf den Implantaten Zahnbr\u00fccken aufgesetzt:<\/b><\/span><\/p>\n<p class=\"p1\"><span class=\"s1\"><b>Wenn 3-4 Z\u00e4hne fehlen:\u00a0<\/b>in diesem Fall werden 2 Randimplantate eingebracht und die Zahnbr\u00fccke wird auf 4 Einheiten aufgesetzt.<\/span><\/p>\n<p class=\"p1\"><span class=\"s1\"><b>Bei der Rekonstruktion\u00a0<\/b>einer<b>\u00a0ganzen Zahnreihe:<\/b>\u00a0All-on-4, All-on-6. Es werden 4-6 Implantate eingebracht, die anschlie\u00dfend 12 Z\u00e4hne st\u00fctzen.<\/span><\/p>\n<\/div>\n<\/div>\n<\/div>\n<\/div><\/div><\/div><\/div><div id=\"pg-2765-2\"  class=\"panel-grid panel-has-style\" ><div id=\"contact_form_service\" class=\"panel-row-style panel-row-style-for-2765-2\" ><div id=\"pgc-2765-2-0\"  class=\"panel-grid-cell\" ><div id=\"panel-2765-2-0-0\" class=\"widget_text so-panel widget widget_custom_html panel-first-child panel-last-child\" data-index=\"2\" ><div class=\"widget_text contact_form_service panel-widget-style panel-widget-style-for-2765-2-0-0\" ><div class=\"textwidget custom-html-widget\"><br><h2 class=\"content-title\">Bestellen Sie sich bei uns<\/h2><br><br>\n\n<div role=\"form\" class=\"wpcf7\" id=\"wpcf7-f819-o1\" lang=\"de-DE\" dir=\"ltr\">\n<div class=\"screen-reader-response\"><p role=\"status\" aria-live=\"polite\" aria-atomic=\"true\"><\/p> <ul><\/ul><\/div>\n<form action=\"\/de\/wp-json\/wp\/v2\/pages\/2765#wpcf7-f819-o1\" method=\"post\" class=\"wpcf7-form init\" novalidate=\"novalidate\" data-status=\"init\">\n<div style=\"display: none;\">\n<input type=\"hidden\" name=\"_wpcf7\" value=\"819\" \/>\n<input type=\"hidden\" name=\"_wpcf7_version\" value=\"5.4.1\" \/>\n<input type=\"hidden\" name=\"_wpcf7_locale\" value=\"de_DE\" \/>\n<input type=\"hidden\" name=\"_wpcf7_unit_tag\" value=\"wpcf7-f819-o1\" \/>\n<input type=\"hidden\" name=\"_wpcf7_container_post\" value=\"0\" \/>\n<input type=\"hidden\" name=\"_wpcf7_posted_data_hash\" value=\"\" \/>\n<input type=\"hidden\" name=\"_wpcf7_recaptcha_response\" value=\"\" \/>\n<\/div>\n<div class=\"container-boxed\">\n<p>Wir melden uns so bald wie m\u00f6glich mit einem Terminvorschlag bei Ihnen.<\/p>\n<hr>\n<div class=\"input-box\">\n<label> Vorname und Familienname<small>\/ Pflichtangabe<\/small><br \/>\n    <span class=\"wpcf7-form-control-wrap your-name\"><input type=\"text\" name=\"your-name\" value=\"\" size=\"40\" class=\"wpcf7-form-control wpcf7-text wpcf7-validates-as-required\" aria-required=\"true\" aria-invalid=\"false\" \/><\/span> <\/label>\n<\/div>\n<div class=\"input-box\">\n<label> Ihre E-Mail <small>\/ Pflichtangabe <\/small><br \/>\n    <span class=\"wpcf7-form-control-wrap your-email\"><input type=\"email\" name=\"your-email\" value=\"\" size=\"40\" class=\"wpcf7-form-control wpcf7-text wpcf7-email wpcf7-validates-as-required wpcf7-validates-as-email\" aria-required=\"true\" aria-invalid=\"false\" \/><\/span> <\/label>\n<\/div>\n<div class=\"input-box\">\n<label> Ihre Telefonnummer<br \/>\n    <span class=\"wpcf7-form-control-wrap tel-181\"><input type=\"tel\" name=\"tel-181\" value=\"\" size=\"40\" class=\"wpcf7-form-control wpcf7-text wpcf7-tel wpcf7-validates-as-tel\" aria-invalid=\"false\" \/><\/span> <\/label>\n<\/div>\n<div class=\"input-box\">\n<label> Zvolte slu\u017ebu <small>\/ Povinn\u00e9<\/small><br \/>\n     <\/label>\n<\/div>\n<style>\n.sluzba > select {\nheight: 45px;\nwidth: 93%;\ncolor: black;\n}\n@media screen and (max-width: 730px) {\n.sluzba > select {\nwidth: 100%;\n}\n}\n<\/style>\n<p><input type=\"submit\" value=\"Senden\" class=\"wpcf7-form-control wpcf7-submit\" \/>\n<\/p><\/div>\n<div class=\"wpcf7-response-output\" aria-hidden=\"true\"><\/div><\/form><\/div><\/div><\/div><\/div><\/div><\/div><\/div><\/div>","protected":false},"excerpt":{"rendered":"<p>Zahnbr\u00fccken \/ ab 2 200 EUREinen Termin vereinbaren Br\u00fcckenzahners\u00e4tze stellen eine klassische Form der Rekonstruktion fehlender Z\u00e4hne dar. Bis vor kurzem wurden die Zahnbr\u00fccken nur aus Metall und Metall-Keramik angefertigt. Seitdem moderne und \u00e4sthetische Materialien im Bereich der Stomatologie entwickelt wurden, wie zum Beispiel Zirkon und Keramik, wurden Metalllegierungen immer weniger verwendet. Zurzeit werden Zahnbr\u00fccken nicht nur auf die Z\u00e4hne, sondern auch auf die Implantate aufgesetzt. In diesem Artikel informieren wir Sie \u00fcber die Vorteile moderner Materialien. Wir erkl\u00e4ren Ihnen, warum Metallkonstruktionen der Vergangenheit angeh\u00f6ren und in welchen F\u00e4llen Br\u00fcckenzahners\u00e4tze verwendet werden. Vorteile der Anfertigung von Br\u00fcckenzahners\u00e4tzen\u00a0(Zahnbr\u00fccken) aus Zirkon und Keramik in der Klinik\u00a0DSmile Eine Zahnbr\u00fccke f\u00fcr den Bereich der Seitenz\u00e4hne\u00a0wird aus\u00a0Zirkonoxid\u00a0hergestellt\u00a0\u2013\u00a0einem Kristall, der au\u00dferordentlich g\u00fcnstige Eigenschaften aufweist. wei\u00dfe Farbe hohe Festigkeit der Digitalprozess der Anfertigung sichert hohe Genauigkeit der Anpassung der Konstruktion; keine allergischen Reaktionen; Haltbarkeit\u00a0\u00a0\u2013 mehr als 10 Jahre. Eine Zahnbr\u00fccke f\u00fcr den Bereich der Frontz\u00e4hne: genaue Anpassung an das Zahngewebe; keine allergischen Reaktionen, Biokompatibilit\u00e4t lange Haltbarkeit. Alle Phasen \u2014 von der Pr\u00e4paration (Abschleifen) der Z\u00e4hne bis zur Fixation der Zahnbr\u00fccke auf den Z\u00e4hnen \u2014 werden mithilfe eines Mikroskops durchgef\u00fchrt. Dies erh\u00f6ht mehrfach die Qualit\u00e4t der durchgef\u00fchrten Eingriffe. Die Nutzung von Computertechnologien\u00a0garantiert eine hohe Genauigkeit der Konstruktion, gew\u00e4hrleistet eine gro\u00dfe Schnelligkeit der Anfertigung und die Patienten\u00a0werden dem fr\u00fcher unvermeidlichen und unangenehmen Prozess der Abdrucknahme nicht mehr ausgesetzt. Nachteile der Verwendung metallokeramischer Br\u00fcckenzahners\u00e4tze\u00a0(Zahnbr\u00fccken) und Kronen: \u00c4sthetischer Aspekt \u2013 Verf\u00e4rbung des Zahnfleisches \u00fcber der Krone (Blaustich); in Hinblick auf das vorhandene Metall vermissen die angefertigten Z\u00e4hne ihre nat\u00fcrliche Lichtdurchl\u00e4ssigkeit; ungenaue Anpassung infolge der Technologie der Herstellung; wenn verschiedene Metalle in der Mundh\u00f6hle vorhanden sind, flie\u00dfen galvanische Mundstr\u00f6me (Metallgeschmack, ein brennender Schmerz auf der Zunge). Indikationen zur Herstellung von Zahnkronen und -br\u00fccken: Austausch alter Zahnbr\u00fccken; eine Implantation kann nicht durchgef\u00fchrt werden; der Patient f\u00fcrchtet den chirurgischen Eingriff bzw. w\u00fcnscht diesen nicht; Anfertigung einer Zahnbr\u00fccke auf Zahnimplantaten; In der Stomatologie werden Zahnbr\u00fccken nicht nur auf den Z\u00e4hnen, sondern auch auf den Implantaten aufgesetzt. Im Unterschied zu den Zahnbr\u00fccken, die an eigenen Z\u00e4hnen befestigt sind, k\u00f6nnen die Zahnbr\u00fccken auf Implantaten sowohl aufgeklebt als auch verschraubt sein. Wann werden auf den Implantaten Zahnbr\u00fccken aufgesetzt: Wenn 3-4 Z\u00e4hne fehlen:\u00a0in diesem Fall werden 2 Randimplantate eingebracht und die Zahnbr\u00fccke wird auf 4 Einheiten aufgesetzt. Bei der Rekonstruktion\u00a0einer\u00a0ganzen Zahnreihe:\u00a0All-on-4, All-on-6. Es werden 4-6 Implantate eingebracht, die anschlie\u00dfend 12 Z\u00e4hne st\u00fctzen.<\/p>\n","protected":false},"author":3,"featured_media":0,"parent":2750,"menu_order":0,"comment_status":"closed","ping_status":"closed","template":"page-sidebar.php","meta":[],"yoast_head":"<!-- This site is optimized with the Yoast SEO plugin v16.1.1 - https:\/\/yoast.com\/wordpress\/plugins\/seo\/ -->\n<title>Zahnbr\u00fccken | Stomatologie Dsmile v Praze | Modern\u00ed zubn\u00ed ordinace<\/title>\n<link rel=\"canonical\" href=\"https:\/\/dsmile.cz\/de\/service\/zahnbruecken\/\" \/>\n<meta property=\"og:locale\" content=\"de_DE\" \/>\n<meta property=\"og:type\" content=\"article\" \/>\n<meta property=\"og:title\" content=\"Zahnbr\u00fccken | Stomatologie Dsmile v Praze | Modern\u00ed zubn\u00ed ordinace\" \/>\n<meta property=\"og:description\" content=\"Zahnbr\u00fccken \/ ab 2 200 EUREinen Termin vereinbaren Br\u00fcckenzahners\u00e4tze stellen eine klassische Form der Rekonstruktion fehlender Z\u00e4hne dar. Bis vor kurzem wurden die Zahnbr\u00fccken nur aus Metall und Metall-Keramik angefertigt. Seitdem moderne und \u00e4sthetische Materialien im Bereich der Stomatologie entwickelt wurden, wie zum Beispiel Zirkon und Keramik, wurden Metalllegierungen immer weniger verwendet. Zurzeit werden Zahnbr\u00fccken nicht nur auf die Z\u00e4hne, sondern auch auf die Implantate aufgesetzt. In diesem Artikel informieren wir Sie \u00fcber die Vorteile moderner Materialien. Wir erkl\u00e4ren Ihnen, warum Metallkonstruktionen der Vergangenheit angeh\u00f6ren und in welchen F\u00e4llen Br\u00fcckenzahners\u00e4tze verwendet werden. Vorteile der Anfertigung von Br\u00fcckenzahners\u00e4tzen\u00a0(Zahnbr\u00fccken) aus Zirkon und Keramik in der Klinik\u00a0DSmile Eine Zahnbr\u00fccke f\u00fcr den Bereich der Seitenz\u00e4hne\u00a0wird aus\u00a0Zirkonoxid\u00a0hergestellt\u00a0\u2013\u00a0einem Kristall, der au\u00dferordentlich g\u00fcnstige Eigenschaften aufweist. wei\u00dfe Farbe hohe Festigkeit der Digitalprozess der Anfertigung sichert hohe Genauigkeit der Anpassung der Konstruktion; keine allergischen Reaktionen; Haltbarkeit\u00a0\u00a0\u2013 mehr als 10 Jahre. Eine Zahnbr\u00fccke f\u00fcr den Bereich der Frontz\u00e4hne: genaue Anpassung an das Zahngewebe; keine allergischen Reaktionen, Biokompatibilit\u00e4t lange Haltbarkeit. Alle Phasen \u2014 von der Pr\u00e4paration (Abschleifen) der Z\u00e4hne bis zur Fixation der Zahnbr\u00fccke auf den Z\u00e4hnen \u2014 werden mithilfe eines Mikroskops durchgef\u00fchrt. Dies erh\u00f6ht mehrfach die Qualit\u00e4t der durchgef\u00fchrten Eingriffe. Die Nutzung von Computertechnologien\u00a0garantiert eine hohe Genauigkeit der Konstruktion, gew\u00e4hrleistet eine gro\u00dfe Schnelligkeit der Anfertigung und die Patienten\u00a0werden dem fr\u00fcher unvermeidlichen und unangenehmen Prozess der Abdrucknahme nicht mehr ausgesetzt. Nachteile der Verwendung metallokeramischer Br\u00fcckenzahners\u00e4tze\u00a0(Zahnbr\u00fccken) und Kronen: \u00c4sthetischer Aspekt \u2013 Verf\u00e4rbung des Zahnfleisches \u00fcber der Krone (Blaustich); in Hinblick auf das vorhandene Metall vermissen die angefertigten Z\u00e4hne ihre nat\u00fcrliche Lichtdurchl\u00e4ssigkeit; ungenaue Anpassung infolge der Technologie der Herstellung; wenn verschiedene Metalle in der Mundh\u00f6hle vorhanden sind, flie\u00dfen galvanische Mundstr\u00f6me (Metallgeschmack, ein brennender Schmerz auf der Zunge). Indikationen zur Herstellung von Zahnkronen und -br\u00fccken: Austausch alter Zahnbr\u00fccken; eine Implantation kann nicht durchgef\u00fchrt werden; der Patient f\u00fcrchtet den chirurgischen Eingriff bzw. w\u00fcnscht diesen nicht; Anfertigung einer Zahnbr\u00fccke auf Zahnimplantaten; In der Stomatologie werden Zahnbr\u00fccken nicht nur auf den Z\u00e4hnen, sondern auch auf den Implantaten aufgesetzt. Im Unterschied zu den Zahnbr\u00fccken, die an eigenen Z\u00e4hnen befestigt sind, k\u00f6nnen die Zahnbr\u00fccken auf Implantaten sowohl aufgeklebt als auch verschraubt sein. Wann werden auf den Implantaten Zahnbr\u00fccken aufgesetzt: Wenn 3-4 Z\u00e4hne fehlen:\u00a0in diesem Fall werden 2 Randimplantate eingebracht und die Zahnbr\u00fccke wird auf 4 Einheiten aufgesetzt. Bei der Rekonstruktion\u00a0einer\u00a0ganzen Zahnreihe:\u00a0All-on-4, All-on-6. Es werden 4-6 Implantate eingebracht, die anschlie\u00dfend 12 Z\u00e4hne st\u00fctzen.\" \/>\n<meta property=\"og:url\" content=\"https:\/\/dsmile.cz\/de\/service\/zahnbruecken\/\" \/>\n<meta property=\"og:site_name\" content=\"Stomatologie Dsmile v Praze | Modern\u00ed zubn\u00ed ordinace\" \/>\n<meta property=\"article:modified_time\" content=\"2024-07-15T23:57:18+00:00\" \/>\n<meta name=\"twitter:card\" content=\"summary\" \/>\n<meta name=\"twitter:label1\" content=\"Est. reading time\">\n\t<meta name=\"twitter:data1\" content=\"2 minutes\">\n<script type=\"application\/ld+json\" class=\"yoast-schema-graph\">{\"@context\":\"https:\/\/schema.org\",\"@graph\":[{\"@type\":\"WebSite\",\"@id\":\"https:\/\/dsmile.cz\/ru\/#website\",\"url\":\"https:\/\/dsmile.cz\/ru\/\",\"name\":\"Stomatologie Dsmile v Praze | Modern\\u00ed zubn\\u00ed ordinace\",\"description\":\"Modern\\u00ed zubn\\u00ed ordinace v Praze\",\"potentialAction\":[{\"@type\":\"SearchAction\",\"target\":\"https:\/\/dsmile.cz\/ru\/?s={search_term_string}\",\"query-input\":\"required name=search_term_string\"}],\"inLanguage\":\"de-DE\"},{\"@type\":\"WebPage\",\"@id\":\"https:\/\/dsmile.cz\/de\/service\/zahnbruecken\/#webpage\",\"url\":\"https:\/\/dsmile.cz\/de\/service\/zahnbruecken\/\",\"name\":\"Zahnbr\\u00fccken | Stomatologie Dsmile v Praze | Modern\\u00ed zubn\\u00ed ordinace\",\"isPartOf\":{\"@id\":\"https:\/\/dsmile.cz\/ru\/#website\"},\"datePublished\":\"2018-08-18T21:18:22+00:00\",\"dateModified\":\"2024-07-15T23:57:18+00:00\",\"breadcrumb\":{\"@id\":\"https:\/\/dsmile.cz\/de\/service\/zahnbruecken\/#breadcrumb\"},\"inLanguage\":\"de-DE\",\"potentialAction\":[{\"@type\":\"ReadAction\",\"target\":[\"https:\/\/dsmile.cz\/de\/service\/zahnbruecken\/\"]}]},{\"@type\":\"BreadcrumbList\",\"@id\":\"https:\/\/dsmile.cz\/de\/service\/zahnbruecken\/#breadcrumb\",\"itemListElement\":[{\"@type\":\"ListItem\",\"position\":1,\"item\":{\"@type\":\"WebPage\",\"@id\":\"https:\/\/dsmile.cz\/de\/kategorie\/dienstleistungen\/\",\"url\":\"https:\/\/dsmile.cz\/de\/kategorie\/dienstleistungen\/\",\"name\":\"Dienstleistungen\"}},{\"@type\":\"ListItem\",\"position\":2,\"item\":{\"@type\":\"WebPage\",\"@id\":\"https:\/\/dsmile.cz\/de\/dienstleistungen\/aesthetische-stomatologie\/\",\"url\":\"https:\/\/dsmile.cz\/de\/dienstleistungen\/aesthetische-stomatologie\/\",\"name\":\"\\u00c4sthetische stomatologie\"}},{\"@type\":\"ListItem\",\"position\":3,\"item\":{\"@type\":\"WebPage\",\"@id\":\"https:\/\/dsmile.cz\/de\/service\/zahnbruecken\/\",\"url\":\"https:\/\/dsmile.cz\/de\/service\/zahnbruecken\/\",\"name\":\"Zahnbr\\u00fccken\"}}]}]}<\/script>\n<!-- \/ Yoast SEO plugin. -->","_links":{"self":[{"href":"https:\/\/dsmile.cz\/de\/wp-json\/wp\/v2\/pages\/2765"}],"collection":[{"href":"https:\/\/dsmile.cz\/de\/wp-json\/wp\/v2\/pages"}],"about":[{"href":"https:\/\/dsmile.cz\/de\/wp-json\/wp\/v2\/types\/page"}],"author":[{"embeddable":true,"href":"https:\/\/dsmile.cz\/de\/wp-json\/wp\/v2\/users\/3"}],"replies":[{"embeddable":true,"href":"https:\/\/dsmile.cz\/de\/wp-json\/wp\/v2\/comments?post=2765"}],"version-history":[{"count":7,"href":"https:\/\/dsmile.cz\/de\/wp-json\/wp\/v2\/pages\/2765\/revisions"}],"predecessor-version":[{"id":10281,"href":"https:\/\/dsmile.cz\/de\/wp-json\/wp\/v2\/pages\/2765\/revisions\/10281"}],"up":[{"embeddable":true,"href":"https:\/\/dsmile.cz\/de\/wp-json\/wp\/v2\/pages\/2750"}],"wp:attachment":[{"href":"https:\/\/dsmile.cz\/de\/wp-json\/wp\/v2\/media?parent=2765"}],"curies":[{"name":"wp","href":"https:\/\/api.w.org\/{rel}","templated":true}]}}