{"id":2772,"date":"2018-08-18T23:15:27","date_gmt":"2018-08-18T21:15:27","guid":{"rendered":"http:\/\/dsmile.cz\/de\/dienstleistungen\/esteticka-stomatologie\/zubni-korunky\/"},"modified":"2024-07-16T01:51:11","modified_gmt":"2024-07-15T23:51:11","slug":"zahnkronen","status":"publish","type":"page","link":"https:\/\/dsmile.cz\/de\/service\/zahnkronen\/","title":{"rendered":"Zahnkronen"},"content":{"rendered":"<div id=\"pl-2772\"  class=\"panel-layout\" ><div id=\"pg-2772-0\"  class=\"panel-grid panel-has-style\" ><div class=\"box-price panel-row-style panel-row-style-for-2772-0\" ><div id=\"pgc-2772-0-0\"  class=\"panel-grid-cell\" ><div id=\"panel-2772-0-0-0\" class=\"so-panel widget widget_sow-editor panel-first-child panel-last-child\" data-index=\"0\" ><div class=\"so-widget-sow-editor so-widget-sow-editor-base\">\n<div class=\"siteorigin-widget-tinymce textwidget\">\n\t<div>\n<p>Zahnkronen \/ 700 EUR<\/p>\n<p><a title=\"Einen Termin vereinbaren\" href=\"#contact_form_service\">Einen Termin vereinbaren<\/a><\/p>\n<\/div>\n<\/div>\n<\/div><\/div><\/div><\/div><\/div><div id=\"pg-2772-1\"  class=\"panel-grid panel-no-style\" ><div id=\"pgc-2772-1-0\"  class=\"panel-grid-cell\" ><div id=\"panel-2772-1-0-0\" class=\"so-panel widget widget_sow-editor panel-first-child panel-last-child\" data-index=\"1\" ><div class=\"so-widget-sow-editor so-widget-sow-editor-base\">\n<div class=\"siteorigin-widget-tinymce textwidget\">\n\t<div class=\"post-thumbnail\">\n<div class=\"post-thumbnail\">\n<p class=\"p1\"><span class=\"s1\">Eine Zahnkrone ist eine Konstruktion, die einen Zahn komplett rekonstruiert, seine Widerstandsf\u00e4higkeit erh\u00f6ht und ihn vor dem Abbrechen sch\u00fctzt.<\/span><\/p>\n<p class=\"p1\"><span class=\"s1\">Zahnkronen werden aus modernen, sehr widerstandsf\u00e4higen Materialien hergestellt, die zugleich auch hohe \u00e4sthetische Anforderungen erf\u00fcllen.<\/span>\u00a0<span class=\"s1\">Zu solchen Materialien geh\u00f6ren Keramik und Zirkonoxid. Das Abschleifen der Z\u00e4hne sowie<\/span>\u00a0<span class=\"s1\">die Fixation der Kronen wird unter dem Mikroskop durchgef\u00fchrt, wobei das Arbeitsfeld mit dem Kofferdam (Isolationsmembran) gut isoliert ist.<\/span>\u00a0<span class=\"s1\">Dank diesem Verfahren<\/span>\u00a0<span class=\"s1\">kann eine solche Krone mindestens 15 Jahre dienen.<\/span><\/p>\n<p><img loading=\"lazy\" class=\"alignnone wp-image-394 size-full\" src=\"https:\/\/www.dsmile.cz\/wp-content\/uploads\/2017\/07\/koronki.jpg\" sizes=\"(max-width: 709px) 85vw, (max-width: 909px) 67vw, (max-width: 984px) 61vw, (max-width: 1362px) 45vw, 600px\" srcset=\"https:\/\/www.dsmile.cz\/wp-content\/uploads\/2017\/07\/koronki.jpg 700w, https:\/\/www.dsmile.cz\/wp-content\/uploads\/2017\/07\/koronki-300x139.jpg 300w\" alt=\"zubn\u00ed korunka\" width=\"700\" height=\"325\" \/><\/p>\n<p class=\"p1\"><span class=\"s1\"><b>Indikation f\u00fcr das Aufsetzen einer Zahnkrone<\/b>:<\/span><\/p>\n<ul class=\"ul1\">\n<li class=\"li1\"><span class=\"s1\">Zerst\u00f6rung der Z\u00e4hne infolge eines Unfalls oder durch Karies;<\/span><\/li>\n<li class=\"li1\"><span class=\"s1\">Defekte im Zahn in Form und Farbe;<\/span><\/li>\n<li class=\"li1\"><span class=\"s1\">pathologische Abrasion der Z\u00e4hne;<\/span><\/li>\n<li class=\"li1\"><span class=\"s1\">Notwendigkeit zur Abdeckung der Z\u00e4hne nach der Nerventfernung<\/span><span class=\"s2\">,\u00a0<\/span><span class=\"s1\">endodontische Behandlung;<\/span><\/li>\n<li class=\"li1\"><span class=\"s1\">Rekonstruktion der Zahnkrone.<\/span><\/li>\n<\/ul>\n<p><img loading=\"lazy\" class=\"alignnone wp-image-437 size-full\" src=\"https:\/\/www.dsmile.cz\/wp-content\/uploads\/2017\/08\/Untitled-design-15.jpg\" sizes=\"(max-width: 709px) 85vw, (max-width: 909px) 67vw, (max-width: 984px) 61vw, (max-width: 1362px) 45vw, 600px\" srcset=\"https:\/\/www.dsmile.cz\/wp-content\/uploads\/2017\/08\/Untitled-design-15.jpg 725w, https:\/\/www.dsmile.cz\/wp-content\/uploads\/2017\/08\/Untitled-design-15-300x124.jpg 300w\" alt=\"aplikace korunky\" width=\"725\" height=\"300\" \/><\/p>\n<p class=\"p1\"><span class=\"s1\">Je nach Grad der Zerst\u00f6rung w\u00e4hlt der Arzt aus den drei Konstruktionen aus:<\/span><\/p>\n<ul class=\"ul1\">\n<li class=\"li1\"><span class=\"s1\">Krone<\/span><\/li>\n<li class=\"li1\"><span class=\"s1\">Inlay<\/span><\/li>\n<li class=\"li1\"><span class=\"s1\">Onlay<\/span><\/li>\n<\/ul>\n<p class=\"p1\"><span class=\"s1\">Im Regelfall kommen Kronen dann zum Einsatz, wenn ein Zahn zu gro\u00dfen Teilen zerst\u00f6rt ist. Nach der Nerventfernung, also nach der Durchf\u00fchrung einer endodontischen Behandlung wird vom Arzt auf den Zahn ein Keramikonlay aufgesetzt. Auf diese Weise ist der Zahn danach vor Rissen und Absplitterungen gesch\u00fctzt.<\/span><\/p>\n<p class=\"p1\"><span class=\"s1\"><b>Arten von Zahnkronen<\/b>:<\/span><\/p>\n<p class=\"p1\"><span class=\"s1\">Zahnkronen aus\u00a0<b>Zirkonoxid<\/b>\u00a0sind sehr widerstandsf\u00e4hig und<\/span>\u00a0<span class=\"s1\">erfordern<\/span>\u00a0<span class=\"s1\">ein minimales Zahnabschleifen. Dieses Material ruft keine allergischen Reaktionen hervor. Zirkonoxid zeichnet sich im Besonderen durch eine niedrige Lichtdurchl\u00e4ssigkeit aus.<\/span>\u00a0<span class=\"s1\">Damit wird in der Zahnprothetik ein perfektes \u00e4sthetisches Ergebnis erreicht, was die verf\u00e4rbten Z\u00e4hne<\/span>\u00a0<span class=\"s1\">oder Z\u00e4hne mit Metallzapfen betrifft.<\/span>\u00a0<span class=\"s1\">Das erw\u00e4hnte Material ist sehr widerstandsf\u00e4hig, und<\/span>\u00a0<span class=\"s1\">deshalb wird es zur Anfertigung von Zahnbr\u00fccken sowie Zahners\u00e4tzen bei unter Bruxismus leidenden Patienten verwendet.<\/span><\/p>\n<p><img loading=\"lazy\" class=\"alignnone wp-image-421 size-full\" src=\"https:\/\/www.dsmile.cz\/wp-content\/uploads\/2017\/08\/Untitled-design-8.jpg\" sizes=\"(max-width: 709px) 85vw, (max-width: 909px) 67vw, (max-width: 984px) 61vw, (max-width: 1362px) 45vw, 600px\" srcset=\"https:\/\/www.dsmile.cz\/wp-content\/uploads\/2017\/08\/Untitled-design-8.jpg 725w, https:\/\/www.dsmile.cz\/wp-content\/uploads\/2017\/08\/Untitled-design-8-300x124.jpg 300w\" alt=\"zubn\u00ed korunka\" width=\"725\" height=\"300\" \/><\/p>\n<p><iframe loading=\"lazy\" id=\"instagram-embed-0\" class=\"instagram-media instagram-media-rendered\" src=\"https:\/\/www.instagram.com\/p\/BcqEvtZldNc\/embed\/captioned\/?cr=1&amp;v=8&amp;wp=658&amp;rd=https%3A%2F%2Fwww.dsmile.cz&amp;rp=%2Fde%2Fservice%2Fzahnkronen%2F#%7B%22ci%22%3A0%2C%22os%22%3A101.69999999925494%7D\" width=\"300\" height=\"562\" frameborder=\"0\" scrolling=\"no\" data-instgrm-payload-id=\"instagram-media-payload-0\" data-mce-fragment=\"1\"><\/iframe><\/p>\n<p class=\"p1\"><span class=\"s1\">In der modernen Stomatologie werden am meisten<\/span>\u00a0<span class=\"s1\">Keramikkronen aus dem Material\u00a0<b>Emax<\/b><\/span><b><\/b><span class=\"s1\"><b>(Lithium-Disilikat)<\/b><\/span><b>\u00a0<\/b><span class=\"s1\">verwendet. Da Keramik in seiner Lichtdurchl\u00e4ssigkeit und Optik \u00e4hnliche Eigenschaften, wie ein nat\u00fcrlicher Zahn aufweist, ist Keramik das unauff\u00e4lligste Kronenmaterial. Dieses Material ist widerstandsf\u00e4hig, und deshalb eignet sich auch f\u00fcr den Zahnersatz im Bereich der Front- und Seitenz\u00e4hne.<\/span><\/p>\n<p class=\"p1\"><span class=\"s1\">Wir bieten<\/span>\u00a0<span class=\"s1\">Kronen sowohl aus Zirkonoxid, als auch aus Keramik<\/span>\u00a0<span class=\"s1\">(Lithium-Disilikat)<\/span>\u00a0<span class=\"s1\">an. Ihr Preis ist relativ g\u00fcnstig und ihre hohe Qu\u0430lit\u00e4t hilft<\/span>\u00a0<span class=\"s1\">Ihnen jahrelang Ihr perfektes L\u00e4cheln zu erhalten. Aus diesem Material k\u00f6nnen zuverl\u00e4ssige, f\u00fcr die Patienten sichere und h\u00f6chst \u00e4sthetische, orthop\u00e4dische Konstruktionen hergestellt werden.<\/span><\/p>\n<p class=\"p1\"><span class=\"s1\"><b>Preise f\u00fcr Zahnkronen:<\/b><\/span><\/p>\n<p class=\"p1\"><span class=\"s1\">Der Preis einer Zahnkrone wird mit R\u00fccksicht auf das verwendete Material und die Technologie der Herstellung bestimmt. In der modernen Stomatologie ist heutzutage die Verwendung der Kronen aus\u00a0<b>Zirkonoxid<\/b>\u00a0sowie der Keramikkronen aus\u00a0<b>Lithium-Disilikat<\/b>\u00a0ganz allgemein \u00fcblich. Deshalb bleibt auch ihr Preis relativ niedrig.<\/span><\/p>\n<p class=\"p1\"><span class=\"s1\">Die teuerste Art von Zahnkronen ist die Zirkonoxid-Krone, verblendet mit Keramik. Diese Kronen werden auf die Frontz\u00e4hne wegen der erheblichen Farbver\u00e4nderung aufgesetzt und weiter im Fall der Anfertigung von Zahnbr\u00fccken im Frontbereich (im Vorderbereich).<\/span><\/p>\n<p class=\"p1\"><span class=\"s1\">Am gebr\u00e4uchlichsten sind vollkeramische Kronen oder Kronen, die aus transparentem Zirkonoxid angefertigt sind. Diese Materialien werden seit mehr als 10 Jahren in der Stomatologie verwendet und haben sich einen sehr guten Ruf erworben, was sowohl die Widerstandsf\u00e4higkeit als auch die \u00c4sthetik betrifft.<\/span><\/p>\n<\/div>\n<\/div>\n<\/div>\n<\/div><\/div><\/div><\/div><div id=\"pg-2772-2\"  class=\"panel-grid panel-has-style\" ><div id=\"contact_form_service\" class=\"panel-row-style panel-row-style-for-2772-2\" ><div id=\"pgc-2772-2-0\"  class=\"panel-grid-cell\" ><div id=\"panel-2772-2-0-0\" class=\"widget_text so-panel widget widget_custom_html panel-first-child panel-last-child\" data-index=\"2\" ><div class=\"widget_text contact_form_service panel-widget-style panel-widget-style-for-2772-2-0-0\" ><div class=\"textwidget custom-html-widget\"><br><h2 class=\"content-title\">Bestellen Sie sich bei uns<\/h2><br><br>\n\n<div role=\"form\" class=\"wpcf7\" id=\"wpcf7-f819-o1\" lang=\"de-DE\" dir=\"ltr\">\n<div class=\"screen-reader-response\"><p role=\"status\" aria-live=\"polite\" aria-atomic=\"true\"><\/p> <ul><\/ul><\/div>\n<form action=\"\/de\/wp-json\/wp\/v2\/pages\/2772#wpcf7-f819-o1\" method=\"post\" class=\"wpcf7-form init\" novalidate=\"novalidate\" data-status=\"init\">\n<div style=\"display: none;\">\n<input type=\"hidden\" name=\"_wpcf7\" value=\"819\" \/>\n<input type=\"hidden\" name=\"_wpcf7_version\" value=\"5.4.1\" \/>\n<input type=\"hidden\" name=\"_wpcf7_locale\" value=\"de_DE\" \/>\n<input type=\"hidden\" name=\"_wpcf7_unit_tag\" value=\"wpcf7-f819-o1\" \/>\n<input type=\"hidden\" name=\"_wpcf7_container_post\" value=\"0\" \/>\n<input type=\"hidden\" name=\"_wpcf7_posted_data_hash\" value=\"\" \/>\n<input type=\"hidden\" name=\"_wpcf7_recaptcha_response\" value=\"\" \/>\n<\/div>\n<div class=\"container-boxed\">\n<p>Wir melden uns so bald wie m\u00f6glich mit einem Terminvorschlag bei Ihnen.<\/p>\n<hr>\n<div class=\"input-box\">\n<label> Vorname und Familienname<small>\/ Pflichtangabe<\/small><br \/>\n    <span class=\"wpcf7-form-control-wrap your-name\"><input type=\"text\" name=\"your-name\" value=\"\" size=\"40\" class=\"wpcf7-form-control wpcf7-text wpcf7-validates-as-required\" aria-required=\"true\" aria-invalid=\"false\" \/><\/span> <\/label>\n<\/div>\n<div class=\"input-box\">\n<label> Ihre E-Mail <small>\/ Pflichtangabe <\/small><br \/>\n    <span class=\"wpcf7-form-control-wrap your-email\"><input type=\"email\" name=\"your-email\" value=\"\" size=\"40\" class=\"wpcf7-form-control wpcf7-text wpcf7-email wpcf7-validates-as-required wpcf7-validates-as-email\" aria-required=\"true\" aria-invalid=\"false\" \/><\/span> <\/label>\n<\/div>\n<div class=\"input-box\">\n<label> Ihre Telefonnummer<br \/>\n    <span class=\"wpcf7-form-control-wrap tel-181\"><input type=\"tel\" name=\"tel-181\" value=\"\" size=\"40\" class=\"wpcf7-form-control wpcf7-text wpcf7-tel wpcf7-validates-as-tel\" aria-invalid=\"false\" \/><\/span> <\/label>\n<\/div>\n<div class=\"input-box\">\n<label> Zvolte slu\u017ebu <small>\/ Povinn\u00e9<\/small><br \/>\n     <\/label>\n<\/div>\n<style>\n.sluzba > select {\nheight: 45px;\nwidth: 93%;\ncolor: black;\n}\n@media screen and (max-width: 730px) {\n.sluzba > select {\nwidth: 100%;\n}\n}\n<\/style>\n<p><input type=\"submit\" value=\"Senden\" class=\"wpcf7-form-control wpcf7-submit\" \/>\n<\/p><\/div>\n<div class=\"wpcf7-response-output\" aria-hidden=\"true\"><\/div><\/form><\/div><\/div><\/div><\/div><\/div><\/div><\/div><\/div>","protected":false},"excerpt":{"rendered":"<p>Zahnkronen \/ 700 EUREinen Termin vereinbaren Eine Zahnkrone ist eine Konstruktion, die einen Zahn komplett rekonstruiert, seine Widerstandsf\u00e4higkeit erh\u00f6ht und ihn vor dem Abbrechen sch\u00fctzt. Zahnkronen werden aus modernen, sehr widerstandsf\u00e4higen Materialien hergestellt, die zugleich auch hohe \u00e4sthetische Anforderungen erf\u00fcllen.\u00a0Zu solchen Materialien geh\u00f6ren Keramik und Zirkonoxid. Das Abschleifen der Z\u00e4hne sowie\u00a0die Fixation der Kronen wird unter dem Mikroskop durchgef\u00fchrt, wobei das Arbeitsfeld mit dem Kofferdam (Isolationsmembran) gut isoliert ist.\u00a0Dank diesem Verfahren\u00a0kann eine solche Krone mindestens 15 Jahre dienen. Indikation f\u00fcr das Aufsetzen einer Zahnkrone: Zerst\u00f6rung der Z\u00e4hne infolge eines Unfalls oder durch Karies; Defekte im Zahn in Form und Farbe; pathologische Abrasion der Z\u00e4hne; Notwendigkeit zur Abdeckung der Z\u00e4hne nach der Nerventfernung,\u00a0endodontische Behandlung; Rekonstruktion der Zahnkrone. Je nach Grad der Zerst\u00f6rung w\u00e4hlt der Arzt aus den drei Konstruktionen aus: Krone Inlay Onlay Im Regelfall kommen Kronen dann zum Einsatz, wenn ein Zahn zu gro\u00dfen Teilen zerst\u00f6rt ist. Nach der Nerventfernung, also nach der Durchf\u00fchrung einer endodontischen Behandlung wird vom Arzt auf den Zahn ein Keramikonlay aufgesetzt. Auf diese Weise ist der Zahn danach vor Rissen und Absplitterungen gesch\u00fctzt. Arten von Zahnkronen: Zahnkronen aus\u00a0Zirkonoxid\u00a0sind sehr widerstandsf\u00e4hig und\u00a0erfordern\u00a0ein minimales Zahnabschleifen. Dieses Material ruft keine allergischen Reaktionen hervor. Zirkonoxid zeichnet sich im Besonderen durch eine niedrige Lichtdurchl\u00e4ssigkeit aus.\u00a0Damit wird in der Zahnprothetik ein perfektes \u00e4sthetisches Ergebnis erreicht, was die verf\u00e4rbten Z\u00e4hne\u00a0oder Z\u00e4hne mit Metallzapfen betrifft.\u00a0Das erw\u00e4hnte Material ist sehr widerstandsf\u00e4hig, und\u00a0deshalb wird es zur Anfertigung von Zahnbr\u00fccken sowie Zahners\u00e4tzen bei unter Bruxismus leidenden Patienten verwendet. In der modernen Stomatologie werden am meisten\u00a0Keramikkronen aus dem Material\u00a0Emax(Lithium-Disilikat)\u00a0verwendet. Da Keramik in seiner Lichtdurchl\u00e4ssigkeit und Optik \u00e4hnliche Eigenschaften, wie ein nat\u00fcrlicher Zahn aufweist, ist Keramik das unauff\u00e4lligste Kronenmaterial. Dieses Material ist widerstandsf\u00e4hig, und deshalb eignet sich auch f\u00fcr den Zahnersatz im Bereich der Front- und Seitenz\u00e4hne. Wir bieten\u00a0Kronen sowohl aus Zirkonoxid, als auch aus Keramik\u00a0(Lithium-Disilikat)\u00a0an. Ihr Preis ist relativ g\u00fcnstig und ihre hohe Qu\u0430lit\u00e4t hilft\u00a0Ihnen jahrelang Ihr perfektes L\u00e4cheln zu erhalten. Aus diesem Material k\u00f6nnen zuverl\u00e4ssige, f\u00fcr die Patienten sichere und h\u00f6chst \u00e4sthetische, orthop\u00e4dische Konstruktionen hergestellt werden. Preise f\u00fcr Zahnkronen: Der Preis einer Zahnkrone wird mit R\u00fccksicht auf das verwendete Material und die Technologie der Herstellung bestimmt. In der modernen Stomatologie ist heutzutage die Verwendung der Kronen aus\u00a0Zirkonoxid\u00a0sowie der Keramikkronen aus\u00a0Lithium-Disilikat\u00a0ganz allgemein \u00fcblich. Deshalb bleibt auch ihr Preis relativ niedrig. Die teuerste Art von Zahnkronen ist die Zirkonoxid-Krone, verblendet mit Keramik. Diese Kronen werden auf die Frontz\u00e4hne wegen der erheblichen Farbver\u00e4nderung aufgesetzt und weiter im Fall der Anfertigung von Zahnbr\u00fccken im Frontbereich (im Vorderbereich). Am gebr\u00e4uchlichsten sind vollkeramische Kronen oder Kronen, die aus transparentem Zirkonoxid angefertigt sind. Diese Materialien werden seit mehr als 10 Jahren in der Stomatologie verwendet und haben sich einen sehr guten Ruf erworben, was sowohl die Widerstandsf\u00e4higkeit als auch die \u00c4sthetik betrifft.<\/p>\n","protected":false},"author":3,"featured_media":0,"parent":2750,"menu_order":0,"comment_status":"closed","ping_status":"closed","template":"page-sidebar.php","meta":[],"yoast_head":"<!-- This site is optimized with the Yoast SEO plugin v16.1.1 - https:\/\/yoast.com\/wordpress\/plugins\/seo\/ -->\n<title>Zahnkronen | Stomatologie Dsmile v Praze | Modern\u00ed zubn\u00ed ordinace<\/title>\n<link rel=\"canonical\" href=\"https:\/\/dsmile.cz\/de\/service\/zahnkronen\/\" \/>\n<meta property=\"og:locale\" content=\"de_DE\" \/>\n<meta property=\"og:type\" content=\"article\" \/>\n<meta property=\"og:title\" content=\"Zahnkronen | Stomatologie Dsmile v Praze | Modern\u00ed zubn\u00ed ordinace\" \/>\n<meta property=\"og:description\" content=\"Zahnkronen \/ 700 EUREinen Termin vereinbaren Eine Zahnkrone ist eine Konstruktion, die einen Zahn komplett rekonstruiert, seine Widerstandsf\u00e4higkeit erh\u00f6ht und ihn vor dem Abbrechen sch\u00fctzt. Zahnkronen werden aus modernen, sehr widerstandsf\u00e4higen Materialien hergestellt, die zugleich auch hohe \u00e4sthetische Anforderungen erf\u00fcllen.\u00a0Zu solchen Materialien geh\u00f6ren Keramik und Zirkonoxid. Das Abschleifen der Z\u00e4hne sowie\u00a0die Fixation der Kronen wird unter dem Mikroskop durchgef\u00fchrt, wobei das Arbeitsfeld mit dem Kofferdam (Isolationsmembran) gut isoliert ist.\u00a0Dank diesem Verfahren\u00a0kann eine solche Krone mindestens 15 Jahre dienen. Indikation f\u00fcr das Aufsetzen einer Zahnkrone: Zerst\u00f6rung der Z\u00e4hne infolge eines Unfalls oder durch Karies; Defekte im Zahn in Form und Farbe; pathologische Abrasion der Z\u00e4hne; Notwendigkeit zur Abdeckung der Z\u00e4hne nach der Nerventfernung,\u00a0endodontische Behandlung; Rekonstruktion der Zahnkrone. Je nach Grad der Zerst\u00f6rung w\u00e4hlt der Arzt aus den drei Konstruktionen aus: Krone Inlay Onlay Im Regelfall kommen Kronen dann zum Einsatz, wenn ein Zahn zu gro\u00dfen Teilen zerst\u00f6rt ist. Nach der Nerventfernung, also nach der Durchf\u00fchrung einer endodontischen Behandlung wird vom Arzt auf den Zahn ein Keramikonlay aufgesetzt. Auf diese Weise ist der Zahn danach vor Rissen und Absplitterungen gesch\u00fctzt. Arten von Zahnkronen: Zahnkronen aus\u00a0Zirkonoxid\u00a0sind sehr widerstandsf\u00e4hig und\u00a0erfordern\u00a0ein minimales Zahnabschleifen. Dieses Material ruft keine allergischen Reaktionen hervor. Zirkonoxid zeichnet sich im Besonderen durch eine niedrige Lichtdurchl\u00e4ssigkeit aus.\u00a0Damit wird in der Zahnprothetik ein perfektes \u00e4sthetisches Ergebnis erreicht, was die verf\u00e4rbten Z\u00e4hne\u00a0oder Z\u00e4hne mit Metallzapfen betrifft.\u00a0Das erw\u00e4hnte Material ist sehr widerstandsf\u00e4hig, und\u00a0deshalb wird es zur Anfertigung von Zahnbr\u00fccken sowie Zahners\u00e4tzen bei unter Bruxismus leidenden Patienten verwendet. In der modernen Stomatologie werden am meisten\u00a0Keramikkronen aus dem Material\u00a0Emax(Lithium-Disilikat)\u00a0verwendet. Da Keramik in seiner Lichtdurchl\u00e4ssigkeit und Optik \u00e4hnliche Eigenschaften, wie ein nat\u00fcrlicher Zahn aufweist, ist Keramik das unauff\u00e4lligste Kronenmaterial. Dieses Material ist widerstandsf\u00e4hig, und deshalb eignet sich auch f\u00fcr den Zahnersatz im Bereich der Front- und Seitenz\u00e4hne. Wir bieten\u00a0Kronen sowohl aus Zirkonoxid, als auch aus Keramik\u00a0(Lithium-Disilikat)\u00a0an. Ihr Preis ist relativ g\u00fcnstig und ihre hohe Qu\u0430lit\u00e4t hilft\u00a0Ihnen jahrelang Ihr perfektes L\u00e4cheln zu erhalten. Aus diesem Material k\u00f6nnen zuverl\u00e4ssige, f\u00fcr die Patienten sichere und h\u00f6chst \u00e4sthetische, orthop\u00e4dische Konstruktionen hergestellt werden. Preise f\u00fcr Zahnkronen: Der Preis einer Zahnkrone wird mit R\u00fccksicht auf das verwendete Material und die Technologie der Herstellung bestimmt. In der modernen Stomatologie ist heutzutage die Verwendung der Kronen aus\u00a0Zirkonoxid\u00a0sowie der Keramikkronen aus\u00a0Lithium-Disilikat\u00a0ganz allgemein \u00fcblich. Deshalb bleibt auch ihr Preis relativ niedrig. Die teuerste Art von Zahnkronen ist die Zirkonoxid-Krone, verblendet mit Keramik. Diese Kronen werden auf die Frontz\u00e4hne wegen der erheblichen Farbver\u00e4nderung aufgesetzt und weiter im Fall der Anfertigung von Zahnbr\u00fccken im Frontbereich (im Vorderbereich). Am gebr\u00e4uchlichsten sind vollkeramische Kronen oder Kronen, die aus transparentem Zirkonoxid angefertigt sind. Diese Materialien werden seit mehr als 10 Jahren in der Stomatologie verwendet und haben sich einen sehr guten Ruf erworben, was sowohl die Widerstandsf\u00e4higkeit als auch die \u00c4sthetik betrifft.\" \/>\n<meta property=\"og:url\" content=\"https:\/\/dsmile.cz\/de\/service\/zahnkronen\/\" \/>\n<meta property=\"og:site_name\" content=\"Stomatologie Dsmile v Praze | Modern\u00ed zubn\u00ed ordinace\" \/>\n<meta property=\"article:modified_time\" content=\"2024-07-15T23:51:11+00:00\" \/>\n<meta property=\"og:image\" content=\"https:\/\/www.dsmile.cz\/wp-content\/uploads\/2017\/07\/koronki.jpg\" \/>\n<meta name=\"twitter:card\" content=\"summary\" \/>\n<meta name=\"twitter:label1\" content=\"Est. reading time\">\n\t<meta name=\"twitter:data1\" content=\"3 minutes\">\n<script type=\"application\/ld+json\" class=\"yoast-schema-graph\">{\"@context\":\"https:\/\/schema.org\",\"@graph\":[{\"@type\":\"WebSite\",\"@id\":\"https:\/\/dsmile.cz\/ru\/#website\",\"url\":\"https:\/\/dsmile.cz\/ru\/\",\"name\":\"Stomatologie Dsmile v Praze | Modern\\u00ed zubn\\u00ed ordinace\",\"description\":\"Modern\\u00ed zubn\\u00ed ordinace v Praze\",\"potentialAction\":[{\"@type\":\"SearchAction\",\"target\":\"https:\/\/dsmile.cz\/ru\/?s={search_term_string}\",\"query-input\":\"required name=search_term_string\"}],\"inLanguage\":\"de-DE\"},{\"@type\":\"ImageObject\",\"@id\":\"https:\/\/dsmile.cz\/de\/service\/zahnkronen\/#primaryimage\",\"inLanguage\":\"de-DE\",\"url\":\"https:\/\/www.dsmile.cz\/wp-content\/uploads\/2017\/07\/koronki.jpg\",\"contentUrl\":\"https:\/\/www.dsmile.cz\/wp-content\/uploads\/2017\/07\/koronki.jpg\"},{\"@type\":\"WebPage\",\"@id\":\"https:\/\/dsmile.cz\/de\/service\/zahnkronen\/#webpage\",\"url\":\"https:\/\/dsmile.cz\/de\/service\/zahnkronen\/\",\"name\":\"Zahnkronen | Stomatologie Dsmile v Praze | Modern\\u00ed zubn\\u00ed ordinace\",\"isPartOf\":{\"@id\":\"https:\/\/dsmile.cz\/ru\/#website\"},\"primaryImageOfPage\":{\"@id\":\"https:\/\/dsmile.cz\/de\/service\/zahnkronen\/#primaryimage\"},\"datePublished\":\"2018-08-18T21:15:27+00:00\",\"dateModified\":\"2024-07-15T23:51:11+00:00\",\"breadcrumb\":{\"@id\":\"https:\/\/dsmile.cz\/de\/service\/zahnkronen\/#breadcrumb\"},\"inLanguage\":\"de-DE\",\"potentialAction\":[{\"@type\":\"ReadAction\",\"target\":[\"https:\/\/dsmile.cz\/de\/service\/zahnkronen\/\"]}]},{\"@type\":\"BreadcrumbList\",\"@id\":\"https:\/\/dsmile.cz\/de\/service\/zahnkronen\/#breadcrumb\",\"itemListElement\":[{\"@type\":\"ListItem\",\"position\":1,\"item\":{\"@type\":\"WebPage\",\"@id\":\"https:\/\/dsmile.cz\/de\/kategorie\/dienstleistungen\/\",\"url\":\"https:\/\/dsmile.cz\/de\/kategorie\/dienstleistungen\/\",\"name\":\"Dienstleistungen\"}},{\"@type\":\"ListItem\",\"position\":2,\"item\":{\"@type\":\"WebPage\",\"@id\":\"https:\/\/dsmile.cz\/de\/dienstleistungen\/aesthetische-stomatologie\/\",\"url\":\"https:\/\/dsmile.cz\/de\/dienstleistungen\/aesthetische-stomatologie\/\",\"name\":\"\\u00c4sthetische stomatologie\"}},{\"@type\":\"ListItem\",\"position\":3,\"item\":{\"@type\":\"WebPage\",\"@id\":\"https:\/\/dsmile.cz\/de\/service\/zahnkronen\/\",\"url\":\"https:\/\/dsmile.cz\/de\/service\/zahnkronen\/\",\"name\":\"Zahnkronen\"}}]}]}<\/script>\n<!-- \/ Yoast SEO plugin. -->","_links":{"self":[{"href":"https:\/\/dsmile.cz\/de\/wp-json\/wp\/v2\/pages\/2772"}],"collection":[{"href":"https:\/\/dsmile.cz\/de\/wp-json\/wp\/v2\/pages"}],"about":[{"href":"https:\/\/dsmile.cz\/de\/wp-json\/wp\/v2\/types\/page"}],"author":[{"embeddable":true,"href":"https:\/\/dsmile.cz\/de\/wp-json\/wp\/v2\/users\/3"}],"replies":[{"embeddable":true,"href":"https:\/\/dsmile.cz\/de\/wp-json\/wp\/v2\/comments?post=2772"}],"version-history":[{"count":6,"href":"https:\/\/dsmile.cz\/de\/wp-json\/wp\/v2\/pages\/2772\/revisions"}],"predecessor-version":[{"id":10269,"href":"https:\/\/dsmile.cz\/de\/wp-json\/wp\/v2\/pages\/2772\/revisions\/10269"}],"up":[{"embeddable":true,"href":"https:\/\/dsmile.cz\/de\/wp-json\/wp\/v2\/pages\/2750"}],"wp:attachment":[{"href":"https:\/\/dsmile.cz\/de\/wp-json\/wp\/v2\/media?parent=2772"}],"curies":[{"name":"wp","href":"https:\/\/api.w.org\/{rel}","templated":true}]}}