{"id":2779,"date":"2018-08-18T20:25:06","date_gmt":"2018-08-18T18:25:06","guid":{"rendered":"http:\/\/dsmile.cz\/de\/dienstleistungen\/implantace-a-chirurgie\/extrakce-zubu\/"},"modified":"2024-07-16T01:13:18","modified_gmt":"2024-07-15T23:13:18","slug":"zahnextraktion","status":"publish","type":"page","link":"https:\/\/dsmile.cz\/de\/service\/zahnextraktion\/","title":{"rendered":"Zahnextraktion"},"content":{"rendered":"<div id=\"pl-2779\"  class=\"panel-layout\" ><div id=\"pg-2779-0\"  class=\"panel-grid panel-has-style\" ><div class=\"box-price panel-row-style panel-row-style-for-2779-0\" ><div id=\"pgc-2779-0-0\"  class=\"panel-grid-cell\" ><div id=\"panel-2779-0-0-0\" class=\"so-panel widget widget_sow-editor panel-first-child panel-last-child\" data-index=\"0\" ><div class=\"so-widget-sow-editor so-widget-sow-editor-base\">\n<div class=\"siteorigin-widget-tinymce textwidget\">\n\t<div>\n<p>Zahnextraktion \/ ab 330 - 655 EUR<\/p>\n<p><a title=\"Einen Termin vereinbaren\" href=\"#contact_form_service\">Einen Termin vereinbaren<\/a><\/p>\n<\/div>\n<\/div>\n<\/div><\/div><\/div><\/div><\/div><div id=\"pg-2779-1\"  class=\"panel-grid panel-no-style\" ><div id=\"pgc-2779-1-0\"  class=\"panel-grid-cell\" ><div id=\"panel-2779-1-0-0\" class=\"so-panel widget widget_sow-editor panel-first-child panel-last-child\" data-index=\"1\" ><div class=\"so-widget-sow-editor so-widget-sow-editor-base\">\n<div class=\"siteorigin-widget-tinymce textwidget\">\n\t<div class=\"post-thumbnail\">\n<p class=\"p1\"><span class=\"s1\">nk moderner Verfahren sowie der Ausstattung erfolgt heutzutage eine Zahnextraktion v\u00f6llig schmerzfrei und nicht traumatisierend.<\/span><\/p>\n<p class=\"p1\"><span class=\"s1\">F\u00fcr eine Sofortimplantation ist es sehr wichtig, dass es bei der Zahnextraktion zu keinen Zerst\u00f6rungen des umliegenden Knochen- und Zahnfleischgewebes gekommen ist. Eine korrekte und sorgf\u00e4ltige Zahnextraktion kann in der Zukunft einen eventuellen Knochenaufbau eliminieren. Oftmals kann ein Implantat sofort nach Zahnentfernung eingebracht werden. Hierdurch k\u00f6nnen weitere chirurgische Eingriffe vermieden werden.<\/span><\/p>\n<p class=\"p1\"><span class=\"s1\"><b>Vorteile der Zahnextraktion in der Klinik Dsmile:<\/b><\/span><\/p>\n<ul class=\"ul1\">\n<li class=\"li1\"><span class=\"s1\">bei \u00e4ngstlichen Patienten wird eine sedierende Medikation verabreicht;<\/span><\/li>\n<li class=\"li1\"><span class=\"s1\">das STA-System (computergesteuerte Zahnbet\u00e4ubung) garantiert schmerzlose Zahnentfernung;<b>\u00a0<\/b><\/span><\/li>\n<li class=\"li1\"><span class=\"s1\">die Verwendung des Ultraschallger\u00e4ts Piezotome Solo II vermindert die traumatisierende Wirkung des Eingriffs;<\/span><\/li>\n<li class=\"li1\"><span class=\"s1\"><b>Socket preservation technic<\/b>\u00a0(technisches Verfahren zum Schutz des Zahnbettes) \u2013 nach Zahnextraktion wird das Zahnbett mit resorbierbarem Schwamm gef\u00fcllt und gen\u00e4ht, hierdurch wird das Risiko einer Entz\u00fcndung nach der Zahnextraktion ganz wesentlich vermindert;<\/span><\/li>\n<li class=\"li1\"><span class=\"s1\">Die Implantation kann sofort nach der Zahnextraktion durchgef\u00fchrt werden.<\/span><\/li>\n<\/ul>\n<p class=\"p1\"><span class=\"s1\"><b>Wie kann man sich schmerzfrei von \u201eAchtern\u201c verabschieden?<\/b><\/span><\/p>\n<p class=\"p1\"><span class=\"s1\">Wegen ihrer anatomischen Lage k\u00f6nnen Weisheitsz\u00e4hne (\u201eAchter\u201d) gro\u00dfe Komplikationen bei der Entfernung verursachen.<\/span><\/p>\n<p class=\"p1\"><span class=\"s1\">Wie l\u00e4uft eine Weisheitszahn-Extraktion in unserer Klinik ab:<\/span><\/p>\n<ul class=\"ul1\">\n<li class=\"li1\"><span class=\"s1\">zur Feststellung der genauen Lage des Zahnes wird vor der Extraktion die CT-Untersuchung durchgef\u00fchrt;<\/span><\/li>\n<li class=\"li1\"><span class=\"s1\">die Weisheitszahnentfernung erfolgt mithilfe eines Mikroskops, hiermit wird gro\u00dfe Genauigkeit der Manipulation gesichert und das Risiko der Zerst\u00f6rung der umliegenden anatomischen Strukturen verringert;<\/span><\/li>\n<li class=\"li1\"><span class=\"s1\">zur Durchf\u00fchrung der Zahnextraktion wird das Ultraschallger\u00e4t verwendet, sodass der Eingriff sicher und wenig traumatisierend ist;<\/span><\/li>\n<li class=\"li1\"><span class=\"s1\">nach Zahnentfernung wird das Zahnbett mit speziellem Kollagenmaterial gef\u00fcllt und gen\u00e4ht, wodurch die Wundheilung wesentlich beschleunigt werden kann.<\/span><\/li>\n<\/ul>\n<p class=\"p1\"><span class=\"s1\">Indikationen f\u00fcr die Zahnextraktion:<\/span><\/p>\n<ul class=\"ul1\">\n<li class=\"li1\"><span class=\"s1\">der Zahn kann nicht rekonstruiert werden;<\/span><\/li>\n<li class=\"li1\"><span class=\"s1\">eine nicht korrekte Position der Weisheitsz\u00e4hne und ihr komplizierter Durchbruch;<\/span><\/li>\n<li class=\"li1\"><span class=\"s1\">vorhandene Entz\u00fcndungsherde k\u00f6nnen mithilfe einer nichtinvasiven Methode nicht entfernt werden;<\/span><\/li>\n<li class=\"li1\"><span class=\"s1\">gro\u00dfe Beweglichkeit der Z\u00e4hne;<\/span><\/li>\n<li class=\"li1\"><span class=\"s1\">orthodontische Indikationen (Korrektur der Okklusion);<\/span><\/li>\n<li class=\"li1\"><span class=\"s1\">Zahntrauma<\/span><\/li>\n<\/ul>\n<\/div>\n<\/div>\n<\/div><\/div><\/div><\/div><div id=\"pg-2779-2\"  class=\"panel-grid panel-has-style\" ><div id=\"contact_form_service\" class=\"panel-row-style panel-row-style-for-2779-2\" ><div id=\"pgc-2779-2-0\"  class=\"panel-grid-cell\" ><div id=\"panel-2779-2-0-0\" class=\"widget_text so-panel widget widget_custom_html panel-first-child panel-last-child\" data-index=\"2\" ><div class=\"widget_text contact_form_service panel-widget-style panel-widget-style-for-2779-2-0-0\" ><div class=\"textwidget custom-html-widget\"><br><h2 class=\"content-title\">Bestellen Sie sich bei uns<\/h2><br><br>\n\n<div role=\"form\" class=\"wpcf7\" id=\"wpcf7-f819-o1\" lang=\"de-DE\" dir=\"ltr\">\n<div class=\"screen-reader-response\"><p role=\"status\" aria-live=\"polite\" aria-atomic=\"true\"><\/p> <ul><\/ul><\/div>\n<form action=\"\/de\/wp-json\/wp\/v2\/pages\/2779#wpcf7-f819-o1\" method=\"post\" class=\"wpcf7-form init\" novalidate=\"novalidate\" data-status=\"init\">\n<div style=\"display: none;\">\n<input type=\"hidden\" name=\"_wpcf7\" value=\"819\" \/>\n<input type=\"hidden\" name=\"_wpcf7_version\" value=\"5.4.1\" \/>\n<input type=\"hidden\" name=\"_wpcf7_locale\" value=\"de_DE\" \/>\n<input type=\"hidden\" name=\"_wpcf7_unit_tag\" value=\"wpcf7-f819-o1\" \/>\n<input type=\"hidden\" name=\"_wpcf7_container_post\" value=\"0\" \/>\n<input type=\"hidden\" name=\"_wpcf7_posted_data_hash\" value=\"\" \/>\n<input type=\"hidden\" name=\"_wpcf7_recaptcha_response\" value=\"\" \/>\n<\/div>\n<div class=\"container-boxed\">\n<p>Wir melden uns so bald wie m\u00f6glich mit einem Terminvorschlag bei Ihnen.<\/p>\n<hr>\n<div class=\"input-box\">\n<label> Vorname und Familienname<small>\/ Pflichtangabe<\/small><br \/>\n    <span class=\"wpcf7-form-control-wrap your-name\"><input type=\"text\" name=\"your-name\" value=\"\" size=\"40\" class=\"wpcf7-form-control wpcf7-text wpcf7-validates-as-required\" aria-required=\"true\" aria-invalid=\"false\" \/><\/span> <\/label>\n<\/div>\n<div class=\"input-box\">\n<label> Ihre E-Mail <small>\/ Pflichtangabe <\/small><br \/>\n    <span class=\"wpcf7-form-control-wrap your-email\"><input type=\"email\" name=\"your-email\" value=\"\" size=\"40\" class=\"wpcf7-form-control wpcf7-text wpcf7-email wpcf7-validates-as-required wpcf7-validates-as-email\" aria-required=\"true\" aria-invalid=\"false\" \/><\/span> <\/label>\n<\/div>\n<div class=\"input-box\">\n<label> Ihre Telefonnummer<br \/>\n    <span class=\"wpcf7-form-control-wrap tel-181\"><input type=\"tel\" name=\"tel-181\" value=\"\" size=\"40\" class=\"wpcf7-form-control wpcf7-text wpcf7-tel wpcf7-validates-as-tel\" aria-invalid=\"false\" \/><\/span> <\/label>\n<\/div>\n<div class=\"input-box\">\n<label> Zvolte slu\u017ebu <small>\/ Povinn\u00e9<\/small><br \/>\n     <\/label>\n<\/div>\n<style>\n.sluzba > select {\nheight: 45px;\nwidth: 93%;\ncolor: black;\n}\n@media screen and (max-width: 730px) {\n.sluzba > select {\nwidth: 100%;\n}\n}\n<\/style>\n<p><input type=\"submit\" value=\"Senden\" class=\"wpcf7-form-control wpcf7-submit\" \/>\n<\/p><\/div>\n<div class=\"wpcf7-response-output\" aria-hidden=\"true\"><\/div><\/form><\/div><\/div><\/div><\/div><\/div><\/div><\/div><\/div>","protected":false},"excerpt":{"rendered":"<p>Zahnextraktion \/ ab 330 &#8211; 655 EUR Einen Termin vereinbaren nk moderner Verfahren sowie der Ausstattung erfolgt heutzutage eine Zahnextraktion v\u00f6llig schmerzfrei und nicht traumatisierend. F\u00fcr eine Sofortimplantation ist es sehr wichtig, dass es bei der Zahnextraktion zu keinen Zerst\u00f6rungen des umliegenden Knochen- und Zahnfleischgewebes gekommen ist. Eine korrekte und sorgf\u00e4ltige Zahnextraktion kann in der Zukunft einen eventuellen Knochenaufbau eliminieren. Oftmals kann ein Implantat sofort nach Zahnentfernung eingebracht werden. Hierdurch k\u00f6nnen weitere chirurgische Eingriffe vermieden werden. Vorteile der Zahnextraktion in der Klinik Dsmile: bei \u00e4ngstlichen Patienten wird eine sedierende Medikation verabreicht; das STA-System (computergesteuerte Zahnbet\u00e4ubung) garantiert schmerzlose Zahnentfernung;\u00a0 die Verwendung des Ultraschallger\u00e4ts Piezotome Solo II vermindert die traumatisierende Wirkung des Eingriffs; Socket preservation technic\u00a0(technisches Verfahren zum Schutz des Zahnbettes) \u2013 nach Zahnextraktion wird das Zahnbett mit resorbierbarem Schwamm gef\u00fcllt und gen\u00e4ht, hierdurch wird das Risiko einer Entz\u00fcndung nach der Zahnextraktion ganz wesentlich vermindert; Die Implantation kann sofort nach der Zahnextraktion durchgef\u00fchrt werden. Wie kann man sich schmerzfrei von \u201eAchtern\u201c verabschieden? Wegen ihrer anatomischen Lage k\u00f6nnen Weisheitsz\u00e4hne (\u201eAchter\u201d) gro\u00dfe Komplikationen bei der Entfernung verursachen. Wie l\u00e4uft eine Weisheitszahn-Extraktion in unserer Klinik ab: zur Feststellung der genauen Lage des Zahnes wird vor der Extraktion die CT-Untersuchung durchgef\u00fchrt; die Weisheitszahnentfernung erfolgt mithilfe eines Mikroskops, hiermit wird gro\u00dfe Genauigkeit der Manipulation gesichert und das Risiko der Zerst\u00f6rung der umliegenden anatomischen Strukturen verringert; zur Durchf\u00fchrung der Zahnextraktion wird das Ultraschallger\u00e4t verwendet, sodass der Eingriff sicher und wenig traumatisierend ist; nach Zahnentfernung wird das Zahnbett mit speziellem Kollagenmaterial gef\u00fcllt und gen\u00e4ht, wodurch die Wundheilung wesentlich beschleunigt werden kann. Indikationen f\u00fcr die Zahnextraktion: der Zahn kann nicht rekonstruiert werden; eine nicht korrekte Position der Weisheitsz\u00e4hne und ihr komplizierter Durchbruch; vorhandene Entz\u00fcndungsherde k\u00f6nnen mithilfe einer nichtinvasiven Methode nicht entfernt werden; gro\u00dfe Beweglichkeit der Z\u00e4hne; orthodontische Indikationen (Korrektur der Okklusion); Zahntrauma<\/p>\n","protected":false},"author":3,"featured_media":0,"parent":2760,"menu_order":0,"comment_status":"closed","ping_status":"closed","template":"page-sidebar.php","meta":[],"yoast_head":"<!-- This site is optimized with the Yoast SEO plugin v16.1.1 - https:\/\/yoast.com\/wordpress\/plugins\/seo\/ -->\n<title>Zahnextraktion | Stomatologie Dsmile v Praze | Modern\u00ed zubn\u00ed ordinace<\/title>\n<link rel=\"canonical\" href=\"https:\/\/dsmile.cz\/de\/service\/zahnextraktion\/\" \/>\n<meta property=\"og:locale\" content=\"de_DE\" \/>\n<meta property=\"og:type\" content=\"article\" \/>\n<meta property=\"og:title\" content=\"Zahnextraktion | Stomatologie Dsmile v Praze | Modern\u00ed zubn\u00ed ordinace\" \/>\n<meta property=\"og:description\" content=\"Zahnextraktion \/ ab 330 - 655 EUR Einen Termin vereinbaren nk moderner Verfahren sowie der Ausstattung erfolgt heutzutage eine Zahnextraktion v\u00f6llig schmerzfrei und nicht traumatisierend. F\u00fcr eine Sofortimplantation ist es sehr wichtig, dass es bei der Zahnextraktion zu keinen Zerst\u00f6rungen des umliegenden Knochen- und Zahnfleischgewebes gekommen ist. Eine korrekte und sorgf\u00e4ltige Zahnextraktion kann in der Zukunft einen eventuellen Knochenaufbau eliminieren. Oftmals kann ein Implantat sofort nach Zahnentfernung eingebracht werden. Hierdurch k\u00f6nnen weitere chirurgische Eingriffe vermieden werden. Vorteile der Zahnextraktion in der Klinik Dsmile: bei \u00e4ngstlichen Patienten wird eine sedierende Medikation verabreicht; das STA-System (computergesteuerte Zahnbet\u00e4ubung) garantiert schmerzlose Zahnentfernung;\u00a0 die Verwendung des Ultraschallger\u00e4ts Piezotome Solo II vermindert die traumatisierende Wirkung des Eingriffs; Socket preservation technic\u00a0(technisches Verfahren zum Schutz des Zahnbettes) \u2013 nach Zahnextraktion wird das Zahnbett mit resorbierbarem Schwamm gef\u00fcllt und gen\u00e4ht, hierdurch wird das Risiko einer Entz\u00fcndung nach der Zahnextraktion ganz wesentlich vermindert; Die Implantation kann sofort nach der Zahnextraktion durchgef\u00fchrt werden. Wie kann man sich schmerzfrei von \u201eAchtern\u201c verabschieden? Wegen ihrer anatomischen Lage k\u00f6nnen Weisheitsz\u00e4hne (\u201eAchter\u201d) gro\u00dfe Komplikationen bei der Entfernung verursachen. Wie l\u00e4uft eine Weisheitszahn-Extraktion in unserer Klinik ab: zur Feststellung der genauen Lage des Zahnes wird vor der Extraktion die CT-Untersuchung durchgef\u00fchrt; die Weisheitszahnentfernung erfolgt mithilfe eines Mikroskops, hiermit wird gro\u00dfe Genauigkeit der Manipulation gesichert und das Risiko der Zerst\u00f6rung der umliegenden anatomischen Strukturen verringert; zur Durchf\u00fchrung der Zahnextraktion wird das Ultraschallger\u00e4t verwendet, sodass der Eingriff sicher und wenig traumatisierend ist; nach Zahnentfernung wird das Zahnbett mit speziellem Kollagenmaterial gef\u00fcllt und gen\u00e4ht, wodurch die Wundheilung wesentlich beschleunigt werden kann. Indikationen f\u00fcr die Zahnextraktion: der Zahn kann nicht rekonstruiert werden; eine nicht korrekte Position der Weisheitsz\u00e4hne und ihr komplizierter Durchbruch; vorhandene Entz\u00fcndungsherde k\u00f6nnen mithilfe einer nichtinvasiven Methode nicht entfernt werden; gro\u00dfe Beweglichkeit der Z\u00e4hne; orthodontische Indikationen (Korrektur der Okklusion); Zahntrauma\" \/>\n<meta property=\"og:url\" content=\"https:\/\/dsmile.cz\/de\/service\/zahnextraktion\/\" \/>\n<meta property=\"og:site_name\" content=\"Stomatologie Dsmile v Praze | Modern\u00ed zubn\u00ed ordinace\" \/>\n<meta property=\"article:modified_time\" content=\"2024-07-15T23:13:18+00:00\" \/>\n<meta name=\"twitter:card\" content=\"summary\" \/>\n<meta name=\"twitter:label1\" content=\"Est. reading time\">\n\t<meta name=\"twitter:data1\" content=\"2 minutes\">\n<script type=\"application\/ld+json\" class=\"yoast-schema-graph\">{\"@context\":\"https:\/\/schema.org\",\"@graph\":[{\"@type\":\"WebSite\",\"@id\":\"https:\/\/dsmile.cz\/ru\/#website\",\"url\":\"https:\/\/dsmile.cz\/ru\/\",\"name\":\"Stomatologie Dsmile v Praze | Modern\\u00ed zubn\\u00ed ordinace\",\"description\":\"Modern\\u00ed zubn\\u00ed ordinace v Praze\",\"potentialAction\":[{\"@type\":\"SearchAction\",\"target\":\"https:\/\/dsmile.cz\/ru\/?s={search_term_string}\",\"query-input\":\"required name=search_term_string\"}],\"inLanguage\":\"de-DE\"},{\"@type\":\"WebPage\",\"@id\":\"https:\/\/dsmile.cz\/de\/service\/zahnextraktion\/#webpage\",\"url\":\"https:\/\/dsmile.cz\/de\/service\/zahnextraktion\/\",\"name\":\"Zahnextraktion | Stomatologie Dsmile v Praze | Modern\\u00ed zubn\\u00ed ordinace\",\"isPartOf\":{\"@id\":\"https:\/\/dsmile.cz\/ru\/#website\"},\"datePublished\":\"2018-08-18T18:25:06+00:00\",\"dateModified\":\"2024-07-15T23:13:18+00:00\",\"breadcrumb\":{\"@id\":\"https:\/\/dsmile.cz\/de\/service\/zahnextraktion\/#breadcrumb\"},\"inLanguage\":\"de-DE\",\"potentialAction\":[{\"@type\":\"ReadAction\",\"target\":[\"https:\/\/dsmile.cz\/de\/service\/zahnextraktion\/\"]}]},{\"@type\":\"BreadcrumbList\",\"@id\":\"https:\/\/dsmile.cz\/de\/service\/zahnextraktion\/#breadcrumb\",\"itemListElement\":[{\"@type\":\"ListItem\",\"position\":1,\"item\":{\"@type\":\"WebPage\",\"@id\":\"https:\/\/dsmile.cz\/de\/kategorie\/dienstleistungen\/\",\"url\":\"https:\/\/dsmile.cz\/de\/kategorie\/dienstleistungen\/\",\"name\":\"Dienstleistungen\"}},{\"@type\":\"ListItem\",\"position\":2,\"item\":{\"@type\":\"WebPage\",\"@id\":\"https:\/\/dsmile.cz\/sluzby\/implantace-a-chirurgie\/\",\"url\":\"https:\/\/dsmile.cz\/sluzby\/implantace-a-chirurgie\/\",\"name\":\"Implantologie und chirurgie\"}},{\"@type\":\"ListItem\",\"position\":3,\"item\":{\"@type\":\"WebPage\",\"@id\":\"https:\/\/dsmile.cz\/de\/service\/zahnextraktion\/\",\"url\":\"https:\/\/dsmile.cz\/de\/service\/zahnextraktion\/\",\"name\":\"Zahnextraktion\"}}]}]}<\/script>\n<!-- \/ Yoast SEO plugin. -->","_links":{"self":[{"href":"https:\/\/dsmile.cz\/de\/wp-json\/wp\/v2\/pages\/2779"}],"collection":[{"href":"https:\/\/dsmile.cz\/de\/wp-json\/wp\/v2\/pages"}],"about":[{"href":"https:\/\/dsmile.cz\/de\/wp-json\/wp\/v2\/types\/page"}],"author":[{"embeddable":true,"href":"https:\/\/dsmile.cz\/de\/wp-json\/wp\/v2\/users\/3"}],"replies":[{"embeddable":true,"href":"https:\/\/dsmile.cz\/de\/wp-json\/wp\/v2\/comments?post=2779"}],"version-history":[{"count":5,"href":"https:\/\/dsmile.cz\/de\/wp-json\/wp\/v2\/pages\/2779\/revisions"}],"predecessor-version":[{"id":10225,"href":"https:\/\/dsmile.cz\/de\/wp-json\/wp\/v2\/pages\/2779\/revisions\/10225"}],"up":[{"embeddable":true,"href":"https:\/\/dsmile.cz\/de\/wp-json\/wp\/v2\/pages\/2760"}],"wp:attachment":[{"href":"https:\/\/dsmile.cz\/de\/wp-json\/wp\/v2\/media?parent=2779"}],"curies":[{"name":"wp","href":"https:\/\/api.w.org\/{rel}","templated":true}]}}