{"id":2782,"date":"2018-08-18T20:20:45","date_gmt":"2018-08-18T18:20:45","guid":{"rendered":"http:\/\/dsmile.cz\/de\/dienstleistungen\/implantace-a-chirurgie\/plastika-dasne\/"},"modified":"2024-07-16T01:07:42","modified_gmt":"2024-07-15T23:07:42","slug":"zahnfleischplastik","status":"publish","type":"page","link":"https:\/\/dsmile.cz\/de\/service\/zahnfleischplastik\/","title":{"rendered":"Zahnfleischplastik"},"content":{"rendered":"<div id=\"pl-2782\"  class=\"panel-layout\" ><div id=\"pg-2782-0\"  class=\"panel-grid panel-has-style\" ><div class=\"box-price panel-row-style panel-row-style-for-2782-0\" ><div id=\"pgc-2782-0-0\"  class=\"panel-grid-cell\" ><div id=\"panel-2782-0-0-0\" class=\"so-panel widget widget_sow-editor panel-first-child panel-last-child\" data-index=\"0\" ><div class=\"so-widget-sow-editor so-widget-sow-editor-base\">\n<div class=\"siteorigin-widget-tinymce textwidget\">\n\t<div>\n<p>Zahnfleischplastik \/ ab 655 EUR pro Zahn<\/p>\n<p><a title=\"Einen Termin vereinbaren\" href=\"#contact_form_service\">Einen Termin vereinbaren<\/a><\/p>\n<\/div>\n<\/div>\n<\/div><\/div><\/div><\/div><\/div><div id=\"pg-2782-1\"  class=\"panel-grid panel-no-style\" ><div id=\"pgc-2782-1-0\"  class=\"panel-grid-cell\" ><div id=\"panel-2782-1-0-0\" class=\"so-panel widget widget_sow-editor panel-first-child panel-last-child\" data-index=\"1\" ><div class=\"so-widget-sow-editor so-widget-sow-editor-base\">\n<div class=\"siteorigin-widget-tinymce textwidget\">\n\t<div class=\"post-thumbnail\">\n<p class=\"p1\"><span class=\"s1\">In der modernen \u00e4sthetischen Stomatologie und Implantologie spielt die Gewebe- oder Zahnfleischplastik (Weichgewebeplastik) eine sehr wichtige Rolle. Im Bereich der Stomatologie wird die Bezeichnung wei\u00dfe und rosa \u00c4sthetik verwendet. Unter \u201ewei\u00dfe \u00c4sthetik\u201c werden die wei\u00dfen Z\u00e4hne und unter \u201erosa \u00c4sthetik\u201c das gesunde Aussehen vom Zahnfleisch verstanden.<\/span><\/p>\n<p><img loading=\"lazy\" class=\"alignnone wp-image-392 size-full\" src=\"https:\/\/www.dsmile.cz\/wp-content\/uploads\/2017\/07\/plastika.jpg\" sizes=\"(max-width: 709px) 85vw, (max-width: 909px) 67vw, (max-width: 984px) 61vw, (max-width: 1362px) 45vw, 600px\" srcset=\"https:\/\/www.dsmile.cz\/wp-content\/uploads\/2017\/07\/plastika.jpg 700w, https:\/\/www.dsmile.cz\/wp-content\/uploads\/2017\/07\/plastika-300x139.jpg 300w\" alt=\"p\u0159ed a po - plastika d\u00e1sn\u011b\" width=\"700\" height=\"325\" \/><\/p>\n<p class=\"p1\"><span class=\"s1\"><b>In welchen F\u00e4llen wird eine Plastik<\/b><\/span><b>\u00a0<\/b><span class=\"s1\"><b>der weichen Gewebe der Mundh\u00f6hle durchgef\u00fchrt:<\/b><\/span><\/p>\n<ul class=\"ul1\">\n<li class=\"li1\"><span class=\"s1\">zur Abdeckung keilf\u00f6rmiger Zahndefekte<\/span>\u00a0<span class=\"s1\">(freiliegende Zahnh\u00e4lse);<\/span><\/li>\n<li class=\"li1\"><span class=\"s1\">zur Abdeckung freiliegender Wurzeloberfl\u00e4chen (Rezessionen);<\/span><\/li>\n<li class=\"li1\"><span class=\"s1\">zur Formung der Weichgewebe rund um Zahnimplantate;<\/span><\/li>\n<li class=\"li1\"><span class=\"s1\">zur Abdeckung sichtbarer verf\u00e4rbter Zahnh\u00e4lse;<\/span><\/li>\n<li class=\"li1\"><span class=\"s1\">zur Formung des Zahnfleischprofils unterhalb der Zahnbr\u00fccke (Br\u00fcckenprothese);<\/span><\/li>\n<li class=\"li1\"><span class=\"s1\">zur Verbesserung der \u00c4sthetik des L\u00e4chelns;<\/span><\/li>\n<li class=\"li1\"><span class=\"s1\">zur Gestaltung der Bedingungen f\u00fcr bessere Hygiene im Bereich der Zahnbr\u00fccken und Kronen.<\/span><\/li>\n<\/ul>\n<p class=\"p1\"><span class=\"s1\"><b>Was bringt die Plastik des weichen Gewebes (des Zahnfleisches)<\/b>:<\/span><\/p>\n<h2><img loading=\"lazy\" class=\"alignnone size-full wp-image-1054\" src=\"https:\/\/www.dsmile.cz\/wp-content\/uploads\/2017\/07\/Untitled-design-69.jpg\" sizes=\"(max-width: 709px) 85vw, (max-width: 909px) 67vw, (max-width: 984px) 61vw, (max-width: 1362px) 45vw, 600px\" srcset=\"https:\/\/www.dsmile.cz\/wp-content\/uploads\/2017\/07\/Untitled-design-69.jpg 725w, https:\/\/www.dsmile.cz\/wp-content\/uploads\/2017\/07\/Untitled-design-69-300x124.jpg 300w\" alt=\"\" width=\"725\" height=\"300\" \/><\/h2>\n<p class=\"p2\"><span class=\"s1\">\u2022 eine deutliche Verbesserung der \u00c4sthetik des L\u00e4chelns;<br \/>\n\u2022 stabile Weichgewebe rund um Zahnimplantate, Schutz vor Entz\u00fcndungen (Periimplantitis);<br \/>\n\u2022 ein korrektes Weichgewebeprofil unterhalb der Zahnbr\u00fccke und somit auch die Garantie f\u00fcr bessere Hygiene und der Schutz vor dem Eindringen von Nahrungsmitteln unter die Zahnbr\u00fccke;<br \/>\n\u2022 eine erhebliche Minderung der Empfindlichkeit der fr\u00fcher freiliegenden Wurzeloberfl\u00e4chen und die Verbesserung der Zahn\u00e4sthetik.<\/span><\/p>\n<p class=\"p1\"><span class=\"s1\"><b>Wie wird eine Weichgewebeplastik durchgef\u00fchrt:<\/b><\/span><\/p>\n<p class=\"p1\"><span class=\"s1\">Zum Zwecke der Durchf\u00fchrung der Weichgewebeplastik wird beim Patienten ein<\/span>\u00a0<span class=\"s1\">Transplantat<\/span>\u00a0<span class=\"s1\">aus dem Bereich des Gaumens oder der hinteren Fl\u00e4che des Oberkieferknochens<\/span>\u00a0<span class=\"s1\">(H\u00f6cker)<\/span>\u00a0<span class=\"s1\">entnommen und an die entsprechende Stelle verpflanzt.<\/span><\/p>\n<p class=\"p1\"><span class=\"s1\">Die Entnahmestelle des Weichgewebetransplantats<\/span>\u00a0<span class=\"s1\">wird nachfolgend mit einem speziellen<\/span>\u00a0<span class=\"s1\">Schoner abgedeckt, der die Wundheilung beschleunigt<\/span>\u00a0<span class=\"s1\">und<\/span>\u00a0<span class=\"s1\">unangenehme postoperative Gef\u00fchle erheblich vermindert.<\/span><\/p>\n<p class=\"p1\"><span class=\"s1\">Zur Durchf\u00fchrung einer Weichgewebeplastik wird relativ oft<\/span>\u00a0<span class=\"s1\">das k\u00fcnstliche Weichgewebe (MUCODERM) verwendet.<\/span><\/p>\n<p class=\"p1\"><span class=\"s1\"><b>Vorteile und Durchf\u00fchrung der Weichgewebeplastiken in der Klinik Dsmile:<\/b><\/span><\/p>\n<ul class=\"ul1\">\n<li class=\"li1\"><span class=\"s1\">Weichgewebeplastiken werden ausschlie\u00dflich unter Verwendung der vergr\u00f6\u00dfernden Optik durchgef\u00fchrt;<\/span><\/li>\n<li class=\"li1\"><span class=\"s1\">bei der Operation wird d\u00fcnnes Nahtmaterial und ein spezielles mikrochirurgisches Instrument verwendet, womit eine rasche Wundheilung garantiert ist.<\/span><\/li>\n<\/ul>\n<\/div>\n<\/div>\n<\/div><\/div><\/div><\/div><div id=\"pg-2782-2\"  class=\"panel-grid panel-has-style\" ><div id=\"contact_form_service\" class=\"panel-row-style panel-row-style-for-2782-2\" ><div id=\"pgc-2782-2-0\"  class=\"panel-grid-cell\" ><div id=\"panel-2782-2-0-0\" class=\"widget_text so-panel widget widget_custom_html panel-first-child panel-last-child\" data-index=\"2\" ><div class=\"widget_text contact_form_service panel-widget-style panel-widget-style-for-2782-2-0-0\" ><div class=\"textwidget custom-html-widget\"><br><h2 class=\"content-title\">Bestellen Sie sich bei uns<\/h2><br><br>\n\n<div role=\"form\" class=\"wpcf7\" id=\"wpcf7-f819-o1\" lang=\"de-DE\" dir=\"ltr\">\n<div class=\"screen-reader-response\"><p role=\"status\" aria-live=\"polite\" aria-atomic=\"true\"><\/p> <ul><\/ul><\/div>\n<form action=\"\/de\/wp-json\/wp\/v2\/pages\/2782#wpcf7-f819-o1\" method=\"post\" class=\"wpcf7-form init\" novalidate=\"novalidate\" data-status=\"init\">\n<div style=\"display: none;\">\n<input type=\"hidden\" name=\"_wpcf7\" value=\"819\" \/>\n<input type=\"hidden\" name=\"_wpcf7_version\" value=\"5.4.1\" \/>\n<input type=\"hidden\" name=\"_wpcf7_locale\" value=\"de_DE\" \/>\n<input type=\"hidden\" name=\"_wpcf7_unit_tag\" value=\"wpcf7-f819-o1\" \/>\n<input type=\"hidden\" name=\"_wpcf7_container_post\" value=\"0\" \/>\n<input type=\"hidden\" name=\"_wpcf7_posted_data_hash\" value=\"\" \/>\n<input type=\"hidden\" name=\"_wpcf7_recaptcha_response\" value=\"\" \/>\n<\/div>\n<div class=\"container-boxed\">\n<p>Wir melden uns so bald wie m\u00f6glich mit einem Terminvorschlag bei Ihnen.<\/p>\n<hr>\n<div class=\"input-box\">\n<label> Vorname und Familienname<small>\/ Pflichtangabe<\/small><br \/>\n    <span class=\"wpcf7-form-control-wrap your-name\"><input type=\"text\" name=\"your-name\" value=\"\" size=\"40\" class=\"wpcf7-form-control wpcf7-text wpcf7-validates-as-required\" aria-required=\"true\" aria-invalid=\"false\" \/><\/span> <\/label>\n<\/div>\n<div class=\"input-box\">\n<label> Ihre E-Mail <small>\/ Pflichtangabe <\/small><br \/>\n    <span class=\"wpcf7-form-control-wrap your-email\"><input type=\"email\" name=\"your-email\" value=\"\" size=\"40\" class=\"wpcf7-form-control wpcf7-text wpcf7-email wpcf7-validates-as-required wpcf7-validates-as-email\" aria-required=\"true\" aria-invalid=\"false\" \/><\/span> <\/label>\n<\/div>\n<div class=\"input-box\">\n<label> Ihre Telefonnummer<br \/>\n    <span class=\"wpcf7-form-control-wrap tel-181\"><input type=\"tel\" name=\"tel-181\" value=\"\" size=\"40\" class=\"wpcf7-form-control wpcf7-text wpcf7-tel wpcf7-validates-as-tel\" aria-invalid=\"false\" \/><\/span> <\/label>\n<\/div>\n<div class=\"input-box\">\n<label> Zvolte slu\u017ebu <small>\/ Povinn\u00e9<\/small><br \/>\n     <\/label>\n<\/div>\n<style>\n.sluzba > select {\nheight: 45px;\nwidth: 93%;\ncolor: black;\n}\n@media screen and (max-width: 730px) {\n.sluzba > select {\nwidth: 100%;\n}\n}\n<\/style>\n<p><input type=\"submit\" value=\"Senden\" class=\"wpcf7-form-control wpcf7-submit\" \/>\n<\/p><\/div>\n<div class=\"wpcf7-response-output\" aria-hidden=\"true\"><\/div><\/form><\/div><\/div><\/div><\/div><\/div><\/div><\/div><\/div>","protected":false},"excerpt":{"rendered":"<p>Zahnfleischplastik \/ ab 655 EUR pro Zahn Einen Termin vereinbaren In der modernen \u00e4sthetischen Stomatologie und Implantologie spielt die Gewebe- oder Zahnfleischplastik (Weichgewebeplastik) eine sehr wichtige Rolle. Im Bereich der Stomatologie wird die Bezeichnung wei\u00dfe und rosa \u00c4sthetik verwendet. Unter \u201ewei\u00dfe \u00c4sthetik\u201c werden die wei\u00dfen Z\u00e4hne und unter \u201erosa \u00c4sthetik\u201c das gesunde Aussehen vom Zahnfleisch verstanden. In welchen F\u00e4llen wird eine Plastik\u00a0der weichen Gewebe der Mundh\u00f6hle durchgef\u00fchrt: zur Abdeckung keilf\u00f6rmiger Zahndefekte\u00a0(freiliegende Zahnh\u00e4lse); zur Abdeckung freiliegender Wurzeloberfl\u00e4chen (Rezessionen); zur Formung der Weichgewebe rund um Zahnimplantate; zur Abdeckung sichtbarer verf\u00e4rbter Zahnh\u00e4lse; zur Formung des Zahnfleischprofils unterhalb der Zahnbr\u00fccke (Br\u00fcckenprothese); zur Verbesserung der \u00c4sthetik des L\u00e4chelns; zur Gestaltung der Bedingungen f\u00fcr bessere Hygiene im Bereich der Zahnbr\u00fccken und Kronen. Was bringt die Plastik des weichen Gewebes (des Zahnfleisches): \u2022 eine deutliche Verbesserung der \u00c4sthetik des L\u00e4chelns; \u2022 stabile Weichgewebe rund um Zahnimplantate, Schutz vor Entz\u00fcndungen (Periimplantitis); \u2022 ein korrektes Weichgewebeprofil unterhalb der Zahnbr\u00fccke und somit auch die Garantie f\u00fcr bessere Hygiene und der Schutz vor dem Eindringen von Nahrungsmitteln unter die Zahnbr\u00fccke; \u2022 eine erhebliche Minderung der Empfindlichkeit der fr\u00fcher freiliegenden Wurzeloberfl\u00e4chen und die Verbesserung der Zahn\u00e4sthetik. Wie wird eine Weichgewebeplastik durchgef\u00fchrt: Zum Zwecke der Durchf\u00fchrung der Weichgewebeplastik wird beim Patienten ein\u00a0Transplantat\u00a0aus dem Bereich des Gaumens oder der hinteren Fl\u00e4che des Oberkieferknochens\u00a0(H\u00f6cker)\u00a0entnommen und an die entsprechende Stelle verpflanzt. Die Entnahmestelle des Weichgewebetransplantats\u00a0wird nachfolgend mit einem speziellen\u00a0Schoner abgedeckt, der die Wundheilung beschleunigt\u00a0und\u00a0unangenehme postoperative Gef\u00fchle erheblich vermindert. Zur Durchf\u00fchrung einer Weichgewebeplastik wird relativ oft\u00a0das k\u00fcnstliche Weichgewebe (MUCODERM) verwendet. Vorteile und Durchf\u00fchrung der Weichgewebeplastiken in der Klinik Dsmile: Weichgewebeplastiken werden ausschlie\u00dflich unter Verwendung der vergr\u00f6\u00dfernden Optik durchgef\u00fchrt; bei der Operation wird d\u00fcnnes Nahtmaterial und ein spezielles mikrochirurgisches Instrument verwendet, womit eine rasche Wundheilung garantiert ist.<\/p>\n","protected":false},"author":3,"featured_media":0,"parent":2760,"menu_order":0,"comment_status":"closed","ping_status":"closed","template":"page-sidebar.php","meta":[],"yoast_head":"<!-- This site is optimized with the Yoast SEO plugin v16.1.1 - https:\/\/yoast.com\/wordpress\/plugins\/seo\/ -->\n<title>Zahnfleischplastik | Stomatologie Dsmile v Praze | Modern\u00ed zubn\u00ed ordinace<\/title>\n<link rel=\"canonical\" href=\"https:\/\/dsmile.cz\/de\/service\/zahnfleischplastik\/\" \/>\n<meta property=\"og:locale\" content=\"de_DE\" \/>\n<meta property=\"og:type\" content=\"article\" \/>\n<meta property=\"og:title\" content=\"Zahnfleischplastik | Stomatologie Dsmile v Praze | Modern\u00ed zubn\u00ed ordinace\" \/>\n<meta property=\"og:description\" content=\"Zahnfleischplastik \/ ab 655 EUR pro Zahn Einen Termin vereinbaren In der modernen \u00e4sthetischen Stomatologie und Implantologie spielt die Gewebe- oder Zahnfleischplastik (Weichgewebeplastik) eine sehr wichtige Rolle. Im Bereich der Stomatologie wird die Bezeichnung wei\u00dfe und rosa \u00c4sthetik verwendet. Unter \u201ewei\u00dfe \u00c4sthetik\u201c werden die wei\u00dfen Z\u00e4hne und unter \u201erosa \u00c4sthetik\u201c das gesunde Aussehen vom Zahnfleisch verstanden. In welchen F\u00e4llen wird eine Plastik\u00a0der weichen Gewebe der Mundh\u00f6hle durchgef\u00fchrt: zur Abdeckung keilf\u00f6rmiger Zahndefekte\u00a0(freiliegende Zahnh\u00e4lse); zur Abdeckung freiliegender Wurzeloberfl\u00e4chen (Rezessionen); zur Formung der Weichgewebe rund um Zahnimplantate; zur Abdeckung sichtbarer verf\u00e4rbter Zahnh\u00e4lse; zur Formung des Zahnfleischprofils unterhalb der Zahnbr\u00fccke (Br\u00fcckenprothese); zur Verbesserung der \u00c4sthetik des L\u00e4chelns; zur Gestaltung der Bedingungen f\u00fcr bessere Hygiene im Bereich der Zahnbr\u00fccken und Kronen. Was bringt die Plastik des weichen Gewebes (des Zahnfleisches): \u2022 eine deutliche Verbesserung der \u00c4sthetik des L\u00e4chelns; \u2022 stabile Weichgewebe rund um Zahnimplantate, Schutz vor Entz\u00fcndungen (Periimplantitis); \u2022 ein korrektes Weichgewebeprofil unterhalb der Zahnbr\u00fccke und somit auch die Garantie f\u00fcr bessere Hygiene und der Schutz vor dem Eindringen von Nahrungsmitteln unter die Zahnbr\u00fccke; \u2022 eine erhebliche Minderung der Empfindlichkeit der fr\u00fcher freiliegenden Wurzeloberfl\u00e4chen und die Verbesserung der Zahn\u00e4sthetik. Wie wird eine Weichgewebeplastik durchgef\u00fchrt: Zum Zwecke der Durchf\u00fchrung der Weichgewebeplastik wird beim Patienten ein\u00a0Transplantat\u00a0aus dem Bereich des Gaumens oder der hinteren Fl\u00e4che des Oberkieferknochens\u00a0(H\u00f6cker)\u00a0entnommen und an die entsprechende Stelle verpflanzt. Die Entnahmestelle des Weichgewebetransplantats\u00a0wird nachfolgend mit einem speziellen\u00a0Schoner abgedeckt, der die Wundheilung beschleunigt\u00a0und\u00a0unangenehme postoperative Gef\u00fchle erheblich vermindert. Zur Durchf\u00fchrung einer Weichgewebeplastik wird relativ oft\u00a0das k\u00fcnstliche Weichgewebe (MUCODERM) verwendet. Vorteile und Durchf\u00fchrung der Weichgewebeplastiken in der Klinik Dsmile: Weichgewebeplastiken werden ausschlie\u00dflich unter Verwendung der vergr\u00f6\u00dfernden Optik durchgef\u00fchrt; bei der Operation wird d\u00fcnnes Nahtmaterial und ein spezielles mikrochirurgisches Instrument verwendet, womit eine rasche Wundheilung garantiert ist.\" \/>\n<meta property=\"og:url\" content=\"https:\/\/dsmile.cz\/de\/service\/zahnfleischplastik\/\" \/>\n<meta property=\"og:site_name\" content=\"Stomatologie Dsmile v Praze | Modern\u00ed zubn\u00ed ordinace\" \/>\n<meta property=\"article:modified_time\" content=\"2024-07-15T23:07:42+00:00\" \/>\n<meta property=\"og:image\" content=\"https:\/\/www.dsmile.cz\/wp-content\/uploads\/2017\/07\/plastika.jpg\" \/>\n<meta name=\"twitter:card\" content=\"summary\" \/>\n<meta name=\"twitter:label1\" content=\"Est. reading time\">\n\t<meta name=\"twitter:data1\" content=\"2 minutes\">\n<script type=\"application\/ld+json\" class=\"yoast-schema-graph\">{\"@context\":\"https:\/\/schema.org\",\"@graph\":[{\"@type\":\"WebSite\",\"@id\":\"https:\/\/dsmile.cz\/ru\/#website\",\"url\":\"https:\/\/dsmile.cz\/ru\/\",\"name\":\"Stomatologie Dsmile v Praze | Modern\\u00ed zubn\\u00ed ordinace\",\"description\":\"Modern\\u00ed zubn\\u00ed ordinace v Praze\",\"potentialAction\":[{\"@type\":\"SearchAction\",\"target\":\"https:\/\/dsmile.cz\/ru\/?s={search_term_string}\",\"query-input\":\"required name=search_term_string\"}],\"inLanguage\":\"de-DE\"},{\"@type\":\"ImageObject\",\"@id\":\"https:\/\/dsmile.cz\/de\/service\/zahnfleischplastik\/#primaryimage\",\"inLanguage\":\"de-DE\",\"url\":\"https:\/\/www.dsmile.cz\/wp-content\/uploads\/2017\/07\/plastika.jpg\",\"contentUrl\":\"https:\/\/www.dsmile.cz\/wp-content\/uploads\/2017\/07\/plastika.jpg\"},{\"@type\":\"WebPage\",\"@id\":\"https:\/\/dsmile.cz\/de\/service\/zahnfleischplastik\/#webpage\",\"url\":\"https:\/\/dsmile.cz\/de\/service\/zahnfleischplastik\/\",\"name\":\"Zahnfleischplastik | Stomatologie Dsmile v Praze | Modern\\u00ed zubn\\u00ed ordinace\",\"isPartOf\":{\"@id\":\"https:\/\/dsmile.cz\/ru\/#website\"},\"primaryImageOfPage\":{\"@id\":\"https:\/\/dsmile.cz\/de\/service\/zahnfleischplastik\/#primaryimage\"},\"datePublished\":\"2018-08-18T18:20:45+00:00\",\"dateModified\":\"2024-07-15T23:07:42+00:00\",\"breadcrumb\":{\"@id\":\"https:\/\/dsmile.cz\/de\/service\/zahnfleischplastik\/#breadcrumb\"},\"inLanguage\":\"de-DE\",\"potentialAction\":[{\"@type\":\"ReadAction\",\"target\":[\"https:\/\/dsmile.cz\/de\/service\/zahnfleischplastik\/\"]}]},{\"@type\":\"BreadcrumbList\",\"@id\":\"https:\/\/dsmile.cz\/de\/service\/zahnfleischplastik\/#breadcrumb\",\"itemListElement\":[{\"@type\":\"ListItem\",\"position\":1,\"item\":{\"@type\":\"WebPage\",\"@id\":\"https:\/\/dsmile.cz\/de\/kategorie\/dienstleistungen\/\",\"url\":\"https:\/\/dsmile.cz\/de\/kategorie\/dienstleistungen\/\",\"name\":\"Dienstleistungen\"}},{\"@type\":\"ListItem\",\"position\":2,\"item\":{\"@type\":\"WebPage\",\"@id\":\"https:\/\/dsmile.cz\/sluzby\/implantace-a-chirurgie\/\",\"url\":\"https:\/\/dsmile.cz\/sluzby\/implantace-a-chirurgie\/\",\"name\":\"Implantologie und chirurgie\"}},{\"@type\":\"ListItem\",\"position\":3,\"item\":{\"@type\":\"WebPage\",\"@id\":\"https:\/\/dsmile.cz\/de\/service\/zahnfleischplastik\/\",\"url\":\"https:\/\/dsmile.cz\/de\/service\/zahnfleischplastik\/\",\"name\":\"Zahnfleischplastik\"}}]}]}<\/script>\n<!-- \/ Yoast SEO plugin. -->","_links":{"self":[{"href":"https:\/\/dsmile.cz\/de\/wp-json\/wp\/v2\/pages\/2782"}],"collection":[{"href":"https:\/\/dsmile.cz\/de\/wp-json\/wp\/v2\/pages"}],"about":[{"href":"https:\/\/dsmile.cz\/de\/wp-json\/wp\/v2\/types\/page"}],"author":[{"embeddable":true,"href":"https:\/\/dsmile.cz\/de\/wp-json\/wp\/v2\/users\/3"}],"replies":[{"embeddable":true,"href":"https:\/\/dsmile.cz\/de\/wp-json\/wp\/v2\/comments?post=2782"}],"version-history":[{"count":8,"href":"https:\/\/dsmile.cz\/de\/wp-json\/wp\/v2\/pages\/2782\/revisions"}],"predecessor-version":[{"id":10216,"href":"https:\/\/dsmile.cz\/de\/wp-json\/wp\/v2\/pages\/2782\/revisions\/10216"}],"up":[{"embeddable":true,"href":"https:\/\/dsmile.cz\/de\/wp-json\/wp\/v2\/pages\/2760"}],"wp:attachment":[{"href":"https:\/\/dsmile.cz\/de\/wp-json\/wp\/v2\/media?parent=2782"}],"curies":[{"name":"wp","href":"https:\/\/api.w.org\/{rel}","templated":true}]}}