{"id":2789,"date":"2018-08-18T20:17:49","date_gmt":"2018-08-18T18:17:49","guid":{"rendered":"http:\/\/dsmile.cz\/de\/dienstleistungen\/implantace-a-chirurgie\/kostni-plastika\/"},"modified":"2024-07-16T01:01:36","modified_gmt":"2024-07-15T23:01:36","slug":"knochenplastik","status":"publish","type":"page","link":"https:\/\/dsmile.cz\/de\/service\/knochenplastik\/","title":{"rendered":"Knochenplastik"},"content":{"rendered":"<div id=\"pl-2789\"  class=\"panel-layout\" ><div id=\"pg-2789-0\"  class=\"panel-grid panel-has-style\" ><div class=\"box-price panel-row-style panel-row-style-for-2789-0\" ><div id=\"pgc-2789-0-0\"  class=\"panel-grid-cell\" ><div id=\"panel-2789-0-0-0\" class=\"so-panel widget widget_sow-editor panel-first-child panel-last-child\" data-index=\"0\" ><div class=\"so-widget-sow-editor so-widget-sow-editor-base\">\n<div class=\"siteorigin-widget-tinymce textwidget\">\n\t<div>\n<p>Knochenplastik \/ ab 550 EUR<\/p>\n<p><a title=\"Einen Termin vereinbaren\" href=\"#contact_form_service\">Einen Termin vereinbaren<\/a><\/p>\n<\/div>\n<\/div>\n<\/div><\/div><\/div><\/div><\/div><div id=\"pg-2789-1\"  class=\"panel-grid panel-no-style\" ><div id=\"pgc-2789-1-0\"  class=\"panel-grid-cell\" ><div id=\"panel-2789-1-0-0\" class=\"so-panel widget widget_sow-editor panel-first-child panel-last-child\" data-index=\"1\" ><div class=\"so-widget-sow-editor so-widget-sow-editor-base\">\n<div class=\"siteorigin-widget-tinymce textwidget\">\n\t<div class=\"post-thumbnail\">\n<p class=\"p1\"><span class=\"s1\">\u201eImplantation\u201c, \u201eKnochenplastik\u201c (Augmentation, Ostheoplastik, Knochenaufbau), \u201eZahnfleischplastik\u201c\u00a0\u2026 Noch vor 10 Jahren waren diese Begriffe fast unbekannt. Heutzutage kann man die angegebenen Begriffe immer wieder h\u00f6ren und die mit ihnen gemeinten Eingriffe geh\u00f6ren zum Grundangebot der meisten stomatologischen Kliniken. In diesem Artikel m\u00f6chten wir Sie ausf\u00fchrlich \u00fcber<span class=\"Apple-converted-space\">\u00a0\u00a0<\/span>\u201eKnochenplastik\u201c informieren.<\/span><\/p>\n<p class=\"p1\"><span class=\"s1\">Ein Knochenaufbau l\u00e4sst sich sowohl im Oberkiefer als auch im Unterkiefer durchf\u00fchren. Unter Verwendung moderner Methoden und Materialien k\u00f6nnen auf diese Weise verschiedene Knochendefekte rekonstruiert werden.<\/span><\/p>\n<p class=\"p1\"><span class=\"s1\"><b>Vorteile und Durchf\u00fchrung der Knochenplastik in der Klinik Dsmile:<\/b><\/span><\/p>\n<ul class=\"ul1\">\n<li class=\"li1\"><span class=\"s1\">Vor der Knochenplastik wird immer die CT-Untersuchung durchgef\u00fchrt. Mithilfe der 3D-Methode kann der Defekt zuverl\u00e4ssig beurteilt werden und ein geeignetes Material und Verfahren gew\u00e4hlt werden.<\/span><\/li>\n<li class=\"li1\"><span class=\"s1\">Knochenplastiken werden ebenso wie die anderen Eingriffe unter Verwendung eines Mikroskops durchgef\u00fchrt. Das gew\u00e4hrleistet ein gutes Ergebnis und verringert das Risiko des Auftretens postoperativer Komplikationen;<\/span><\/li>\n<li class=\"li1\"><span class=\"s1\">mithilfe einer modernen Ausstattung, wie z. B. Ger\u00e4t f\u00fcr Ultraschallchirurgie Satelec Piezotome 2 und Mikroskop, k\u00f6nnen umfangreiche Knochenplastiken (Sinuslift) im Oberkiefer durch eine etwa 4 mm gro\u00dfe \u00d6ffnung durchgef\u00fchrt werden. Dieser minimal invasive Eingriff eliminiert v\u00f6llig die postoperative Sensibilit\u00e4t sowie Schmerzen und Schwellungen;<\/span><\/li>\n<li class=\"li1\"><span class=\"s1\">qualitativ hochwertige, moderne Knochenersatzmaterialien tragen zu einem nachfolgenden guten Ergebnis bei;<\/span><\/li>\n<li class=\"li1\"><span class=\"s1\">die \u00c4rzte unserer Klinik erh\u00f6hen st\u00e4ndig ihre Qualifikation und nehmen an Kursen teil, die von anerkannten europ\u00e4ischen Spezialisten geleitet werden;<\/span><\/li>\n<\/ul>\n<p class=\"p1\"><span class=\"s1\"><b>Arten von Knochenplastiken:<\/b><\/span><\/p>\n<ul class=\"ul1\">\n<li class=\"li1\"><span class=\"s1\">Knochenaufbau in Breite \u2014 d. h. horizontale Knochenplastik;<\/span><\/li>\n<li class=\"li1\"><span class=\"s1\">Knochenaufbau in H\u00f6he \u2014 d. h. vertikale Knochenplastik;<\/span><\/li>\n<li class=\"li1\"><span class=\"s1\">Knochenaufbau im seitlichen Kieferbereich wird als Sinuslift bezeichnet (Sinusbodenelevation). Man unterscheidet ein offenes und ein geschlossenes Verfahren (Sinuslift).<\/span><\/li>\n<li class=\"li1\"><span class=\"s1\">Knochenaufbau nach Zahnextraktion;<\/span><\/li>\n<li class=\"li1\"><span class=\"s1\">bei geringen Defekten wird eine Knochenplastik mit gleichzeitiger Zahnimplantation durchgef\u00fchrt;<\/span><\/li>\n<li class=\"li1\"><span class=\"s1\">bei gro\u00dfen Knochendefekten wird der Eingriff vor der Implantation durchgef\u00fchrt und<span class=\"Apple-converted-space\">\u00a0\u00a0<\/span>erfordert eine gewisse Einheilungszeit.<\/span><\/li>\n<\/ul>\n<p class=\"p1\"><span class=\"s1\"><b>Moderne Techniken der Knochenplastik in der Klinik Dsmile:<\/b><\/span><\/p>\n<ul class=\"ul1\">\n<li class=\"li1\"><span class=\"s1\"><b>Intralift\u00a0<\/b>\u2013 Knochenplastik im Bereich des Oberkiefers, durchgef\u00fchrt durch eine kleine \u00d6ffnung mithilfe eines Ultraschallger\u00e4ts. Die H\u00f6hle des Oberkiefers ist mit einer d\u00fcnnen Membran bedeckt, die mit dem aus der Ultraschallspitze str\u00f6menden Wasser gehoben wird. In den entstehenden Raum wird ein synthetischer Knochen eingelegt. Im Regelfall haben die Patienten nach der Operation keine Schmerzen und Schwellungen;<\/span><\/li>\n<li class=\"li1\"><span class=\"s1\"><b>Tunneltechnik \u2014<\/b>\u00a0zwischen Knochen und Knochenhaut (ein z\u00e4hes, d\u00fcnnes Gewebe, das jeden Knochen umgibt) wird der sog. \u201eTunnel\u201c oder eine \u201eTasche\u201c gebildet. In die entstehende Tasche wird Knochen eingelegt. Diese Operationstechnik wird mit nur minimalen Schnitten durchgef\u00fchrt, hierdurch wird eine schnelle Heilung der Operationswunde und eine ungest\u00f6rte Einheilung des Knochens gew\u00e4hrleistet.<\/span><\/li>\n<\/ul>\n<p class=\"p1\"><span class=\"s1\"><b>Welche Materialien werden f\u00fcr Knochenplastiken verwendet:<\/b><\/span><\/p>\n<ul class=\"ul1\">\n<li class=\"li1\"><span class=\"s1\">Xenograft \u2014 Knochenpulver tierischen Ursprungs (meistens aus<b>\u00a0<\/b>Kalbsknochen)<\/span><\/li>\n<li class=\"li1\"><span class=\"s1\">autologer Knochen (Eigenknochen) \u2013 Knochen wird mit einem kleinen Schaber aus bestimmten Bereichen des Kiefers entnommen<\/span><\/li>\n<li class=\"li1\"><span class=\"s1\">synthetische (k\u00fcnstliche) Knochenersatzmaterialien.<\/span><\/li>\n<\/ul>\n<p class=\"p1\"><span class=\"s1\">In unserer Klinik verwendet man f\u00fcr Knochenplastiken Xenograft und Eigenknochen des Patienten.<\/span><\/p>\n<p class=\"p1\"><span class=\"s1\">Der Preis f\u00fcr eine Knochenplastik<\/span>\u00a0<span class=\"s1\">in der Klinik DSmile wird meistens je nach Menge der verbrauchten Materialien und in Abh\u00e4ngigkeit von der verwendeten Technik<\/span>\u00a0<span class=\"s1\">bestimmt.<\/span>\u00a0<span class=\"s1\">Der Preis f\u00fcr eine Knochenplastik \u2013 ab 550 EUR.<\/span><\/p>\n<p class=\"p1\"><span class=\"s1\">Die \u00c4rzte der Klinik DSmile<\/span>\u00a0<span class=\"s1\">empfehlen Ihnen die geeignete Art der Knochenplastik und f\u00fchren sie durch, und zwar<\/span>\u00a0<span class=\"s1\">aufgrund vieler Angaben<\/span>\u00a0<span class=\"s1\">wie z. B. Computertomographie, Gesundheitszustand, Niveau der Mundhygiene, sch\u00e4dliche Gewohnheiten etc.<\/span><\/p>\n<\/div>\n<\/div>\n<\/div><\/div><\/div><\/div><div id=\"pg-2789-2\"  class=\"panel-grid panel-has-style\" ><div id=\"contact_form_service\" class=\"panel-row-style panel-row-style-for-2789-2\" ><div id=\"pgc-2789-2-0\"  class=\"panel-grid-cell\" ><div id=\"panel-2789-2-0-0\" class=\"widget_text so-panel widget widget_custom_html panel-first-child panel-last-child\" data-index=\"2\" ><div class=\"widget_text contact_form_service panel-widget-style panel-widget-style-for-2789-2-0-0\" ><div class=\"textwidget custom-html-widget\"><br><h2 class=\"content-title\">Bestellen Sie sich bei uns<\/h2><br><br>\n\n<div role=\"form\" class=\"wpcf7\" id=\"wpcf7-f819-o1\" lang=\"de-DE\" dir=\"ltr\">\n<div class=\"screen-reader-response\"><p role=\"status\" aria-live=\"polite\" aria-atomic=\"true\"><\/p> <ul><\/ul><\/div>\n<form action=\"\/de\/wp-json\/wp\/v2\/pages\/2789#wpcf7-f819-o1\" method=\"post\" class=\"wpcf7-form init\" novalidate=\"novalidate\" data-status=\"init\">\n<div style=\"display: none;\">\n<input type=\"hidden\" name=\"_wpcf7\" value=\"819\" \/>\n<input type=\"hidden\" name=\"_wpcf7_version\" value=\"5.4.1\" \/>\n<input type=\"hidden\" name=\"_wpcf7_locale\" value=\"de_DE\" \/>\n<input type=\"hidden\" name=\"_wpcf7_unit_tag\" value=\"wpcf7-f819-o1\" \/>\n<input type=\"hidden\" name=\"_wpcf7_container_post\" value=\"0\" \/>\n<input type=\"hidden\" name=\"_wpcf7_posted_data_hash\" value=\"\" \/>\n<input type=\"hidden\" name=\"_wpcf7_recaptcha_response\" value=\"\" \/>\n<\/div>\n<div class=\"container-boxed\">\n<p>Wir melden uns so bald wie m\u00f6glich mit einem Terminvorschlag bei Ihnen.<\/p>\n<hr>\n<div class=\"input-box\">\n<label> Vorname und Familienname<small>\/ Pflichtangabe<\/small><br \/>\n    <span class=\"wpcf7-form-control-wrap your-name\"><input type=\"text\" name=\"your-name\" value=\"\" size=\"40\" class=\"wpcf7-form-control wpcf7-text wpcf7-validates-as-required\" aria-required=\"true\" aria-invalid=\"false\" \/><\/span> <\/label>\n<\/div>\n<div class=\"input-box\">\n<label> Ihre E-Mail <small>\/ Pflichtangabe <\/small><br \/>\n    <span class=\"wpcf7-form-control-wrap your-email\"><input type=\"email\" name=\"your-email\" value=\"\" size=\"40\" class=\"wpcf7-form-control wpcf7-text wpcf7-email wpcf7-validates-as-required wpcf7-validates-as-email\" aria-required=\"true\" aria-invalid=\"false\" \/><\/span> <\/label>\n<\/div>\n<div class=\"input-box\">\n<label> Ihre Telefonnummer<br \/>\n    <span class=\"wpcf7-form-control-wrap tel-181\"><input type=\"tel\" name=\"tel-181\" value=\"\" size=\"40\" class=\"wpcf7-form-control wpcf7-text wpcf7-tel wpcf7-validates-as-tel\" aria-invalid=\"false\" \/><\/span> <\/label>\n<\/div>\n<div class=\"input-box\">\n<label> Zvolte slu\u017ebu <small>\/ Povinn\u00e9<\/small><br \/>\n     <\/label>\n<\/div>\n<style>\n.sluzba > select {\nheight: 45px;\nwidth: 93%;\ncolor: black;\n}\n@media screen and (max-width: 730px) {\n.sluzba > select {\nwidth: 100%;\n}\n}\n<\/style>\n<p><input type=\"submit\" value=\"Senden\" class=\"wpcf7-form-control wpcf7-submit\" \/>\n<\/p><\/div>\n<div class=\"wpcf7-response-output\" aria-hidden=\"true\"><\/div><\/form><\/div><\/div><\/div><\/div><\/div><\/div><\/div><\/div>","protected":false},"excerpt":{"rendered":"<p>Knochenplastik \/ ab 550 EUR Einen Termin vereinbaren \u201eImplantation\u201c, \u201eKnochenplastik\u201c (Augmentation, Ostheoplastik, Knochenaufbau), \u201eZahnfleischplastik\u201c\u00a0\u2026 Noch vor 10 Jahren waren diese Begriffe fast unbekannt. Heutzutage kann man die angegebenen Begriffe immer wieder h\u00f6ren und die mit ihnen gemeinten Eingriffe geh\u00f6ren zum Grundangebot der meisten stomatologischen Kliniken. In diesem Artikel m\u00f6chten wir Sie ausf\u00fchrlich \u00fcber\u00a0\u00a0\u201eKnochenplastik\u201c informieren. Ein Knochenaufbau l\u00e4sst sich sowohl im Oberkiefer als auch im Unterkiefer durchf\u00fchren. Unter Verwendung moderner Methoden und Materialien k\u00f6nnen auf diese Weise verschiedene Knochendefekte rekonstruiert werden. Vorteile und Durchf\u00fchrung der Knochenplastik in der Klinik Dsmile: Vor der Knochenplastik wird immer die CT-Untersuchung durchgef\u00fchrt. Mithilfe der 3D-Methode kann der Defekt zuverl\u00e4ssig beurteilt werden und ein geeignetes Material und Verfahren gew\u00e4hlt werden. Knochenplastiken werden ebenso wie die anderen Eingriffe unter Verwendung eines Mikroskops durchgef\u00fchrt. Das gew\u00e4hrleistet ein gutes Ergebnis und verringert das Risiko des Auftretens postoperativer Komplikationen; mithilfe einer modernen Ausstattung, wie z. B. Ger\u00e4t f\u00fcr Ultraschallchirurgie Satelec Piezotome 2 und Mikroskop, k\u00f6nnen umfangreiche Knochenplastiken (Sinuslift) im Oberkiefer durch eine etwa 4 mm gro\u00dfe \u00d6ffnung durchgef\u00fchrt werden. Dieser minimal invasive Eingriff eliminiert v\u00f6llig die postoperative Sensibilit\u00e4t sowie Schmerzen und Schwellungen; qualitativ hochwertige, moderne Knochenersatzmaterialien tragen zu einem nachfolgenden guten Ergebnis bei; die \u00c4rzte unserer Klinik erh\u00f6hen st\u00e4ndig ihre Qualifikation und nehmen an Kursen teil, die von anerkannten europ\u00e4ischen Spezialisten geleitet werden; Arten von Knochenplastiken: Knochenaufbau in Breite \u2014 d. h. horizontale Knochenplastik; Knochenaufbau in H\u00f6he \u2014 d. h. vertikale Knochenplastik; Knochenaufbau im seitlichen Kieferbereich wird als Sinuslift bezeichnet (Sinusbodenelevation). Man unterscheidet ein offenes und ein geschlossenes Verfahren (Sinuslift). Knochenaufbau nach Zahnextraktion; bei geringen Defekten wird eine Knochenplastik mit gleichzeitiger Zahnimplantation durchgef\u00fchrt; bei gro\u00dfen Knochendefekten wird der Eingriff vor der Implantation durchgef\u00fchrt und\u00a0\u00a0erfordert eine gewisse Einheilungszeit. Moderne Techniken der Knochenplastik in der Klinik Dsmile: Intralift\u00a0\u2013 Knochenplastik im Bereich des Oberkiefers, durchgef\u00fchrt durch eine kleine \u00d6ffnung mithilfe eines Ultraschallger\u00e4ts. Die H\u00f6hle des Oberkiefers ist mit einer d\u00fcnnen Membran bedeckt, die mit dem aus der Ultraschallspitze str\u00f6menden Wasser gehoben wird. In den entstehenden Raum wird ein synthetischer Knochen eingelegt. Im Regelfall haben die Patienten nach der Operation keine Schmerzen und Schwellungen; Tunneltechnik \u2014\u00a0zwischen Knochen und Knochenhaut (ein z\u00e4hes, d\u00fcnnes Gewebe, das jeden Knochen umgibt) wird der sog. \u201eTunnel\u201c oder eine \u201eTasche\u201c gebildet. In die entstehende Tasche wird Knochen eingelegt. Diese Operationstechnik wird mit nur minimalen Schnitten durchgef\u00fchrt, hierdurch wird eine schnelle Heilung der Operationswunde und eine ungest\u00f6rte Einheilung des Knochens gew\u00e4hrleistet. Welche Materialien werden f\u00fcr Knochenplastiken verwendet: Xenograft \u2014 Knochenpulver tierischen Ursprungs (meistens aus\u00a0Kalbsknochen) autologer Knochen (Eigenknochen) \u2013 Knochen wird mit einem kleinen Schaber aus bestimmten Bereichen des Kiefers entnommen synthetische (k\u00fcnstliche) Knochenersatzmaterialien. In unserer Klinik verwendet man f\u00fcr Knochenplastiken Xenograft und Eigenknochen des Patienten. Der Preis f\u00fcr eine Knochenplastik\u00a0in der Klinik DSmile wird meistens je nach Menge der verbrauchten Materialien und in Abh\u00e4ngigkeit von der verwendeten Technik\u00a0bestimmt.\u00a0Der Preis f\u00fcr eine Knochenplastik \u2013 ab 550 EUR. Die \u00c4rzte der Klinik DSmile\u00a0empfehlen Ihnen die geeignete Art der Knochenplastik und f\u00fchren sie durch, und zwar\u00a0aufgrund vieler Angaben\u00a0wie z. B. Computertomographie, Gesundheitszustand, Niveau der Mundhygiene, sch\u00e4dliche Gewohnheiten etc.<\/p>\n","protected":false},"author":3,"featured_media":0,"parent":2760,"menu_order":0,"comment_status":"closed","ping_status":"closed","template":"page-sidebar.php","meta":[],"yoast_head":"<!-- This site is optimized with the Yoast SEO plugin v16.1.1 - https:\/\/yoast.com\/wordpress\/plugins\/seo\/ -->\n<title>Knochenplastik | Stomatologie Dsmile v Praze | Modern\u00ed zubn\u00ed ordinace<\/title>\n<link rel=\"canonical\" href=\"https:\/\/dsmile.cz\/de\/service\/knochenplastik\/\" \/>\n<meta property=\"og:locale\" content=\"de_DE\" \/>\n<meta property=\"og:type\" content=\"article\" \/>\n<meta property=\"og:title\" content=\"Knochenplastik | Stomatologie Dsmile v Praze | Modern\u00ed zubn\u00ed ordinace\" \/>\n<meta property=\"og:description\" content=\"Knochenplastik \/ ab 550 EUR Einen Termin vereinbaren \u201eImplantation\u201c, \u201eKnochenplastik\u201c (Augmentation, Ostheoplastik, Knochenaufbau), \u201eZahnfleischplastik\u201c\u00a0\u2026 Noch vor 10 Jahren waren diese Begriffe fast unbekannt. Heutzutage kann man die angegebenen Begriffe immer wieder h\u00f6ren und die mit ihnen gemeinten Eingriffe geh\u00f6ren zum Grundangebot der meisten stomatologischen Kliniken. In diesem Artikel m\u00f6chten wir Sie ausf\u00fchrlich \u00fcber\u00a0\u00a0\u201eKnochenplastik\u201c informieren. Ein Knochenaufbau l\u00e4sst sich sowohl im Oberkiefer als auch im Unterkiefer durchf\u00fchren. Unter Verwendung moderner Methoden und Materialien k\u00f6nnen auf diese Weise verschiedene Knochendefekte rekonstruiert werden. Vorteile und Durchf\u00fchrung der Knochenplastik in der Klinik Dsmile: Vor der Knochenplastik wird immer die CT-Untersuchung durchgef\u00fchrt. Mithilfe der 3D-Methode kann der Defekt zuverl\u00e4ssig beurteilt werden und ein geeignetes Material und Verfahren gew\u00e4hlt werden. Knochenplastiken werden ebenso wie die anderen Eingriffe unter Verwendung eines Mikroskops durchgef\u00fchrt. Das gew\u00e4hrleistet ein gutes Ergebnis und verringert das Risiko des Auftretens postoperativer Komplikationen; mithilfe einer modernen Ausstattung, wie z. B. Ger\u00e4t f\u00fcr Ultraschallchirurgie Satelec Piezotome 2 und Mikroskop, k\u00f6nnen umfangreiche Knochenplastiken (Sinuslift) im Oberkiefer durch eine etwa 4 mm gro\u00dfe \u00d6ffnung durchgef\u00fchrt werden. Dieser minimal invasive Eingriff eliminiert v\u00f6llig die postoperative Sensibilit\u00e4t sowie Schmerzen und Schwellungen; qualitativ hochwertige, moderne Knochenersatzmaterialien tragen zu einem nachfolgenden guten Ergebnis bei; die \u00c4rzte unserer Klinik erh\u00f6hen st\u00e4ndig ihre Qualifikation und nehmen an Kursen teil, die von anerkannten europ\u00e4ischen Spezialisten geleitet werden; Arten von Knochenplastiken: Knochenaufbau in Breite \u2014 d. h. horizontale Knochenplastik; Knochenaufbau in H\u00f6he \u2014 d. h. vertikale Knochenplastik; Knochenaufbau im seitlichen Kieferbereich wird als Sinuslift bezeichnet (Sinusbodenelevation). Man unterscheidet ein offenes und ein geschlossenes Verfahren (Sinuslift). Knochenaufbau nach Zahnextraktion; bei geringen Defekten wird eine Knochenplastik mit gleichzeitiger Zahnimplantation durchgef\u00fchrt; bei gro\u00dfen Knochendefekten wird der Eingriff vor der Implantation durchgef\u00fchrt und\u00a0\u00a0erfordert eine gewisse Einheilungszeit. Moderne Techniken der Knochenplastik in der Klinik Dsmile: Intralift\u00a0\u2013 Knochenplastik im Bereich des Oberkiefers, durchgef\u00fchrt durch eine kleine \u00d6ffnung mithilfe eines Ultraschallger\u00e4ts. Die H\u00f6hle des Oberkiefers ist mit einer d\u00fcnnen Membran bedeckt, die mit dem aus der Ultraschallspitze str\u00f6menden Wasser gehoben wird. In den entstehenden Raum wird ein synthetischer Knochen eingelegt. Im Regelfall haben die Patienten nach der Operation keine Schmerzen und Schwellungen; Tunneltechnik \u2014\u00a0zwischen Knochen und Knochenhaut (ein z\u00e4hes, d\u00fcnnes Gewebe, das jeden Knochen umgibt) wird der sog. \u201eTunnel\u201c oder eine \u201eTasche\u201c gebildet. In die entstehende Tasche wird Knochen eingelegt. Diese Operationstechnik wird mit nur minimalen Schnitten durchgef\u00fchrt, hierdurch wird eine schnelle Heilung der Operationswunde und eine ungest\u00f6rte Einheilung des Knochens gew\u00e4hrleistet. Welche Materialien werden f\u00fcr Knochenplastiken verwendet: Xenograft \u2014 Knochenpulver tierischen Ursprungs (meistens aus\u00a0Kalbsknochen) autologer Knochen (Eigenknochen) \u2013 Knochen wird mit einem kleinen Schaber aus bestimmten Bereichen des Kiefers entnommen synthetische (k\u00fcnstliche) Knochenersatzmaterialien. In unserer Klinik verwendet man f\u00fcr Knochenplastiken Xenograft und Eigenknochen des Patienten. Der Preis f\u00fcr eine Knochenplastik\u00a0in der Klinik DSmile wird meistens je nach Menge der verbrauchten Materialien und in Abh\u00e4ngigkeit von der verwendeten Technik\u00a0bestimmt.\u00a0Der Preis f\u00fcr eine Knochenplastik \u2013 ab 550 EUR. Die \u00c4rzte der Klinik DSmile\u00a0empfehlen Ihnen die geeignete Art der Knochenplastik und f\u00fchren sie durch, und zwar\u00a0aufgrund vieler Angaben\u00a0wie z. B. Computertomographie, Gesundheitszustand, Niveau der Mundhygiene, sch\u00e4dliche Gewohnheiten etc.\" \/>\n<meta property=\"og:url\" content=\"https:\/\/dsmile.cz\/de\/service\/knochenplastik\/\" \/>\n<meta property=\"og:site_name\" content=\"Stomatologie Dsmile v Praze | Modern\u00ed zubn\u00ed ordinace\" \/>\n<meta property=\"article:modified_time\" content=\"2024-07-15T23:01:36+00:00\" \/>\n<meta name=\"twitter:card\" content=\"summary\" \/>\n<meta name=\"twitter:label1\" content=\"Est. reading time\">\n\t<meta name=\"twitter:data1\" content=\"3 minutes\">\n<script type=\"application\/ld+json\" class=\"yoast-schema-graph\">{\"@context\":\"https:\/\/schema.org\",\"@graph\":[{\"@type\":\"WebSite\",\"@id\":\"https:\/\/dsmile.cz\/ru\/#website\",\"url\":\"https:\/\/dsmile.cz\/ru\/\",\"name\":\"Stomatologie Dsmile v Praze | Modern\\u00ed zubn\\u00ed ordinace\",\"description\":\"Modern\\u00ed zubn\\u00ed ordinace v Praze\",\"potentialAction\":[{\"@type\":\"SearchAction\",\"target\":\"https:\/\/dsmile.cz\/ru\/?s={search_term_string}\",\"query-input\":\"required name=search_term_string\"}],\"inLanguage\":\"de-DE\"},{\"@type\":\"WebPage\",\"@id\":\"https:\/\/dsmile.cz\/de\/service\/knochenplastik\/#webpage\",\"url\":\"https:\/\/dsmile.cz\/de\/service\/knochenplastik\/\",\"name\":\"Knochenplastik | Stomatologie Dsmile v Praze | Modern\\u00ed zubn\\u00ed ordinace\",\"isPartOf\":{\"@id\":\"https:\/\/dsmile.cz\/ru\/#website\"},\"datePublished\":\"2018-08-18T18:17:49+00:00\",\"dateModified\":\"2024-07-15T23:01:36+00:00\",\"breadcrumb\":{\"@id\":\"https:\/\/dsmile.cz\/de\/service\/knochenplastik\/#breadcrumb\"},\"inLanguage\":\"de-DE\",\"potentialAction\":[{\"@type\":\"ReadAction\",\"target\":[\"https:\/\/dsmile.cz\/de\/service\/knochenplastik\/\"]}]},{\"@type\":\"BreadcrumbList\",\"@id\":\"https:\/\/dsmile.cz\/de\/service\/knochenplastik\/#breadcrumb\",\"itemListElement\":[{\"@type\":\"ListItem\",\"position\":1,\"item\":{\"@type\":\"WebPage\",\"@id\":\"https:\/\/dsmile.cz\/de\/kategorie\/dienstleistungen\/\",\"url\":\"https:\/\/dsmile.cz\/de\/kategorie\/dienstleistungen\/\",\"name\":\"Dienstleistungen\"}},{\"@type\":\"ListItem\",\"position\":2,\"item\":{\"@type\":\"WebPage\",\"@id\":\"https:\/\/dsmile.cz\/sluzby\/implantace-a-chirurgie\/\",\"url\":\"https:\/\/dsmile.cz\/sluzby\/implantace-a-chirurgie\/\",\"name\":\"Implantologie und chirurgie\"}},{\"@type\":\"ListItem\",\"position\":3,\"item\":{\"@type\":\"WebPage\",\"@id\":\"https:\/\/dsmile.cz\/de\/service\/knochenplastik\/\",\"url\":\"https:\/\/dsmile.cz\/de\/service\/knochenplastik\/\",\"name\":\"Knochenplastik\"}}]}]}<\/script>\n<!-- \/ Yoast SEO plugin. -->","_links":{"self":[{"href":"https:\/\/dsmile.cz\/de\/wp-json\/wp\/v2\/pages\/2789"}],"collection":[{"href":"https:\/\/dsmile.cz\/de\/wp-json\/wp\/v2\/pages"}],"about":[{"href":"https:\/\/dsmile.cz\/de\/wp-json\/wp\/v2\/types\/page"}],"author":[{"embeddable":true,"href":"https:\/\/dsmile.cz\/de\/wp-json\/wp\/v2\/users\/3"}],"replies":[{"embeddable":true,"href":"https:\/\/dsmile.cz\/de\/wp-json\/wp\/v2\/comments?post=2789"}],"version-history":[{"count":7,"href":"https:\/\/dsmile.cz\/de\/wp-json\/wp\/v2\/pages\/2789\/revisions"}],"predecessor-version":[{"id":10208,"href":"https:\/\/dsmile.cz\/de\/wp-json\/wp\/v2\/pages\/2789\/revisions\/10208"}],"up":[{"embeddable":true,"href":"https:\/\/dsmile.cz\/de\/wp-json\/wp\/v2\/pages\/2760"}],"wp:attachment":[{"href":"https:\/\/dsmile.cz\/de\/wp-json\/wp\/v2\/media?parent=2789"}],"curies":[{"name":"wp","href":"https:\/\/api.w.org\/{rel}","templated":true}]}}