{"id":2806,"date":"2018-08-18T23:02:47","date_gmt":"2018-08-18T21:02:47","guid":{"rendered":"http:\/\/dsmile.cz\/de\/dienstleistungen\/specialni-sluzby\/svatebni-usmev\/"},"modified":"2024-07-16T01:24:57","modified_gmt":"2024-07-15T23:24:57","slug":"hochzeitslaecheln","status":"publish","type":"page","link":"https:\/\/dsmile.cz\/de\/service\/hochzeitslaecheln\/","title":{"rendered":"Hochzeitsl\u00e4cheln"},"content":{"rendered":"<div id=\"pl-2806\"  class=\"panel-layout\" ><div id=\"pg-2806-0\"  class=\"panel-grid panel-has-style\" ><div class=\"box-price panel-row-style panel-row-style-for-2806-0\" ><div id=\"pgc-2806-0-0\"  class=\"panel-grid-cell\" ><div id=\"panel-2806-0-0-0\" class=\"so-panel widget widget_sow-editor panel-first-child panel-last-child\" data-index=\"0\" ><div class=\"so-widget-sow-editor so-widget-sow-editor-base\">\n<div class=\"siteorigin-widget-tinymce textwidget\">\n\t<div>\n<p>Hochzeitsl\u00e4cheln \/ Preis ab 6 100 EUR<\/p>\n<p><a title=\"Einen Termin vereinbaren\" href=\"#contact_form_service\">Einen Termin vereinbaren<\/a><\/p>\n<\/div>\n<\/div>\n<\/div><\/div><\/div><\/div><\/div><div id=\"pg-2806-1\"  class=\"panel-grid panel-no-style\" ><div id=\"pgc-2806-1-0\"  class=\"panel-grid-cell\" ><div id=\"panel-2806-1-0-0\" class=\"so-panel widget widget_sow-editor panel-first-child panel-last-child\" data-index=\"1\" ><div class=\"so-widget-sow-editor so-widget-sow-editor-base\">\n<div class=\"siteorigin-widget-tinymce textwidget\">\n\t<div class=\"post-thumbnail\">\n<p class=\"p1\"><span class=\"s1\">Welche Varianten kann das \u201eHochzeitsl\u00e4cheln\u201c haben:<\/span><\/p>\n<ul class=\"ul1\">\n<li class=\"li1\"><span class=\"s1\"><b>Bleichen<\/b>\u00a0der oberen und unteren Z\u00e4hne mit dem Zoom-4-System \u2013 eine Aufhellung der Z\u00e4hne um 3-4 Farbt\u00f6ne<\/span><\/li>\n<li class=\"li1\"><span class=\"s1\"><b>Skyn concept<\/b>\u00a0\u2013 Abdeckung der oberen oder unteren vorderen Z\u00e4hne mithilfe der ultrad\u00fcnnen Keramikfacetten (CEREC) innerhalb von einigen Stunden in einer Sitzung<\/span><\/li>\n<li class=\"li1\"><span class=\"s1\">Abdeckung der oberen vorderen Z\u00e4hne mithilfe von Kompositfacetten und Bleichen der unteren Z\u00e4hne in einer einzigen Sitzung<\/span><\/li>\n<li class=\"li1\"><span class=\"s1\">Abdeckung der unteren vorderen Z\u00e4hne mithilfe von Keramikfacetten und Bleichen der oberen Z\u00e4hne.<\/span><\/li>\n<\/ul>\n<p><img loading=\"lazy\" class=\"wp-image-393 size-full\" src=\"https:\/\/www.dsmile.cz\/wp-content\/uploads\/2017\/08\/Untitled-design-3-1.jpg\" sizes=\"(max-width: 709px) 85vw, (max-width: 909px) 67vw, (max-width: 984px) 61vw, (max-width: 1362px) 45vw, 600px\" srcset=\"https:\/\/www.dsmile.cz\/wp-content\/uploads\/2017\/08\/Untitled-design-3-1.jpg 725w, https:\/\/www.dsmile.cz\/wp-content\/uploads\/2017\/08\/Untitled-design-3-1-300x124.jpg 300w\" alt=\"provizn\u00ed n\u00e1hrada\" width=\"725\" height=\"300\" \/><\/p>\n<p class=\"p1\"><span class=\"s1\">Die Hochzeit ist wohl eins der wichtigsten und gl\u00fccklichsten Ereignisse in unserem Leben. Die Verlobten bem\u00fchen sich, an ihrem Hochzeitstag perfekt auszusehen \u2013 Anzug, Kleid, Friseur,<\/span>\u00a0<span class=\"s1\">Visagist \u2026 Und gerade zu diesem Tag geh\u00f6rt unabdingbar ein sch\u00f6nes L\u00e4cheln.<\/span><\/p>\n<p class=\"p1\"><span class=\"s1\">\u201eHochzeitsl\u00e4cheln\u201c ist eine neue Dienstleistung, die unsere Klinik Dsmile anbietet. Unsere \u00c4rzte helfen Ihnen<\/span>\u00a0<span class=\"s1\">ein unwiderstehliches L\u00e4cheln innerhalb von einem Tag zu bekommen,<\/span>\u00a0<span class=\"s1\">damit Sie sich sowie Ihre Umgebung \u00fcber das Ergebnis viele Jahre freuen k\u00f6nnen. Wir glauben, dass diese Dienstleistung Ihnen ein attraktives Aussehen vor der Verabredung, Gesch\u00e4ftsverhandlung, Jahresfeier oder vor einem anderen wichtigen Ereignis sichert.<\/span><\/p>\n<p class=\"p2\"><span class=\"s1\">Die Arbeit hat 3 Stunden gedauert.<\/span><\/p>\n<p class=\"p1\"><span class=\"s1\"><b>Innerhalb welchen Zeitraums kann man ein sch\u00f6nes L\u00e4cheln bekommen und welche Vorteile hat diese Dienstleistung:<\/b><\/span><\/p>\n<p><img loading=\"lazy\" class=\"alignnone size-full wp-image-431\" src=\"https:\/\/www.dsmile.cz\/wp-content\/uploads\/2017\/08\/Yurlova-2.jpg\" sizes=\"(max-width: 709px) 85vw, (max-width: 909px) 67vw, (max-width: 984px) 61vw, (max-width: 1362px) 45vw, 600px\" srcset=\"https:\/\/www.dsmile.cz\/wp-content\/uploads\/2017\/08\/Yurlova-2.jpg 725w, https:\/\/www.dsmile.cz\/wp-content\/uploads\/2017\/08\/Yurlova-2-300x124.jpg 300w\" alt=\"\" width=\"725\" height=\"300\" \/><img loading=\"lazy\" class=\"alignnone size-full wp-image-430\" src=\"https:\/\/www.dsmile.cz\/wp-content\/uploads\/2017\/08\/Yurlova-1-2.jpg\" sizes=\"(max-width: 709px) 85vw, (max-width: 909px) 67vw, (max-width: 984px) 61vw, (max-width: 1362px) 45vw, 600px\" srcset=\"https:\/\/www.dsmile.cz\/wp-content\/uploads\/2017\/08\/Yurlova-1-2.jpg 725w, https:\/\/www.dsmile.cz\/wp-content\/uploads\/2017\/08\/Yurlova-1-2-300x124.jpg 300w\" alt=\"\" width=\"725\" height=\"300\" \/><\/p>\n<ul class=\"ul1\">\n<li class=\"li4\"><span class=\"s1\">ein sch\u00f6nes L\u00e4cheln k\u00f6nnen Sie sich am Tag vor der Hochzeit, vor der Gesch\u00e4ftsverhandlung oder einem wichtigen Ereignis besorgen;<\/span><\/li>\n<li class=\"li4\"><span class=\"s1\">moderne Verfahren und digitale Technologien erm\u00f6glichen Ihnen, ein unwiderstehliches L\u00e4cheln in einer einzigen Sitzung zu bekommen;<\/span><\/li>\n<li class=\"li4\"><span class=\"s1\">das L\u00e4cheln verschwindet \u201eam zweiten Tag\u201c nicht,<\/span>\u00a0<span class=\"s1\">sondern Sie und Ihre Umgebung k\u00f6nnen sich viele Jahre \u00fcber das Ergebnis freuen;<\/span><\/li>\n<li class=\"li4\"><span class=\"s1\">dank hoch\u00e4sthetischer Fotokomposit-Materialien und Keramik ist Ihr L\u00e4cheln nat\u00fcrlich und unwiderstehlich, sodass Sie sich sowie Ihre Umgebung viele Jahre \u00fcber das Ergebnis freuen k\u00f6nnen.<\/span><\/li>\n<li class=\"li4\"><span class=\"s1\">Ihr L\u00e4cheln sichert Ihnen nicht nur ein attraktives Aussehen<\/span>\u00a0<span class=\"s1\">und Selbstbewusstsein, sondern auch angenehme Erinnerungen beim Anschauen von Foto- und Videoaufnahmen.<\/span><\/li>\n<\/ul>\n<p><iframe loading=\"lazy\" src=\"https:\/\/www.youtube.com\/embed\/rS-rOwI_FVQ?feature=oembed\" width=\"840\" height=\"473\" frameborder=\"0\" allowfullscreen=\"allowfullscreen\" data-mce-fragment=\"1\"><\/iframe><\/p>\n<p class=\"p1\"><span class=\"s1\"><b>Welche Varianten kann das \u201eHochzeitsl\u00e4cheln\u201c haben:<\/b><\/span><\/p>\n<ul class=\"ul1\">\n<li class=\"li4\"><span class=\"s1\"><b>Bleichen<\/b>\u00a0der oberen und unteren Z\u00e4hne mit dem Zoom-4-System \u2013 eine Aufhellung der Z\u00e4hne um 3-4 Farbt\u00f6ne;<\/span><\/li>\n<li class=\"li4\"><span class=\"s1\"><b>Skyn<\/b>\u00a0<b>concept<\/b>\u00a0\u2013 Abdeckung der oberen oder unteren vorderen Z\u00e4hne mithilfe der ultrad\u00fcnnen Keramikfacetten (CEREC) innerhalb von einigen Stunden in einer Sitzung;<\/span><\/li>\n<li class=\"li4\"><span class=\"s1\">Abdeckung der oberen vorderen Z\u00e4hne mithilfe von Kompositfacetten und Bleichen der unteren Z\u00e4hne in einer einzigen Sitzung;<\/span><\/li>\n<li class=\"li4\"><span class=\"s1\">Abdeckung der unteren vorderen Z\u00e4hne mithilfe von Keramikfacetten und Bleichen der oberen Z\u00e4hne.<\/span><\/li>\n<\/ul>\n<p class=\"p1\"><span class=\"s1\"><b>Was kann man in einer Sitzung f\u00fcr die Sicherstellung eines sch\u00f6nen L\u00e4chelns tun:<\/b><\/span><\/p>\n<ul class=\"ul1\">\n<li class=\"li4\"><span class=\"s1\">die Z\u00e4hne um einige Farbt\u00f6ne aufhellen;<\/span><\/li>\n<li class=\"li4\"><span class=\"s1\">die Form eines Zahnes ver\u00e4ndern;<\/span><\/li>\n<li class=\"li4\"><span class=\"s1\">die Stellung der Z\u00e4hne ver\u00e4ndern;<\/span><\/li>\n<li class=\"li4\"><span class=\"s1\">durch Karies verursachte Zahndefekte, Absplitterungen oder Risse korrigieren.<\/span><\/li>\n<\/ul>\n<p class=\"p1\"><span class=\"s1\">Der Preis des \u201eHochzeitsl\u00e4chelns\u201c h\u00e4ngt vom Verfahren zur Zahnkorrektur ab. In der Klinik Dsmile w\u00e4hlen wir f\u00fcr Sie eine geeignete Korrekturweise aus und helfen Ihnen, ein bezauberndes L\u00e4cheln in einer einzigen Sitzung zu bekommen!<\/span><\/p>\n<\/div>\n<\/div>\n<\/div><\/div><\/div><\/div><div id=\"pg-2806-2\"  class=\"panel-grid panel-has-style\" ><div id=\"contact_form_service\" class=\"panel-row-style panel-row-style-for-2806-2\" ><div id=\"pgc-2806-2-0\"  class=\"panel-grid-cell\" ><div id=\"panel-2806-2-0-0\" class=\"widget_text so-panel widget widget_custom_html panel-first-child panel-last-child\" data-index=\"2\" ><div class=\"widget_text contact_form_service panel-widget-style panel-widget-style-for-2806-2-0-0\" ><div class=\"textwidget custom-html-widget\"><br><h2 class=\"content-title\">Bestellen Sie sich bei uns<\/h2><br><br>\n\n<div role=\"form\" class=\"wpcf7\" id=\"wpcf7-f819-o1\" lang=\"de-DE\" dir=\"ltr\">\n<div class=\"screen-reader-response\"><p role=\"status\" aria-live=\"polite\" aria-atomic=\"true\"><\/p> <ul><\/ul><\/div>\n<form action=\"\/de\/wp-json\/wp\/v2\/pages\/2806#wpcf7-f819-o1\" method=\"post\" class=\"wpcf7-form init\" novalidate=\"novalidate\" data-status=\"init\">\n<div style=\"display: none;\">\n<input type=\"hidden\" name=\"_wpcf7\" value=\"819\" \/>\n<input type=\"hidden\" name=\"_wpcf7_version\" value=\"5.4.1\" \/>\n<input type=\"hidden\" name=\"_wpcf7_locale\" value=\"de_DE\" \/>\n<input type=\"hidden\" name=\"_wpcf7_unit_tag\" value=\"wpcf7-f819-o1\" \/>\n<input type=\"hidden\" name=\"_wpcf7_container_post\" value=\"0\" \/>\n<input type=\"hidden\" name=\"_wpcf7_posted_data_hash\" value=\"\" \/>\n<input type=\"hidden\" name=\"_wpcf7_recaptcha_response\" value=\"\" \/>\n<\/div>\n<div class=\"container-boxed\">\n<p>Wir melden uns so bald wie m\u00f6glich mit einem Terminvorschlag bei Ihnen.<\/p>\n<hr>\n<div class=\"input-box\">\n<label> Vorname und Familienname<small>\/ Pflichtangabe<\/small><br \/>\n    <span class=\"wpcf7-form-control-wrap your-name\"><input type=\"text\" name=\"your-name\" value=\"\" size=\"40\" class=\"wpcf7-form-control wpcf7-text wpcf7-validates-as-required\" aria-required=\"true\" aria-invalid=\"false\" \/><\/span> <\/label>\n<\/div>\n<div class=\"input-box\">\n<label> Ihre E-Mail <small>\/ Pflichtangabe <\/small><br \/>\n    <span class=\"wpcf7-form-control-wrap your-email\"><input type=\"email\" name=\"your-email\" value=\"\" size=\"40\" class=\"wpcf7-form-control wpcf7-text wpcf7-email wpcf7-validates-as-required wpcf7-validates-as-email\" aria-required=\"true\" aria-invalid=\"false\" \/><\/span> <\/label>\n<\/div>\n<div class=\"input-box\">\n<label> Ihre Telefonnummer<br \/>\n    <span class=\"wpcf7-form-control-wrap tel-181\"><input type=\"tel\" name=\"tel-181\" value=\"\" size=\"40\" class=\"wpcf7-form-control wpcf7-text wpcf7-tel wpcf7-validates-as-tel\" aria-invalid=\"false\" \/><\/span> <\/label>\n<\/div>\n<div class=\"input-box\">\n<label> Zvolte slu\u017ebu <small>\/ Povinn\u00e9<\/small><br \/>\n     <\/label>\n<\/div>\n<style>\n.sluzba > select {\nheight: 45px;\nwidth: 93%;\ncolor: black;\n}\n@media screen and (max-width: 730px) {\n.sluzba > select {\nwidth: 100%;\n}\n}\n<\/style>\n<p><input type=\"submit\" value=\"Senden\" class=\"wpcf7-form-control wpcf7-submit\" \/>\n<\/p><\/div>\n<div class=\"wpcf7-response-output\" aria-hidden=\"true\"><\/div><\/form><\/div><\/div><\/div><\/div><\/div><\/div><\/div><\/div>","protected":false},"excerpt":{"rendered":"<p>Hochzeitsl\u00e4cheln \/ Preis ab 6 100 EUREinen Termin vereinbaren Welche Varianten kann das \u201eHochzeitsl\u00e4cheln\u201c haben: Bleichen\u00a0der oberen und unteren Z\u00e4hne mit dem Zoom-4-System \u2013 eine Aufhellung der Z\u00e4hne um 3-4 Farbt\u00f6ne Skyn concept\u00a0\u2013 Abdeckung der oberen oder unteren vorderen Z\u00e4hne mithilfe der ultrad\u00fcnnen Keramikfacetten (CEREC) innerhalb von einigen Stunden in einer Sitzung Abdeckung der oberen vorderen Z\u00e4hne mithilfe von Kompositfacetten und Bleichen der unteren Z\u00e4hne in einer einzigen Sitzung Abdeckung der unteren vorderen Z\u00e4hne mithilfe von Keramikfacetten und Bleichen der oberen Z\u00e4hne. Die Hochzeit ist wohl eins der wichtigsten und gl\u00fccklichsten Ereignisse in unserem Leben. Die Verlobten bem\u00fchen sich, an ihrem Hochzeitstag perfekt auszusehen \u2013 Anzug, Kleid, Friseur,\u00a0Visagist \u2026 Und gerade zu diesem Tag geh\u00f6rt unabdingbar ein sch\u00f6nes L\u00e4cheln. \u201eHochzeitsl\u00e4cheln\u201c ist eine neue Dienstleistung, die unsere Klinik Dsmile anbietet. Unsere \u00c4rzte helfen Ihnen\u00a0ein unwiderstehliches L\u00e4cheln innerhalb von einem Tag zu bekommen,\u00a0damit Sie sich sowie Ihre Umgebung \u00fcber das Ergebnis viele Jahre freuen k\u00f6nnen. Wir glauben, dass diese Dienstleistung Ihnen ein attraktives Aussehen vor der Verabredung, Gesch\u00e4ftsverhandlung, Jahresfeier oder vor einem anderen wichtigen Ereignis sichert. Die Arbeit hat 3 Stunden gedauert. Innerhalb welchen Zeitraums kann man ein sch\u00f6nes L\u00e4cheln bekommen und welche Vorteile hat diese Dienstleistung: ein sch\u00f6nes L\u00e4cheln k\u00f6nnen Sie sich am Tag vor der Hochzeit, vor der Gesch\u00e4ftsverhandlung oder einem wichtigen Ereignis besorgen; moderne Verfahren und digitale Technologien erm\u00f6glichen Ihnen, ein unwiderstehliches L\u00e4cheln in einer einzigen Sitzung zu bekommen; das L\u00e4cheln verschwindet \u201eam zweiten Tag\u201c nicht,\u00a0sondern Sie und Ihre Umgebung k\u00f6nnen sich viele Jahre \u00fcber das Ergebnis freuen; dank hoch\u00e4sthetischer Fotokomposit-Materialien und Keramik ist Ihr L\u00e4cheln nat\u00fcrlich und unwiderstehlich, sodass Sie sich sowie Ihre Umgebung viele Jahre \u00fcber das Ergebnis freuen k\u00f6nnen. Ihr L\u00e4cheln sichert Ihnen nicht nur ein attraktives Aussehen\u00a0und Selbstbewusstsein, sondern auch angenehme Erinnerungen beim Anschauen von Foto- und Videoaufnahmen. Welche Varianten kann das \u201eHochzeitsl\u00e4cheln\u201c haben: Bleichen\u00a0der oberen und unteren Z\u00e4hne mit dem Zoom-4-System \u2013 eine Aufhellung der Z\u00e4hne um 3-4 Farbt\u00f6ne; Skyn\u00a0concept\u00a0\u2013 Abdeckung der oberen oder unteren vorderen Z\u00e4hne mithilfe der ultrad\u00fcnnen Keramikfacetten (CEREC) innerhalb von einigen Stunden in einer Sitzung; Abdeckung der oberen vorderen Z\u00e4hne mithilfe von Kompositfacetten und Bleichen der unteren Z\u00e4hne in einer einzigen Sitzung; Abdeckung der unteren vorderen Z\u00e4hne mithilfe von Keramikfacetten und Bleichen der oberen Z\u00e4hne. Was kann man in einer Sitzung f\u00fcr die Sicherstellung eines sch\u00f6nen L\u00e4chelns tun: die Z\u00e4hne um einige Farbt\u00f6ne aufhellen; die Form eines Zahnes ver\u00e4ndern; die Stellung der Z\u00e4hne ver\u00e4ndern; durch Karies verursachte Zahndefekte, Absplitterungen oder Risse korrigieren. Der Preis des \u201eHochzeitsl\u00e4chelns\u201c h\u00e4ngt vom Verfahren zur Zahnkorrektur ab. In der Klinik Dsmile w\u00e4hlen wir f\u00fcr Sie eine geeignete Korrekturweise aus und helfen Ihnen, ein bezauberndes L\u00e4cheln in einer einzigen Sitzung zu bekommen!<\/p>\n","protected":false},"author":3,"featured_media":0,"parent":2753,"menu_order":0,"comment_status":"closed","ping_status":"closed","template":"page-sidebar.php","meta":[],"yoast_head":"<!-- This site is optimized with the Yoast SEO plugin v16.1.1 - https:\/\/yoast.com\/wordpress\/plugins\/seo\/ -->\n<title>Hochzeitsl\u00e4cheln | Stomatologie Dsmile v Praze | Modern\u00ed zubn\u00ed ordinace<\/title>\n<link rel=\"canonical\" href=\"https:\/\/dsmile.cz\/de\/service\/hochzeitslaecheln\/\" \/>\n<meta property=\"og:locale\" content=\"de_DE\" \/>\n<meta property=\"og:type\" content=\"article\" \/>\n<meta property=\"og:title\" content=\"Hochzeitsl\u00e4cheln | Stomatologie Dsmile v Praze | Modern\u00ed zubn\u00ed ordinace\" \/>\n<meta property=\"og:description\" content=\"Hochzeitsl\u00e4cheln \/ Preis ab 6 100 EUREinen Termin vereinbaren Welche Varianten kann das \u201eHochzeitsl\u00e4cheln\u201c haben: Bleichen\u00a0der oberen und unteren Z\u00e4hne mit dem Zoom-4-System \u2013 eine Aufhellung der Z\u00e4hne um 3-4 Farbt\u00f6ne Skyn concept\u00a0\u2013 Abdeckung der oberen oder unteren vorderen Z\u00e4hne mithilfe der ultrad\u00fcnnen Keramikfacetten (CEREC) innerhalb von einigen Stunden in einer Sitzung Abdeckung der oberen vorderen Z\u00e4hne mithilfe von Kompositfacetten und Bleichen der unteren Z\u00e4hne in einer einzigen Sitzung Abdeckung der unteren vorderen Z\u00e4hne mithilfe von Keramikfacetten und Bleichen der oberen Z\u00e4hne. Die Hochzeit ist wohl eins der wichtigsten und gl\u00fccklichsten Ereignisse in unserem Leben. Die Verlobten bem\u00fchen sich, an ihrem Hochzeitstag perfekt auszusehen \u2013 Anzug, Kleid, Friseur,\u00a0Visagist \u2026 Und gerade zu diesem Tag geh\u00f6rt unabdingbar ein sch\u00f6nes L\u00e4cheln. \u201eHochzeitsl\u00e4cheln\u201c ist eine neue Dienstleistung, die unsere Klinik Dsmile anbietet. Unsere \u00c4rzte helfen Ihnen\u00a0ein unwiderstehliches L\u00e4cheln innerhalb von einem Tag zu bekommen,\u00a0damit Sie sich sowie Ihre Umgebung \u00fcber das Ergebnis viele Jahre freuen k\u00f6nnen. Wir glauben, dass diese Dienstleistung Ihnen ein attraktives Aussehen vor der Verabredung, Gesch\u00e4ftsverhandlung, Jahresfeier oder vor einem anderen wichtigen Ereignis sichert. Die Arbeit hat 3 Stunden gedauert. Innerhalb welchen Zeitraums kann man ein sch\u00f6nes L\u00e4cheln bekommen und welche Vorteile hat diese Dienstleistung: ein sch\u00f6nes L\u00e4cheln k\u00f6nnen Sie sich am Tag vor der Hochzeit, vor der Gesch\u00e4ftsverhandlung oder einem wichtigen Ereignis besorgen; moderne Verfahren und digitale Technologien erm\u00f6glichen Ihnen, ein unwiderstehliches L\u00e4cheln in einer einzigen Sitzung zu bekommen; das L\u00e4cheln verschwindet \u201eam zweiten Tag\u201c nicht,\u00a0sondern Sie und Ihre Umgebung k\u00f6nnen sich viele Jahre \u00fcber das Ergebnis freuen; dank hoch\u00e4sthetischer Fotokomposit-Materialien und Keramik ist Ihr L\u00e4cheln nat\u00fcrlich und unwiderstehlich, sodass Sie sich sowie Ihre Umgebung viele Jahre \u00fcber das Ergebnis freuen k\u00f6nnen. Ihr L\u00e4cheln sichert Ihnen nicht nur ein attraktives Aussehen\u00a0und Selbstbewusstsein, sondern auch angenehme Erinnerungen beim Anschauen von Foto- und Videoaufnahmen. Welche Varianten kann das \u201eHochzeitsl\u00e4cheln\u201c haben: Bleichen\u00a0der oberen und unteren Z\u00e4hne mit dem Zoom-4-System \u2013 eine Aufhellung der Z\u00e4hne um 3-4 Farbt\u00f6ne; Skyn\u00a0concept\u00a0\u2013 Abdeckung der oberen oder unteren vorderen Z\u00e4hne mithilfe der ultrad\u00fcnnen Keramikfacetten (CEREC) innerhalb von einigen Stunden in einer Sitzung; Abdeckung der oberen vorderen Z\u00e4hne mithilfe von Kompositfacetten und Bleichen der unteren Z\u00e4hne in einer einzigen Sitzung; Abdeckung der unteren vorderen Z\u00e4hne mithilfe von Keramikfacetten und Bleichen der oberen Z\u00e4hne. Was kann man in einer Sitzung f\u00fcr die Sicherstellung eines sch\u00f6nen L\u00e4chelns tun: die Z\u00e4hne um einige Farbt\u00f6ne aufhellen; die Form eines Zahnes ver\u00e4ndern; die Stellung der Z\u00e4hne ver\u00e4ndern; durch Karies verursachte Zahndefekte, Absplitterungen oder Risse korrigieren. Der Preis des \u201eHochzeitsl\u00e4chelns\u201c h\u00e4ngt vom Verfahren zur Zahnkorrektur ab. In der Klinik Dsmile w\u00e4hlen wir f\u00fcr Sie eine geeignete Korrekturweise aus und helfen Ihnen, ein bezauberndes L\u00e4cheln in einer einzigen Sitzung zu bekommen!\" \/>\n<meta property=\"og:url\" content=\"https:\/\/dsmile.cz\/de\/service\/hochzeitslaecheln\/\" \/>\n<meta property=\"og:site_name\" content=\"Stomatologie Dsmile v Praze | Modern\u00ed zubn\u00ed ordinace\" \/>\n<meta property=\"article:modified_time\" content=\"2024-07-15T23:24:57+00:00\" \/>\n<meta property=\"og:image\" content=\"https:\/\/www.dsmile.cz\/wp-content\/uploads\/2017\/08\/Untitled-design-3-1.jpg\" \/>\n<meta name=\"twitter:card\" content=\"summary\" \/>\n<meta name=\"twitter:label1\" content=\"Est. reading time\">\n\t<meta name=\"twitter:data1\" content=\"3 minutes\">\n<script type=\"application\/ld+json\" class=\"yoast-schema-graph\">{\"@context\":\"https:\/\/schema.org\",\"@graph\":[{\"@type\":\"WebSite\",\"@id\":\"https:\/\/dsmile.cz\/ru\/#website\",\"url\":\"https:\/\/dsmile.cz\/ru\/\",\"name\":\"Stomatologie Dsmile v Praze | Modern\\u00ed zubn\\u00ed ordinace\",\"description\":\"Modern\\u00ed zubn\\u00ed ordinace v Praze\",\"potentialAction\":[{\"@type\":\"SearchAction\",\"target\":\"https:\/\/dsmile.cz\/ru\/?s={search_term_string}\",\"query-input\":\"required name=search_term_string\"}],\"inLanguage\":\"de-DE\"},{\"@type\":\"ImageObject\",\"@id\":\"https:\/\/dsmile.cz\/de\/service\/hochzeitslaecheln\/#primaryimage\",\"inLanguage\":\"de-DE\",\"url\":\"https:\/\/www.dsmile.cz\/wp-content\/uploads\/2017\/08\/Untitled-design-3-1.jpg\",\"contentUrl\":\"https:\/\/www.dsmile.cz\/wp-content\/uploads\/2017\/08\/Untitled-design-3-1.jpg\"},{\"@type\":\"WebPage\",\"@id\":\"https:\/\/dsmile.cz\/de\/service\/hochzeitslaecheln\/#webpage\",\"url\":\"https:\/\/dsmile.cz\/de\/service\/hochzeitslaecheln\/\",\"name\":\"Hochzeitsl\\u00e4cheln | Stomatologie Dsmile v Praze | Modern\\u00ed zubn\\u00ed ordinace\",\"isPartOf\":{\"@id\":\"https:\/\/dsmile.cz\/ru\/#website\"},\"primaryImageOfPage\":{\"@id\":\"https:\/\/dsmile.cz\/de\/service\/hochzeitslaecheln\/#primaryimage\"},\"datePublished\":\"2018-08-18T21:02:47+00:00\",\"dateModified\":\"2024-07-15T23:24:57+00:00\",\"breadcrumb\":{\"@id\":\"https:\/\/dsmile.cz\/de\/service\/hochzeitslaecheln\/#breadcrumb\"},\"inLanguage\":\"de-DE\",\"potentialAction\":[{\"@type\":\"ReadAction\",\"target\":[\"https:\/\/dsmile.cz\/de\/service\/hochzeitslaecheln\/\"]}]},{\"@type\":\"BreadcrumbList\",\"@id\":\"https:\/\/dsmile.cz\/de\/service\/hochzeitslaecheln\/#breadcrumb\",\"itemListElement\":[{\"@type\":\"ListItem\",\"position\":1,\"item\":{\"@type\":\"WebPage\",\"@id\":\"https:\/\/dsmile.cz\/de\/kategorie\/dienstleistungen\/\",\"url\":\"https:\/\/dsmile.cz\/de\/kategorie\/dienstleistungen\/\",\"name\":\"Dienstleistungen\"}},{\"@type\":\"ListItem\",\"position\":2,\"item\":{\"@type\":\"WebPage\",\"@id\":\"https:\/\/dsmile.cz\/de\/dienstleistungen\/sonderdienstleistungen\/\",\"url\":\"https:\/\/dsmile.cz\/de\/dienstleistungen\/sonderdienstleistungen\/\",\"name\":\"Sonderdienstleistungen\"}},{\"@type\":\"ListItem\",\"position\":3,\"item\":{\"@type\":\"WebPage\",\"@id\":\"https:\/\/dsmile.cz\/de\/service\/hochzeitslaecheln\/\",\"url\":\"https:\/\/dsmile.cz\/de\/service\/hochzeitslaecheln\/\",\"name\":\"Hochzeitsl\\u00e4cheln\"}}]}]}<\/script>\n<!-- \/ Yoast SEO plugin. -->","_links":{"self":[{"href":"https:\/\/dsmile.cz\/de\/wp-json\/wp\/v2\/pages\/2806"}],"collection":[{"href":"https:\/\/dsmile.cz\/de\/wp-json\/wp\/v2\/pages"}],"about":[{"href":"https:\/\/dsmile.cz\/de\/wp-json\/wp\/v2\/types\/page"}],"author":[{"embeddable":true,"href":"https:\/\/dsmile.cz\/de\/wp-json\/wp\/v2\/users\/3"}],"replies":[{"embeddable":true,"href":"https:\/\/dsmile.cz\/de\/wp-json\/wp\/v2\/comments?post=2806"}],"version-history":[{"count":7,"href":"https:\/\/dsmile.cz\/de\/wp-json\/wp\/v2\/pages\/2806\/revisions"}],"predecessor-version":[{"id":10244,"href":"https:\/\/dsmile.cz\/de\/wp-json\/wp\/v2\/pages\/2806\/revisions\/10244"}],"up":[{"embeddable":true,"href":"https:\/\/dsmile.cz\/de\/wp-json\/wp\/v2\/pages\/2753"}],"wp:attachment":[{"href":"https:\/\/dsmile.cz\/de\/wp-json\/wp\/v2\/media?parent=2806"}],"curies":[{"name":"wp","href":"https:\/\/api.w.org\/{rel}","templated":true}]}}