{"id":2813,"date":"2018-08-18T22:59:57","date_gmt":"2018-08-18T20:59:57","guid":{"rendered":"http:\/\/dsmile.cz\/de\/dienstleistungen\/specialni-sluzby\/osetreni-v-narkoze\/"},"modified":"2021-05-18T17:38:47","modified_gmt":"2021-05-18T15:38:47","slug":"zahnbehandlung-unter-betaeubung","status":"publish","type":"page","link":"https:\/\/dsmile.cz\/de\/service\/zahnbehandlung-unter-betaeubung-2\/","title":{"rendered":"Zahnbehandlung unter Bet\u00e4ubung"},"content":{"rendered":"<div id=\"pl-2813\"  class=\"panel-layout\" ><div id=\"pg-2813-0\"  class=\"panel-grid panel-has-style\" ><div class=\"box-price panel-row-style panel-row-style-for-2813-0\" ><div id=\"pgc-2813-0-0\"  class=\"panel-grid-cell\" ><div id=\"panel-2813-0-0-0\" class=\"so-panel widget widget_sow-editor panel-first-child panel-last-child\" data-index=\"0\" ><div class=\"so-widget-sow-editor so-widget-sow-editor-base\">\n<div class=\"siteorigin-widget-tinymce textwidget\">\n\t<div>\n<p>Zahnbehandlung unter Bet\u00e4ubung \/ ab 140  EUR<\/p>\n<p><a title=\"Einen Termin vereinbaren\" href=\"#contact_form_service\">Einen Termin vereinbaren<\/a><\/p>\n<\/div>\n<\/div>\n<\/div><\/div><\/div><\/div><\/div><div id=\"pg-2813-1\"  class=\"panel-grid panel-no-style\" ><div id=\"pgc-2813-1-0\"  class=\"panel-grid-cell\" ><div id=\"panel-2813-1-0-0\" class=\"so-panel widget widget_sow-editor panel-first-child panel-last-child\" data-index=\"1\" ><div class=\"so-widget-sow-editor so-widget-sow-editor-base\">\n<div class=\"siteorigin-widget-tinymce textwidget\">\n\t<div class=\"post-thumbnail\">\n<div class=\"post-thumbnail\">\n<div class=\"post-thumbnail\">\n<div class=\"post-thumbnail\">\n<p class=\"p1\"><span class=\"s1\">Bei den meisten Leuten l\u00f6st das Wort \u201eStomatologie\u201c nichts Anderes als unangenehme Gef\u00fchle aus, die in unserem Unterbewusstsein schon seit der Kindheit angesiedelt sind. Wegen dieser Assoziationen zaudern dann die Patienten mit dem rechtzeitigen Zahnarztbesuch. Manche Leute w\u00fcrden begr\u00fc\u00dfen, wenn stomatologische Leistungen sozusagen \u201ehinter den Kulissen\u201c, verborgen, verlaufen k\u00f6nnten, aber zugleich m\u00f6chten alle ein qualitativ hochwertiges und langlebiges Ergebnis.<\/span><\/p>\n<p class=\"p1\"><span class=\"s1\">Dank progressiver Verfahren, moderner Ausstattung sowie qualitativ hochwertiger Materialien k\u00f6nnen heute die Z\u00e4hne schnell, gut und vor allem schmerzfrei behandelt, ersetzt und implantiert werden.<\/span><\/p>\n<p class=\"p1\"><span class=\"s1\">Unsere ausl\u00e4ndischen Patienten konnten schon die Vorteile aller stomatologischen Leistungen, die innerhalb von einem Tag unter Bet\u00e4ubung durchgef\u00fchrt werden, bewerten. Es ist nicht nur sehr komfortabel, sondern auch g\u00fcnstig.<\/span><\/p>\n<p class=\"p1\"><span class=\"s1\"><b>Die \u00c4rzte aus der Klinik Dsmile f\u00fchren die Zahnbehandlung und Zahnprothetik unter Vollnarkose durch.<\/b><\/span><\/p>\n<p class=\"p1\"><span class=\"s1\">Welche Eingriffe k\u00f6nnen unter Narkose durchgef\u00fchrt werden:<\/span><\/p>\n<ul class=\"ul1\">\n<li class=\"li2\"><span class=\"s1\">Implantation;<\/span><\/li>\n<li class=\"li2\"><span class=\"s1\">Zahnprothetik (Zahners\u00e4tze \u2013 Kronen\/ Inlay\/ Onlay);<\/span><\/li>\n<li class=\"li2\"><span class=\"s1\">vollst\u00e4ndige Rekonstruktion einer Zahnreihe mithilfe von \u201eAll-on-4-Implantaten\u201c;<\/span><\/li>\n<li class=\"li2\"><span class=\"s1\">Knochenplastik;<\/span><\/li>\n<li class=\"li2\"><span class=\"s1\">Weichgewebeplastik;<\/span><\/li>\n<li class=\"li2\"><span class=\"s1\">Plombieren der Z\u00e4hne;<\/span><\/li>\n<li class=\"li2\"><span class=\"s1\">Wurzelkanalbehandlung.<\/span><\/li>\n<\/ul>\n<p class=\"p1\"><span class=\"s1\">Dank unserem dreik\u00f6pfigen \u00c4rzteteam werden alle komplexen Eingriffe wie z. B. eine Behandlung von mehreren Z\u00e4hnen, deren Ersatz durch eine Zahnprothese oder eine Implantation in einer einzigen Sitzung durchgef\u00fchrt.<\/span><\/p>\n<p class=\"p1\"><span class=\"s1\"><b>Die Klinik Dsmile bietet einige An\u00e4sthesie-Arten an:<\/b><\/span><\/p>\n<ul class=\"ul1\">\n<li class=\"li2\"><span class=\"s1\">Sedierung (Verabreichung von Sedativa 20 Minuten vor der Behandlung)<\/span><\/li>\n<li class=\"li2\"><span class=\"s1\">Analgosedierung (Kombination von intraven\u00f6ser Narkose und Sedativa)<\/span><\/li>\n<li class=\"li2\"><span class=\"s1\">Vollnarkose (intraven\u00f6se Narkose)<\/span><\/li>\n<\/ul>\n<p class=\"p1\"><span class=\"s1\">Unsere Spezialisten w\u00e4hlen das entsprechende Bet\u00e4ubungsverfahren nach Ihrem Gesundheitszustand und nach momentaner Stimmung aus.<\/span><\/p>\n<p class=\"p1\"><span class=\"s1\"><b>Behandlung unter Narkose:<\/b><\/span><\/p>\n<ul class=\"ul1\">\n<li class=\"li2\"><span class=\"s1\">f\u00fcr ausl\u00e4ndische Patienten erstellen wir einen komplexen Plan f\u00fcr die Zahnbehandlung, inklusive Kostenvoranschlag aufgrund einer aktuellen per E-Mail zugesandten Panoramar\u00f6ntgenaufnahme (nicht \u00e4lter als 4 Monate);<\/span><\/li>\n<li class=\"li2\"><span class=\"s1\">die Gesundheitsdokumentation sowie pr\u00e4operative Untersuchung im Hinsicht auf die Vollnarkose kann man auch je nach Wohnort erledigen und per E-Mail zusenden.<\/span><\/li>\n<\/ul>\n<p class=\"p1\"><span class=\"s1\"><b>Erster Besuch (1. Tag):<\/b><\/span><\/p>\n<ul class=\"ul1\">\n<li class=\"li2\"><span class=\"s1\">alle notwendigen Untersuchungen, Prothetik und Implantation werden durchgef\u00fchrt;<\/span><\/li>\n<\/ul>\n<p class=\"p1\"><span class=\"s1\"><b>Zweiter Besuch (2. Tag):<\/b><\/span><\/p>\n<ul class=\"ul1\">\n<li class=\"li2\"><span class=\"s1\">Kontrolluntersuchung.<\/span><\/li>\n<\/ul>\n<p class=\"p1\"><span class=\"s1\">Die Aufenthaltsdauer in der Klinik ist stets individuell, aber im Durchschnitt werden Sie f\u00fcr eine totale Zahnrekonstruktion 2-3 Tage ben\u00f6tigen.<\/span><\/p>\n<p class=\"p1\"><span class=\"s1\"><b>Vorteile einer Behandlung unter Bet\u00e4ubung:<\/b><\/span><\/p>\n<ul class=\"ul1\">\n<li class=\"li2\"><span class=\"s1\">w\u00e4hrend der Vollnarkose widmen sich dem Patienten 3 \u00c4rzte;<\/span><\/li>\n<li class=\"li2\"><span class=\"s1\">die Zahnkronen werden anhand computergest\u00fctzter CEREC-Technologie hergestellt; keine Abdr\u00fccke erforderlich<\/span><\/li>\n<li class=\"li2\"><span class=\"s1\">die Anfertigung einer Zahnkrone dauert ca. 30 Minuten;<\/span><\/li>\n<li class=\"li2\"><span class=\"s1\">die Implantate werden mithilfe einer vorher angefertigten Schablone eingebracht;<\/span><\/li>\n<li class=\"li2\"><span class=\"s1\">die Zahners\u00e4tze werden vorher angefertigt und noch am Tag der Implantation auf die Implantate aufgesetzt;<\/span><\/li>\n<li class=\"li2\"><span class=\"s1\">unser dreik\u00f6pfiges \u00c4rzteteam kann das Gebiss vollst\u00e4ndig rekonstruieren und in einer Sitzung behandeln.<\/span><\/li>\n<\/ul>\n<p class=\"p1\"><span class=\"s1\">Zur Implantation unter Vollnarkose werden in der stomatologischen Klinik Dsmile preisg\u00fcnstige deutsche Implantate verwendet.<\/span><\/p>\n<\/div>\n<\/div>\n<\/div>\n<\/div>\n<\/div>\n<\/div><\/div><\/div><\/div><div id=\"pg-2813-2\"  class=\"panel-grid panel-has-style\" ><div id=\"contact_form_service\" class=\"panel-row-style panel-row-style-for-2813-2\" ><div id=\"pgc-2813-2-0\"  class=\"panel-grid-cell\" ><div id=\"panel-2813-2-0-0\" class=\"widget_text so-panel widget widget_custom_html panel-first-child panel-last-child\" data-index=\"2\" ><div class=\"widget_text contact_form_service panel-widget-style panel-widget-style-for-2813-2-0-0\" ><div class=\"textwidget custom-html-widget\"><br><h2 class=\"content-title\">Bestellen Sie sich bei uns<\/h2><br><br>\n\n<div role=\"form\" class=\"wpcf7\" id=\"wpcf7-f819-o1\" lang=\"de-DE\" dir=\"ltr\">\n<div class=\"screen-reader-response\"><p role=\"status\" aria-live=\"polite\" aria-atomic=\"true\"><\/p> <ul><\/ul><\/div>\n<form action=\"\/de\/wp-json\/wp\/v2\/pages\/2813#wpcf7-f819-o1\" method=\"post\" class=\"wpcf7-form init\" novalidate=\"novalidate\" data-status=\"init\">\n<div style=\"display: none;\">\n<input type=\"hidden\" name=\"_wpcf7\" value=\"819\" \/>\n<input type=\"hidden\" name=\"_wpcf7_version\" value=\"5.4.1\" \/>\n<input type=\"hidden\" name=\"_wpcf7_locale\" value=\"de_DE\" \/>\n<input type=\"hidden\" name=\"_wpcf7_unit_tag\" value=\"wpcf7-f819-o1\" \/>\n<input type=\"hidden\" name=\"_wpcf7_container_post\" value=\"0\" \/>\n<input type=\"hidden\" name=\"_wpcf7_posted_data_hash\" value=\"\" \/>\n<input type=\"hidden\" name=\"_wpcf7_recaptcha_response\" value=\"\" \/>\n<\/div>\n<div class=\"container-boxed\">\n<p>Wir melden uns so bald wie m\u00f6glich mit einem Terminvorschlag bei Ihnen.<\/p>\n<hr>\n<div class=\"input-box\">\n<label> Vorname und Familienname<small>\/ Pflichtangabe<\/small><br \/>\n    <span class=\"wpcf7-form-control-wrap your-name\"><input type=\"text\" name=\"your-name\" value=\"\" size=\"40\" class=\"wpcf7-form-control wpcf7-text wpcf7-validates-as-required\" aria-required=\"true\" aria-invalid=\"false\" \/><\/span> <\/label>\n<\/div>\n<div class=\"input-box\">\n<label> Ihre E-Mail <small>\/ Pflichtangabe <\/small><br \/>\n    <span class=\"wpcf7-form-control-wrap your-email\"><input type=\"email\" name=\"your-email\" value=\"\" size=\"40\" class=\"wpcf7-form-control wpcf7-text wpcf7-email wpcf7-validates-as-required wpcf7-validates-as-email\" aria-required=\"true\" aria-invalid=\"false\" \/><\/span> <\/label>\n<\/div>\n<div class=\"input-box\">\n<label> Ihre Telefonnummer<br \/>\n    <span class=\"wpcf7-form-control-wrap tel-181\"><input type=\"tel\" name=\"tel-181\" value=\"\" size=\"40\" class=\"wpcf7-form-control wpcf7-text wpcf7-tel wpcf7-validates-as-tel\" aria-invalid=\"false\" \/><\/span> <\/label>\n<\/div>\n<div class=\"input-box\">\n<label> Zvolte slu\u017ebu <small>\/ Povinn\u00e9<\/small><br \/>\n     <\/label>\n<\/div>\n<style>\n.sluzba > select {\nheight: 45px;\nwidth: 93%;\ncolor: black;\n}\n@media screen and (max-width: 730px) {\n.sluzba > select {\nwidth: 100%;\n}\n}\n<\/style>\n<p><input type=\"submit\" value=\"Senden\" class=\"wpcf7-form-control wpcf7-submit\" \/>\n<\/p><\/div>\n<div class=\"wpcf7-response-output\" aria-hidden=\"true\"><\/div><\/form><\/div><\/div><\/div><\/div><\/div><\/div><\/div><\/div>","protected":false},"excerpt":{"rendered":"<p>Zahnbehandlung unter Bet\u00e4ubung \/ ab 140 EUREinen Termin vereinbaren Bei den meisten Leuten l\u00f6st das Wort \u201eStomatologie\u201c nichts Anderes als unangenehme Gef\u00fchle aus, die in unserem Unterbewusstsein schon seit der Kindheit angesiedelt sind. Wegen dieser Assoziationen zaudern dann die Patienten mit dem rechtzeitigen Zahnarztbesuch. Manche Leute w\u00fcrden begr\u00fc\u00dfen, wenn stomatologische Leistungen sozusagen \u201ehinter den Kulissen\u201c, verborgen, verlaufen k\u00f6nnten, aber zugleich m\u00f6chten alle ein qualitativ hochwertiges und langlebiges Ergebnis. Dank progressiver Verfahren, moderner Ausstattung sowie qualitativ hochwertiger Materialien k\u00f6nnen heute die Z\u00e4hne schnell, gut und vor allem schmerzfrei behandelt, ersetzt und implantiert werden. Unsere ausl\u00e4ndischen Patienten konnten schon die Vorteile aller stomatologischen Leistungen, die innerhalb von einem Tag unter Bet\u00e4ubung durchgef\u00fchrt werden, bewerten. Es ist nicht nur sehr komfortabel, sondern auch g\u00fcnstig. Die \u00c4rzte aus der Klinik Dsmile f\u00fchren die Zahnbehandlung und Zahnprothetik unter Vollnarkose durch. Welche Eingriffe k\u00f6nnen unter Narkose durchgef\u00fchrt werden: Implantation; Zahnprothetik (Zahners\u00e4tze \u2013 Kronen\/ Inlay\/ Onlay); vollst\u00e4ndige Rekonstruktion einer Zahnreihe mithilfe von \u201eAll-on-4-Implantaten\u201c; Knochenplastik; Weichgewebeplastik; Plombieren der Z\u00e4hne; Wurzelkanalbehandlung. Dank unserem dreik\u00f6pfigen \u00c4rzteteam werden alle komplexen Eingriffe wie z. B. eine Behandlung von mehreren Z\u00e4hnen, deren Ersatz durch eine Zahnprothese oder eine Implantation in einer einzigen Sitzung durchgef\u00fchrt. Die Klinik Dsmile bietet einige An\u00e4sthesie-Arten an: Sedierung (Verabreichung von Sedativa 20 Minuten vor der Behandlung) Analgosedierung (Kombination von intraven\u00f6ser Narkose und Sedativa) Vollnarkose (intraven\u00f6se Narkose) Unsere Spezialisten w\u00e4hlen das entsprechende Bet\u00e4ubungsverfahren nach Ihrem Gesundheitszustand und nach momentaner Stimmung aus. Behandlung unter Narkose: f\u00fcr ausl\u00e4ndische Patienten erstellen wir einen komplexen Plan f\u00fcr die Zahnbehandlung, inklusive Kostenvoranschlag aufgrund einer aktuellen per E-Mail zugesandten Panoramar\u00f6ntgenaufnahme (nicht \u00e4lter als 4 Monate); die Gesundheitsdokumentation sowie pr\u00e4operative Untersuchung im Hinsicht auf die Vollnarkose kann man auch je nach Wohnort erledigen und per E-Mail zusenden. Erster Besuch (1. Tag): alle notwendigen Untersuchungen, Prothetik und Implantation werden durchgef\u00fchrt; Zweiter Besuch (2. Tag): Kontrolluntersuchung. Die Aufenthaltsdauer in der Klinik ist stets individuell, aber im Durchschnitt werden Sie f\u00fcr eine totale Zahnrekonstruktion 2-3 Tage ben\u00f6tigen. Vorteile einer Behandlung unter Bet\u00e4ubung: w\u00e4hrend der Vollnarkose widmen sich dem Patienten 3 \u00c4rzte; die Zahnkronen werden anhand computergest\u00fctzter CEREC-Technologie hergestellt; keine Abdr\u00fccke erforderlich die Anfertigung einer Zahnkrone dauert ca. 30 Minuten; die Implantate werden mithilfe einer vorher angefertigten Schablone eingebracht; die Zahners\u00e4tze werden vorher angefertigt und noch am Tag der Implantation auf die Implantate aufgesetzt; unser dreik\u00f6pfiges \u00c4rzteteam kann das Gebiss vollst\u00e4ndig rekonstruieren und in einer Sitzung behandeln. Zur Implantation unter Vollnarkose werden in der stomatologischen Klinik Dsmile preisg\u00fcnstige deutsche Implantate verwendet.<\/p>\n","protected":false},"author":3,"featured_media":0,"parent":2753,"menu_order":0,"comment_status":"closed","ping_status":"closed","template":"page-sidebar.php","meta":[],"yoast_head":"<!-- This site is optimized with the Yoast SEO plugin v16.1.1 - https:\/\/yoast.com\/wordpress\/plugins\/seo\/ -->\n<title>Zahnbehandlung unter Bet\u00e4ubung | Stomatologie Dsmile v Praze | Modern\u00ed zubn\u00ed ordinace<\/title>\n<link rel=\"canonical\" href=\"https:\/\/dsmile.cz\/de\/service\/zahnbehandlung-unter-betaeubung-2\/\" \/>\n<meta property=\"og:locale\" content=\"de_DE\" \/>\n<meta property=\"og:type\" content=\"article\" \/>\n<meta property=\"og:title\" content=\"Zahnbehandlung unter Bet\u00e4ubung | Stomatologie Dsmile v Praze | Modern\u00ed zubn\u00ed ordinace\" \/>\n<meta property=\"og:description\" content=\"Zahnbehandlung unter Bet\u00e4ubung \/ ab 140 EUREinen Termin vereinbaren Bei den meisten Leuten l\u00f6st das Wort \u201eStomatologie\u201c nichts Anderes als unangenehme Gef\u00fchle aus, die in unserem Unterbewusstsein schon seit der Kindheit angesiedelt sind. Wegen dieser Assoziationen zaudern dann die Patienten mit dem rechtzeitigen Zahnarztbesuch. Manche Leute w\u00fcrden begr\u00fc\u00dfen, wenn stomatologische Leistungen sozusagen \u201ehinter den Kulissen\u201c, verborgen, verlaufen k\u00f6nnten, aber zugleich m\u00f6chten alle ein qualitativ hochwertiges und langlebiges Ergebnis. Dank progressiver Verfahren, moderner Ausstattung sowie qualitativ hochwertiger Materialien k\u00f6nnen heute die Z\u00e4hne schnell, gut und vor allem schmerzfrei behandelt, ersetzt und implantiert werden. Unsere ausl\u00e4ndischen Patienten konnten schon die Vorteile aller stomatologischen Leistungen, die innerhalb von einem Tag unter Bet\u00e4ubung durchgef\u00fchrt werden, bewerten. Es ist nicht nur sehr komfortabel, sondern auch g\u00fcnstig. Die \u00c4rzte aus der Klinik Dsmile f\u00fchren die Zahnbehandlung und Zahnprothetik unter Vollnarkose durch. Welche Eingriffe k\u00f6nnen unter Narkose durchgef\u00fchrt werden: Implantation; Zahnprothetik (Zahners\u00e4tze \u2013 Kronen\/ Inlay\/ Onlay); vollst\u00e4ndige Rekonstruktion einer Zahnreihe mithilfe von \u201eAll-on-4-Implantaten\u201c; Knochenplastik; Weichgewebeplastik; Plombieren der Z\u00e4hne; Wurzelkanalbehandlung. Dank unserem dreik\u00f6pfigen \u00c4rzteteam werden alle komplexen Eingriffe wie z. B. eine Behandlung von mehreren Z\u00e4hnen, deren Ersatz durch eine Zahnprothese oder eine Implantation in einer einzigen Sitzung durchgef\u00fchrt. Die Klinik Dsmile bietet einige An\u00e4sthesie-Arten an: Sedierung (Verabreichung von Sedativa 20 Minuten vor der Behandlung) Analgosedierung (Kombination von intraven\u00f6ser Narkose und Sedativa) Vollnarkose (intraven\u00f6se Narkose) Unsere Spezialisten w\u00e4hlen das entsprechende Bet\u00e4ubungsverfahren nach Ihrem Gesundheitszustand und nach momentaner Stimmung aus. Behandlung unter Narkose: f\u00fcr ausl\u00e4ndische Patienten erstellen wir einen komplexen Plan f\u00fcr die Zahnbehandlung, inklusive Kostenvoranschlag aufgrund einer aktuellen per E-Mail zugesandten Panoramar\u00f6ntgenaufnahme (nicht \u00e4lter als 4 Monate); die Gesundheitsdokumentation sowie pr\u00e4operative Untersuchung im Hinsicht auf die Vollnarkose kann man auch je nach Wohnort erledigen und per E-Mail zusenden. Erster Besuch (1. Tag): alle notwendigen Untersuchungen, Prothetik und Implantation werden durchgef\u00fchrt; Zweiter Besuch (2. Tag): Kontrolluntersuchung. Die Aufenthaltsdauer in der Klinik ist stets individuell, aber im Durchschnitt werden Sie f\u00fcr eine totale Zahnrekonstruktion 2-3 Tage ben\u00f6tigen. Vorteile einer Behandlung unter Bet\u00e4ubung: w\u00e4hrend der Vollnarkose widmen sich dem Patienten 3 \u00c4rzte; die Zahnkronen werden anhand computergest\u00fctzter CEREC-Technologie hergestellt; keine Abdr\u00fccke erforderlich die Anfertigung einer Zahnkrone dauert ca. 30 Minuten; die Implantate werden mithilfe einer vorher angefertigten Schablone eingebracht; die Zahners\u00e4tze werden vorher angefertigt und noch am Tag der Implantation auf die Implantate aufgesetzt; unser dreik\u00f6pfiges \u00c4rzteteam kann das Gebiss vollst\u00e4ndig rekonstruieren und in einer Sitzung behandeln. Zur Implantation unter Vollnarkose werden in der stomatologischen Klinik Dsmile preisg\u00fcnstige deutsche Implantate verwendet.\" \/>\n<meta property=\"og:url\" content=\"https:\/\/dsmile.cz\/de\/service\/zahnbehandlung-unter-betaeubung-2\/\" \/>\n<meta property=\"og:site_name\" content=\"Stomatologie Dsmile v Praze | Modern\u00ed zubn\u00ed ordinace\" \/>\n<meta property=\"article:modified_time\" content=\"2021-05-18T15:38:47+00:00\" \/>\n<meta name=\"twitter:card\" content=\"summary\" \/>\n<meta name=\"twitter:label1\" content=\"Est. reading time\">\n\t<meta name=\"twitter:data1\" content=\"2 minutes\">\n<script type=\"application\/ld+json\" class=\"yoast-schema-graph\">{\"@context\":\"https:\/\/schema.org\",\"@graph\":[{\"@type\":\"WebSite\",\"@id\":\"https:\/\/dsmile.cz\/ru\/#website\",\"url\":\"https:\/\/dsmile.cz\/ru\/\",\"name\":\"Stomatologie Dsmile v Praze | Modern\\u00ed zubn\\u00ed ordinace\",\"description\":\"Modern\\u00ed zubn\\u00ed ordinace v Praze\",\"potentialAction\":[{\"@type\":\"SearchAction\",\"target\":\"https:\/\/dsmile.cz\/ru\/?s={search_term_string}\",\"query-input\":\"required name=search_term_string\"}],\"inLanguage\":\"de-DE\"},{\"@type\":\"WebPage\",\"@id\":\"https:\/\/dsmile.cz\/de\/service\/zahnbehandlung-unter-betaeubung-2\/#webpage\",\"url\":\"https:\/\/dsmile.cz\/de\/service\/zahnbehandlung-unter-betaeubung-2\/\",\"name\":\"Zahnbehandlung unter Bet\\u00e4ubung | Stomatologie Dsmile v Praze | Modern\\u00ed zubn\\u00ed ordinace\",\"isPartOf\":{\"@id\":\"https:\/\/dsmile.cz\/ru\/#website\"},\"datePublished\":\"2018-08-18T20:59:57+00:00\",\"dateModified\":\"2021-05-18T15:38:47+00:00\",\"breadcrumb\":{\"@id\":\"https:\/\/dsmile.cz\/de\/service\/zahnbehandlung-unter-betaeubung-2\/#breadcrumb\"},\"inLanguage\":\"de-DE\",\"potentialAction\":[{\"@type\":\"ReadAction\",\"target\":[\"https:\/\/dsmile.cz\/de\/service\/zahnbehandlung-unter-betaeubung-2\/\"]}]},{\"@type\":\"BreadcrumbList\",\"@id\":\"https:\/\/dsmile.cz\/de\/service\/zahnbehandlung-unter-betaeubung-2\/#breadcrumb\",\"itemListElement\":[{\"@type\":\"ListItem\",\"position\":1,\"item\":{\"@type\":\"WebPage\",\"@id\":\"https:\/\/dsmile.cz\/de\/kategorie\/dienstleistungen\/\",\"url\":\"https:\/\/dsmile.cz\/de\/kategorie\/dienstleistungen\/\",\"name\":\"Dienstleistungen\"}},{\"@type\":\"ListItem\",\"position\":2,\"item\":{\"@type\":\"WebPage\",\"@id\":\"https:\/\/dsmile.cz\/de\/dienstleistungen\/sonderdienstleistungen\/\",\"url\":\"https:\/\/dsmile.cz\/de\/dienstleistungen\/sonderdienstleistungen\/\",\"name\":\"Sonderdienstleistungen\"}},{\"@type\":\"ListItem\",\"position\":3,\"item\":{\"@type\":\"WebPage\",\"@id\":\"https:\/\/dsmile.cz\/de\/service\/zahnbehandlung-unter-betaeubung-2\/\",\"url\":\"https:\/\/dsmile.cz\/de\/service\/zahnbehandlung-unter-betaeubung-2\/\",\"name\":\"Zahnbehandlung unter Bet\\u00e4ubung\"}}]}]}<\/script>\n<!-- \/ Yoast SEO plugin. -->","_links":{"self":[{"href":"https:\/\/dsmile.cz\/de\/wp-json\/wp\/v2\/pages\/2813"}],"collection":[{"href":"https:\/\/dsmile.cz\/de\/wp-json\/wp\/v2\/pages"}],"about":[{"href":"https:\/\/dsmile.cz\/de\/wp-json\/wp\/v2\/types\/page"}],"author":[{"embeddable":true,"href":"https:\/\/dsmile.cz\/de\/wp-json\/wp\/v2\/users\/3"}],"replies":[{"embeddable":true,"href":"https:\/\/dsmile.cz\/de\/wp-json\/wp\/v2\/comments?post=2813"}],"version-history":[{"count":5,"href":"https:\/\/dsmile.cz\/de\/wp-json\/wp\/v2\/pages\/2813\/revisions"}],"predecessor-version":[{"id":9837,"href":"https:\/\/dsmile.cz\/de\/wp-json\/wp\/v2\/pages\/2813\/revisions\/9837"}],"up":[{"embeddable":true,"href":"https:\/\/dsmile.cz\/de\/wp-json\/wp\/v2\/pages\/2753"}],"wp:attachment":[{"href":"https:\/\/dsmile.cz\/de\/wp-json\/wp\/v2\/media?parent=2813"}],"curies":[{"name":"wp","href":"https:\/\/api.w.org\/{rel}","templated":true}]}}