{"id":2820,"date":"2018-08-18T22:50:33","date_gmt":"2018-08-18T20:50:33","guid":{"rendered":"http:\/\/dsmile.cz\/de\/dienstleistungen\/specialni-sluzby\/cerec\/"},"modified":"2024-07-16T01:19:27","modified_gmt":"2024-07-15T23:19:27","slug":"cerec","status":"publish","type":"page","link":"https:\/\/dsmile.cz\/de\/service\/cerec\/","title":{"rendered":"CEREC"},"content":{"rendered":"<div id=\"pl-2820\"  class=\"panel-layout\" ><div id=\"pg-2820-0\"  class=\"panel-grid panel-has-style\" ><div class=\"box-price panel-row-style panel-row-style-for-2820-0\" ><div id=\"pgc-2820-0-0\"  class=\"panel-grid-cell\" ><div id=\"panel-2820-0-0-0\" class=\"so-panel widget widget_sow-editor panel-first-child panel-last-child\" data-index=\"0\" ><div class=\"so-widget-sow-editor so-widget-sow-editor-base\">\n<div class=\"siteorigin-widget-tinymce textwidget\">\n\t<div>\n<p>CEREC \/ ab 620 EUR<\/p>\n<p><a title=\"Einen Termin vereinbaren\" href=\"#contact_form_service\">Einen Termin vereinbaren<\/a><\/p>\n<\/div>\n<\/div>\n<\/div><\/div><\/div><\/div><\/div><div id=\"pg-2820-1\"  class=\"panel-grid panel-no-style\" ><div id=\"pgc-2820-1-0\"  class=\"panel-grid-cell\" ><div id=\"panel-2820-1-0-0\" class=\"so-panel widget widget_sow-editor panel-first-child panel-last-child\" data-index=\"1\" ><div class=\"so-widget-sow-editor so-widget-sow-editor-base\">\n<div class=\"siteorigin-widget-tinymce textwidget\">\n\t<div class=\"post-thumbnail\">\n<p class=\"p1\"><span class=\"s1\">Kompositf\u00fcllungen und -kronen werden allm\u00e4hlich durch Keramikf\u00fcllungen ersetzt.<\/span><\/p>\n<p class=\"p1\"><span class=\"s1\">Diese Begriffe sind manchen Patienten neu und unbekannt, deshalb versuchen wir in diesem Artikel zu erkl\u00e4ren, was eine Keramikf\u00fcllung eigentlich ist und zu welchem Zweck sie dient.<\/span><\/p>\n<p><img loading=\"lazy\" class=\"alignnone wp-image-489 size-full\" src=\"https:\/\/www.dsmile.cz\/wp-content\/uploads\/2017\/08\/Untitled-design-25.jpg\" sizes=\"(max-width: 709px) 85vw, (max-width: 909px) 67vw, (max-width: 984px) 61vw, (max-width: 1362px) 45vw, 600px\" srcset=\"https:\/\/www.dsmile.cz\/wp-content\/uploads\/2017\/08\/Untitled-design-25.jpg 725w, https:\/\/www.dsmile.cz\/wp-content\/uploads\/2017\/08\/Untitled-design-25-300x124.jpg 300w\" alt=\"\" width=\"725\" height=\"300\" \/><\/p>\n<p class=\"p1\"><span class=\"s1\">F\u00fcllungen (Inlays, Onlays, Overlays) sind aus Keramik hergestellte F\u00fcllungen. Die F\u00fcllungen Inlays-Onlays-Overlays unterscheiden sich voneinander lediglich im Umfang der Zahnrekonstruktion. Im Fall der Rekonstruktion des Inneren eines Zahns mithilfe einer Keramikf\u00fcllung handelt es sich um eine Einlagef\u00fcllung \u2013 Inlay. Wenn die Keramikf\u00fcllung eine oder mehrere Oberfl\u00e4chen des Zahnes abdeckt, sprechen wir \u00fcber Onlay\/Overlay. In der Klinik Dsmile wird f\u00fcr die Herstellung von F\u00fcllungen Inlay, Onlay und Overlay die CAD\/CAM-CEREC-Technologie verwendet.<\/span><\/p>\n<p><img loading=\"lazy\" class=\"alignnone wp-image-469 size-full\" src=\"https:\/\/www.dsmile.cz\/wp-content\/uploads\/2017\/08\/vrnata.jpg\" sizes=\"(max-width: 709px) 85vw, (max-width: 909px) 67vw, (max-width: 984px) 61vw, (max-width: 1362px) 45vw, 600px\" srcset=\"https:\/\/www.dsmile.cz\/wp-content\/uploads\/2017\/08\/vrnata.jpg 725w, https:\/\/www.dsmile.cz\/wp-content\/uploads\/2017\/08\/vrnata-300x124.jpg 300w\" alt=\"technologie CEREC - v\u00fdpl\u0148\" width=\"725\" height=\"300\" \/><\/p>\n<p class=\"p1\"><span class=\"s1\"><b>CAD\/CAM-Technologie ist eine computergest\u00fctzte Technologie zur Anfertigung von Keramikkronen, wobei ein spezieller Scanner anstatt der Abdr\u00fccke verwendet wird. Der ganze Prozess der Anfertigung geschieht innerhalb von circa 30 Minuten bis zu einer Stunde.<\/b><\/span><\/p>\n<p class=\"p1\"><span class=\"s1\">Die Gesellschaft Sirona pr\u00e4sentierte ihre Erfindung vor mehr als 30 Jahren. Zurzeit handelt es sich um die beste Technologie zur Herstellung von F\u00fcllungen \u2013 Inlays, Onlays, und Facetten und Zahnkronen im Rahmen aller bestehenden CAD\/CAM-Systeme.<\/span><\/p>\n<p><img loading=\"lazy\" class=\"alignnone wp-image-461 size-full\" src=\"https:\/\/www.dsmile.cz\/wp-content\/uploads\/2017\/08\/Untitled-design4.jpg\" sizes=\"(max-width: 709px) 85vw, (max-width: 909px) 67vw, (max-width: 984px) 61vw, (max-width: 1362px) 45vw, 600px\" srcset=\"https:\/\/www.dsmile.cz\/wp-content\/uploads\/2017\/08\/Untitled-design4.jpg 725w, https:\/\/www.dsmile.cz\/wp-content\/uploads\/2017\/08\/Untitled-design4-300x124.jpg 300w\" alt=\"vypln\u011bn\u00ed pomoci technologie CEREC\" width=\"725\" height=\"300\" \/><\/p>\n<p class=\"p1\"><span class=\"s1\"><b>Keramik-Zahnf\u00fcllungen in der Klinik Dsmile: Technologie der Herstellung<\/b><\/span><\/p>\n<ul class=\"ul1\">\n<li class=\"li2\"><span class=\"s1\">der Stomatologe entfernt Kariesgewebe oder alte Komposit- und Amalgamf\u00fcllungen;<\/span><\/li>\n<li class=\"li2\"><span class=\"s1\">die Zahnoberfl\u00e4che wird mit einer digitalen Kamera aufgenommen;<\/span><\/li>\n<li class=\"li2\"><span class=\"s1\">mithilfe des Computers wird die k\u00fcnftige Konstruktion modelliert;<\/span><\/li>\n<li class=\"li2\"><span class=\"s1\">die Datei mit der Abbildung der Keramikf\u00fcllung wird vom Computer an eine Fr\u00e4seinheit \u00fcbertragen (mithilfe dieser Anlage wird ein Inlay oder Onlay aus einem Keramikblock gefr\u00e4st);<\/span><\/li>\n<li class=\"li2\"><span class=\"s1\">die Konstruktion wird in einem speziellen Ofen verfestigt (Kristallisation und Erh\u00e4rtung der Keramik);<\/span><\/li>\n<li class=\"li2\"><span class=\"s1\">die Keramikkonstruktion wird am Zahn befestigt.<\/span><img loading=\"lazy\" class=\"alignnone wp-image-423 size-full\" src=\"https:\/\/www.dsmile.cz\/wp-content\/uploads\/2017\/08\/Untitled-design-10.jpg\" sizes=\"(max-width: 709px) 85vw, (max-width: 909px) 67vw, (max-width: 984px) 61vw, (max-width: 1362px) 45vw, 600px\" srcset=\"https:\/\/www.dsmile.cz\/wp-content\/uploads\/2017\/08\/Untitled-design-10.jpg 725w, https:\/\/www.dsmile.cz\/wp-content\/uploads\/2017\/08\/Untitled-design-10-300x124.jpg 300w\" alt=\"z\u00e1krok - technologie CEREC\" width=\"725\" height=\"300\" \/><\/li>\n<\/ul>\n<p class=\"p1\"><span class=\"s1\"><b><i>Der gesamte Eingriff dauert ca. 2 Stunden.<\/i><\/b><\/span><\/p>\n<p class=\"p1\"><span class=\"s1\"><b>Vorteile von Keramikf\u00fcllungen \u2013 Inlays und Onlays\/Overlays:<\/b><\/span><\/p>\n<ul class=\"ul1\">\n<li class=\"li2\"><span class=\"s1\">ohne Anfertigung von Abdr\u00fccken, es wird ein Scan verwendet;<\/span><\/li>\n<li class=\"li2\"><span class=\"s1\">die Herstellungsdauer \u2013 90 Minuten \u2013 ist ebenso lang wie bei einer Kompositf\u00fcllung;<\/span><\/li>\n<li class=\"li2\"><span class=\"s1\">zur Herstellung wird ein biokompatibles Material benutzt;<\/span><\/li>\n<li class=\"li2\"><span class=\"s1\">hohe Festigkeit, im Vergleich zum Komposit kommt es bei der Konstruktion zu keiner Abrasion;<\/span><\/li>\n<li class=\"li2\"><span class=\"s1\">keine Toxizit\u00e4t und ein hoch\u00e4sthetischer Effekt im Vergleich zum Amalgam;<\/span><\/li>\n<li class=\"li2\"><span class=\"s1\">Genauigkeit der Anpassung dank der computergest\u00fctzten Technologie;<\/span><\/li>\n<li class=\"li2\"><span class=\"s1\">keine allergischen Reaktionen;<\/span><\/li>\n<li class=\"li2\"><span class=\"s1\">langfristiges Ergebnis.<\/span><\/li>\n<\/ul>\n<p><img loading=\"lazy\" class=\"alignnone wp-image-467 size-full\" src=\"https:\/\/www.dsmile.cz\/wp-content\/uploads\/2017\/08\/kompozit-5.jpg\" sizes=\"(max-width: 709px) 85vw, (max-width: 909px) 67vw, (max-width: 984px) 61vw, (max-width: 1362px) 45vw, 600px\" srcset=\"https:\/\/www.dsmile.cz\/wp-content\/uploads\/2017\/08\/kompozit-5.jpg 725w, https:\/\/www.dsmile.cz\/wp-content\/uploads\/2017\/08\/kompozit-5-300x124.jpg 300w\" alt=\"V\u00fdpl\u0148 inlay \/ onlay\" width=\"725\" height=\"300\" \/><\/p>\n<p class=\"p1\"><span class=\"s1\"><b>Indikationen f\u00fcr die Anwendung von Keramikf\u00fcllungen Inlays \u2013 Onlays \u2013 Overlays:<\/b><\/span><\/p>\n<p><iframe loading=\"lazy\" id=\"instagram-embed-0\" class=\"instagram-media instagram-media-rendered\" src=\"https:\/\/www.instagram.com\/p\/BcYIV_Flp5_\/embed\/captioned\/?cr=1&amp;v=8&amp;wp=658&amp;rd=https%3A%2F%2Fwww.dsmile.cz&amp;rp=%2Fde%2Fservice%2Fcerec%2F#%7B%22ci%22%3A0%2C%22os%22%3A497.90000000211876%7D\" width=\"300\" height=\"526\" frameborder=\"0\" scrolling=\"no\" data-instgrm-payload-id=\"instagram-media-payload-0\" data-mce-fragment=\"1\"><\/iframe><\/p>\n<ul class=\"ul1\">\n<li class=\"li2\"><span class=\"s1\">Zahnkaries;<\/span><\/li>\n<li class=\"li2\"><span class=\"s1\">Ersatz alter nicht qualitativer Komposit- und Amalgamf\u00fcllungen;<\/span><\/li>\n<li class=\"li2\"><span class=\"s1\">Schutz der Z\u00e4hne nach der Wurzelkanalbehandlung (eine Keramikf\u00fcllung sch\u00fctzt den br\u00fcchigen Zahn vor dem Abbrechen);<\/span><\/li>\n<li class=\"li2\"><span class=\"s1\">Zahntraumata;<\/span><\/li>\n<li class=\"li2\"><span class=\"s1\">Rekonstruktion von Abrasionsz\u00e4hnen.<\/span><img loading=\"lazy\" class=\"alignnone size-full wp-image-803\" src=\"https:\/\/www.dsmile.cz\/wp-content\/uploads\/2017\/11\/Untitled-design-8.jpg\" sizes=\"(max-width: 709px) 85vw, (max-width: 909px) 67vw, (max-width: 984px) 61vw, (max-width: 1362px) 45vw, 600px\" srcset=\"https:\/\/www.dsmile.cz\/wp-content\/uploads\/2017\/11\/Untitled-design-8.jpg 725w, https:\/\/www.dsmile.cz\/wp-content\/uploads\/2017\/11\/Untitled-design-8-300x124.jpg 300w\" alt=\"\" width=\"725\" height=\"300\" \/><\/li>\n<\/ul>\n<p class=\"p1\"><span class=\"s1\">In Hinsicht auf die moderne CEREC-Technologie und auf die Schnelligkeit der Herstellung ist der Preis der Keramikf\u00fcllungen in der Klinik Dsmile sehr g\u00fcnstig.<\/span><\/p>\n<\/div>\n<\/div>\n<\/div><\/div><\/div><\/div><div id=\"pg-2820-2\"  class=\"panel-grid panel-has-style\" ><div id=\"contact_form_service\" class=\"panel-row-style panel-row-style-for-2820-2\" ><div id=\"pgc-2820-2-0\"  class=\"panel-grid-cell\" ><div id=\"panel-2820-2-0-0\" class=\"widget_text so-panel widget widget_custom_html panel-first-child panel-last-child\" data-index=\"2\" ><div class=\"widget_text contact_form_service panel-widget-style panel-widget-style-for-2820-2-0-0\" ><div class=\"textwidget custom-html-widget\"><br><h2 class=\"content-title\">Bestellen Sie sich bei uns<\/h2><br><br>\n\n<div role=\"form\" class=\"wpcf7\" id=\"wpcf7-f819-o1\" lang=\"de-DE\" dir=\"ltr\">\n<div class=\"screen-reader-response\"><p role=\"status\" aria-live=\"polite\" aria-atomic=\"true\"><\/p> <ul><\/ul><\/div>\n<form action=\"\/de\/wp-json\/wp\/v2\/pages\/2820#wpcf7-f819-o1\" method=\"post\" class=\"wpcf7-form init\" novalidate=\"novalidate\" data-status=\"init\">\n<div style=\"display: none;\">\n<input type=\"hidden\" name=\"_wpcf7\" value=\"819\" \/>\n<input type=\"hidden\" name=\"_wpcf7_version\" value=\"5.4.1\" \/>\n<input type=\"hidden\" name=\"_wpcf7_locale\" value=\"de_DE\" \/>\n<input type=\"hidden\" name=\"_wpcf7_unit_tag\" value=\"wpcf7-f819-o1\" \/>\n<input type=\"hidden\" name=\"_wpcf7_container_post\" value=\"0\" \/>\n<input type=\"hidden\" name=\"_wpcf7_posted_data_hash\" value=\"\" \/>\n<input type=\"hidden\" name=\"_wpcf7_recaptcha_response\" value=\"\" \/>\n<\/div>\n<div class=\"container-boxed\">\n<p>Wir melden uns so bald wie m\u00f6glich mit einem Terminvorschlag bei Ihnen.<\/p>\n<hr>\n<div class=\"input-box\">\n<label> Vorname und Familienname<small>\/ Pflichtangabe<\/small><br \/>\n    <span class=\"wpcf7-form-control-wrap your-name\"><input type=\"text\" name=\"your-name\" value=\"\" size=\"40\" class=\"wpcf7-form-control wpcf7-text wpcf7-validates-as-required\" aria-required=\"true\" aria-invalid=\"false\" \/><\/span> <\/label>\n<\/div>\n<div class=\"input-box\">\n<label> Ihre E-Mail <small>\/ Pflichtangabe <\/small><br \/>\n    <span class=\"wpcf7-form-control-wrap your-email\"><input type=\"email\" name=\"your-email\" value=\"\" size=\"40\" class=\"wpcf7-form-control wpcf7-text wpcf7-email wpcf7-validates-as-required wpcf7-validates-as-email\" aria-required=\"true\" aria-invalid=\"false\" \/><\/span> <\/label>\n<\/div>\n<div class=\"input-box\">\n<label> Ihre Telefonnummer<br \/>\n    <span class=\"wpcf7-form-control-wrap tel-181\"><input type=\"tel\" name=\"tel-181\" value=\"\" size=\"40\" class=\"wpcf7-form-control wpcf7-text wpcf7-tel wpcf7-validates-as-tel\" aria-invalid=\"false\" \/><\/span> <\/label>\n<\/div>\n<div class=\"input-box\">\n<label> Zvolte slu\u017ebu <small>\/ Povinn\u00e9<\/small><br \/>\n     <\/label>\n<\/div>\n<style>\n.sluzba > select {\nheight: 45px;\nwidth: 93%;\ncolor: black;\n}\n@media screen and (max-width: 730px) {\n.sluzba > select {\nwidth: 100%;\n}\n}\n<\/style>\n<p><input type=\"submit\" value=\"Senden\" class=\"wpcf7-form-control wpcf7-submit\" \/>\n<\/p><\/div>\n<div class=\"wpcf7-response-output\" aria-hidden=\"true\"><\/div><\/form><\/div><\/div><\/div><\/div><\/div><\/div><\/div><\/div>","protected":false},"excerpt":{"rendered":"<p>CEREC \/ ab 620 EUREinen Termin vereinbaren Kompositf\u00fcllungen und -kronen werden allm\u00e4hlich durch Keramikf\u00fcllungen ersetzt. Diese Begriffe sind manchen Patienten neu und unbekannt, deshalb versuchen wir in diesem Artikel zu erkl\u00e4ren, was eine Keramikf\u00fcllung eigentlich ist und zu welchem Zweck sie dient. F\u00fcllungen (Inlays, Onlays, Overlays) sind aus Keramik hergestellte F\u00fcllungen. Die F\u00fcllungen Inlays-Onlays-Overlays unterscheiden sich voneinander lediglich im Umfang der Zahnrekonstruktion. Im Fall der Rekonstruktion des Inneren eines Zahns mithilfe einer Keramikf\u00fcllung handelt es sich um eine Einlagef\u00fcllung \u2013 Inlay. Wenn die Keramikf\u00fcllung eine oder mehrere Oberfl\u00e4chen des Zahnes abdeckt, sprechen wir \u00fcber Onlay\/Overlay. In der Klinik Dsmile wird f\u00fcr die Herstellung von F\u00fcllungen Inlay, Onlay und Overlay die CAD\/CAM-CEREC-Technologie verwendet. CAD\/CAM-Technologie ist eine computergest\u00fctzte Technologie zur Anfertigung von Keramikkronen, wobei ein spezieller Scanner anstatt der Abdr\u00fccke verwendet wird. Der ganze Prozess der Anfertigung geschieht innerhalb von circa 30 Minuten bis zu einer Stunde. Die Gesellschaft Sirona pr\u00e4sentierte ihre Erfindung vor mehr als 30 Jahren. Zurzeit handelt es sich um die beste Technologie zur Herstellung von F\u00fcllungen \u2013 Inlays, Onlays, und Facetten und Zahnkronen im Rahmen aller bestehenden CAD\/CAM-Systeme. Keramik-Zahnf\u00fcllungen in der Klinik Dsmile: Technologie der Herstellung der Stomatologe entfernt Kariesgewebe oder alte Komposit- und Amalgamf\u00fcllungen; die Zahnoberfl\u00e4che wird mit einer digitalen Kamera aufgenommen; mithilfe des Computers wird die k\u00fcnftige Konstruktion modelliert; die Datei mit der Abbildung der Keramikf\u00fcllung wird vom Computer an eine Fr\u00e4seinheit \u00fcbertragen (mithilfe dieser Anlage wird ein Inlay oder Onlay aus einem Keramikblock gefr\u00e4st); die Konstruktion wird in einem speziellen Ofen verfestigt (Kristallisation und Erh\u00e4rtung der Keramik); die Keramikkonstruktion wird am Zahn befestigt. Der gesamte Eingriff dauert ca. 2 Stunden. Vorteile von Keramikf\u00fcllungen \u2013 Inlays und Onlays\/Overlays: ohne Anfertigung von Abdr\u00fccken, es wird ein Scan verwendet; die Herstellungsdauer \u2013 90 Minuten \u2013 ist ebenso lang wie bei einer Kompositf\u00fcllung; zur Herstellung wird ein biokompatibles Material benutzt; hohe Festigkeit, im Vergleich zum Komposit kommt es bei der Konstruktion zu keiner Abrasion; keine Toxizit\u00e4t und ein hoch\u00e4sthetischer Effekt im Vergleich zum Amalgam; Genauigkeit der Anpassung dank der computergest\u00fctzten Technologie; keine allergischen Reaktionen; langfristiges Ergebnis. Indikationen f\u00fcr die Anwendung von Keramikf\u00fcllungen Inlays \u2013 Onlays \u2013 Overlays: Zahnkaries; Ersatz alter nicht qualitativer Komposit- und Amalgamf\u00fcllungen; Schutz der Z\u00e4hne nach der Wurzelkanalbehandlung (eine Keramikf\u00fcllung sch\u00fctzt den br\u00fcchigen Zahn vor dem Abbrechen); Zahntraumata; Rekonstruktion von Abrasionsz\u00e4hnen. In Hinsicht auf die moderne CEREC-Technologie und auf die Schnelligkeit der Herstellung ist der Preis der Keramikf\u00fcllungen in der Klinik Dsmile sehr g\u00fcnstig.<\/p>\n","protected":false},"author":3,"featured_media":0,"parent":2753,"menu_order":0,"comment_status":"closed","ping_status":"closed","template":"page-sidebar.php","meta":[],"yoast_head":"<!-- This site is optimized with the Yoast SEO plugin v16.1.1 - https:\/\/yoast.com\/wordpress\/plugins\/seo\/ -->\n<title>CEREC | Stomatologie Dsmile v Praze | Modern\u00ed zubn\u00ed ordinace<\/title>\n<link rel=\"canonical\" href=\"https:\/\/dsmile.cz\/de\/service\/cerec\/\" \/>\n<meta property=\"og:locale\" content=\"de_DE\" \/>\n<meta property=\"og:type\" content=\"article\" \/>\n<meta property=\"og:title\" content=\"CEREC | Stomatologie Dsmile v Praze | Modern\u00ed zubn\u00ed ordinace\" \/>\n<meta property=\"og:description\" content=\"CEREC \/ ab 620 EUREinen Termin vereinbaren Kompositf\u00fcllungen und -kronen werden allm\u00e4hlich durch Keramikf\u00fcllungen ersetzt. Diese Begriffe sind manchen Patienten neu und unbekannt, deshalb versuchen wir in diesem Artikel zu erkl\u00e4ren, was eine Keramikf\u00fcllung eigentlich ist und zu welchem Zweck sie dient. F\u00fcllungen (Inlays, Onlays, Overlays) sind aus Keramik hergestellte F\u00fcllungen. Die F\u00fcllungen Inlays-Onlays-Overlays unterscheiden sich voneinander lediglich im Umfang der Zahnrekonstruktion. Im Fall der Rekonstruktion des Inneren eines Zahns mithilfe einer Keramikf\u00fcllung handelt es sich um eine Einlagef\u00fcllung \u2013 Inlay. Wenn die Keramikf\u00fcllung eine oder mehrere Oberfl\u00e4chen des Zahnes abdeckt, sprechen wir \u00fcber Onlay\/Overlay. In der Klinik Dsmile wird f\u00fcr die Herstellung von F\u00fcllungen Inlay, Onlay und Overlay die CAD\/CAM-CEREC-Technologie verwendet. CAD\/CAM-Technologie ist eine computergest\u00fctzte Technologie zur Anfertigung von Keramikkronen, wobei ein spezieller Scanner anstatt der Abdr\u00fccke verwendet wird. Der ganze Prozess der Anfertigung geschieht innerhalb von circa 30 Minuten bis zu einer Stunde. Die Gesellschaft Sirona pr\u00e4sentierte ihre Erfindung vor mehr als 30 Jahren. Zurzeit handelt es sich um die beste Technologie zur Herstellung von F\u00fcllungen \u2013 Inlays, Onlays, und Facetten und Zahnkronen im Rahmen aller bestehenden CAD\/CAM-Systeme. Keramik-Zahnf\u00fcllungen in der Klinik Dsmile: Technologie der Herstellung der Stomatologe entfernt Kariesgewebe oder alte Komposit- und Amalgamf\u00fcllungen; die Zahnoberfl\u00e4che wird mit einer digitalen Kamera aufgenommen; mithilfe des Computers wird die k\u00fcnftige Konstruktion modelliert; die Datei mit der Abbildung der Keramikf\u00fcllung wird vom Computer an eine Fr\u00e4seinheit \u00fcbertragen (mithilfe dieser Anlage wird ein Inlay oder Onlay aus einem Keramikblock gefr\u00e4st); die Konstruktion wird in einem speziellen Ofen verfestigt (Kristallisation und Erh\u00e4rtung der Keramik); die Keramikkonstruktion wird am Zahn befestigt. Der gesamte Eingriff dauert ca. 2 Stunden. Vorteile von Keramikf\u00fcllungen \u2013 Inlays und Onlays\/Overlays: ohne Anfertigung von Abdr\u00fccken, es wird ein Scan verwendet; die Herstellungsdauer \u2013 90 Minuten \u2013 ist ebenso lang wie bei einer Kompositf\u00fcllung; zur Herstellung wird ein biokompatibles Material benutzt; hohe Festigkeit, im Vergleich zum Komposit kommt es bei der Konstruktion zu keiner Abrasion; keine Toxizit\u00e4t und ein hoch\u00e4sthetischer Effekt im Vergleich zum Amalgam; Genauigkeit der Anpassung dank der computergest\u00fctzten Technologie; keine allergischen Reaktionen; langfristiges Ergebnis. Indikationen f\u00fcr die Anwendung von Keramikf\u00fcllungen Inlays \u2013 Onlays \u2013 Overlays: Zahnkaries; Ersatz alter nicht qualitativer Komposit- und Amalgamf\u00fcllungen; Schutz der Z\u00e4hne nach der Wurzelkanalbehandlung (eine Keramikf\u00fcllung sch\u00fctzt den br\u00fcchigen Zahn vor dem Abbrechen); Zahntraumata; Rekonstruktion von Abrasionsz\u00e4hnen. In Hinsicht auf die moderne CEREC-Technologie und auf die Schnelligkeit der Herstellung ist der Preis der Keramikf\u00fcllungen in der Klinik Dsmile sehr g\u00fcnstig.\" \/>\n<meta property=\"og:url\" content=\"https:\/\/dsmile.cz\/de\/service\/cerec\/\" \/>\n<meta property=\"og:site_name\" content=\"Stomatologie Dsmile v Praze | Modern\u00ed zubn\u00ed ordinace\" \/>\n<meta property=\"article:modified_time\" content=\"2024-07-15T23:19:27+00:00\" \/>\n<meta property=\"og:image\" content=\"https:\/\/www.dsmile.cz\/wp-content\/uploads\/2017\/08\/Untitled-design-25.jpg\" \/>\n<meta name=\"twitter:card\" content=\"summary\" \/>\n<meta name=\"twitter:label1\" content=\"Est. reading time\">\n\t<meta name=\"twitter:data1\" content=\"2 minutes\">\n<script type=\"application\/ld+json\" class=\"yoast-schema-graph\">{\"@context\":\"https:\/\/schema.org\",\"@graph\":[{\"@type\":\"WebSite\",\"@id\":\"https:\/\/dsmile.cz\/ru\/#website\",\"url\":\"https:\/\/dsmile.cz\/ru\/\",\"name\":\"Stomatologie Dsmile v Praze | Modern\\u00ed zubn\\u00ed ordinace\",\"description\":\"Modern\\u00ed zubn\\u00ed ordinace v Praze\",\"potentialAction\":[{\"@type\":\"SearchAction\",\"target\":\"https:\/\/dsmile.cz\/ru\/?s={search_term_string}\",\"query-input\":\"required name=search_term_string\"}],\"inLanguage\":\"de-DE\"},{\"@type\":\"ImageObject\",\"@id\":\"https:\/\/dsmile.cz\/de\/service\/cerec\/#primaryimage\",\"inLanguage\":\"de-DE\",\"url\":\"https:\/\/www.dsmile.cz\/wp-content\/uploads\/2017\/08\/Untitled-design-25.jpg\",\"contentUrl\":\"https:\/\/www.dsmile.cz\/wp-content\/uploads\/2017\/08\/Untitled-design-25.jpg\"},{\"@type\":\"WebPage\",\"@id\":\"https:\/\/dsmile.cz\/de\/service\/cerec\/#webpage\",\"url\":\"https:\/\/dsmile.cz\/de\/service\/cerec\/\",\"name\":\"CEREC | Stomatologie Dsmile v Praze | Modern\\u00ed zubn\\u00ed ordinace\",\"isPartOf\":{\"@id\":\"https:\/\/dsmile.cz\/ru\/#website\"},\"primaryImageOfPage\":{\"@id\":\"https:\/\/dsmile.cz\/de\/service\/cerec\/#primaryimage\"},\"datePublished\":\"2018-08-18T20:50:33+00:00\",\"dateModified\":\"2024-07-15T23:19:27+00:00\",\"breadcrumb\":{\"@id\":\"https:\/\/dsmile.cz\/de\/service\/cerec\/#breadcrumb\"},\"inLanguage\":\"de-DE\",\"potentialAction\":[{\"@type\":\"ReadAction\",\"target\":[\"https:\/\/dsmile.cz\/de\/service\/cerec\/\"]}]},{\"@type\":\"BreadcrumbList\",\"@id\":\"https:\/\/dsmile.cz\/de\/service\/cerec\/#breadcrumb\",\"itemListElement\":[{\"@type\":\"ListItem\",\"position\":1,\"item\":{\"@type\":\"WebPage\",\"@id\":\"https:\/\/dsmile.cz\/de\/kategorie\/dienstleistungen\/\",\"url\":\"https:\/\/dsmile.cz\/de\/kategorie\/dienstleistungen\/\",\"name\":\"Dienstleistungen\"}},{\"@type\":\"ListItem\",\"position\":2,\"item\":{\"@type\":\"WebPage\",\"@id\":\"https:\/\/dsmile.cz\/de\/dienstleistungen\/sonderdienstleistungen\/\",\"url\":\"https:\/\/dsmile.cz\/de\/dienstleistungen\/sonderdienstleistungen\/\",\"name\":\"Sonderdienstleistungen\"}},{\"@type\":\"ListItem\",\"position\":3,\"item\":{\"@type\":\"WebPage\",\"@id\":\"https:\/\/dsmile.cz\/de\/service\/cerec\/\",\"url\":\"https:\/\/dsmile.cz\/de\/service\/cerec\/\",\"name\":\"CEREC\"}}]}]}<\/script>\n<!-- \/ Yoast SEO plugin. -->","_links":{"self":[{"href":"https:\/\/dsmile.cz\/de\/wp-json\/wp\/v2\/pages\/2820"}],"collection":[{"href":"https:\/\/dsmile.cz\/de\/wp-json\/wp\/v2\/pages"}],"about":[{"href":"https:\/\/dsmile.cz\/de\/wp-json\/wp\/v2\/types\/page"}],"author":[{"embeddable":true,"href":"https:\/\/dsmile.cz\/de\/wp-json\/wp\/v2\/users\/3"}],"replies":[{"embeddable":true,"href":"https:\/\/dsmile.cz\/de\/wp-json\/wp\/v2\/comments?post=2820"}],"version-history":[{"count":5,"href":"https:\/\/dsmile.cz\/de\/wp-json\/wp\/v2\/pages\/2820\/revisions"}],"predecessor-version":[{"id":10236,"href":"https:\/\/dsmile.cz\/de\/wp-json\/wp\/v2\/pages\/2820\/revisions\/10236"}],"up":[{"embeddable":true,"href":"https:\/\/dsmile.cz\/de\/wp-json\/wp\/v2\/pages\/2753"}],"wp:attachment":[{"href":"https:\/\/dsmile.cz\/de\/wp-json\/wp\/v2\/media?parent=2820"}],"curies":[{"name":"wp","href":"https:\/\/api.w.org\/{rel}","templated":true}]}}