{"id":2824,"date":"2018-08-18T18:47:02","date_gmt":"2018-08-18T16:47:02","guid":{"rendered":"http:\/\/dsmile.cz\/de\/dienstleistungen\/stomatologie\/osetreni-korenovych-kanalku\/"},"modified":"2024-07-16T00:02:37","modified_gmt":"2024-07-15T22:02:37","slug":"wurzelkanalbehandlung","status":"publish","type":"page","link":"https:\/\/dsmile.cz\/de\/service\/wurzelkanalbehandlung\/","title":{"rendered":"Wurzelkanalbehandlung"},"content":{"rendered":"<div id=\"pl-2824\"  class=\"panel-layout\" ><div id=\"pg-2824-0\"  class=\"panel-grid panel-has-style\" ><div class=\"box-price panel-row-style panel-row-style-for-2824-0\" ><div id=\"pgc-2824-0-0\"  class=\"panel-grid-cell\" ><div id=\"panel-2824-0-0-0\" class=\"so-panel widget widget_sow-editor panel-first-child panel-last-child\" data-index=\"0\" ><div class=\"so-widget-sow-editor so-widget-sow-editor-base\">\n<div class=\"siteorigin-widget-tinymce textwidget\">\n\t<div>\n<p>Wurzelkanalbehandlung \/ von 570 - 980 EUR<\/p>\n<p><a title=\"Einen Termin vereinbaren\" href=\"#contact_form_service\">Einen Termin vereinbaren<\/a><\/p>\n<\/div>\n<\/div>\n<\/div><\/div><\/div><\/div><\/div><div id=\"pg-2824-1\"  class=\"panel-grid panel-no-style\" ><div id=\"pgc-2824-1-0\"  class=\"panel-grid-cell\" ><div id=\"panel-2824-1-0-0\" class=\"so-panel widget widget_sow-editor panel-first-child panel-last-child\" data-index=\"1\" ><div class=\"so-widget-sow-editor so-widget-sow-editor-base\">\n<div class=\"siteorigin-widget-tinymce textwidget\">\n\t<div class=\"post-thumbnail\">\n<p class=\"p1\"><span class=\"s1\">Blitzartige Zahnschmerzen, Schmerzen beim Kontakt mit kalten und hei\u00dfen Lebensmitteln, Schmerzen beim Kauen bedeuten die Notwendigkeit der Wurzelkanalbehandlung oder einer endodontischen Behandlung. Die Wurzelkanalbehandlung wird in der Klinik Dsmile ausschlie\u00dflich unter Verwendung eines Mikroskops sowie eines Kofferdams (eine spezielle Isolationsmembran) durchgef\u00fchrt, wodurch eine hohe Pr\u00e4zision, Qualit\u00e4t und Sauberkeit des Eingriffs gew\u00e4hrleistet werden.<\/span><\/p>\n<p><img loading=\"lazy\" class=\"wp-image-402 size-full\" src=\"https:\/\/www.dsmile.cz\/wp-content\/uploads\/2017\/07\/Untitled-design.jpg\" sizes=\"(max-width: 709px) 85vw, (max-width: 909px) 67vw, (max-width: 984px) 61vw, (max-width: 1362px) 45vw, 600px\" srcset=\"https:\/\/www.dsmile.cz\/wp-content\/uploads\/2017\/07\/Untitled-design.jpg 725w, https:\/\/www.dsmile.cz\/wp-content\/uploads\/2017\/07\/Untitled-design-300x124.jpg 300w\" alt=\"\" width=\"725\" height=\"300\" \/><\/p>\n<p class=\"p1\"><span class=\"s1\">Nachmodellieren eines Zahnes + definitive Wurzelkanalbehandlung.<\/span><\/p>\n<p class=\"p1\"><span class=\"s1\"><b>Hauptindikationen zur Wurzelkanalbehandlung:<\/b><\/span><\/p>\n<ul class=\"ul1\">\n<li class=\"li1\"><span class=\"s1\">Schmerzen beim Kontakt mit kalten und hei\u00dfen Lebensmitteln;<\/span><\/li>\n<li class=\"li1\"><span class=\"s1\">Schmerzen beim Kauen und das Gef\u00fchl, dass der Zahn \u201el\u00e4nger geworden\u201c sei;<\/span><\/li>\n<li class=\"li1\"><span class=\"s1\">Zahnfleischentz\u00fcndung \u00fcber dem Zahn, Entstehung eines wei\u00dfen Punktes oder eines Bl\u00e4schens;<\/span><\/li>\n<li class=\"li1\"><span class=\"s1\">Entstehung von Schwellungen am Zahnfleisch oder im Gesicht<\/span><\/li>\n<li class=\"li1\"><span class=\"s1\">Zahntrauma.<\/span><\/li>\n<\/ul>\n<p><img loading=\"lazy\" class=\"wp-image-405 size-full\" src=\"https:\/\/www.dsmile.cz\/wp-content\/uploads\/2017\/07\/root-canals-3.jpg\" sizes=\"(max-width: 709px) 85vw, (max-width: 909px) 67vw, (max-width: 984px) 61vw, (max-width: 1362px) 45vw, 600px\" srcset=\"https:\/\/www.dsmile.cz\/wp-content\/uploads\/2017\/07\/root-canals-3.jpg 725w, https:\/\/www.dsmile.cz\/wp-content\/uploads\/2017\/07\/root-canals-3-300x124.jpg 300w\" alt=\"\" width=\"725\" height=\"300\" \/><\/p>\n<p class=\"p1\"><span class=\"s1\">Beispiel f\u00fcr eine effektive re-endodontische Wurzelkanalbehandlung (wiederbehandelte Wurzelkan\u00e4le).<\/span><\/p>\n<p class=\"p1\"><span class=\"s1\"><b>Die Wurzelkanalbehandlung<\/b>\u00a0<b>beinhaltet:<\/b><\/span><\/p>\n<ul class=\"ul1\">\n<li class=\"li1\"><span class=\"s1\">Diagnostik mithilfe des digitalen R\u00f6ntgens oder der Computertomographie;<\/span><\/li>\n<li class=\"li1\"><span class=\"s1\">Entfernung eines Zahnnervs (Pulpe) oder einer alten F\u00fcllung (\u201ePlombe\u201c);<\/span><\/li>\n<li class=\"li1\"><span class=\"s1\">mechanische und chemische Wurzelkanalreinigung;<\/span><\/li>\n<li class=\"li1\"><span class=\"s1\">Anfertigung von Zahnf\u00fcllungen (\u201ePlomben\u201c) mithilfe biokompatibler Materialien: Pasten mit Kalzium \u2013 provisorische F\u00fcllung, Guttapercha und Biokeramik \u2013 eine definitive F\u00fcllung;<\/span><\/li>\n<li class=\"li1\"><span class=\"s1\">Kontrollr\u00f6ntgenaufnahme.<\/span><\/li>\n<\/ul>\n<p><img loading=\"lazy\" class=\"alignnone wp-image-404 size-full\" src=\"https:\/\/www.dsmile.cz\/wp-content\/uploads\/2017\/07\/root-canals-1.jpg\" sizes=\"(max-width: 709px) 85vw, (max-width: 909px) 67vw, (max-width: 984px) 61vw, (max-width: 1362px) 45vw, 600px\" srcset=\"https:\/\/www.dsmile.cz\/wp-content\/uploads\/2017\/07\/root-canals-1.jpg 725w, https:\/\/www.dsmile.cz\/wp-content\/uploads\/2017\/07\/root-canals-1-300x124.jpg 300w\" alt=\"p\u0159ed a po o\u0161et\u0159en\u00ed ko\u0159enov\u00e9ho kan\u00e1lku\" width=\"725\" height=\"300\" \/><\/p>\n<p class=\"p1\"><span class=\"s1\">Die obengenannten Ma\u00dfnahmen k\u00f6nnen nach der Wurzelkanalbehandlung Komplikationen vorbeugen.<\/span><\/p>\n<p class=\"p1\"><span class=\"s1\"><b>Vorteile der Wurzelkanalbehandlung<\/b>\u00a0<b>in der Klinik<\/b>\u00a0<b>Dsmile:<\/b><\/span><\/p>\n<ul class=\"ul1\">\n<li class=\"li1\"><span class=\"s1\">wir bieten die Wurzelkanalbehandlung mithilfe der modernsten Methodik an, die sich wesentlich von den fr\u00fcher verwendeten Methoden unterscheidet;<\/span><\/li>\n<li class=\"li1\"><span class=\"s1\">der Eingriff wird unter computergest\u00fctzter An\u00e4sthesie durchgef\u00fchrt;<\/span><\/li>\n<li class=\"li1\"><span class=\"s1\">die Wurzelkanalbehandlung unter dem Mikroskop erm\u00f6glicht eine absolut pr\u00e4zise und qualitativ hochwertige Durchf\u00fchrung aller Manipulationen;<\/span><\/li>\n<li class=\"li1\"><span class=\"s1\">zur Wurzelkanalbehandlung werden innovative Instrumente zur einmaligen Verwendung aus einer Legierung auf der Basis von Nickel und Titan benutzt;<\/span><\/li>\n<li class=\"li1\"><span class=\"s1\">zur F\u00fcllung der Wurzelkan\u00e4le werden nur biokompatible Materialien verwendet.<\/span><\/li>\n<\/ul>\n<p><img loading=\"lazy\" class=\"alignnone wp-image-406 size-full\" src=\"https:\/\/www.dsmile.cz\/wp-content\/uploads\/2017\/07\/root-canals-4.jpg\" sizes=\"(max-width: 709px) 85vw, (max-width: 909px) 67vw, (max-width: 984px) 61vw, (max-width: 1362px) 45vw, 600px\" srcset=\"https:\/\/www.dsmile.cz\/wp-content\/uploads\/2017\/07\/root-canals-4.jpg 725w, https:\/\/www.dsmile.cz\/wp-content\/uploads\/2017\/07\/root-canals-4-300x124.jpg 300w\" alt=\"\u010di\u0161t\u011bn\u00ed ko\u0159enov\u00fdch kan\u00e1lk\u016f\" width=\"725\" height=\"300\" \/><\/p>\n<p class=\"p1\"><span class=\"s1\">Digitales R\u00f6ntgen und Computertomographie, Verwendung eines Mikroskops sowie eines Kofferdams, Instrumente zur einmaligen Verwendung, biokompatible Materialien \u2013 dies alles erh\u00f6ht wesentlich den Erfolg der Behandlung.<\/span><\/p>\n<p class=\"p1\"><span class=\"s1\">Nach einer Wurzelkanalbehandlung ist der Zahn (ungeachtet der M\u00f6glichkeit seiner Rettung) br\u00fcchig, deshalb wird f\u00fcr solche Z\u00e4hne die Anwendung der Keramikf\u00fcllungen empfohlen, wodurch sich eine gleichm\u00e4\u00dfige Belastung der Z\u00e4hne ergibt. Damit kann man auch verhindern, dass solche Z\u00e4hne abbrechen oder Zahnrisse entstehen.<\/span><\/p>\n<p class=\"p2\"><span class=\"s1\">Im Falle einer Entz\u00fcndung des Zahnmarks oder der Verschlimmerung eines chronischen Prozesses ist eine unverz\u00fcgliche Behandlung notwendig. In der Klinik Dsmile k\u00f6nnen wir Ihre Wurzelkan\u00e4le effektiv und schmerzfrei behandeln.<\/span><\/p>\n<\/div>\n<\/div>\n<\/div><\/div><\/div><\/div><div id=\"pg-2824-2\"  class=\"panel-grid panel-has-style\" ><div id=\"contact_form_service\" class=\"panel-row-style panel-row-style-for-2824-2\" ><div id=\"pgc-2824-2-0\"  class=\"panel-grid-cell\" ><div id=\"panel-2824-2-0-0\" class=\"widget_text so-panel widget widget_custom_html panel-first-child panel-last-child\" data-index=\"2\" ><div class=\"widget_text contact_form_service panel-widget-style panel-widget-style-for-2824-2-0-0\" ><div class=\"textwidget custom-html-widget\"><br><h2 class=\"content-title\">Bestellen Sie sich bei uns<\/h2><br><br>\n\n<div role=\"form\" class=\"wpcf7\" id=\"wpcf7-f819-o1\" lang=\"de-DE\" dir=\"ltr\">\n<div class=\"screen-reader-response\"><p role=\"status\" aria-live=\"polite\" aria-atomic=\"true\"><\/p> <ul><\/ul><\/div>\n<form action=\"\/de\/wp-json\/wp\/v2\/pages\/2824#wpcf7-f819-o1\" method=\"post\" class=\"wpcf7-form init\" novalidate=\"novalidate\" data-status=\"init\">\n<div style=\"display: none;\">\n<input type=\"hidden\" name=\"_wpcf7\" value=\"819\" \/>\n<input type=\"hidden\" name=\"_wpcf7_version\" value=\"5.4.1\" \/>\n<input type=\"hidden\" name=\"_wpcf7_locale\" value=\"de_DE\" \/>\n<input type=\"hidden\" name=\"_wpcf7_unit_tag\" value=\"wpcf7-f819-o1\" \/>\n<input type=\"hidden\" name=\"_wpcf7_container_post\" value=\"0\" \/>\n<input type=\"hidden\" name=\"_wpcf7_posted_data_hash\" value=\"\" \/>\n<input type=\"hidden\" name=\"_wpcf7_recaptcha_response\" value=\"\" \/>\n<\/div>\n<div class=\"container-boxed\">\n<p>Wir melden uns so bald wie m\u00f6glich mit einem Terminvorschlag bei Ihnen.<\/p>\n<hr>\n<div class=\"input-box\">\n<label> Vorname und Familienname<small>\/ Pflichtangabe<\/small><br \/>\n    <span class=\"wpcf7-form-control-wrap your-name\"><input type=\"text\" name=\"your-name\" value=\"\" size=\"40\" class=\"wpcf7-form-control wpcf7-text wpcf7-validates-as-required\" aria-required=\"true\" aria-invalid=\"false\" \/><\/span> <\/label>\n<\/div>\n<div class=\"input-box\">\n<label> Ihre E-Mail <small>\/ Pflichtangabe <\/small><br \/>\n    <span class=\"wpcf7-form-control-wrap your-email\"><input type=\"email\" name=\"your-email\" value=\"\" size=\"40\" class=\"wpcf7-form-control wpcf7-text wpcf7-email wpcf7-validates-as-required wpcf7-validates-as-email\" aria-required=\"true\" aria-invalid=\"false\" \/><\/span> <\/label>\n<\/div>\n<div class=\"input-box\">\n<label> Ihre Telefonnummer<br \/>\n    <span class=\"wpcf7-form-control-wrap tel-181\"><input type=\"tel\" name=\"tel-181\" value=\"\" size=\"40\" class=\"wpcf7-form-control wpcf7-text wpcf7-tel wpcf7-validates-as-tel\" aria-invalid=\"false\" \/><\/span> <\/label>\n<\/div>\n<div class=\"input-box\">\n<label> Zvolte slu\u017ebu <small>\/ Povinn\u00e9<\/small><br \/>\n     <\/label>\n<\/div>\n<style>\n.sluzba > select {\nheight: 45px;\nwidth: 93%;\ncolor: black;\n}\n@media screen and (max-width: 730px) {\n.sluzba > select {\nwidth: 100%;\n}\n}\n<\/style>\n<p><input type=\"submit\" value=\"Senden\" class=\"wpcf7-form-control wpcf7-submit\" \/>\n<\/p><\/div>\n<div class=\"wpcf7-response-output\" aria-hidden=\"true\"><\/div><\/form><\/div><\/div><\/div><\/div><\/div><\/div><\/div><\/div>","protected":false},"excerpt":{"rendered":"<p>Wurzelkanalbehandlung \/ von 570 &#8211; 980 EUR Einen Termin vereinbaren Blitzartige Zahnschmerzen, Schmerzen beim Kontakt mit kalten und hei\u00dfen Lebensmitteln, Schmerzen beim Kauen bedeuten die Notwendigkeit der Wurzelkanalbehandlung oder einer endodontischen Behandlung. Die Wurzelkanalbehandlung wird in der Klinik Dsmile ausschlie\u00dflich unter Verwendung eines Mikroskops sowie eines Kofferdams (eine spezielle Isolationsmembran) durchgef\u00fchrt, wodurch eine hohe Pr\u00e4zision, Qualit\u00e4t und Sauberkeit des Eingriffs gew\u00e4hrleistet werden. Nachmodellieren eines Zahnes + definitive Wurzelkanalbehandlung. Hauptindikationen zur Wurzelkanalbehandlung: Schmerzen beim Kontakt mit kalten und hei\u00dfen Lebensmitteln; Schmerzen beim Kauen und das Gef\u00fchl, dass der Zahn \u201el\u00e4nger geworden\u201c sei; Zahnfleischentz\u00fcndung \u00fcber dem Zahn, Entstehung eines wei\u00dfen Punktes oder eines Bl\u00e4schens; Entstehung von Schwellungen am Zahnfleisch oder im Gesicht Zahntrauma. Beispiel f\u00fcr eine effektive re-endodontische Wurzelkanalbehandlung (wiederbehandelte Wurzelkan\u00e4le). Die Wurzelkanalbehandlung\u00a0beinhaltet: Diagnostik mithilfe des digitalen R\u00f6ntgens oder der Computertomographie; Entfernung eines Zahnnervs (Pulpe) oder einer alten F\u00fcllung (\u201ePlombe\u201c); mechanische und chemische Wurzelkanalreinigung; Anfertigung von Zahnf\u00fcllungen (\u201ePlomben\u201c) mithilfe biokompatibler Materialien: Pasten mit Kalzium \u2013 provisorische F\u00fcllung, Guttapercha und Biokeramik \u2013 eine definitive F\u00fcllung; Kontrollr\u00f6ntgenaufnahme. Die obengenannten Ma\u00dfnahmen k\u00f6nnen nach der Wurzelkanalbehandlung Komplikationen vorbeugen. Vorteile der Wurzelkanalbehandlung\u00a0in der Klinik\u00a0Dsmile: wir bieten die Wurzelkanalbehandlung mithilfe der modernsten Methodik an, die sich wesentlich von den fr\u00fcher verwendeten Methoden unterscheidet; der Eingriff wird unter computergest\u00fctzter An\u00e4sthesie durchgef\u00fchrt; die Wurzelkanalbehandlung unter dem Mikroskop erm\u00f6glicht eine absolut pr\u00e4zise und qualitativ hochwertige Durchf\u00fchrung aller Manipulationen; zur Wurzelkanalbehandlung werden innovative Instrumente zur einmaligen Verwendung aus einer Legierung auf der Basis von Nickel und Titan benutzt; zur F\u00fcllung der Wurzelkan\u00e4le werden nur biokompatible Materialien verwendet. Digitales R\u00f6ntgen und Computertomographie, Verwendung eines Mikroskops sowie eines Kofferdams, Instrumente zur einmaligen Verwendung, biokompatible Materialien \u2013 dies alles erh\u00f6ht wesentlich den Erfolg der Behandlung. Nach einer Wurzelkanalbehandlung ist der Zahn (ungeachtet der M\u00f6glichkeit seiner Rettung) br\u00fcchig, deshalb wird f\u00fcr solche Z\u00e4hne die Anwendung der Keramikf\u00fcllungen empfohlen, wodurch sich eine gleichm\u00e4\u00dfige Belastung der Z\u00e4hne ergibt. Damit kann man auch verhindern, dass solche Z\u00e4hne abbrechen oder Zahnrisse entstehen. Im Falle einer Entz\u00fcndung des Zahnmarks oder der Verschlimmerung eines chronischen Prozesses ist eine unverz\u00fcgliche Behandlung notwendig. In der Klinik Dsmile k\u00f6nnen wir Ihre Wurzelkan\u00e4le effektiv und schmerzfrei behandeln.<\/p>\n","protected":false},"author":3,"featured_media":0,"parent":2628,"menu_order":0,"comment_status":"closed","ping_status":"closed","template":"page-sidebar.php","meta":[],"yoast_head":"<!-- This site is optimized with the Yoast SEO plugin v16.1.1 - https:\/\/yoast.com\/wordpress\/plugins\/seo\/ -->\n<title>Wurzelkanalbehandlung | Stomatologie Dsmile v Praze | Modern\u00ed zubn\u00ed ordinace<\/title>\n<link rel=\"canonical\" href=\"https:\/\/dsmile.cz\/de\/service\/wurzelkanalbehandlung\/\" \/>\n<meta property=\"og:locale\" content=\"de_DE\" \/>\n<meta property=\"og:type\" content=\"article\" \/>\n<meta property=\"og:title\" content=\"Wurzelkanalbehandlung | Stomatologie Dsmile v Praze | Modern\u00ed zubn\u00ed ordinace\" \/>\n<meta property=\"og:description\" content=\"Wurzelkanalbehandlung \/ von 570 - 980 EUR Einen Termin vereinbaren Blitzartige Zahnschmerzen, Schmerzen beim Kontakt mit kalten und hei\u00dfen Lebensmitteln, Schmerzen beim Kauen bedeuten die Notwendigkeit der Wurzelkanalbehandlung oder einer endodontischen Behandlung. Die Wurzelkanalbehandlung wird in der Klinik Dsmile ausschlie\u00dflich unter Verwendung eines Mikroskops sowie eines Kofferdams (eine spezielle Isolationsmembran) durchgef\u00fchrt, wodurch eine hohe Pr\u00e4zision, Qualit\u00e4t und Sauberkeit des Eingriffs gew\u00e4hrleistet werden. Nachmodellieren eines Zahnes + definitive Wurzelkanalbehandlung. Hauptindikationen zur Wurzelkanalbehandlung: Schmerzen beim Kontakt mit kalten und hei\u00dfen Lebensmitteln; Schmerzen beim Kauen und das Gef\u00fchl, dass der Zahn \u201el\u00e4nger geworden\u201c sei; Zahnfleischentz\u00fcndung \u00fcber dem Zahn, Entstehung eines wei\u00dfen Punktes oder eines Bl\u00e4schens; Entstehung von Schwellungen am Zahnfleisch oder im Gesicht Zahntrauma. Beispiel f\u00fcr eine effektive re-endodontische Wurzelkanalbehandlung (wiederbehandelte Wurzelkan\u00e4le). Die Wurzelkanalbehandlung\u00a0beinhaltet: Diagnostik mithilfe des digitalen R\u00f6ntgens oder der Computertomographie; Entfernung eines Zahnnervs (Pulpe) oder einer alten F\u00fcllung (\u201ePlombe\u201c); mechanische und chemische Wurzelkanalreinigung; Anfertigung von Zahnf\u00fcllungen (\u201ePlomben\u201c) mithilfe biokompatibler Materialien: Pasten mit Kalzium \u2013 provisorische F\u00fcllung, Guttapercha und Biokeramik \u2013 eine definitive F\u00fcllung; Kontrollr\u00f6ntgenaufnahme. Die obengenannten Ma\u00dfnahmen k\u00f6nnen nach der Wurzelkanalbehandlung Komplikationen vorbeugen. Vorteile der Wurzelkanalbehandlung\u00a0in der Klinik\u00a0Dsmile: wir bieten die Wurzelkanalbehandlung mithilfe der modernsten Methodik an, die sich wesentlich von den fr\u00fcher verwendeten Methoden unterscheidet; der Eingriff wird unter computergest\u00fctzter An\u00e4sthesie durchgef\u00fchrt; die Wurzelkanalbehandlung unter dem Mikroskop erm\u00f6glicht eine absolut pr\u00e4zise und qualitativ hochwertige Durchf\u00fchrung aller Manipulationen; zur Wurzelkanalbehandlung werden innovative Instrumente zur einmaligen Verwendung aus einer Legierung auf der Basis von Nickel und Titan benutzt; zur F\u00fcllung der Wurzelkan\u00e4le werden nur biokompatible Materialien verwendet. Digitales R\u00f6ntgen und Computertomographie, Verwendung eines Mikroskops sowie eines Kofferdams, Instrumente zur einmaligen Verwendung, biokompatible Materialien \u2013 dies alles erh\u00f6ht wesentlich den Erfolg der Behandlung. Nach einer Wurzelkanalbehandlung ist der Zahn (ungeachtet der M\u00f6glichkeit seiner Rettung) br\u00fcchig, deshalb wird f\u00fcr solche Z\u00e4hne die Anwendung der Keramikf\u00fcllungen empfohlen, wodurch sich eine gleichm\u00e4\u00dfige Belastung der Z\u00e4hne ergibt. Damit kann man auch verhindern, dass solche Z\u00e4hne abbrechen oder Zahnrisse entstehen. Im Falle einer Entz\u00fcndung des Zahnmarks oder der Verschlimmerung eines chronischen Prozesses ist eine unverz\u00fcgliche Behandlung notwendig. In der Klinik Dsmile k\u00f6nnen wir Ihre Wurzelkan\u00e4le effektiv und schmerzfrei behandeln.\" \/>\n<meta property=\"og:url\" content=\"https:\/\/dsmile.cz\/de\/service\/wurzelkanalbehandlung\/\" \/>\n<meta property=\"og:site_name\" content=\"Stomatologie Dsmile v Praze | Modern\u00ed zubn\u00ed ordinace\" \/>\n<meta property=\"article:modified_time\" content=\"2024-07-15T22:02:37+00:00\" \/>\n<meta property=\"og:image\" content=\"https:\/\/www.dsmile.cz\/wp-content\/uploads\/2017\/07\/Untitled-design.jpg\" \/>\n<meta name=\"twitter:card\" content=\"summary\" \/>\n<meta name=\"twitter:label1\" content=\"Est. reading time\">\n\t<meta name=\"twitter:data1\" content=\"3 minutes\">\n<script type=\"application\/ld+json\" class=\"yoast-schema-graph\">{\"@context\":\"https:\/\/schema.org\",\"@graph\":[{\"@type\":\"WebSite\",\"@id\":\"https:\/\/dsmile.cz\/ru\/#website\",\"url\":\"https:\/\/dsmile.cz\/ru\/\",\"name\":\"Stomatologie Dsmile v Praze | Modern\\u00ed zubn\\u00ed ordinace\",\"description\":\"Modern\\u00ed zubn\\u00ed ordinace v Praze\",\"potentialAction\":[{\"@type\":\"SearchAction\",\"target\":\"https:\/\/dsmile.cz\/ru\/?s={search_term_string}\",\"query-input\":\"required name=search_term_string\"}],\"inLanguage\":\"de-DE\"},{\"@type\":\"ImageObject\",\"@id\":\"https:\/\/dsmile.cz\/de\/service\/wurzelkanalbehandlung\/#primaryimage\",\"inLanguage\":\"de-DE\",\"url\":\"https:\/\/www.dsmile.cz\/wp-content\/uploads\/2017\/07\/Untitled-design.jpg\",\"contentUrl\":\"https:\/\/www.dsmile.cz\/wp-content\/uploads\/2017\/07\/Untitled-design.jpg\"},{\"@type\":\"WebPage\",\"@id\":\"https:\/\/dsmile.cz\/de\/service\/wurzelkanalbehandlung\/#webpage\",\"url\":\"https:\/\/dsmile.cz\/de\/service\/wurzelkanalbehandlung\/\",\"name\":\"Wurzelkanalbehandlung | Stomatologie Dsmile v Praze | Modern\\u00ed zubn\\u00ed ordinace\",\"isPartOf\":{\"@id\":\"https:\/\/dsmile.cz\/ru\/#website\"},\"primaryImageOfPage\":{\"@id\":\"https:\/\/dsmile.cz\/de\/service\/wurzelkanalbehandlung\/#primaryimage\"},\"datePublished\":\"2018-08-18T16:47:02+00:00\",\"dateModified\":\"2024-07-15T22:02:37+00:00\",\"breadcrumb\":{\"@id\":\"https:\/\/dsmile.cz\/de\/service\/wurzelkanalbehandlung\/#breadcrumb\"},\"inLanguage\":\"de-DE\",\"potentialAction\":[{\"@type\":\"ReadAction\",\"target\":[\"https:\/\/dsmile.cz\/de\/service\/wurzelkanalbehandlung\/\"]}]},{\"@type\":\"BreadcrumbList\",\"@id\":\"https:\/\/dsmile.cz\/de\/service\/wurzelkanalbehandlung\/#breadcrumb\",\"itemListElement\":[{\"@type\":\"ListItem\",\"position\":1,\"item\":{\"@type\":\"WebPage\",\"@id\":\"https:\/\/dsmile.cz\/de\/kategorie\/dienstleistungen\/\",\"url\":\"https:\/\/dsmile.cz\/de\/kategorie\/dienstleistungen\/\",\"name\":\"Dienstleistungen\"}},{\"@type\":\"ListItem\",\"position\":2,\"item\":{\"@type\":\"WebPage\",\"@id\":\"https:\/\/dsmile.cz\/sluzby\/stomatologie\/\",\"url\":\"https:\/\/dsmile.cz\/sluzby\/stomatologie\/\",\"name\":\"Stomatologie\"}},{\"@type\":\"ListItem\",\"position\":3,\"item\":{\"@type\":\"WebPage\",\"@id\":\"https:\/\/dsmile.cz\/de\/service\/wurzelkanalbehandlung\/\",\"url\":\"https:\/\/dsmile.cz\/de\/service\/wurzelkanalbehandlung\/\",\"name\":\"Wurzelkanalbehandlung\"}}]}]}<\/script>\n<!-- \/ Yoast SEO plugin. -->","_links":{"self":[{"href":"https:\/\/dsmile.cz\/de\/wp-json\/wp\/v2\/pages\/2824"}],"collection":[{"href":"https:\/\/dsmile.cz\/de\/wp-json\/wp\/v2\/pages"}],"about":[{"href":"https:\/\/dsmile.cz\/de\/wp-json\/wp\/v2\/types\/page"}],"author":[{"embeddable":true,"href":"https:\/\/dsmile.cz\/de\/wp-json\/wp\/v2\/users\/3"}],"replies":[{"embeddable":true,"href":"https:\/\/dsmile.cz\/de\/wp-json\/wp\/v2\/comments?post=2824"}],"version-history":[{"count":7,"href":"https:\/\/dsmile.cz\/de\/wp-json\/wp\/v2\/pages\/2824\/revisions"}],"predecessor-version":[{"id":10161,"href":"https:\/\/dsmile.cz\/de\/wp-json\/wp\/v2\/pages\/2824\/revisions\/10161"}],"up":[{"embeddable":true,"href":"https:\/\/dsmile.cz\/de\/wp-json\/wp\/v2\/pages\/2628"}],"wp:attachment":[{"href":"https:\/\/dsmile.cz\/de\/wp-json\/wp\/v2\/media?parent=2824"}],"curies":[{"name":"wp","href":"https:\/\/api.w.org\/{rel}","templated":true}]}}