{"id":2827,"date":"2018-08-18T18:20:49","date_gmt":"2018-08-18T16:20:49","guid":{"rendered":"http:\/\/dsmile.cz\/de\/dienstleistungen\/stomatologie\/fotokompozitni-vyplne\/"},"modified":"2024-07-16T00:07:44","modified_gmt":"2024-07-15T22:07:44","slug":"fotokomposit-fuellungen","status":"publish","type":"page","link":"https:\/\/dsmile.cz\/de\/service\/fotokomposit-fuellungen\/","title":{"rendered":"Fotokomposit-F\u00fcllungen"},"content":{"rendered":"<div id=\"pl-2827\"  class=\"panel-layout\" ><div id=\"pg-2827-0\"  class=\"panel-grid panel-has-style\" ><div class=\"box-price panel-row-style panel-row-style-for-2827-0\" ><div id=\"pgc-2827-0-0\"  class=\"panel-grid-cell\" ><div id=\"panel-2827-0-0-0\" class=\"so-panel widget widget_sow-editor panel-first-child panel-last-child\" data-index=\"0\" ><div class=\"so-widget-sow-editor so-widget-sow-editor-base\">\n<div class=\"siteorigin-widget-tinymce textwidget\">\n\t<div>\n<p>Fotokomposit-F\u00fcllungen \/ 230 - 510 EUR<\/p>\n<p><a title=\"Einen Termin vereinbaren\" href=\"#contact_form_service\">Einen Termin vereinbaren<\/a><\/p>\n<\/div>\n<\/div>\n<\/div><\/div><\/div><\/div><\/div><div id=\"pg-2827-1\"  class=\"panel-grid panel-no-style\" ><div id=\"pgc-2827-1-0\"  class=\"panel-grid-cell\" ><div id=\"panel-2827-1-0-0\" class=\"so-panel widget widget_sow-editor panel-first-child panel-last-child\" data-index=\"1\" ><div class=\"so-widget-sow-editor so-widget-sow-editor-base\">\n<div class=\"siteorigin-widget-tinymce textwidget\">\n\t<div class=\"post-thumbnail\">\n<p class=\"p1\"><span class=\"s1\">Die Anfertigung der Fotokomposit-F\u00fcllungen geh\u00f6rt vielleicht zu den h\u00e4ufigsten Eingriffen in der Zahnarztpraxis. Fotokomposit ist ein modernes Material, das durch Licht ausgeh\u00e4rtet wird. Dank ihrer Best\u00e4ndigkeit und ihrem \u00e4sthetischen Effekt werden Fotokomposite erfolgreich zur Anfertigung von Zahnf\u00fcllungen (\u201ePlomben\u201c) sowohl im vorderen als auch im seitlichen Zahnbereich verwendet. Mithilfe der vergr\u00f6\u00dfernden Optik, die in unserer Klinik permanent verwendet wird, kann eine dichte Verbindung zwischen Zahn und F\u00fcllungsmaterial erreicht werden.<\/span><\/p>\n<p><img loading=\"lazy\" class=\"alignnone wp-image-429 size-full\" src=\"https:\/\/www.dsmile.cz\/wp-content\/uploads\/2017\/08\/kompozit-3.jpg\" sizes=\"(max-width: 709px) 85vw, (max-width: 909px) 67vw, (max-width: 984px) 61vw, (max-width: 1362px) 45vw, 600px\" srcset=\"https:\/\/www.dsmile.cz\/wp-content\/uploads\/2017\/08\/kompozit-3.jpg 725w, https:\/\/www.dsmile.cz\/wp-content\/uploads\/2017\/08\/kompozit-3-300x124.jpg 300w\" alt=\"fotokompozitn\u00ed v\u00fdpln\u011b\" width=\"725\" height=\"300\" \/><\/p>\n<p class=\"p1\"><span class=\"s1\"><b>Wie werden in der Klinik Dsmile Fotokomposit-F\u00fcllungen angefertigt:<\/b><\/span><\/p>\n<ul class=\"ul1\">\n<li>\n<ul class=\"ul1\">\n<li class=\"li1\"><span class=\"s1\">der Kofferdam wird immer \u00fcber den Zahn gezogen und verhindert das Durchdringen von Fl\u00fcssigkeiten zwischen F\u00fcllung und Zahn;<\/span><\/li>\n<\/ul>\n<\/li>\n<\/ul>\n<ul class=\"ul1\">\n<li class=\"li1\"><span class=\"s1\">die Anfertigung einer F\u00fcllung erfolgt immer unter Verwendung der vergr\u00f6\u00dfernden Optik \u2013 einer Vergr\u00f6\u00dferungsbrille oder eines Mikroskops;<\/span><\/li>\n<li class=\"li1\"><span class=\"s1\">w\u00e4hrend der Anfertigung einer Zahnf\u00fcllung werden die Regeln des Adh\u00e4sionsprotokolls eingehalten (Verbindung zwischen F\u00fcllung und Zahn);<\/span><\/li>\n<li class=\"li1\"><span class=\"s1\">es werden verschiedene Farbt\u00f6ne des F\u00fcllungsmaterials und spezielle Farbstoffe verwendet; so ist gesichert, dass die Zahnf\u00fcllung als solche nicht erkennbar ist;<\/span><\/li>\n<li class=\"li1\"><span class=\"s1\">die Oberfl\u00e4che der Zahnf\u00fcllung wird gr\u00fcndlich mit Silikongummi geschliffen und mit einer speziellen Paste poliert.<\/span><\/li>\n<\/ul>\n<p class=\"p1\"><span class=\"s1\"><b>Indikationen zur Anfertigung der Fotokomposit-F\u00fcllung:<\/b><\/span><\/p>\n<p><img loading=\"lazy\" class=\"alignnone size-full wp-image-462\" src=\"https:\/\/www.dsmile.cz\/wp-content\/uploads\/2017\/08\/Untitled-design1.jpg\" sizes=\"(max-width: 709px) 85vw, (max-width: 909px) 67vw, (max-width: 984px) 61vw, (max-width: 1362px) 45vw, 600px\" srcset=\"https:\/\/www.dsmile.cz\/wp-content\/uploads\/2017\/08\/Untitled-design1.jpg 725w, https:\/\/www.dsmile.cz\/wp-content\/uploads\/2017\/08\/Untitled-design1-300x124.jpg 300w\" alt=\"\" width=\"725\" height=\"300\" \/><img loading=\"lazy\" class=\"alignnone size-full wp-image-463\" src=\"https:\/\/www.dsmile.cz\/wp-content\/uploads\/2017\/08\/Untitled-design-4.jpg\" sizes=\"(max-width: 709px) 85vw, (max-width: 909px) 67vw, (max-width: 984px) 61vw, (max-width: 1362px) 45vw, 600px\" srcset=\"https:\/\/www.dsmile.cz\/wp-content\/uploads\/2017\/08\/Untitled-design-4.jpg 725w, https:\/\/www.dsmile.cz\/wp-content\/uploads\/2017\/08\/Untitled-design-4-300x124.jpg 300w\" alt=\"\" width=\"725\" height=\"300\" \/><\/p>\n<ul class=\"ul1\">\n<li class=\"li1\"><span class=\"s1\">Zahnkaries;<\/span><\/li>\n<li class=\"li1\"><span class=\"s1\">Rekonstruktion eines Zahnes f\u00fcr die Anfertigung einer Zahnkrone;<\/span><\/li>\n<li class=\"li1\"><span class=\"s1\">Behandlung der Zahnabsplitterungen und -risse;<\/span><\/li>\n<li class=\"li1\"><span class=\"s1\">\u00c4nderung der Farbe und der Form eines Zahnes (Fotokomposit-Facetten);<\/span><\/li>\n<li class=\"li1\"><span class=\"s1\">Deckung gr\u00f6\u00dferer Abst\u00e4nde zwischen den Z\u00e4hnen (L\u00fccken zwischen den Z\u00e4hnen).<\/span><\/li>\n<\/ul>\n<p><iframe loading=\"lazy\" src=\"https:\/\/www.youtube.com\/embed\/rS-rOwI_FVQ?feature=oembed\" width=\"840\" height=\"473\" frameborder=\"0\" allowfullscreen=\"allowfullscreen\" data-mce-fragment=\"1\"><\/iframe><\/p>\n<p class=\"p1\"><span class=\"s1\"><b>Vorteile der Fotokomposit-F\u00fcllungen:<\/b><\/span><\/p>\n<ul class=\"ul1\">\n<li class=\"li1\"><span class=\"s1\">hohes \u00e4sthetisches Niveau;<\/span><\/li>\n<li class=\"li1\"><span class=\"s1\">lange Haltbarkeit;<\/span><\/li>\n<li class=\"li1\"><span class=\"s1\">Festigkeit;<\/span><\/li>\n<li class=\"li1\"><span class=\"s1\">dichte Verbindung mit dem Zahn zur Verhinderung der Entstehung von Karies;<\/span><\/li>\n<li class=\"li1\"><span class=\"s1\">keine allergischen Reaktionen.<\/span><\/li>\n<\/ul>\n<p><img loading=\"lazy\" class=\"alignnone wp-image-427 size-full\" src=\"https:\/\/www.dsmile.cz\/wp-content\/uploads\/2017\/08\/belon.jpg\" sizes=\"(max-width: 709px) 85vw, (max-width: 909px) 67vw, (max-width: 984px) 61vw, (max-width: 1362px) 45vw, 600px\" srcset=\"https:\/\/www.dsmile.cz\/wp-content\/uploads\/2017\/08\/belon.jpg 725w, https:\/\/www.dsmile.cz\/wp-content\/uploads\/2017\/08\/belon-300x124.jpg 300w\" alt=\" zhotoven\u00ed fotokompozitn\u00ed plomby\" width=\"725\" height=\"300\" \/><\/p>\n<p class=\"p1\"><span class=\"s1\"><b>Nutzung der vergr\u00f6\u00dfernden Optik bei der Anfertigung einer Fotokomposit-F\u00fcllung gew\u00e4hrleistet:<\/b><\/span><\/p>\n<p><img loading=\"lazy\" class=\"alignnone size-full wp-image-1494\" src=\"https:\/\/www.dsmile.cz\/wp-content\/uploads\/2017\/08\/1234.png\" sizes=\"(max-width: 709px) 85vw, (max-width: 909px) 67vw, (max-width: 984px) 61vw, (max-width: 1362px) 45vw, 600px\" srcset=\"https:\/\/www.dsmile.cz\/wp-content\/uploads\/2017\/08\/1234.png 725w, https:\/\/www.dsmile.cz\/wp-content\/uploads\/2017\/08\/1234-300x124.png 300w\" alt=\"\" width=\"725\" height=\"300\" \/><img loading=\"lazy\" class=\"alignnone size-full wp-image-1495\" src=\"https:\/\/www.dsmile.cz\/wp-content\/uploads\/2017\/08\/12345.png\" sizes=\"(max-width: 709px) 85vw, (max-width: 909px) 67vw, (max-width: 984px) 61vw, (max-width: 1362px) 45vw, 600px\" srcset=\"https:\/\/www.dsmile.cz\/wp-content\/uploads\/2017\/08\/12345.png 725w, https:\/\/www.dsmile.cz\/wp-content\/uploads\/2017\/08\/12345-300x124.png 300w\" alt=\"\" width=\"725\" height=\"300\" \/><\/p>\n<ul class=\"ul1\">\n<li class=\"li1\"><span class=\"s1\">gr\u00fcndliche und zahnschonende Entfernung des kari\u00f6sen Zahngewebes;<\/span><\/li>\n<li class=\"li1\"><span class=\"s1\">perfekte Verbindung zwischen F\u00fcllung und Zahn;<\/span><\/li>\n<li class=\"li1\"><span class=\"s1\">Abwesenheit von Poren im Material.<\/span><\/li>\n<\/ul>\n<p><img loading=\"lazy\" class=\"alignnone wp-image-444 size-full\" src=\"https:\/\/www.dsmile.cz\/wp-content\/uploads\/2017\/08\/Untitled-design-18.jpg\" sizes=\"(max-width: 709px) 85vw, (max-width: 909px) 67vw, (max-width: 984px) 61vw, (max-width: 1362px) 45vw, 600px\" srcset=\"https:\/\/www.dsmile.cz\/wp-content\/uploads\/2017\/08\/Untitled-design-18.jpg 700w, https:\/\/www.dsmile.cz\/wp-content\/uploads\/2017\/08\/Untitled-design-18-300x139.jpg 300w\" alt=\"fotokompozitn\u00ed plomba - p\u0159ed apo \" width=\"700\" height=\"325\" \/><\/p>\n<p class=\"p1\"><span class=\"s1\">Die Klinik Dsmile verwendet zur Anfertigung von Kompositf\u00fcllungen nur moderne Materialien sowie Anlagen auf hohem technologischen Niveau und dabei zu einem akzeptierbaren Preis.<\/span><\/p>\n<\/div>\n<\/div>\n<\/div><\/div><\/div><\/div><div id=\"pg-2827-2\"  class=\"panel-grid panel-has-style\" ><div id=\"contact_form_service\" class=\"panel-row-style panel-row-style-for-2827-2\" ><div id=\"pgc-2827-2-0\"  class=\"panel-grid-cell\" ><div id=\"panel-2827-2-0-0\" class=\"widget_text so-panel widget widget_custom_html panel-first-child panel-last-child\" data-index=\"2\" ><div class=\"widget_text contact_form_service panel-widget-style panel-widget-style-for-2827-2-0-0\" ><div class=\"textwidget custom-html-widget\"><br><h2 class=\"content-title\">Bestellen Sie sich bei uns<\/h2><br><br>\n\n<div role=\"form\" class=\"wpcf7\" id=\"wpcf7-f819-o1\" lang=\"de-DE\" dir=\"ltr\">\n<div class=\"screen-reader-response\"><p role=\"status\" aria-live=\"polite\" aria-atomic=\"true\"><\/p> <ul><\/ul><\/div>\n<form action=\"\/de\/wp-json\/wp\/v2\/pages\/2827#wpcf7-f819-o1\" method=\"post\" class=\"wpcf7-form init\" novalidate=\"novalidate\" data-status=\"init\">\n<div style=\"display: none;\">\n<input type=\"hidden\" name=\"_wpcf7\" value=\"819\" \/>\n<input type=\"hidden\" name=\"_wpcf7_version\" value=\"5.4.1\" \/>\n<input type=\"hidden\" name=\"_wpcf7_locale\" value=\"de_DE\" \/>\n<input type=\"hidden\" name=\"_wpcf7_unit_tag\" value=\"wpcf7-f819-o1\" \/>\n<input type=\"hidden\" name=\"_wpcf7_container_post\" value=\"0\" \/>\n<input type=\"hidden\" name=\"_wpcf7_posted_data_hash\" value=\"\" \/>\n<input type=\"hidden\" name=\"_wpcf7_recaptcha_response\" value=\"\" \/>\n<\/div>\n<div class=\"container-boxed\">\n<p>Wir melden uns so bald wie m\u00f6glich mit einem Terminvorschlag bei Ihnen.<\/p>\n<hr>\n<div class=\"input-box\">\n<label> Vorname und Familienname<small>\/ Pflichtangabe<\/small><br \/>\n    <span class=\"wpcf7-form-control-wrap your-name\"><input type=\"text\" name=\"your-name\" value=\"\" size=\"40\" class=\"wpcf7-form-control wpcf7-text wpcf7-validates-as-required\" aria-required=\"true\" aria-invalid=\"false\" \/><\/span> <\/label>\n<\/div>\n<div class=\"input-box\">\n<label> Ihre E-Mail <small>\/ Pflichtangabe <\/small><br \/>\n    <span class=\"wpcf7-form-control-wrap your-email\"><input type=\"email\" name=\"your-email\" value=\"\" size=\"40\" class=\"wpcf7-form-control wpcf7-text wpcf7-email wpcf7-validates-as-required wpcf7-validates-as-email\" aria-required=\"true\" aria-invalid=\"false\" \/><\/span> <\/label>\n<\/div>\n<div class=\"input-box\">\n<label> Ihre Telefonnummer<br \/>\n    <span class=\"wpcf7-form-control-wrap tel-181\"><input type=\"tel\" name=\"tel-181\" value=\"\" size=\"40\" class=\"wpcf7-form-control wpcf7-text wpcf7-tel wpcf7-validates-as-tel\" aria-invalid=\"false\" \/><\/span> <\/label>\n<\/div>\n<div class=\"input-box\">\n<label> Zvolte slu\u017ebu <small>\/ Povinn\u00e9<\/small><br \/>\n     <\/label>\n<\/div>\n<style>\n.sluzba > select {\nheight: 45px;\nwidth: 93%;\ncolor: black;\n}\n@media screen and (max-width: 730px) {\n.sluzba > select {\nwidth: 100%;\n}\n}\n<\/style>\n<p><input type=\"submit\" value=\"Senden\" class=\"wpcf7-form-control wpcf7-submit\" \/>\n<\/p><\/div>\n<div class=\"wpcf7-response-output\" aria-hidden=\"true\"><\/div><\/form><\/div><\/div><\/div><\/div><\/div><\/div><\/div><\/div>","protected":false},"excerpt":{"rendered":"<p>Fotokomposit-F\u00fcllungen \/ 230 &#8211; 510 EUR Einen Termin vereinbaren Die Anfertigung der Fotokomposit-F\u00fcllungen geh\u00f6rt vielleicht zu den h\u00e4ufigsten Eingriffen in der Zahnarztpraxis. Fotokomposit ist ein modernes Material, das durch Licht ausgeh\u00e4rtet wird. Dank ihrer Best\u00e4ndigkeit und ihrem \u00e4sthetischen Effekt werden Fotokomposite erfolgreich zur Anfertigung von Zahnf\u00fcllungen (\u201ePlomben\u201c) sowohl im vorderen als auch im seitlichen Zahnbereich verwendet. Mithilfe der vergr\u00f6\u00dfernden Optik, die in unserer Klinik permanent verwendet wird, kann eine dichte Verbindung zwischen Zahn und F\u00fcllungsmaterial erreicht werden. Wie werden in der Klinik Dsmile Fotokomposit-F\u00fcllungen angefertigt: der Kofferdam wird immer \u00fcber den Zahn gezogen und verhindert das Durchdringen von Fl\u00fcssigkeiten zwischen F\u00fcllung und Zahn; die Anfertigung einer F\u00fcllung erfolgt immer unter Verwendung der vergr\u00f6\u00dfernden Optik \u2013 einer Vergr\u00f6\u00dferungsbrille oder eines Mikroskops; w\u00e4hrend der Anfertigung einer Zahnf\u00fcllung werden die Regeln des Adh\u00e4sionsprotokolls eingehalten (Verbindung zwischen F\u00fcllung und Zahn); es werden verschiedene Farbt\u00f6ne des F\u00fcllungsmaterials und spezielle Farbstoffe verwendet; so ist gesichert, dass die Zahnf\u00fcllung als solche nicht erkennbar ist; die Oberfl\u00e4che der Zahnf\u00fcllung wird gr\u00fcndlich mit Silikongummi geschliffen und mit einer speziellen Paste poliert. Indikationen zur Anfertigung der Fotokomposit-F\u00fcllung: Zahnkaries; Rekonstruktion eines Zahnes f\u00fcr die Anfertigung einer Zahnkrone; Behandlung der Zahnabsplitterungen und -risse; \u00c4nderung der Farbe und der Form eines Zahnes (Fotokomposit-Facetten); Deckung gr\u00f6\u00dferer Abst\u00e4nde zwischen den Z\u00e4hnen (L\u00fccken zwischen den Z\u00e4hnen). Vorteile der Fotokomposit-F\u00fcllungen: hohes \u00e4sthetisches Niveau; lange Haltbarkeit; Festigkeit; dichte Verbindung mit dem Zahn zur Verhinderung der Entstehung von Karies; keine allergischen Reaktionen. Nutzung der vergr\u00f6\u00dfernden Optik bei der Anfertigung einer Fotokomposit-F\u00fcllung gew\u00e4hrleistet: gr\u00fcndliche und zahnschonende Entfernung des kari\u00f6sen Zahngewebes; perfekte Verbindung zwischen F\u00fcllung und Zahn; Abwesenheit von Poren im Material. Die Klinik Dsmile verwendet zur Anfertigung von Kompositf\u00fcllungen nur moderne Materialien sowie Anlagen auf hohem technologischen Niveau und dabei zu einem akzeptierbaren Preis.<\/p>\n","protected":false},"author":3,"featured_media":0,"parent":2628,"menu_order":0,"comment_status":"closed","ping_status":"closed","template":"page-sidebar.php","meta":[],"yoast_head":"<!-- This site is optimized with the Yoast SEO plugin v16.1.1 - https:\/\/yoast.com\/wordpress\/plugins\/seo\/ -->\n<title>Fotokomposit-F\u00fcllungen | Stomatologie Dsmile v Praze | Modern\u00ed zubn\u00ed ordinace<\/title>\n<link rel=\"canonical\" href=\"https:\/\/dsmile.cz\/de\/service\/fotokomposit-fuellungen\/\" \/>\n<meta property=\"og:locale\" content=\"de_DE\" \/>\n<meta property=\"og:type\" content=\"article\" \/>\n<meta property=\"og:title\" content=\"Fotokomposit-F\u00fcllungen | Stomatologie Dsmile v Praze | Modern\u00ed zubn\u00ed ordinace\" \/>\n<meta property=\"og:description\" content=\"Fotokomposit-F\u00fcllungen \/ 230 - 510 EUR Einen Termin vereinbaren Die Anfertigung der Fotokomposit-F\u00fcllungen geh\u00f6rt vielleicht zu den h\u00e4ufigsten Eingriffen in der Zahnarztpraxis. Fotokomposit ist ein modernes Material, das durch Licht ausgeh\u00e4rtet wird. Dank ihrer Best\u00e4ndigkeit und ihrem \u00e4sthetischen Effekt werden Fotokomposite erfolgreich zur Anfertigung von Zahnf\u00fcllungen (\u201ePlomben\u201c) sowohl im vorderen als auch im seitlichen Zahnbereich verwendet. Mithilfe der vergr\u00f6\u00dfernden Optik, die in unserer Klinik permanent verwendet wird, kann eine dichte Verbindung zwischen Zahn und F\u00fcllungsmaterial erreicht werden. Wie werden in der Klinik Dsmile Fotokomposit-F\u00fcllungen angefertigt: der Kofferdam wird immer \u00fcber den Zahn gezogen und verhindert das Durchdringen von Fl\u00fcssigkeiten zwischen F\u00fcllung und Zahn; die Anfertigung einer F\u00fcllung erfolgt immer unter Verwendung der vergr\u00f6\u00dfernden Optik \u2013 einer Vergr\u00f6\u00dferungsbrille oder eines Mikroskops; w\u00e4hrend der Anfertigung einer Zahnf\u00fcllung werden die Regeln des Adh\u00e4sionsprotokolls eingehalten (Verbindung zwischen F\u00fcllung und Zahn); es werden verschiedene Farbt\u00f6ne des F\u00fcllungsmaterials und spezielle Farbstoffe verwendet; so ist gesichert, dass die Zahnf\u00fcllung als solche nicht erkennbar ist; die Oberfl\u00e4che der Zahnf\u00fcllung wird gr\u00fcndlich mit Silikongummi geschliffen und mit einer speziellen Paste poliert. Indikationen zur Anfertigung der Fotokomposit-F\u00fcllung: Zahnkaries; Rekonstruktion eines Zahnes f\u00fcr die Anfertigung einer Zahnkrone; Behandlung der Zahnabsplitterungen und -risse; \u00c4nderung der Farbe und der Form eines Zahnes (Fotokomposit-Facetten); Deckung gr\u00f6\u00dferer Abst\u00e4nde zwischen den Z\u00e4hnen (L\u00fccken zwischen den Z\u00e4hnen). Vorteile der Fotokomposit-F\u00fcllungen: hohes \u00e4sthetisches Niveau; lange Haltbarkeit; Festigkeit; dichte Verbindung mit dem Zahn zur Verhinderung der Entstehung von Karies; keine allergischen Reaktionen. Nutzung der vergr\u00f6\u00dfernden Optik bei der Anfertigung einer Fotokomposit-F\u00fcllung gew\u00e4hrleistet: gr\u00fcndliche und zahnschonende Entfernung des kari\u00f6sen Zahngewebes; perfekte Verbindung zwischen F\u00fcllung und Zahn; Abwesenheit von Poren im Material. Die Klinik Dsmile verwendet zur Anfertigung von Kompositf\u00fcllungen nur moderne Materialien sowie Anlagen auf hohem technologischen Niveau und dabei zu einem akzeptierbaren Preis.\" \/>\n<meta property=\"og:url\" content=\"https:\/\/dsmile.cz\/de\/service\/fotokomposit-fuellungen\/\" \/>\n<meta property=\"og:site_name\" content=\"Stomatologie Dsmile v Praze | Modern\u00ed zubn\u00ed ordinace\" \/>\n<meta property=\"article:modified_time\" content=\"2024-07-15T22:07:44+00:00\" \/>\n<meta property=\"og:image\" content=\"https:\/\/www.dsmile.cz\/wp-content\/uploads\/2017\/08\/kompozit-3.jpg\" \/>\n<meta name=\"twitter:card\" content=\"summary\" \/>\n<meta name=\"twitter:label1\" content=\"Est. reading time\">\n\t<meta name=\"twitter:data1\" content=\"3 minutes\">\n<script type=\"application\/ld+json\" class=\"yoast-schema-graph\">{\"@context\":\"https:\/\/schema.org\",\"@graph\":[{\"@type\":\"WebSite\",\"@id\":\"https:\/\/dsmile.cz\/ru\/#website\",\"url\":\"https:\/\/dsmile.cz\/ru\/\",\"name\":\"Stomatologie Dsmile v Praze | Modern\\u00ed zubn\\u00ed ordinace\",\"description\":\"Modern\\u00ed zubn\\u00ed ordinace v Praze\",\"potentialAction\":[{\"@type\":\"SearchAction\",\"target\":\"https:\/\/dsmile.cz\/ru\/?s={search_term_string}\",\"query-input\":\"required name=search_term_string\"}],\"inLanguage\":\"de-DE\"},{\"@type\":\"ImageObject\",\"@id\":\"https:\/\/dsmile.cz\/de\/service\/fotokomposit-fuellungen\/#primaryimage\",\"inLanguage\":\"de-DE\",\"url\":\"https:\/\/www.dsmile.cz\/wp-content\/uploads\/2017\/08\/kompozit-3.jpg\",\"contentUrl\":\"https:\/\/www.dsmile.cz\/wp-content\/uploads\/2017\/08\/kompozit-3.jpg\"},{\"@type\":\"WebPage\",\"@id\":\"https:\/\/dsmile.cz\/de\/service\/fotokomposit-fuellungen\/#webpage\",\"url\":\"https:\/\/dsmile.cz\/de\/service\/fotokomposit-fuellungen\/\",\"name\":\"Fotokomposit-F\\u00fcllungen | Stomatologie Dsmile v Praze | Modern\\u00ed zubn\\u00ed ordinace\",\"isPartOf\":{\"@id\":\"https:\/\/dsmile.cz\/ru\/#website\"},\"primaryImageOfPage\":{\"@id\":\"https:\/\/dsmile.cz\/de\/service\/fotokomposit-fuellungen\/#primaryimage\"},\"datePublished\":\"2018-08-18T16:20:49+00:00\",\"dateModified\":\"2024-07-15T22:07:44+00:00\",\"breadcrumb\":{\"@id\":\"https:\/\/dsmile.cz\/de\/service\/fotokomposit-fuellungen\/#breadcrumb\"},\"inLanguage\":\"de-DE\",\"potentialAction\":[{\"@type\":\"ReadAction\",\"target\":[\"https:\/\/dsmile.cz\/de\/service\/fotokomposit-fuellungen\/\"]}]},{\"@type\":\"BreadcrumbList\",\"@id\":\"https:\/\/dsmile.cz\/de\/service\/fotokomposit-fuellungen\/#breadcrumb\",\"itemListElement\":[{\"@type\":\"ListItem\",\"position\":1,\"item\":{\"@type\":\"WebPage\",\"@id\":\"https:\/\/dsmile.cz\/de\/kategorie\/dienstleistungen\/\",\"url\":\"https:\/\/dsmile.cz\/de\/kategorie\/dienstleistungen\/\",\"name\":\"Dienstleistungen\"}},{\"@type\":\"ListItem\",\"position\":2,\"item\":{\"@type\":\"WebPage\",\"@id\":\"https:\/\/dsmile.cz\/sluzby\/stomatologie\/\",\"url\":\"https:\/\/dsmile.cz\/sluzby\/stomatologie\/\",\"name\":\"Stomatologie\"}},{\"@type\":\"ListItem\",\"position\":3,\"item\":{\"@type\":\"WebPage\",\"@id\":\"https:\/\/dsmile.cz\/de\/service\/fotokomposit-fuellungen\/\",\"url\":\"https:\/\/dsmile.cz\/de\/service\/fotokomposit-fuellungen\/\",\"name\":\"Fotokomposit-F\\u00fcllungen\"}}]}]}<\/script>\n<!-- \/ Yoast SEO plugin. -->","_links":{"self":[{"href":"https:\/\/dsmile.cz\/de\/wp-json\/wp\/v2\/pages\/2827"}],"collection":[{"href":"https:\/\/dsmile.cz\/de\/wp-json\/wp\/v2\/pages"}],"about":[{"href":"https:\/\/dsmile.cz\/de\/wp-json\/wp\/v2\/types\/page"}],"author":[{"embeddable":true,"href":"https:\/\/dsmile.cz\/de\/wp-json\/wp\/v2\/users\/3"}],"replies":[{"embeddable":true,"href":"https:\/\/dsmile.cz\/de\/wp-json\/wp\/v2\/comments?post=2827"}],"version-history":[{"count":7,"href":"https:\/\/dsmile.cz\/de\/wp-json\/wp\/v2\/pages\/2827\/revisions"}],"predecessor-version":[{"id":10167,"href":"https:\/\/dsmile.cz\/de\/wp-json\/wp\/v2\/pages\/2827\/revisions\/10167"}],"up":[{"embeddable":true,"href":"https:\/\/dsmile.cz\/de\/wp-json\/wp\/v2\/pages\/2628"}],"wp:attachment":[{"href":"https:\/\/dsmile.cz\/de\/wp-json\/wp\/v2\/media?parent=2827"}],"curies":[{"name":"wp","href":"https:\/\/api.w.org\/{rel}","templated":true}]}}