{"id":2303,"date":"2018-08-13T11:51:47","date_gmt":"2018-08-13T09:51:47","guid":{"rendered":"http:\/\/dsmile.cz\/en\/kontakt\/"},"modified":"2024-08-28T11:34:27","modified_gmt":"2024-08-28T09:34:27","slug":"contact","status":"publish","type":"page","link":"https:\/\/dsmile.cz\/en\/contact\/","title":{"rendered":"Contact"},"content":{"rendered":"<div id=\"pl-2303\"  class=\"panel-layout\" ><div id=\"pg-2303-0\"  class=\"panel-grid panel-no-style\" ><div id=\"pgc-2303-0-0\"  class=\"panel-grid-cell\" ><div id=\"panel-2303-0-0-0\" class=\"widget_text so-panel widget widget_custom_html panel-first-child panel-last-child\" data-index=\"0\" ><div id=\"g_map\" class=\"widget_text panel-widget-style panel-widget-style-for-2303-0-0-0\" ><div class=\"textwidget custom-html-widget\"><iframe src=\"https:\/\/www.google.com\/maps\/embed?pb=!1m14!1m8!1m3!1d5123.458505028417!2d14.37016!3d50.053903!3m2!1i1024!2i768!4f13.1!3m3!1m2!1s0x0%3A0xd2dde5b3d9cb23b1!2sStomatologick%C3%A1+klinika+Dsmile!5e0!3m2!1scs!2ssk!4v1534274114441\" width=\"100%\" height=\"350\" frameborder=\"0\" style=\"border:0\" allowfullscreen><\/iframe><\/div><\/div><\/div><\/div><\/div><div id=\"pg-2303-1\"  class=\"panel-grid panel-no-style\" ><div id=\"pgc-2303-1-0\"  class=\"panel-grid-cell\" ><div id=\"panel-2303-1-0-0\" class=\"so-panel widget widget_sow-editor panel-first-child panel-last-child\" data-index=\"1\" ><div id=\"contact_contact_info\" class=\"panel-widget-style panel-widget-style-for-2303-1-0-0\" ><div class=\"so-widget-sow-editor so-widget-sow-editor-base\">\n<div class=\"siteorigin-widget-tinymce textwidget\">\n\t<div class=\"text\">\n<h3>Dental surgery DSmile<\/h3>\n<p>V z\u00e1\u0159ezu 902\/2,<br \/>\nPrague 5, Jinonice<\/p>\n<h3>Make an appointment<\/h3>\n<p class=\"icon icon-phone\"><a href=\"tel:+420777212070\">+420 777 212 070<\/a><\/p>\n<p class=\"icon icon-email\"><a href=\"mailto:dsmileprague@gmail.com\">dsmileprague@gmail.com<\/a><\/p>\n<h3>When to visit<\/h3>\n<p class=\"icon icon-hour\">Mon - Fri: 9:00 \u2013 17:00<br \/>\nSat - Sun: CLOSED<\/p>\n<div class=\"social_icons\"><\/div>\n<\/div>\n<\/div>\n<\/div><\/div><\/div><\/div><div id=\"pgc-2303-1-1\"  class=\"panel-grid-cell\" ><div id=\"panel-2303-1-1-0\" class=\"so-panel widget widget_sow-editor panel-first-child panel-last-child\" data-index=\"2\" ><div id=\"contact_contact_form\" class=\"panel-widget-style panel-widget-style-for-2303-1-1-0\" ><div class=\"so-widget-sow-editor so-widget-sow-editor-base\">\n<div class=\"siteorigin-widget-tinymce textwidget\">\n\t<div class=\"text\">\n<h2>Contact form<\/h2>\n<div role=\"form\" class=\"wpcf7\" id=\"wpcf7-f1157-o1\" lang=\"en-GB\" dir=\"ltr\">\n<div class=\"screen-reader-response\"><p role=\"status\" aria-live=\"polite\" aria-atomic=\"true\"><\/p> <ul><\/ul><\/div>\n<form action=\"\/en\/wp-json\/wp\/v2\/pages\/2303#wpcf7-f1157-o1\" method=\"post\" class=\"wpcf7-form init\" novalidate=\"novalidate\" data-status=\"init\">\n<div style=\"display: none;\">\n<input type=\"hidden\" name=\"_wpcf7\" value=\"1157\" \/>\n<input type=\"hidden\" name=\"_wpcf7_version\" value=\"5.4.1\" \/>\n<input type=\"hidden\" name=\"_wpcf7_locale\" value=\"en_GB\" \/>\n<input type=\"hidden\" name=\"_wpcf7_unit_tag\" value=\"wpcf7-f1157-o1\" \/>\n<input type=\"hidden\" name=\"_wpcf7_container_post\" value=\"0\" \/>\n<input type=\"hidden\" name=\"_wpcf7_posted_data_hash\" value=\"\" \/>\n<input type=\"hidden\" name=\"_wpcf7_recaptcha_response\" value=\"\" \/>\n<\/div>\n<p><label>Your name (required)<br \/>\n    <span class=\"wpcf7-form-control-wrap your-name\"><input type=\"text\" name=\"your-name\" value=\"\" size=\"40\" class=\"wpcf7-form-control wpcf7-text wpcf7-validates-as-required\" aria-required=\"true\" aria-invalid=\"false\" \/><\/span> <\/label><\/p>\n<p><label>Your email (required)<br \/>\n    <span class=\"wpcf7-form-control-wrap your-email\"><input type=\"email\" name=\"your-email\" value=\"\" size=\"40\" class=\"wpcf7-form-control wpcf7-text wpcf7-email wpcf7-validates-as-required wpcf7-validates-as-email\" aria-required=\"true\" aria-invalid=\"false\" \/><\/span> <\/label><\/p>\n<p><label> Zvolte slu\u017ebu (vy\u017eadov\u00e1no)<br \/>\n    <span class=\"wpcf7-form-control-wrap sluzba\"><select name=\"sluzba\" class=\"wpcf7-form-control wpcf7-select wpcf7-validates-as-required\" aria-required=\"true\" aria-invalid=\"false\"><option value=\"Root canal cleaning (consultation price: 5500 CZK)\">Root canal cleaning (consultation price: 5500 CZK)<\/option><option value=\"Composite fillings (consultation price: 5500 CZK)\">Composite fillings (consultation price: 5500 CZK)<\/option><option value=\"All on X (consultation price: 6500 CZK)\">All on X (consultation price: 6500 CZK)<\/option><option value=\"Comprehensive dental care (consultation price: 6500 CZK)\">Comprehensive dental care (consultation price: 6500 CZK)<\/option><option value=\"Veneers, crowns (consultation price: 5500 CZK)\">Veneers, crowns (consultation price: 5500 CZK)<\/option><option value=\"Dental treatment under anaesthesia (consultation price: 6500 CZK)\">Dental treatment under anaesthesia (consultation price: 6500 CZK)<\/option><option value=\"Gum surgery, bone surgery (consultation price: 5500 CZK)\">Gum surgery, bone surgery (consultation price: 5500 CZK)<\/option><option value=\"Implantation (consultation price: 6500 CZK)\">Implantation (consultation price: 6500 CZK)<\/option><\/select><\/span> <\/label><\/p>\n<style>\n.sluzba > select {\nheight: 45px;\nwidth: 100%;\ncolor: black;\n}\n<\/style>\n<p><br><\/p>\n<p style=\"width:100%;\">\n<label>Your message<br \/>\n    <span class=\"wpcf7-form-control-wrap your-message\"><textarea name=\"your-message\" cols=\"40\" rows=\"10\" class=\"wpcf7-form-control wpcf7-textarea\" aria-invalid=\"false\"><\/textarea><\/span><\/label>\n<\/p>\n<p><input type=\"submit\" value=\"Submit\" class=\"wpcf7-form-control wpcf7-submit\" \/><\/p>\n<p><small>By submitting I agree to the processing of my <a href=\"#\">personal data<\/a>.<\/small><\/p>\n<div class=\"wpcf7-response-output\" aria-hidden=\"true\"><\/div><\/form><\/div>\n<\/div>\n<\/div>\n<\/div><\/div><\/div><\/div><\/div><div id=\"pg-2303-2\"  class=\"panel-grid panel-no-style\" ><div id=\"pgc-2303-2-0\"  class=\"panel-grid-cell\" ><div id=\"panel-2303-2-0-0\" class=\"widget_text so-panel widget widget_custom_html panel-first-child panel-last-child\" data-index=\"3\" ><div id=\"g_map\" class=\"widget_text panel-widget-style panel-widget-style-for-2303-2-0-0\" ><div class=\"textwidget custom-html-widget\"><div class=\"virtualni_prohlidka\">\n<iframe src=\"https:\/\/www.google.com\/maps\/embed?pb=!4v1535659265938!6m8!1m7!1sCAoSLEFGMVFpcE9VRGdWSkEwb3Fvc2xuMXhyUUJraEkxMHNNSXFreUZ4ZHRzd2VW!2m2!1d50.0538374!2d14.370163!3f334.93072961702666!4f-5.683493708406431!5f0.4000000000000002\" width=\"100%\" height=\"350\" frameborder=\"0\" style=\"border:0\" allowfullscreen><\/iframe>\n<\/div><\/div><\/div><\/div><\/div><\/div><\/div>","protected":false},"excerpt":{"rendered":"<p>Dental surgery DSmile V z\u00e1\u0159ezu 902\/2, Prague 5, Jinonice Make an appointment +420 777 212 070 dsmileprague@gmail.com When to visit Mon &#8211; Fri: 9:00 \u2013 17:00 Sat &#8211; Sun: CLOSED Contact form<\/p>\n","protected":false},"author":3,"featured_media":0,"parent":0,"menu_order":0,"comment_status":"closed","ping_status":"closed","template":"","meta":[],"yoast_head":"<!-- This site is optimized with the Yoast SEO plugin v16.1.1 - https:\/\/yoast.com\/wordpress\/plugins\/seo\/ -->\n<title>Contact of dSmile - best dental clinic in Prague and Europe<\/title>\n<meta name=\"description\" content=\"Contacts section of dental clinic dSmile in Prague. Here you will find contact details for registration or receiving results - email address, phone number as well as information about parking and how to reach us.\" \/>\n<link rel=\"canonical\" href=\"https:\/\/dsmile.cz\/en\/contact\/\" \/>\n<meta property=\"og:locale\" content=\"en_US\" \/>\n<meta property=\"og:type\" content=\"article\" \/>\n<meta property=\"og:title\" content=\"Contact of dSmile - best dental clinic in Prague and Europe\" \/>\n<meta property=\"og:description\" content=\"Contacts section of dental clinic dSmile in Prague. Here you will find contact details for registration or receiving results - email address, phone number as well as information about parking and how to reach us.\" \/>\n<meta property=\"og:url\" content=\"https:\/\/dsmile.cz\/en\/contact\/\" \/>\n<meta property=\"og:site_name\" content=\"Stomatologie Dsmile v Praze | Modern\u00ed zubn\u00ed ordinace\" \/>\n<meta property=\"article:modified_time\" content=\"2024-08-28T09:34:27+00:00\" \/>\n<meta name=\"twitter:card\" content=\"summary\" \/>\n<meta name=\"twitter:label1\" content=\"Est. reading time\">\n\t<meta name=\"twitter:data1\" content=\"1 minute\">\n<script type=\"application\/ld+json\" class=\"yoast-schema-graph\">{\"@context\":\"https:\/\/schema.org\",\"@graph\":[{\"@type\":\"WebSite\",\"@id\":\"https:\/\/dsmile.cz\/ru\/#website\",\"url\":\"https:\/\/dsmile.cz\/ru\/\",\"name\":\"Stomatologie Dsmile v Praze | Modern\\u00ed zubn\\u00ed ordinace\",\"description\":\"Modern dental clinic\",\"potentialAction\":[{\"@type\":\"SearchAction\",\"target\":\"https:\/\/dsmile.cz\/ru\/?s={search_term_string}\",\"query-input\":\"required name=search_term_string\"}],\"inLanguage\":\"en-US\"},{\"@type\":\"WebPage\",\"@id\":\"https:\/\/dsmile.cz\/en\/contact\/#webpage\",\"url\":\"https:\/\/dsmile.cz\/en\/contact\/\",\"name\":\"Contact of dSmile - best dental clinic in Prague and Europe\",\"isPartOf\":{\"@id\":\"https:\/\/dsmile.cz\/ru\/#website\"},\"datePublished\":\"2018-08-13T09:51:47+00:00\",\"dateModified\":\"2024-08-28T09:34:27+00:00\",\"description\":\"Contacts section of dental clinic dSmile in Prague. Here you will find contact details for registration or receiving results - email address, phone number as well as information about parking and how to reach us.\",\"breadcrumb\":{\"@id\":\"https:\/\/dsmile.cz\/en\/contact\/#breadcrumb\"},\"inLanguage\":\"en-US\",\"potentialAction\":[{\"@type\":\"ReadAction\",\"target\":[\"https:\/\/dsmile.cz\/en\/contact\/\"]}]},{\"@type\":\"BreadcrumbList\",\"@id\":\"https:\/\/dsmile.cz\/en\/contact\/#breadcrumb\",\"itemListElement\":[{\"@type\":\"ListItem\",\"position\":1,\"item\":{\"@type\":\"WebPage\",\"@id\":\"https:\/\/dsmile.cz\/en\/contact\/\",\"url\":\"https:\/\/dsmile.cz\/en\/contact\/\",\"name\":\"Contact\"}}]}]}<\/script>\n<!-- \/ Yoast SEO plugin. -->","_links":{"self":[{"href":"https:\/\/dsmile.cz\/en\/wp-json\/wp\/v2\/pages\/2303"}],"collection":[{"href":"https:\/\/dsmile.cz\/en\/wp-json\/wp\/v2\/pages"}],"about":[{"href":"https:\/\/dsmile.cz\/en\/wp-json\/wp\/v2\/types\/page"}],"author":[{"embeddable":true,"href":"https:\/\/dsmile.cz\/en\/wp-json\/wp\/v2\/users\/3"}],"replies":[{"embeddable":true,"href":"https:\/\/dsmile.cz\/en\/wp-json\/wp\/v2\/comments?post=2303"}],"version-history":[{"count":15,"href":"https:\/\/dsmile.cz\/en\/wp-json\/wp\/v2\/pages\/2303\/revisions"}],"predecessor-version":[{"id":10337,"href":"https:\/\/dsmile.cz\/en\/wp-json\/wp\/v2\/pages\/2303\/revisions\/10337"}],"wp:attachment":[{"href":"https:\/\/dsmile.cz\/en\/wp-json\/wp\/v2\/media?parent=2303"}],"curies":[{"name":"wp","href":"https:\/\/api.w.org\/{rel}","templated":true}]}}