{"id":2823,"date":"2018-08-18T18:47:02","date_gmt":"2018-08-18T16:47:02","guid":{"rendered":"http:\/\/dsmile.cz\/en\/our-services\/dentistry\/osetreni-korenovych-kanalku\/"},"modified":"2024-07-15T23:54:33","modified_gmt":"2024-07-15T21:54:33","slug":"root-canal-cleaning","status":"publish","type":"page","link":"https:\/\/dsmile.cz\/en\/service\/root-canal-cleaning\/","title":{"rendered":"Root Canal Cleaning"},"content":{"rendered":"<div id=\"pl-2823\"  class=\"panel-layout\" ><div id=\"pg-2823-0\"  class=\"panel-grid panel-has-style\" ><div class=\"box-price panel-row-style panel-row-style-for-2823-0\" ><div id=\"pgc-2823-0-0\"  class=\"panel-grid-cell\" ><div id=\"panel-2823-0-0-0\" class=\"so-panel widget widget_sow-editor panel-first-child panel-last-child\" data-index=\"0\" ><div class=\"so-widget-sow-editor so-widget-sow-editor-base\">\n<div class=\"siteorigin-widget-tinymce textwidget\">\n\t<div>\n<p>Root Canal Cleaning \/ from 570 - 980 EUR<\/p>\n<p><a title=\"Appointment\" href=\"#contact_form_service\">Appointment<\/a><\/p>\n<\/div>\n<\/div>\n<\/div><\/div><\/div><\/div><\/div><div id=\"pg-2823-1\"  class=\"panel-grid panel-no-style\" ><div id=\"pgc-2823-1-0\"  class=\"panel-grid-cell\" ><div id=\"panel-2823-1-0-0\" class=\"so-panel widget widget_sow-editor panel-first-child panel-last-child\" data-index=\"1\" ><div class=\"so-widget-sow-editor so-widget-sow-editor-base\">\n<div class=\"siteorigin-widget-tinymce textwidget\">\n\t<div class=\"post-thumbnail\">\n<p>Sharp tooth pain, pain in contact with heat and cold, pain when biting all mean the need for tooth root canal treatment, or endodontic therapy. Root canal treatment is performed strictly under a microscope and a dental dam (insulating membrane) at\u00a0<a href=\"\/en\/contact\/\">dSmile clinic<\/a>, which ensures the precision, quality and cleanness of this intervention.<\/p>\n<p>Tooth reconstruction + final root canal treatment<\/p>\n<p><img loading=\"lazy\" class=\"wp-image-402 size-full\" src=\"https:\/\/www.dsmile.cz\/wp-content\/uploads\/2017\/07\/Untitled-design.jpg\" sizes=\"(max-width: 709px) 85vw, (max-width: 909px) 67vw, (max-width: 984px) 61vw, (max-width: 1362px) 45vw, 600px\" srcset=\"https:\/\/www.dsmile.cz\/wp-content\/uploads\/2017\/07\/Untitled-design.jpg 725w, https:\/\/www.dsmile.cz\/wp-content\/uploads\/2017\/07\/Untitled-design-300x124.jpg 300w\" alt=\"\" width=\"725\" height=\"300\" \/><\/p>\n<h2><strong>Main indications for root canal treatment:<\/strong><\/h2>\n<ul>\n<li>pain in contact with heat and cold;<\/li>\n<li>pain when biting and the feeling of a raised tooth;<\/li>\n<li>inflammation of the gum above the tooth, white spots or blisters;<\/li>\n<li>swelling of the gum or face;<\/li>\n<li>tooth injury.<\/li>\n<\/ul>\n<p><img loading=\"lazy\" class=\"wp-image-405 size-full\" src=\"https:\/\/www.dsmile.cz\/wp-content\/uploads\/2017\/07\/root-canals-3.jpg\" sizes=\"(max-width: 709px) 85vw, (max-width: 909px) 67vw, (max-width: 984px) 61vw, (max-width: 1362px) 45vw, 600px\" srcset=\"https:\/\/www.dsmile.cz\/wp-content\/uploads\/2017\/07\/root-canals-3.jpg 725w, https:\/\/www.dsmile.cz\/wp-content\/uploads\/2017\/07\/root-canals-3-300x124.jpg 300w\" alt=\"\" width=\"725\" height=\"300\" \/><\/p>\n<p>An example of endodontic root canal retreatment (repeated root canal treatment)<\/p>\n<h2><strong>Root canal treatment includes:<\/strong><\/h2>\n<ul>\n<li>diagnostics with digital radiography or computer tomography;<\/li>\n<li>removal of the nerve (pulp) or an old filling;<\/li>\n<li>mechanical and chemical root canal cleaning;<\/li>\n<li>making fillings using biocompatible materials: pastes with calcium \u2013 temporary filling, gutta-percha and bioceramics \u2013 final filling;<\/li>\n<li>X-ray inspection image.<\/li>\n<\/ul>\n<p>All the above-mentioned points assist in the prevention of complications after root canal treatment.<\/p>\n<p><img loading=\"lazy\" class=\"alignnone wp-image-404 size-full\" src=\"https:\/\/www.dsmile.cz\/wp-content\/uploads\/2017\/07\/root-canals-1.jpg\" sizes=\"(max-width: 709px) 85vw, (max-width: 909px) 67vw, (max-width: 984px) 61vw, (max-width: 1362px) 45vw, 600px\" srcset=\"https:\/\/www.dsmile.cz\/wp-content\/uploads\/2017\/07\/root-canals-1.jpg 725w, https:\/\/www.dsmile.cz\/wp-content\/uploads\/2017\/07\/root-canals-1-300x124.jpg 300w\" alt=\"p\u0159ed a po o\u0161et\u0159en\u00ed ko\u0159enov\u00e9ho kan\u00e1lku\" width=\"725\" height=\"300\" \/><\/p>\n<h2><strong>Benefits of root canal treatment at dSmile clinic:<\/strong><\/h2>\n<ul>\n<li>we provide treatment of dental canals using state-of-the-art methods which are very different from the methods previously used;<\/li>\n<li>the intervention is performed using computer-controlled anaesthesia;<\/li>\n<li>the treatment of the canal under a microscope allows all the steps to be absolutely precise and of high quality;<\/li>\n<li>we use innovative disposable instruments made from nickel and titanium alloys for root canal treatment;<\/li>\n<li>only biocompatible materials are used for the filling of root canals.<\/li>\n<\/ul>\n<p><img loading=\"lazy\" class=\"alignnone wp-image-406 size-full\" src=\"https:\/\/www.dsmile.cz\/wp-content\/uploads\/2017\/07\/root-canals-4.jpg\" sizes=\"(max-width: 709px) 85vw, (max-width: 909px) 67vw, (max-width: 984px) 61vw, (max-width: 1362px) 45vw, 600px\" srcset=\"https:\/\/www.dsmile.cz\/wp-content\/uploads\/2017\/07\/root-canals-4.jpg 725w, https:\/\/www.dsmile.cz\/wp-content\/uploads\/2017\/07\/root-canals-4-300x124.jpg 300w\" alt=\"\u010di\u0161t\u011bn\u00ed ko\u0159enov\u00fdch kan\u00e1lk\u016f\" width=\"725\" height=\"300\" \/><\/p>\n<p>Digital X-ray and computer tomography, use of microscope and dental dam, disposable instruments, biocompatible materials \u2013 all these significantly increase the percentage of successful treatments.<\/p>\n<p>After treatment of the canal, the tooth (whether it is possible to be saved or not) is fragile. For this reason, the\u00a0<a href=\"\/en\/our-services\/composite-fillings\/\">application of ceramic filling<\/a>\u00a0is recommended. This will ensure a more even load of the teeth and will help to prevent their breaking and cracking.<\/p>\n<p>In the case of dental pulp inflammation or worsening of the chronic process, urgent treatment is needed. At dSmile clinic, your root canal will be given high quality, painless treatment.<\/p>\n<\/div>\n<\/div>\n<\/div><\/div><\/div><\/div><div id=\"pg-2823-2\"  class=\"panel-grid panel-has-style\" ><div id=\"contact_form_service\" class=\"panel-row-style panel-row-style-for-2823-2\" ><div id=\"pgc-2823-2-0\"  class=\"panel-grid-cell\" ><div id=\"panel-2823-2-0-0\" class=\"widget_text so-panel widget widget_custom_html panel-first-child panel-last-child\" data-index=\"2\" ><div class=\"widget_text contact_form_service panel-widget-style panel-widget-style-for-2823-2-0-0\" ><div class=\"textwidget custom-html-widget\"><br><h2 class=\"content-title\">Make an appointment with us<\/h2><br><br>\n\n<div role=\"form\" class=\"wpcf7\" id=\"wpcf7-f1150-o1\" lang=\"en-GB\" dir=\"ltr\">\n<div class=\"screen-reader-response\"><p role=\"status\" aria-live=\"polite\" aria-atomic=\"true\"><\/p> <ul><\/ul><\/div>\n<form action=\"\/en\/wp-json\/wp\/v2\/pages\/2823#wpcf7-f1150-o1\" method=\"post\" class=\"wpcf7-form init\" novalidate=\"novalidate\" data-status=\"init\">\n<div style=\"display: none;\">\n<input type=\"hidden\" name=\"_wpcf7\" value=\"1150\" \/>\n<input type=\"hidden\" name=\"_wpcf7_version\" value=\"5.4.1\" \/>\n<input type=\"hidden\" name=\"_wpcf7_locale\" value=\"en_GB\" \/>\n<input type=\"hidden\" name=\"_wpcf7_unit_tag\" value=\"wpcf7-f1150-o1\" \/>\n<input type=\"hidden\" name=\"_wpcf7_container_post\" value=\"0\" \/>\n<input type=\"hidden\" name=\"_wpcf7_posted_data_hash\" value=\"\" \/>\n<input type=\"hidden\" name=\"_wpcf7_recaptcha_response\" value=\"\" \/>\n<\/div>\n<div class=\"container-boxed\">\n<p>We will contact you to offer you the earliest possible appointment date and time.<\/p>\n<hr>\n<div class=\"input-box\">\n<label>First name and surname <small>\/ Required <\/small><br \/>\n    <span class=\"wpcf7-form-control-wrap your-name\"><input type=\"text\" name=\"your-name\" value=\"\" size=\"40\" class=\"wpcf7-form-control wpcf7-text wpcf7-validates-as-required\" aria-required=\"true\" aria-invalid=\"false\" \/><\/span> <\/label>\n<\/div>\n<div class=\"input-box\">\n<label> Your email <small>\/ Required <\/small><br \/>\n    <span class=\"wpcf7-form-control-wrap your-email\"><input type=\"email\" name=\"your-email\" value=\"\" size=\"40\" class=\"wpcf7-form-control wpcf7-text wpcf7-email wpcf7-validates-as-required wpcf7-validates-as-email\" aria-required=\"true\" aria-invalid=\"false\" \/><\/span> <\/label>\n<\/div>\n<div class=\"input-box\">\n<label> Your telephone number<br \/>\n    <span class=\"wpcf7-form-control-wrap tel-181\"><input type=\"tel\" name=\"tel-181\" value=\"\" size=\"40\" class=\"wpcf7-form-control wpcf7-text wpcf7-tel wpcf7-validates-as-tel\" aria-invalid=\"false\" \/><\/span> <\/label>\n<\/div>\n<div class=\"input-box\">\n<label> Zvolte slu\u017ebu <small>\/ Povinn\u00e9<\/small><br \/>\n    <span class=\"wpcf7-form-control-wrap sluzba\"><select name=\"sluzba\" class=\"wpcf7-form-control wpcf7-select wpcf7-validates-as-required\" aria-required=\"true\" aria-invalid=\"false\"><option value=\"Root canal cleaning (consultation price: 5500 CZK)\">Root canal cleaning (consultation price: 5500 CZK)<\/option><option value=\"Composite fillings (consultation price: 5500 CZK)\">Composite fillings (consultation price: 5500 CZK)<\/option><option value=\"All on X (consultation price: 6500 CZK)\">All on X (consultation price: 6500 CZK)<\/option><option value=\"Comprehensive dental care (consultation price: 6500 CZK)\">Comprehensive dental care (consultation price: 6500 CZK)<\/option><option value=\"Veneers, crowns (consultation price: 5500 CZK)\">Veneers, crowns (consultation price: 5500 CZK)<\/option><option value=\"Dental treatment under anaesthesia (consultation price: 6500 CZK)\">Dental treatment under anaesthesia (consultation price: 6500 CZK)<\/option><option value=\"Gum surgery, bone surgery (consultation price: 5500 CZK)\">Gum surgery, bone surgery (consultation price: 5500 CZK)<\/option><option value=\"Implantation (consultation price: 6500 CZK)\">Implantation (consultation price: 6500 CZK)<\/option><\/select><\/span> <\/label>\n<\/div>\n<style>\n.sluzba > select {\nheight: 45px;\nwidth: 93%;\ncolor: black;\n}\n@media screen and (max-width: 730px) {\n.sluzba > select {\nwidth: 100%;\n}\n}\n<\/style>\n<p><input type=\"submit\" value=\"Submit\" class=\"wpcf7-form-control wpcf7-submit\" \/>\n<\/p><\/div>\n<div class=\"wpcf7-response-output\" aria-hidden=\"true\"><\/div><\/form><\/div><\/div><\/div><\/div><\/div><\/div><\/div><\/div>","protected":false},"excerpt":{"rendered":"<p>Root Canal Cleaning \/ from 570 &#8211; 980 EUR Appointment Sharp tooth pain, pain in contact with heat and cold, pain when biting all mean the need for tooth root canal treatment, or endodontic therapy. Root canal treatment is performed strictly under a microscope and a dental dam (insulating membrane) at\u00a0dSmile clinic, which ensures the precision, quality and cleanness of this intervention. Tooth reconstruction + final root canal treatment Main indications for root canal treatment: pain in contact with heat and cold; pain when biting and the feeling of a raised tooth; inflammation of the gum above the tooth, white spots or blisters; swelling of the gum or face; tooth injury. An example of endodontic root canal retreatment (repeated root canal treatment) Root canal treatment includes: diagnostics with digital radiography or computer tomography; removal of the nerve (pulp) or an old filling; mechanical and chemical root canal cleaning; making fillings using biocompatible materials: pastes with calcium \u2013 temporary filling, gutta-percha and bioceramics \u2013 final filling; X-ray inspection image. All the above-mentioned points assist in the prevention of complications after root canal treatment. Benefits of root canal treatment at dSmile clinic: we provide treatment of dental canals using state-of-the-art methods which are very different from the methods previously used; the intervention is performed using computer-controlled anaesthesia; the treatment of the canal under a microscope allows all the steps to be absolutely precise and of high quality; we use innovative disposable instruments made from nickel and titanium alloys for root canal treatment; only biocompatible materials are used for the filling of root canals. Digital X-ray and computer tomography, use of microscope and dental dam, disposable instruments, biocompatible materials \u2013 all these significantly increase the percentage of successful treatments. After treatment of the canal, the tooth (whether it is possible to be saved or not) is fragile. For this reason, the\u00a0application of ceramic filling\u00a0is recommended. This will ensure a more even load of the teeth and will help to prevent their breaking and cracking. In the case of dental pulp inflammation or worsening of the chronic process, urgent treatment is needed. At dSmile clinic, your root canal will be given high quality, painless treatment.<\/p>\n","protected":false},"author":3,"featured_media":0,"parent":2598,"menu_order":0,"comment_status":"closed","ping_status":"closed","template":"page-sidebar.php","meta":[],"yoast_head":"<!-- This site is optimized with the Yoast SEO plugin v16.1.1 - https:\/\/yoast.com\/wordpress\/plugins\/seo\/ -->\n<title>Root Canal Cleaning - best dentist in Prague | stomatology dSmile<\/title>\n<meta name=\"description\" content=\"Acute toothache? Pain of cold and hot? Pain when nibbling? We offer painless root canal treatment using modern and improved technologies that allow the root canals of all teeth to be cured quickly and permanently. Dentistry in Prague dSmile - Your dental clinic.\" \/>\n<link rel=\"canonical\" href=\"https:\/\/dsmile.cz\/en\/service\/root-canal-cleaning\/\" \/>\n<meta property=\"og:locale\" content=\"en_US\" \/>\n<meta property=\"og:type\" content=\"article\" \/>\n<meta property=\"og:title\" content=\"Root Canal Cleaning - best dentist in Prague | stomatology dSmile\" \/>\n<meta property=\"og:description\" content=\"Acute toothache? Pain of cold and hot? Pain when nibbling? We offer painless root canal treatment using modern and improved technologies that allow the root canals of all teeth to be cured quickly and permanently. Dentistry in Prague dSmile - Your dental clinic.\" \/>\n<meta property=\"og:url\" content=\"https:\/\/dsmile.cz\/en\/service\/root-canal-cleaning\/\" \/>\n<meta property=\"og:site_name\" content=\"Stomatologie Dsmile v Praze | Modern\u00ed zubn\u00ed ordinace\" \/>\n<meta property=\"article:modified_time\" content=\"2024-07-15T21:54:33+00:00\" \/>\n<meta property=\"og:image\" content=\"https:\/\/www.dsmile.cz\/wp-content\/uploads\/2017\/07\/Untitled-design.jpg\" \/>\n<meta name=\"twitter:card\" content=\"summary\" \/>\n<meta name=\"twitter:label1\" content=\"Est. reading time\">\n\t<meta name=\"twitter:data1\" content=\"3 minutes\">\n<script type=\"application\/ld+json\" class=\"yoast-schema-graph\">{\"@context\":\"https:\/\/schema.org\",\"@graph\":[{\"@type\":\"WebSite\",\"@id\":\"https:\/\/dsmile.cz\/ru\/#website\",\"url\":\"https:\/\/dsmile.cz\/ru\/\",\"name\":\"Stomatologie Dsmile v Praze | Modern\\u00ed zubn\\u00ed ordinace\",\"description\":\"Modern dental clinic\",\"potentialAction\":[{\"@type\":\"SearchAction\",\"target\":\"https:\/\/dsmile.cz\/ru\/?s={search_term_string}\",\"query-input\":\"required name=search_term_string\"}],\"inLanguage\":\"en-US\"},{\"@type\":\"ImageObject\",\"@id\":\"https:\/\/dsmile.cz\/en\/service\/root-canal-cleaning\/#primaryimage\",\"inLanguage\":\"en-US\",\"url\":\"https:\/\/www.dsmile.cz\/wp-content\/uploads\/2017\/07\/Untitled-design.jpg\",\"contentUrl\":\"https:\/\/www.dsmile.cz\/wp-content\/uploads\/2017\/07\/Untitled-design.jpg\"},{\"@type\":\"WebPage\",\"@id\":\"https:\/\/dsmile.cz\/en\/service\/root-canal-cleaning\/#webpage\",\"url\":\"https:\/\/dsmile.cz\/en\/service\/root-canal-cleaning\/\",\"name\":\"Root Canal Cleaning - best dentist in Prague | stomatology dSmile\",\"isPartOf\":{\"@id\":\"https:\/\/dsmile.cz\/ru\/#website\"},\"primaryImageOfPage\":{\"@id\":\"https:\/\/dsmile.cz\/en\/service\/root-canal-cleaning\/#primaryimage\"},\"datePublished\":\"2018-08-18T16:47:02+00:00\",\"dateModified\":\"2024-07-15T21:54:33+00:00\",\"description\":\"Acute toothache? Pain of cold and hot? Pain when nibbling? We offer painless root canal treatment using modern and improved technologies that allow the root canals of all teeth to be cured quickly and permanently. Dentistry in Prague dSmile - Your dental clinic.\",\"breadcrumb\":{\"@id\":\"https:\/\/dsmile.cz\/en\/service\/root-canal-cleaning\/#breadcrumb\"},\"inLanguage\":\"en-US\",\"potentialAction\":[{\"@type\":\"ReadAction\",\"target\":[\"https:\/\/dsmile.cz\/en\/service\/root-canal-cleaning\/\"]}]},{\"@type\":\"BreadcrumbList\",\"@id\":\"https:\/\/dsmile.cz\/en\/service\/root-canal-cleaning\/#breadcrumb\",\"itemListElement\":[{\"@type\":\"ListItem\",\"position\":1,\"item\":{\"@type\":\"WebPage\",\"@id\":\"https:\/\/dsmile.cz\/en\/kategorie\/our-services\/\",\"url\":\"https:\/\/dsmile.cz\/en\/kategorie\/our-services\/\",\"name\":\"Our services\"}},{\"@type\":\"ListItem\",\"position\":2,\"item\":{\"@type\":\"WebPage\",\"@id\":\"https:\/\/dsmile.cz\/en\/our-services\/dentistry\/\",\"url\":\"https:\/\/dsmile.cz\/en\/our-services\/dentistry\/\",\"name\":\"Dentistry\"}},{\"@type\":\"ListItem\",\"position\":3,\"item\":{\"@type\":\"WebPage\",\"@id\":\"https:\/\/dsmile.cz\/en\/service\/root-canal-cleaning\/\",\"url\":\"https:\/\/dsmile.cz\/en\/service\/root-canal-cleaning\/\",\"name\":\"Root Canal Cleaning\"}}]}]}<\/script>\n<!-- \/ Yoast SEO plugin. -->","_links":{"self":[{"href":"https:\/\/dsmile.cz\/en\/wp-json\/wp\/v2\/pages\/2823"}],"collection":[{"href":"https:\/\/dsmile.cz\/en\/wp-json\/wp\/v2\/pages"}],"about":[{"href":"https:\/\/dsmile.cz\/en\/wp-json\/wp\/v2\/types\/page"}],"author":[{"embeddable":true,"href":"https:\/\/dsmile.cz\/en\/wp-json\/wp\/v2\/users\/3"}],"replies":[{"embeddable":true,"href":"https:\/\/dsmile.cz\/en\/wp-json\/wp\/v2\/comments?post=2823"}],"version-history":[{"count":7,"href":"https:\/\/dsmile.cz\/en\/wp-json\/wp\/v2\/pages\/2823\/revisions"}],"predecessor-version":[{"id":10156,"href":"https:\/\/dsmile.cz\/en\/wp-json\/wp\/v2\/pages\/2823\/revisions\/10156"}],"up":[{"embeddable":true,"href":"https:\/\/dsmile.cz\/en\/wp-json\/wp\/v2\/pages\/2598"}],"wp:attachment":[{"href":"https:\/\/dsmile.cz\/en\/wp-json\/wp\/v2\/media?parent=2823"}],"curies":[{"name":"wp","href":"https:\/\/api.w.org\/{rel}","templated":true}]}}