{"id":2826,"date":"2018-08-18T18:20:49","date_gmt":"2018-08-18T16:20:49","guid":{"rendered":"http:\/\/dsmile.cz\/en\/our-services\/dentistry\/fotokompozitni-vyplne\/"},"modified":"2024-07-16T00:04:05","modified_gmt":"2024-07-15T22:04:05","slug":"composite-fillings","status":"publish","type":"page","link":"https:\/\/dsmile.cz\/en\/service\/composite-fillings\/","title":{"rendered":"Composite Fillings"},"content":{"rendered":"<div id=\"pl-2826\"  class=\"panel-layout\" ><div id=\"pg-2826-0\"  class=\"panel-grid panel-has-style\" ><div class=\"box-price panel-row-style panel-row-style-for-2826-0\" ><div id=\"pgc-2826-0-0\"  class=\"panel-grid-cell\" ><div id=\"panel-2826-0-0-0\" class=\"so-panel widget widget_sow-editor panel-first-child panel-last-child\" data-index=\"0\" ><div class=\"so-widget-sow-editor so-widget-sow-editor-base\">\n<div class=\"siteorigin-widget-tinymce textwidget\">\n\t<div>\n<p>Composite Fillings \/ 230 - 510 EUR<\/p>\n<p><a title=\"Appointment\" href=\"#contact_form_service\">Appointment<\/a><\/p>\n<\/div>\n<\/div>\n<\/div><\/div><\/div><\/div><\/div><div id=\"pg-2826-1\"  class=\"panel-grid panel-no-style\" ><div id=\"pgc-2826-1-0\"  class=\"panel-grid-cell\" ><div id=\"panel-2826-1-0-0\" class=\"so-panel widget widget_sow-editor panel-first-child panel-last-child\" data-index=\"1\" ><div class=\"so-widget-sow-editor so-widget-sow-editor-base\">\n<div class=\"siteorigin-widget-tinymce textwidget\">\n\t<div class=\"post-thumbnail\">\n<p>Making composite fillings is probably the most common procedure carried out in a dental clinic. The dental composite is a modern material that is cured by light. Due to its durability and\u00a0<a href=\"\/en\/our-services\/aesthetic-dentistry\/\">aesthetic effect<\/a>, the light-cured composite is successfully used to make fillings in both the anterior and lateral sections of the tooth row. Thanks to the magnification optics that we always use at our clinic, a strong bond between the filling and tooth can be achieved.<\/p>\n<p><img loading=\"lazy\" class=\"alignnone wp-image-429 size-full\" src=\"https:\/\/www.dsmile.cz\/wp-content\/uploads\/2017\/08\/kompozit-3.jpg\" sizes=\"(max-width: 709px) 85vw, (max-width: 909px) 67vw, (max-width: 984px) 61vw, (max-width: 1362px) 45vw, 600px\" srcset=\"https:\/\/www.dsmile.cz\/wp-content\/uploads\/2017\/08\/kompozit-3.jpg 725w, https:\/\/www.dsmile.cz\/wp-content\/uploads\/2017\/08\/kompozit-3-300x124.jpg 300w\" alt=\"fotokompozitn\u00ed v\u00fdpln\u011b\" width=\"725\" height=\"300\" \/><\/p>\n<h2><strong>How we make composite fillings at dSmile clinic:<\/strong><\/h2>\n<ul>\n<li>a dental dam is always applied to the tooth to prevent moisture from entering between the filling and the tooth;<\/li>\n<li>the filling is always made with the help of magnifying optics \u2013 magnifying glasses or a microscope;<\/li>\n<li>during the process of making the filling, rules of adhesion protocol are followed (for bonding between the filling and tooth);<\/li>\n<li>various shades of the filling material and special colourings are used to make sure the filling is not visible on the tooth;<\/li>\n<li>the surface of the filling is thoroughly smoothed with silicone rubber and polished with a special paste.<\/li>\n<\/ul>\n<p><img loading=\"lazy\" class=\"alignnone size-full wp-image-462\" src=\"https:\/\/www.dsmile.cz\/wp-content\/uploads\/2017\/08\/Untitled-design1.jpg\" sizes=\"(max-width: 709px) 85vw, (max-width: 909px) 67vw, (max-width: 984px) 61vw, (max-width: 1362px) 45vw, 600px\" srcset=\"https:\/\/www.dsmile.cz\/wp-content\/uploads\/2017\/08\/Untitled-design1.jpg 725w, https:\/\/www.dsmile.cz\/wp-content\/uploads\/2017\/08\/Untitled-design1-300x124.jpg 300w\" alt=\"\" width=\"725\" height=\"300\" \/><img loading=\"lazy\" class=\"alignnone size-full wp-image-463\" src=\"https:\/\/www.dsmile.cz\/wp-content\/uploads\/2017\/08\/Untitled-design-4.jpg\" sizes=\"(max-width: 709px) 85vw, (max-width: 909px) 67vw, (max-width: 984px) 61vw, (max-width: 1362px) 45vw, 600px\" srcset=\"https:\/\/www.dsmile.cz\/wp-content\/uploads\/2017\/08\/Untitled-design-4.jpg 725w, https:\/\/www.dsmile.cz\/wp-content\/uploads\/2017\/08\/Untitled-design-4-300x124.jpg 300w\" alt=\"\" width=\"725\" height=\"300\" \/><\/p>\n<h2><strong>Indications for making a composite filling:<\/strong><\/h2>\n<ul>\n<li>tooth decay;<\/li>\n<li>tooth reconstruction for making a\u00a0<a href=\"\/en\/service\/dental-crowns\/\">crown<\/a>;<\/li>\n<li>repairing chips and fissures;<\/li>\n<li>changing the tooth colour shade and shape (composite veneers);<\/li>\n<li>closing tooth spacing (gaps between the teeth).<\/li>\n<\/ul>\n<p><img loading=\"lazy\" class=\"alignnone wp-image-427 size-full\" src=\"https:\/\/www.dsmile.cz\/wp-content\/uploads\/2017\/08\/belon.jpg\" sizes=\"(max-width: 709px) 85vw, (max-width: 909px) 67vw, (max-width: 984px) 61vw, (max-width: 1362px) 45vw, 600px\" srcset=\"https:\/\/www.dsmile.cz\/wp-content\/uploads\/2017\/08\/belon.jpg 725w, https:\/\/www.dsmile.cz\/wp-content\/uploads\/2017\/08\/belon-300x124.jpg 300w\" alt=\" zhotoven\u00ed fotokompozitn\u00ed plomby\" width=\"725\" height=\"300\" \/><\/p>\n<h2><strong>Advantages of composite material fillings:<\/strong><\/h2>\n<p><img loading=\"lazy\" class=\"alignnone size-full wp-image-1494\" src=\"https:\/\/www.dsmile.cz\/wp-content\/uploads\/2017\/08\/1234.png\" sizes=\"(max-width: 709px) 85vw, (max-width: 909px) 67vw, (max-width: 984px) 61vw, (max-width: 1362px) 45vw, 600px\" srcset=\"https:\/\/www.dsmile.cz\/wp-content\/uploads\/2017\/08\/1234.png 725w, https:\/\/www.dsmile.cz\/wp-content\/uploads\/2017\/08\/1234-300x124.png 300w\" alt=\"\" width=\"725\" height=\"300\" \/><img loading=\"lazy\" class=\"alignnone size-full wp-image-1495\" src=\"https:\/\/www.dsmile.cz\/wp-content\/uploads\/2017\/08\/12345.png\" sizes=\"(max-width: 709px) 85vw, (max-width: 909px) 67vw, (max-width: 984px) 61vw, (max-width: 1362px) 45vw, 600px\" srcset=\"https:\/\/www.dsmile.cz\/wp-content\/uploads\/2017\/08\/12345.png 725w, https:\/\/www.dsmile.cz\/wp-content\/uploads\/2017\/08\/12345-300x124.png 300w\" alt=\"\" width=\"725\" height=\"300\" \/><\/p>\n<ul>\n<li>high aesthetic level;<\/li>\n<li>long lifespan;<\/li>\n<li>durability;<\/li>\n<li>tight bond with the tooth that prevents the recurrence of decay;<\/li>\n<li>absence of allergic reactions.<\/li>\n<\/ul>\n<p><iframe loading=\"lazy\" src=\"https:\/\/www.youtube.com\/embed\/rS-rOwI_FVQ?feature=oembed\" width=\"840\" height=\"473\" frameborder=\"0\" allowfullscreen=\"allowfullscreen\" data-mce-fragment=\"1\"><\/iframe><\/p>\n<h2><\/h2>\n<h2><strong>Use of magnifying optics when making composite material fillings provides:<\/strong><\/h2>\n<p><img loading=\"lazy\" class=\"alignnone wp-image-444 size-full\" src=\"https:\/\/www.dsmile.cz\/wp-content\/uploads\/2017\/08\/Untitled-design-18.jpg\" sizes=\"(max-width: 709px) 85vw, (max-width: 909px) 67vw, (max-width: 984px) 61vw, (max-width: 1362px) 45vw, 600px\" srcset=\"https:\/\/www.dsmile.cz\/wp-content\/uploads\/2017\/08\/Untitled-design-18.jpg 700w, https:\/\/www.dsmile.cz\/wp-content\/uploads\/2017\/08\/Untitled-design-18-300x139.jpg 300w\" alt=\"fotokompozitn\u00ed plomba - p\u0159ed apo \" width=\"700\" height=\"325\" \/><\/p>\n<ul>\n<li>more thorough and gentler removal of carious lesions from dental tissues;<\/li>\n<li>perfect bond between the filling and the tooth;<\/li>\n<li>absence of pores in the material.<\/li>\n<\/ul>\n<p>dSmile clinic uses only modern materials and state-of-the-art equipment in making composite dental fillings, yet manages to keep the prices affordable.<\/p>\n<\/div>\n<\/div>\n<\/div><\/div><\/div><\/div><div id=\"pg-2826-2\"  class=\"panel-grid panel-has-style\" ><div id=\"contact_form_service\" class=\"panel-row-style panel-row-style-for-2826-2\" ><div id=\"pgc-2826-2-0\"  class=\"panel-grid-cell\" ><div id=\"panel-2826-2-0-0\" class=\"widget_text so-panel widget widget_custom_html panel-first-child panel-last-child\" data-index=\"2\" ><div class=\"widget_text contact_form_service panel-widget-style panel-widget-style-for-2826-2-0-0\" ><div class=\"textwidget custom-html-widget\"><br><h2 class=\"content-title\">Make an appointment with us<\/h2><br><br>\n\n<div role=\"form\" class=\"wpcf7\" id=\"wpcf7-f1150-o1\" lang=\"en-GB\" dir=\"ltr\">\n<div class=\"screen-reader-response\"><p role=\"status\" aria-live=\"polite\" aria-atomic=\"true\"><\/p> <ul><\/ul><\/div>\n<form action=\"\/en\/wp-json\/wp\/v2\/pages\/2826#wpcf7-f1150-o1\" method=\"post\" class=\"wpcf7-form init\" novalidate=\"novalidate\" data-status=\"init\">\n<div style=\"display: none;\">\n<input type=\"hidden\" name=\"_wpcf7\" value=\"1150\" \/>\n<input type=\"hidden\" name=\"_wpcf7_version\" value=\"5.4.1\" \/>\n<input type=\"hidden\" name=\"_wpcf7_locale\" value=\"en_GB\" \/>\n<input type=\"hidden\" name=\"_wpcf7_unit_tag\" value=\"wpcf7-f1150-o1\" \/>\n<input type=\"hidden\" name=\"_wpcf7_container_post\" value=\"0\" \/>\n<input type=\"hidden\" name=\"_wpcf7_posted_data_hash\" value=\"\" \/>\n<input type=\"hidden\" name=\"_wpcf7_recaptcha_response\" value=\"\" \/>\n<\/div>\n<div class=\"container-boxed\">\n<p>We will contact you to offer you the earliest possible appointment date and time.<\/p>\n<hr>\n<div class=\"input-box\">\n<label>First name and surname <small>\/ Required <\/small><br \/>\n    <span class=\"wpcf7-form-control-wrap your-name\"><input type=\"text\" name=\"your-name\" value=\"\" size=\"40\" class=\"wpcf7-form-control wpcf7-text wpcf7-validates-as-required\" aria-required=\"true\" aria-invalid=\"false\" \/><\/span> <\/label>\n<\/div>\n<div class=\"input-box\">\n<label> Your email <small>\/ Required <\/small><br \/>\n    <span class=\"wpcf7-form-control-wrap your-email\"><input type=\"email\" name=\"your-email\" value=\"\" size=\"40\" class=\"wpcf7-form-control wpcf7-text wpcf7-email wpcf7-validates-as-required wpcf7-validates-as-email\" aria-required=\"true\" aria-invalid=\"false\" \/><\/span> <\/label>\n<\/div>\n<div class=\"input-box\">\n<label> Your telephone number<br \/>\n    <span class=\"wpcf7-form-control-wrap tel-181\"><input type=\"tel\" name=\"tel-181\" value=\"\" size=\"40\" class=\"wpcf7-form-control wpcf7-text wpcf7-tel wpcf7-validates-as-tel\" aria-invalid=\"false\" \/><\/span> <\/label>\n<\/div>\n<div class=\"input-box\">\n<label> Zvolte slu\u017ebu <small>\/ Povinn\u00e9<\/small><br \/>\n    <span class=\"wpcf7-form-control-wrap sluzba\"><select name=\"sluzba\" class=\"wpcf7-form-control wpcf7-select wpcf7-validates-as-required\" aria-required=\"true\" aria-invalid=\"false\"><option value=\"Root canal cleaning (consultation price: 5500 CZK)\">Root canal cleaning (consultation price: 5500 CZK)<\/option><option value=\"Composite fillings (consultation price: 5500 CZK)\">Composite fillings (consultation price: 5500 CZK)<\/option><option value=\"All on X (consultation price: 6500 CZK)\">All on X (consultation price: 6500 CZK)<\/option><option value=\"Comprehensive dental care (consultation price: 6500 CZK)\">Comprehensive dental care (consultation price: 6500 CZK)<\/option><option value=\"Veneers, crowns (consultation price: 5500 CZK)\">Veneers, crowns (consultation price: 5500 CZK)<\/option><option value=\"Dental treatment under anaesthesia (consultation price: 6500 CZK)\">Dental treatment under anaesthesia (consultation price: 6500 CZK)<\/option><option value=\"Gum surgery, bone surgery (consultation price: 5500 CZK)\">Gum surgery, bone surgery (consultation price: 5500 CZK)<\/option><option value=\"Implantation (consultation price: 6500 CZK)\">Implantation (consultation price: 6500 CZK)<\/option><\/select><\/span> <\/label>\n<\/div>\n<style>\n.sluzba > select {\nheight: 45px;\nwidth: 93%;\ncolor: black;\n}\n@media screen and (max-width: 730px) {\n.sluzba > select {\nwidth: 100%;\n}\n}\n<\/style>\n<p><input type=\"submit\" value=\"Submit\" class=\"wpcf7-form-control wpcf7-submit\" \/>\n<\/p><\/div>\n<div class=\"wpcf7-response-output\" aria-hidden=\"true\"><\/div><\/form><\/div><\/div><\/div><\/div><\/div><\/div><\/div><\/div>","protected":false},"excerpt":{"rendered":"<p>Composite Fillings \/ 230 &#8211; 510 EUR Appointment Making composite fillings is probably the most common procedure carried out in a dental clinic. The dental composite is a modern material that is cured by light. Due to its durability and\u00a0aesthetic effect, the light-cured composite is successfully used to make fillings in both the anterior and lateral sections of the tooth row. Thanks to the magnification optics that we always use at our clinic, a strong bond between the filling and tooth can be achieved. How we make composite fillings at dSmile clinic: a dental dam is always applied to the tooth to prevent moisture from entering between the filling and the tooth; the filling is always made with the help of magnifying optics \u2013 magnifying glasses or a microscope; during the process of making the filling, rules of adhesion protocol are followed (for bonding between the filling and tooth); various shades of the filling material and special colourings are used to make sure the filling is not visible on the tooth; the surface of the filling is thoroughly smoothed with silicone rubber and polished with a special paste. Indications for making a composite filling: tooth decay; tooth reconstruction for making a\u00a0crown; repairing chips and fissures; changing the tooth colour shade and shape (composite veneers); closing tooth spacing (gaps between the teeth). Advantages of composite material fillings: high aesthetic level; long lifespan; durability; tight bond with the tooth that prevents the recurrence of decay; absence of allergic reactions. Use of magnifying optics when making composite material fillings provides: more thorough and gentler removal of carious lesions from dental tissues; perfect bond between the filling and the tooth; absence of pores in the material. dSmile clinic uses only modern materials and state-of-the-art equipment in making composite dental fillings, yet manages to keep the prices affordable.<\/p>\n","protected":false},"author":3,"featured_media":0,"parent":2598,"menu_order":0,"comment_status":"closed","ping_status":"closed","template":"page-sidebar.php","meta":[],"yoast_head":"<!-- This site is optimized with the Yoast SEO plugin v16.1.1 - https:\/\/yoast.com\/wordpress\/plugins\/seo\/ -->\n<title>Composite Fillings - best dentist in Prague | stomatology dSmile<\/title>\n<meta name=\"description\" content=\"Photocomposite fillings installed in our dSmile dental clinic in Prague are highly aesthetic, long life servicing, strong and tight fitted to the tooth, which reduces the risk of recurrence of caries. Our dSmile clinic doctors will always offer you the best solution.\" \/>\n<link rel=\"canonical\" href=\"https:\/\/dsmile.cz\/en\/service\/composite-fillings\/\" \/>\n<meta property=\"og:locale\" content=\"en_US\" \/>\n<meta property=\"og:type\" content=\"article\" \/>\n<meta property=\"og:title\" content=\"Composite Fillings - best dentist in Prague | stomatology dSmile\" \/>\n<meta property=\"og:description\" content=\"Photocomposite fillings installed in our dSmile dental clinic in Prague are highly aesthetic, long life servicing, strong and tight fitted to the tooth, which reduces the risk of recurrence of caries. Our dSmile clinic doctors will always offer you the best solution.\" \/>\n<meta property=\"og:url\" content=\"https:\/\/dsmile.cz\/en\/service\/composite-fillings\/\" \/>\n<meta property=\"og:site_name\" content=\"Stomatologie Dsmile v Praze | Modern\u00ed zubn\u00ed ordinace\" \/>\n<meta property=\"article:modified_time\" content=\"2024-07-15T22:04:05+00:00\" \/>\n<meta property=\"og:image\" content=\"https:\/\/www.dsmile.cz\/wp-content\/uploads\/2017\/08\/kompozit-3.jpg\" \/>\n<meta name=\"twitter:card\" content=\"summary\" \/>\n<meta name=\"twitter:label1\" content=\"Est. reading time\">\n\t<meta name=\"twitter:data1\" content=\"3 minutes\">\n<script type=\"application\/ld+json\" class=\"yoast-schema-graph\">{\"@context\":\"https:\/\/schema.org\",\"@graph\":[{\"@type\":\"WebSite\",\"@id\":\"https:\/\/dsmile.cz\/ru\/#website\",\"url\":\"https:\/\/dsmile.cz\/ru\/\",\"name\":\"Stomatologie Dsmile v Praze | Modern\\u00ed zubn\\u00ed ordinace\",\"description\":\"Modern dental clinic\",\"potentialAction\":[{\"@type\":\"SearchAction\",\"target\":\"https:\/\/dsmile.cz\/ru\/?s={search_term_string}\",\"query-input\":\"required name=search_term_string\"}],\"inLanguage\":\"en-US\"},{\"@type\":\"ImageObject\",\"@id\":\"https:\/\/dsmile.cz\/en\/service\/composite-fillings\/#primaryimage\",\"inLanguage\":\"en-US\",\"url\":\"https:\/\/www.dsmile.cz\/wp-content\/uploads\/2017\/08\/kompozit-3.jpg\",\"contentUrl\":\"https:\/\/www.dsmile.cz\/wp-content\/uploads\/2017\/08\/kompozit-3.jpg\"},{\"@type\":\"WebPage\",\"@id\":\"https:\/\/dsmile.cz\/en\/service\/composite-fillings\/#webpage\",\"url\":\"https:\/\/dsmile.cz\/en\/service\/composite-fillings\/\",\"name\":\"Composite Fillings - best dentist in Prague | stomatology dSmile\",\"isPartOf\":{\"@id\":\"https:\/\/dsmile.cz\/ru\/#website\"},\"primaryImageOfPage\":{\"@id\":\"https:\/\/dsmile.cz\/en\/service\/composite-fillings\/#primaryimage\"},\"datePublished\":\"2018-08-18T16:20:49+00:00\",\"dateModified\":\"2024-07-15T22:04:05+00:00\",\"description\":\"Photocomposite fillings installed in our dSmile dental clinic in Prague are highly aesthetic, long life servicing, strong and tight fitted to the tooth, which reduces the risk of recurrence of caries. Our dSmile clinic doctors will always offer you the best solution.\",\"breadcrumb\":{\"@id\":\"https:\/\/dsmile.cz\/en\/service\/composite-fillings\/#breadcrumb\"},\"inLanguage\":\"en-US\",\"potentialAction\":[{\"@type\":\"ReadAction\",\"target\":[\"https:\/\/dsmile.cz\/en\/service\/composite-fillings\/\"]}]},{\"@type\":\"BreadcrumbList\",\"@id\":\"https:\/\/dsmile.cz\/en\/service\/composite-fillings\/#breadcrumb\",\"itemListElement\":[{\"@type\":\"ListItem\",\"position\":1,\"item\":{\"@type\":\"WebPage\",\"@id\":\"https:\/\/dsmile.cz\/en\/kategorie\/our-services\/\",\"url\":\"https:\/\/dsmile.cz\/en\/kategorie\/our-services\/\",\"name\":\"Our services\"}},{\"@type\":\"ListItem\",\"position\":2,\"item\":{\"@type\":\"WebPage\",\"@id\":\"https:\/\/dsmile.cz\/en\/our-services\/dentistry\/\",\"url\":\"https:\/\/dsmile.cz\/en\/our-services\/dentistry\/\",\"name\":\"Dentistry\"}},{\"@type\":\"ListItem\",\"position\":3,\"item\":{\"@type\":\"WebPage\",\"@id\":\"https:\/\/dsmile.cz\/en\/service\/composite-fillings\/\",\"url\":\"https:\/\/dsmile.cz\/en\/service\/composite-fillings\/\",\"name\":\"Composite Fillings\"}}]}]}<\/script>\n<!-- \/ Yoast SEO plugin. -->","_links":{"self":[{"href":"https:\/\/dsmile.cz\/en\/wp-json\/wp\/v2\/pages\/2826"}],"collection":[{"href":"https:\/\/dsmile.cz\/en\/wp-json\/wp\/v2\/pages"}],"about":[{"href":"https:\/\/dsmile.cz\/en\/wp-json\/wp\/v2\/types\/page"}],"author":[{"embeddable":true,"href":"https:\/\/dsmile.cz\/en\/wp-json\/wp\/v2\/users\/3"}],"replies":[{"embeddable":true,"href":"https:\/\/dsmile.cz\/en\/wp-json\/wp\/v2\/comments?post=2826"}],"version-history":[{"count":9,"href":"https:\/\/dsmile.cz\/en\/wp-json\/wp\/v2\/pages\/2826\/revisions"}],"predecessor-version":[{"id":10163,"href":"https:\/\/dsmile.cz\/en\/wp-json\/wp\/v2\/pages\/2826\/revisions\/10163"}],"up":[{"embeddable":true,"href":"https:\/\/dsmile.cz\/en\/wp-json\/wp\/v2\/pages\/2598"}],"wp:attachment":[{"href":"https:\/\/dsmile.cz\/en\/wp-json\/wp\/v2\/media?parent=2826"}],"curies":[{"name":"wp","href":"https:\/\/api.w.org\/{rel}","templated":true}]}}